{"id":28216,"date":"2019-03-06T15:12:53","date_gmt":"2019-03-06T15:12:53","guid":{"rendered":"https:\/\/piusjoseph.wpenginepowered.com\/accidentes-de-bicicleta\/"},"modified":"2019-03-06T15:12:53","modified_gmt":"2019-03-06T15:12:53","slug":"accidentes-de-bicicleta","status":"publish","type":"page","link":"https:\/\/usa-law.org\/es\/accidentes-de-bicicleta\/","title":{"rendered":"Accidentes de bicicleta"},"content":{"rendered":"<p>A primera vista, el sur de California parecer\u00eda uno de los mejores lugares del pa\u00eds para ser ciclista. Al fin y al cabo, hace buen tiempo todo el a\u00f1o, y el estado y las ciudades han invertido millones de d\u00f3lares en infraestructuras para bicicletas, desde carriles bici hasta carriles bici todoterreno.<\/p>\n<p>Pero a pesar de la apariencia de ser un estado amigo de las bicis, montar en bici en California puede seguir siendo incre\u00edblemente peligroso. De hecho, seg\u00fan datos publicados por el <a href=\"https:\/\/www.cdph.ca.gov\/Programs\/CCDPHP\/DCDIC\/SACB\/CDPH%20Document%20Library\/Crash%20Medical%20Outcomes%20Data%20(CMOD)%20Project\/Bicycle%20Injuries%20Report_2.8.18_FINAL%20ADA.pdf\" target=\"_blank\" rel=\"noopener noreferrer\">Departamento de Salud P\u00fablica de California<\/a>, se registraron cerca de 90.000 lesiones de ciclistas en un periodo de siete a\u00f1os en el estado. Eso supuso alrededor del 5% de todas las lesiones relacionadas con el tr\u00e1fico durante ese periodo. El n\u00famero de heridos mortales fue de 918, m\u00e1s de 100 ciclistas muertos al a\u00f1o.<\/p>\n<p>Aunque montar en bici puede ser un gran ejercicio y una forma responsable de desplazarse, no hay duda de que cuando un ciclista monta en su bici, est\u00e1 poniendo su vida en sus manos.<\/p>\n<p>En el Bufete de Pius Joseph &#8211; Abogado de Lesiones Personales, a nuestro <strong>abogado de accidentes de bicicleta de<\/strong> California le apasiona representar los intereses de los ciclistas, y ayudar a las personas que han resultado lesionadas en un accidente a reclamar la indemnizaci\u00f3n que merecen.<\/p>\n<p>Ponte en contacto con <a href=\"https:\/\/usa-law.org\/contact-us\/\">nosotros<\/a> hoy mismo para una consulta gratuita con un abogado especializado en accidentes de bicicleta.<\/p>\n<h2 id=\"help\" class=\"toc-heading zigzag-blue-left\">C\u00f3mo puede ayudarte nuestro abogado de accidentes de bicicleta en Pasadena, CA<span style=\"font-size: 16px;\"> <\/span><\/h2>\n<p>Cuando llames a nuestro bufete de abogados de accidentes de bicicleta en Pasadena, puedes contar con que trabajaremos duro en tu favor. Sabemos que determinar la culpa, probar los da\u00f1os y hacer responsable a un conductor u otra parte de las lesiones y da\u00f1os de un ciclista puede ser dif\u00edcil.<\/p>\n<p>Gestionamos todos los elementos jur\u00eddicos de tu reclamaci\u00f3n para que puedas centrarte en tu recuperaci\u00f3n. Nuestro <strong>abogado de Pasadena especializado en accidentes de<\/strong> bicicleta puede ayudarte:<\/p>\n<div class=\"row\">\n<ul class=\"col-md-6\">\n<li><strong>Investigar tu accidente<\/strong><\/li>\n<li><strong>Contrataci\u00f3n de peritos para determinar la causalidad, la culpa, el alcance de tus p\u00e9rdidas, etc.<\/strong><\/li>\n<li><strong>Calcular los da\u00f1os que has sufrido, incluidas las p\u00e9rdidas econ\u00f3micas y no econ\u00f3micas.<\/strong><\/li>\n<li><strong>Explicar tus opciones legales<\/strong><\/li>\n<\/ul>\n<ul class=\"col-md-6\">\n<li><strong>Presentar tu reclamaci\u00f3n y emitir una carta de reclamaci\u00f3n<\/strong><\/li>\n<li><strong>Revisar cualquier oferta de acuerdo<\/strong><\/li>\n<li><strong>Negociar un acuerdo<\/strong><\/li>\n<li><strong>Llevar tu caso a los tribunales si es necesario<\/strong><\/li>\n<\/ul>\n<\/div>\n<p>Cuando las reclamaciones son jur\u00eddicamente m\u00e1s complejas, nuestros abogados pueden proporcionar la orientaci\u00f3n absolutamente necesaria para el \u00e9xito. Esto incluye<\/p>\n<div class=\"row\">\n<ul>\n<li><strong>Reclamaciones contra el gobierno<\/strong><\/li>\n<li><strong>Reclamaciones en las que los da\u00f1os son graves y las p\u00e9rdidas elevadas<\/strong><\/li>\n<li><strong>Reclamaciones con pluralidad de partes<\/strong><\/li>\n<li><strong>Reclamaciones en las que se discute la culpa<\/strong><\/li>\n<li><strong>Siniestros con conductores sin seguro o que se dan a la fuga<\/strong><\/li>\n<li><strong>Y m\u00e1s<\/strong><\/li>\n<\/ul>\n<\/div>\n<p>No arriesgues el resultado de tu demanda -que podr\u00eda tener un efecto importante en tu futuro- intentando representarte a ti mismo.<\/p>\n","protected":false},"excerpt":{"rendered":"<p>A primera vista, el sur de California parecer\u00eda uno de los mejores lugares del pa\u00eds para ser ciclista. Al fin y al cabo, hace buen tiempo todo el a\u00f1o, y el estado y las ciudades han invertido millones de d\u00f3lares en infraestructuras para bicicletas, desde carriles bici hasta carriles bici&#8230;<\/p>\n","protected":false},"author":7,"featured_media":28227,"parent":0,"menu_order":9,"comment_status":"closed","ping_status":"closed","template":"practice-area.php","meta":{"_acf_changed":false,"footnotes":""},"class_list":["post-28216","page","type-page","status-publish","has-post-thumbnail","hentry"],"acf":[],"yoast_head":"<!-- This site is optimized with the Yoast SEO plugin v27.5 - https:\/\/yoast.com\/product\/yoast-seo-wordpress\/ -->\n<title>Abogado de accidentes de bicicleta en Pasadena, CA | Pius Joseph<\/title>\n<meta name=\"description\" content=\"Recup\u00e9rate con confianza tras un accidente de bicicleta en Pasadena, California, con el Bufete de P\u00edo Jos\u00e9. Como abogados expertos en accidentes de bicicleta, nos comprometemos a conseguir la justicia y la indemnizaci\u00f3n que mereces.\" \/>\n<meta name=\"robots\" content=\"index, follow, max-snippet:-1, max-image-preview:large, max-video-preview:-1\" \/>\n<link rel=\"canonical\" href=\"https:\/\/usa-law.org\/es\/accidentes-de-bicicleta\/\" \/>\n<meta property=\"og:locale\" content=\"es_ES\" \/>\n<meta property=\"og:type\" content=\"article\" \/>\n<meta property=\"og:title\" content=\"Abogado de accidentes de bicicleta en Pasadena, CA | Pius Joseph\" \/>\n<meta property=\"og:description\" content=\"Recup\u00e9rate con confianza tras un accidente de bicicleta en Pasadena, California, con el Bufete de P\u00edo Jos\u00e9. Como abogados expertos en accidentes de bicicleta, nos comprometemos a conseguir la justicia y la indemnizaci\u00f3n que mereces.\" \/>\n<meta property=\"og:url\" content=\"https:\/\/usa-law.org\/es\/accidentes-de-bicicleta\/\" \/>\n<meta property=\"og:site_name\" content=\"Law Offices of Pius Joseph\" \/>\n<meta property=\"og:image\" content=\"https:\/\/usa-law.org\/wp-content\/uploads\/2019\/06\/bicycle-accident-attorney.jpg\" \/>\n\t<meta property=\"og:image:width\" content=\"500\" \/>\n\t<meta property=\"og:image:height\" content=\"334\" \/>\n\t<meta property=\"og:image:type\" content=\"image\/jpeg\" \/>\n<meta name=\"twitter:card\" content=\"summary_large_image\" \/>\n<meta name=\"twitter:label1\" content=\"Est. reading time\" \/>\n\t<meta name=\"twitter:data1\" content=\"2 minutos\" \/>\n<!-- \/ Yoast SEO plugin. -->","yoast_head_json":{"title":"Abogado de accidentes de bicicleta en Pasadena, CA | Pius Joseph","description":"Recup\u00e9rate con confianza tras un accidente de bicicleta en Pasadena, California, con el Bufete de P\u00edo Jos\u00e9. Como abogados expertos en accidentes de bicicleta, nos comprometemos a conseguir la justicia y la indemnizaci\u00f3n que mereces.","robots":{"index":"index","follow":"follow","max-snippet":"max-snippet:-1","max-image-preview":"max-image-preview:large","max-video-preview":"max-video-preview:-1"},"canonical":"https:\/\/usa-law.org\/es\/accidentes-de-bicicleta\/","og_locale":"es_ES","og_type":"article","og_title":"Abogado de accidentes de bicicleta en Pasadena, CA | Pius Joseph","og_description":"Recup\u00e9rate con confianza tras un accidente de bicicleta en Pasadena, California, con el Bufete de P\u00edo Jos\u00e9. Como abogados expertos en accidentes de bicicleta, nos comprometemos a conseguir la justicia y la indemnizaci\u00f3n que mereces.","og_url":"https:\/\/usa-law.org\/es\/accidentes-de-bicicleta\/","og_site_name":"Law Offices of Pius Joseph","og_image":[{"width":500,"height":334,"url":"https:\/\/usa-law.org\/wp-content\/uploads\/2019\/06\/bicycle-accident-attorney.jpg","type":"image\/jpeg"}],"twitter_card":"summary_large_image","twitter_misc":{"Est. reading time":"2 minutos"},"schema":{"@context":"https:\/\/schema.org","@graph":[{"@type":"WebPage","@id":"https:\/\/usa-law.org\/es\/accidentes-de-bicicleta\/","url":"https:\/\/usa-law.org\/es\/accidentes-de-bicicleta\/","name":"Abogado de accidentes de bicicleta en Pasadena, CA | Pius Joseph","isPartOf":{"@id":"https:\/\/usa-law.org\/es\/#website"},"primaryImageOfPage":{"@id":"https:\/\/usa-law.org\/es\/accidentes-de-bicicleta\/#primaryimage"},"image":{"@id":"https:\/\/usa-law.org\/es\/accidentes-de-bicicleta\/#primaryimage"},"thumbnailUrl":"https:\/\/usa-law.org\/wp-content\/uploads\/2019\/06\/bicycle-accident-attorney.jpg","datePublished":"2019-03-06T15:12:53+00:00","description":"Recup\u00e9rate con confianza tras un accidente de bicicleta en Pasadena, California, con el Bufete de P\u00edo Jos\u00e9. Como abogados expertos en accidentes de bicicleta, nos comprometemos a conseguir la justicia y la indemnizaci\u00f3n que mereces.","breadcrumb":{"@id":"https:\/\/usa-law.org\/es\/accidentes-de-bicicleta\/#breadcrumb"},"inLanguage":"es","potentialAction":[{"@type":"ReadAction","target":["https:\/\/usa-law.org\/es\/accidentes-de-bicicleta\/"]}]},{"@type":"ImageObject","inLanguage":"es","@id":"https:\/\/usa-law.org\/es\/accidentes-de-bicicleta\/#primaryimage","url":"https:\/\/usa-law.org\/wp-content\/uploads\/2019\/06\/bicycle-accident-attorney.jpg","contentUrl":"https:\/\/usa-law.org\/wp-content\/uploads\/2019\/06\/bicycle-accident-attorney.jpg","width":500,"height":334},{"@type":"BreadcrumbList","@id":"https:\/\/usa-law.org\/es\/accidentes-de-bicicleta\/#breadcrumb","itemListElement":[{"@type":"ListItem","position":1,"name":"Home","item":"https:\/\/usa-law.org\/es\/"},{"@type":"ListItem","position":2,"name":"Accidentes de bicicleta"}]},{"@type":"WebSite","@id":"https:\/\/usa-law.org\/es\/#website","url":"https:\/\/usa-law.org\/es\/","name":"Law Offices of Pius Joseph","description":"Pasadena, CA Personal Injury Attorneys","publisher":{"@id":"https:\/\/usa-law.org\/es\/#organization"},"potentialAction":[{"@type":"SearchAction","target":{"@type":"EntryPoint","urlTemplate":"https:\/\/usa-law.org\/es\/?s={search_term_string}"},"query-input":{"@type":"PropertyValueSpecification","valueRequired":true,"valueName":"search_term_string"}}],"inLanguage":"es"},{"@type":"Organization","@id":"https:\/\/usa-law.org\/es\/#organization","name":"Law Offices of Pius Joseph - Personal injury attorney","url":"https:\/\/usa-law.org\/es\/","logo":{"@type":"ImageObject","inLanguage":"es","@id":"https:\/\/usa-law.org\/es\/#\/schema\/logo\/image\/","url":"https:\/\/usa-law.org\/wp-content\/uploads\/2019\/07\/logo.png","contentUrl":"https:\/\/usa-law.org\/wp-content\/uploads\/2019\/07\/logo.png","width":273,"height":84,"caption":"Law Offices of Pius Joseph - Personal injury attorney"},"image":{"@id":"https:\/\/usa-law.org\/es\/#\/schema\/logo\/image\/"}}]}},"_links":{"self":[{"href":"https:\/\/usa-law.org\/es\/wp-json\/wp\/v2\/pages\/28216","targetHints":{"allow":["GET"]}}],"collection":[{"href":"https:\/\/usa-law.org\/es\/wp-json\/wp\/v2\/pages"}],"about":[{"href":"https:\/\/usa-law.org\/es\/wp-json\/wp\/v2\/types\/page"}],"author":[{"embeddable":true,"href":"https:\/\/usa-law.org\/es\/wp-json\/wp\/v2\/users\/7"}],"replies":[{"embeddable":true,"href":"https:\/\/usa-law.org\/es\/wp-json\/wp\/v2\/comments?post=28216"}],"version-history":[{"count":0,"href":"https:\/\/usa-law.org\/es\/wp-json\/wp\/v2\/pages\/28216\/revisions"}],"wp:featuredmedia":[{"embeddable":true,"href":"https:\/\/usa-law.org\/es\/wp-json\/wp\/v2\/media\/28227"}],"wp:attachment":[{"href":"https:\/\/usa-law.org\/es\/wp-json\/wp\/v2\/media?parent=28216"}],"curies":[{"name":"wp","href":"https:\/\/api.w.org\/{rel}","templated":true}]}}