{"id":28255,"date":"2024-02-02T16:07:17","date_gmt":"2024-02-02T16:07:17","guid":{"rendered":"https:\/\/piusjoseph.wpenginepowered.com\/abogado-de-accidentes-de-camion-por-vuelco\/"},"modified":"2024-02-02T16:07:17","modified_gmt":"2024-02-02T16:07:17","slug":"abogado-de-accidentes-de-camion-por-vuelco","status":"publish","type":"page","link":"https:\/\/usa-law.org\/es\/abogado-de-accidentes-de-camion-por-vuelco\/","title":{"rendered":"Abogado de accidentes de cami\u00f3n por vuelco"},"content":{"rendered":"<p><span style=\"font-weight: 400;\">Los camiones grandes son especialmente propensos a volcar en una colisi\u00f3n. Los tractocamiones y otros camiones comerciales son m\u00e1s altos y tienen centros de gravedad m\u00e1s altos que los veh\u00edculos de pasajeros. Cuando se dan la vuelta, los resultados pueden ser devastadores.  <\/span><\/p>\n<p><span style=\"font-weight: 400;\">Muchos factores contribuyen a los accidentes de cami\u00f3n por vuelco. Los giros bruscos, las altas velocidades, la carga desequilibrada, los reventones de neum\u00e1ticos y las colisiones con otros veh\u00edculos u obst\u00e1culos pueden hacer que un cami\u00f3n vuelque r\u00e1pidamente. Los accidentes por vuelco pueden provocar lesiones graves al conductor del cami\u00f3n y a cualquier persona implicada en el accidente.<\/span><\/p>\n<p><span style=\"font-weight: 400;\">En California, las v\u00edctimas de accidentes podr\u00edan tener derecho a una indemnizaci\u00f3n por sus lesiones si otra parte es responsable de una colisi\u00f3n. Un abogado experto en accidentes de cami\u00f3n con vuelco puede determinar tus opciones legales si t\u00fa o un ser querido hab\u00e9is resultado perjudicados.<\/span><\/p>\n<h2>Causas comunes de los accidentes de cami\u00f3n por vuelco<\/h2>\n<p><span style=\"font-weight: 400;\">Los vuelcos de camiones ocurren por muchas razones. Entre las causas habituales de los accidentes de vuelco de camiones se incluyen:<\/span><\/p>\n<ul>\n<li style=\"font-weight: 400;\" aria-level=\"1\"><b>Carga inadecuada &#8211;<\/b><span style=\"font-weight: 400;\"> Una carga inadecuada o desigual puede alterar el centro de gravedad de un cami\u00f3n, haci\u00e9ndolo propenso a volcar, sobre todo en giros o maniobras bruscas.<\/span><\/li>\n<li style=\"font-weight: 400;\" aria-level=\"1\"><b>Exceso de velocidad &#8211;<\/b><span style=\"font-weight: 400;\"> Superar los l\u00edmites de velocidad, sobre todo en curvas o giros, aumenta el riesgo de que un cami\u00f3n pierda estabilidad y vuelque.<\/span><\/li>\n<li style=\"font-weight: 400;\" aria-level=\"1\"><b>Fatiga del conductor &#8211;<\/b><span style=\"font-weight: 400;\"> Las largas horas en la carretera pueden provocar fatiga en el conductor, mermando su tiempo de reacci\u00f3n y su capacidad para afrontar con eficacia las condiciones imprevistas de la carretera.<\/span><\/li>\n<li style=\"font-weight: 400;\" aria-level=\"1\"><b>Equipo defectuoso &#8211;<\/b><span style=\"font-weight: 400;\"> Los camiones mal mantenidos, con frenos, neum\u00e1ticos o sistemas de suspensi\u00f3n defectuosos, tienen m\u00e1s probabilidades de volcar.<\/span><\/li>\n<li style=\"font-weight: 400;\" aria-level=\"1\"><b>Condiciones de la carretera &#8211;<\/b><span style=\"font-weight: 400;\"> Los firmes resbaladizos o irregulares y los obst\u00e1culos inesperados aumentan el riesgo de que un conductor pierda el control y haga rodar su cami\u00f3n.<\/span><\/li>\n<li style=\"font-weight: 400;\" aria-level=\"1\"><b>Maniobras bruscas &#8211;<\/b><span style=\"font-weight: 400;\"> Los cambios bruscos de carril o la sobrecorrecci\u00f3n en respuesta a las condiciones del tr\u00e1fico o de la carretera pueden desestabilizar un cami\u00f3n grande, provocando su vuelco.<\/span><\/li>\n<li style=\"font-weight: 400;\" aria-level=\"1\"><b>Conducir bajo los efectos del alcohol o las drogas &#8211;<\/b><span style=\"font-weight: 400;\"> El deterioro debido al alcohol o las drogas disminuye dr\u00e1sticamente la capacidad de un conductor para manejar con seguridad un veh\u00edculo grande, lo que aumenta la probabilidad de un accidente por vuelco.<\/span><\/li>\n<\/ul>\n<p><span style=\"font-weight: 400;\">Los accidentes por vuelco pueden causar da\u00f1os graves y potencialmente mortales. Las lesiones cerebrales traum\u00e1ticas, las lesiones medulares, las fracturas \u00f3seas, las lesiones por aplastamiento y las hemorragias internas son consecuencias frecuentes de los accidentes de cami\u00f3n con vuelco.  <\/span><\/p>\n<h2>Determinar la responsabilidad tras un accidente de cami\u00f3n con vuelco<\/h2>\n<p><span style=\"font-weight: 400;\">Para determinar qui\u00e9n es responsable de un accidente de vuelco de cami\u00f3n es necesario investigar detalladamente las circunstancias que condujeron al accidente. Este proceso suele comenzar con el examen de las acciones del camionero. Los investigadores eval\u00faan si el conductor del cami\u00f3n contribuy\u00f3 al accidente de vuelco por exceso de velocidad, infracci\u00f3n de las normas de circulaci\u00f3n y de los reglamentos de transporte por carretera, o conducci\u00f3n bajo los efectos del alcohol.  <\/span><\/p>\n<p><span style=\"font-weight: 400;\">A continuaci\u00f3n, la atenci\u00f3n puede centrarse en la empresa de transporte. Los investigadores examinan el cumplimiento por parte de la empresa de las normas de seguridad, los programas de mantenimiento y los programas de formaci\u00f3n de conductores. En caso de aver\u00eda mec\u00e1nica, el fabricante de la carretilla o de sus piezas puede ser objeto de escrutinio. Adem\u00e1s, los investigadores podr\u00edan investigar a la empresa responsable de cargar el cami\u00f3n si una carga desigual desestabilizaba el veh\u00edculo.  <\/span><\/p>\n<p><span style=\"font-weight: 400;\">Los abogados de accidentes de cami\u00f3n colaboran a menudo con especialistas en reconstrucci\u00f3n de accidentes para reconstruir la secuencia de acontecimientos que condujeron a un accidente y ayudarles a comprender la din\u00e1mica en juego.<\/span><\/p>\n<h2>  Indemnizaci\u00f3n por accidente de vuelco<\/h2>\n<p><span style=\"font-weight: 400;\">  Un abogado de lesiones personales de California puede ayudarte a presentar una demanda por accidente de cami\u00f3n con vuelco contra las partes responsables, solicitando una indemnizaci\u00f3n por p\u00e9rdidas como:<\/span><\/p>\n<ul>\n<li style=\"font-weight: 400;\" aria-level=\"1\"><span style=\"font-weight: 400;\">Facturas m\u00e9dicas<\/span><\/li>\n<li style=\"font-weight: 400;\" aria-level=\"1\"><span style=\"font-weight: 400;\">Gastos m\u00e9dicos futuros<\/span><\/li>\n<li style=\"font-weight: 400;\" aria-level=\"1\"><span style=\"font-weight: 400;\">Costes de bolsillo<\/span><\/li>\n<li style=\"font-weight: 400;\" aria-level=\"1\"><span style=\"font-weight: 400;\">Salarios perdidos<\/span><\/li>\n<li style=\"font-weight: 400;\" aria-level=\"1\"><span style=\"font-weight: 400;\">Reducci\u00f3n de la capacidad de ganancia<\/span><\/li>\n<li style=\"font-weight: 400;\" aria-level=\"1\"><span style=\"font-weight: 400;\">Dolor y sufrimiento<\/span><\/li>\n<li style=\"font-weight: 400;\" aria-level=\"1\"><span style=\"font-weight: 400;\">Disminuci\u00f3n de la calidad de vida<\/span><\/li>\n<\/ul>\n<h2>Contacta con un Abogado de Accidentes de Cami\u00f3n por Vuelco para que te ayude<\/h2>\n<p><span style=\"font-weight: 400;\">Si t\u00fa o alguien cercano sufristeis lesiones en el vuelco de un cami\u00f3n, necesit\u00e1is un equipo jur\u00eddico especializado que comprenda la complejidad de estos casos y c\u00f3mo ganarlos. Necesitas el <a href=\"https:\/\/usa-law.org\/\">Bufete de P\u00edo Jos\u00e9<\/a>. Estamos dispuestos a trabajar sin descanso para conseguirte la indemnizaci\u00f3n plena y justa que te mereces. <a href=\"https:\/\/usa-law.org\/contact-us\/\">Ponte en contacto con nosotros<\/a> hoy mismo para una consulta gratuita con un <a href=\"https:\/\/usa-law.org\/truck-accident-attorney\/\">abogado<\/a> experto en <a href=\"https:\/\/usa-law.org\/truck-accident-attorney\/\">accidentes de cami\u00f3n con vuelco<\/a>.<\/span><\/p>\n<p>&nbsp;<\/p>\n","protected":false},"excerpt":{"rendered":"<p>Los camiones grandes son especialmente propensos a volcar en una colisi\u00f3n. Los tractocamiones y otros camiones comerciales son m\u00e1s altos y tienen centros de gravedad m\u00e1s altos que los veh\u00edculos de pasajeros. Cuando se dan la vuelta, los resultados pueden ser devastadores. Muchos factores contribuyen a los accidentes de cami\u00f3n&#8230;<\/p>\n","protected":false},"author":7,"featured_media":28258,"parent":0,"menu_order":0,"comment_status":"closed","ping_status":"closed","template":"","meta":{"_acf_changed":false,"footnotes":""},"class_list":["post-28255","page","type-page","status-publish","has-post-thumbnail","hentry"],"acf":[],"yoast_head":"<!-- This site is optimized with the Yoast SEO plugin v27.5 - https:\/\/yoast.com\/product\/yoast-seo-wordpress\/ -->\n<title>Abogado de accidentes de cami\u00f3n por vuelco - Law Offices of Pius Joseph<\/title>\n<meta name=\"description\" content=\"Estamos dispuestos a trabajar sin descanso para conseguirte la indemnizaci\u00f3n \u00edntegra y justa que mereces. Ponte en contacto con nosotros hoy mismo para una consulta gratuita.\" \/>\n<meta name=\"robots\" content=\"index, follow, max-snippet:-1, max-image-preview:large, max-video-preview:-1\" \/>\n<link rel=\"canonical\" href=\"https:\/\/usa-law.org\/es\/abogado-de-accidentes-de-camion-por-vuelco\/\" \/>\n<meta property=\"og:locale\" content=\"es_ES\" \/>\n<meta property=\"og:type\" content=\"article\" \/>\n<meta property=\"og:title\" content=\"Abogado de accidentes de cami\u00f3n por vuelco - Law Offices of Pius Joseph\" \/>\n<meta property=\"og:description\" content=\"Estamos dispuestos a trabajar sin descanso para conseguirte la indemnizaci\u00f3n \u00edntegra y justa que mereces. Ponte en contacto con nosotros hoy mismo para una consulta gratuita.\" \/>\n<meta property=\"og:url\" content=\"https:\/\/usa-law.org\/es\/abogado-de-accidentes-de-camion-por-vuelco\/\" \/>\n<meta property=\"og:site_name\" content=\"Law Offices of Pius Joseph\" \/>\n<meta property=\"og:image\" content=\"https:\/\/usa-law.org\/wp-content\/uploads\/2024\/02\/Untitled-design-91.png\" \/>\n\t<meta property=\"og:image:width\" content=\"300\" \/>\n\t<meta property=\"og:image:height\" content=\"200\" \/>\n\t<meta property=\"og:image:type\" content=\"image\/png\" \/>\n<meta name=\"twitter:card\" content=\"summary_large_image\" \/>\n<meta name=\"twitter:label1\" content=\"Est. reading time\" \/>\n\t<meta name=\"twitter:data1\" content=\"4 minutos\" \/>\n<!-- \/ Yoast SEO plugin. -->","yoast_head_json":{"title":"Abogado de accidentes de cami\u00f3n por vuelco - Law Offices of Pius Joseph","description":"Estamos dispuestos a trabajar sin descanso para conseguirte la indemnizaci\u00f3n \u00edntegra y justa que mereces. Ponte en contacto con nosotros hoy mismo para una consulta gratuita.","robots":{"index":"index","follow":"follow","max-snippet":"max-snippet:-1","max-image-preview":"max-image-preview:large","max-video-preview":"max-video-preview:-1"},"canonical":"https:\/\/usa-law.org\/es\/abogado-de-accidentes-de-camion-por-vuelco\/","og_locale":"es_ES","og_type":"article","og_title":"Abogado de accidentes de cami\u00f3n por vuelco - Law Offices of Pius Joseph","og_description":"Estamos dispuestos a trabajar sin descanso para conseguirte la indemnizaci\u00f3n \u00edntegra y justa que mereces. Ponte en contacto con nosotros hoy mismo para una consulta gratuita.","og_url":"https:\/\/usa-law.org\/es\/abogado-de-accidentes-de-camion-por-vuelco\/","og_site_name":"Law Offices of Pius Joseph","og_image":[{"width":300,"height":200,"url":"https:\/\/usa-law.org\/wp-content\/uploads\/2024\/02\/Untitled-design-91.png","type":"image\/png"}],"twitter_card":"summary_large_image","twitter_misc":{"Est. reading time":"4 minutos"},"schema":{"@context":"https:\/\/schema.org","@graph":[{"@type":"WebPage","@id":"https:\/\/usa-law.org\/es\/abogado-de-accidentes-de-camion-por-vuelco\/","url":"https:\/\/usa-law.org\/es\/abogado-de-accidentes-de-camion-por-vuelco\/","name":"Abogado de accidentes de cami\u00f3n por vuelco - Law Offices of Pius Joseph","isPartOf":{"@id":"https:\/\/usa-law.org\/es\/#website"},"primaryImageOfPage":{"@id":"https:\/\/usa-law.org\/es\/abogado-de-accidentes-de-camion-por-vuelco\/#primaryimage"},"image":{"@id":"https:\/\/usa-law.org\/es\/abogado-de-accidentes-de-camion-por-vuelco\/#primaryimage"},"thumbnailUrl":"https:\/\/usa-law.org\/wp-content\/uploads\/2024\/02\/Untitled-design-91.png","datePublished":"2024-02-02T16:07:17+00:00","description":"Estamos dispuestos a trabajar sin descanso para conseguirte la indemnizaci\u00f3n \u00edntegra y justa que mereces. Ponte en contacto con nosotros hoy mismo para una consulta gratuita.","breadcrumb":{"@id":"https:\/\/usa-law.org\/es\/abogado-de-accidentes-de-camion-por-vuelco\/#breadcrumb"},"inLanguage":"es","potentialAction":[{"@type":"ReadAction","target":["https:\/\/usa-law.org\/es\/abogado-de-accidentes-de-camion-por-vuelco\/"]}]},{"@type":"ImageObject","inLanguage":"es","@id":"https:\/\/usa-law.org\/es\/abogado-de-accidentes-de-camion-por-vuelco\/#primaryimage","url":"https:\/\/usa-law.org\/wp-content\/uploads\/2024\/02\/Untitled-design-91.png","contentUrl":"https:\/\/usa-law.org\/wp-content\/uploads\/2024\/02\/Untitled-design-91.png","width":300,"height":200},{"@type":"BreadcrumbList","@id":"https:\/\/usa-law.org\/es\/abogado-de-accidentes-de-camion-por-vuelco\/#breadcrumb","itemListElement":[{"@type":"ListItem","position":1,"name":"Home","item":"https:\/\/usa-law.org\/es\/"},{"@type":"ListItem","position":2,"name":"Abogado de accidentes de cami\u00f3n por vuelco"}]},{"@type":"WebSite","@id":"https:\/\/usa-law.org\/es\/#website","url":"https:\/\/usa-law.org\/es\/","name":"Law Offices of Pius Joseph","description":"Pasadena, CA Personal Injury Attorneys","publisher":{"@id":"https:\/\/usa-law.org\/es\/#organization"},"potentialAction":[{"@type":"SearchAction","target":{"@type":"EntryPoint","urlTemplate":"https:\/\/usa-law.org\/es\/?s={search_term_string}"},"query-input":{"@type":"PropertyValueSpecification","valueRequired":true,"valueName":"search_term_string"}}],"inLanguage":"es"},{"@type":"Organization","@id":"https:\/\/usa-law.org\/es\/#organization","name":"Law Offices of Pius Joseph - Personal injury attorney","url":"https:\/\/usa-law.org\/es\/","logo":{"@type":"ImageObject","inLanguage":"es","@id":"https:\/\/usa-law.org\/es\/#\/schema\/logo\/image\/","url":"https:\/\/usa-law.org\/wp-content\/uploads\/2019\/07\/logo.png","contentUrl":"https:\/\/usa-law.org\/wp-content\/uploads\/2019\/07\/logo.png","width":273,"height":84,"caption":"Law Offices of Pius Joseph - Personal injury attorney"},"image":{"@id":"https:\/\/usa-law.org\/es\/#\/schema\/logo\/image\/"}}]}},"_links":{"self":[{"href":"https:\/\/usa-law.org\/es\/wp-json\/wp\/v2\/pages\/28255","targetHints":{"allow":["GET"]}}],"collection":[{"href":"https:\/\/usa-law.org\/es\/wp-json\/wp\/v2\/pages"}],"about":[{"href":"https:\/\/usa-law.org\/es\/wp-json\/wp\/v2\/types\/page"}],"author":[{"embeddable":true,"href":"https:\/\/usa-law.org\/es\/wp-json\/wp\/v2\/users\/7"}],"replies":[{"embeddable":true,"href":"https:\/\/usa-law.org\/es\/wp-json\/wp\/v2\/comments?post=28255"}],"version-history":[{"count":0,"href":"https:\/\/usa-law.org\/es\/wp-json\/wp\/v2\/pages\/28255\/revisions"}],"wp:featuredmedia":[{"embeddable":true,"href":"https:\/\/usa-law.org\/es\/wp-json\/wp\/v2\/media\/28258"}],"wp:attachment":[{"href":"https:\/\/usa-law.org\/es\/wp-json\/wp\/v2\/media?parent=28255"}],"curies":[{"name":"wp","href":"https:\/\/api.w.org\/{rel}","templated":true}]}}