{"id":28305,"date":"2023-10-10T16:07:04","date_gmt":"2023-10-10T16:07:04","guid":{"rendered":"https:\/\/piusjoseph.wpenginepowered.com\/abogado-de-accidentes-de-camion-en-long-beach\/"},"modified":"2024-06-12T06:22:07","modified_gmt":"2024-06-12T06:22:07","slug":"abogado-de-accidentes-de-camion-en-long-beach","status":"publish","type":"page","link":"https:\/\/usa-law.org\/es\/abogado-de-accidentes-de-camion-en-long-beach\/","title":{"rendered":"Abogado de accidentes de cami\u00f3n en Long Beach"},"content":{"rendered":"<p>Los accidentes de camiones comerciales pueden causar lesiones graves y potencialmente mortales. El gobierno exige a los camioneros, a las empresas de transporte por carretera y a otros miembros del sector del transporte por carretera que sigan unas directrices estrictas antes, durante y despu\u00e9s de hacer un viaje. Las infracciones pueden provocar -y provocan- accidentes mortales de cami\u00f3n en Long Beach.<\/p>\n<p>Si has resultado herido en un accidente de cami\u00f3n en la zona, necesitas un abogado experto en accidentes de cami\u00f3n para reclamar el dinero que mereces. Las empresas de transporte y las aseguradoras disponen de importantes recursos financieros para luchar contra las demandas por lesiones. Defi\u00e9ndete con la ayuda de un <a href=\"https:\/\/usa-law.org\/\">abogado especializado en accidentes de cami\u00f3n de Long Beach<\/a> del bufete de abogados de Pius Joseph. Queremos igualar las condiciones y conseguirte hasta el \u00faltimo c\u00e9ntimo que te mereces. Ponte en contacto con nosotros hoy mismo para una revisi\u00f3n gratuita de tu caso.<\/p>\n<h2>\u00bfPor qu\u00e9 elegirnos?<\/h2>\n<p>El <a href=\"https:\/\/usa-law.org\/truck-accident-attorney\/\">abogado de accidentes de cami\u00f3n<\/a> adecuado puede marcar la diferencia en el resultado de tu caso. Durante m\u00e1s de 30 a\u00f1os, clientes de Long Beach y de toda California han recurrido al Bufete de P\u00edo Jos\u00e9 porque:<\/p>\n<ul>\n<li>Nos centramos en los casos dif\u00edciles. Dedicamos tiempo y esfuerzo a elaborar casos convincentes que ayuden a nuestros clientes a obtener la m\u00e1xima indemnizaci\u00f3n en los acuerdos o en el juicio.<\/li>\n<li>Tenemos los recursos para enfrentarnos a las grandes empresas de transporte y a las aseguradoras. Nuestro bufete trabaja con expertos en reconstrucci\u00f3n de accidentes, especialistas m\u00e9dicos, planificadores de cuidados vitales y expertos financieros para desarrollar las pruebas y testimonios necesarios para exigir una recuperaci\u00f3n econ\u00f3mica completa.<\/li>\n<li>Negociamos ferozmente. Un acuerdo r\u00e1pido no dar\u00e1 a los clientes los recursos financieros necesarios para hacer frente a las necesidades pasadas, presentes y futuras. Exigimos responsabilidad rechazando las ofertas a la baja.<\/li>\n<li>Tenemos una amplia experiencia en litigios. El fundador del bufete, Pius Joseph, ha llevado m\u00e1s de 500 casos y m\u00e1s de 100 a juicio con jurado.<\/li>\n<li>Te quitamos la presi\u00f3n de encima. Como nuestros clientes tienen facturas m\u00e9dicas y otros gastos, nunca cobramos nada por adelantado por representarlos. S\u00f3lo cobramos si ganamos tu caso.<\/li>\n<\/ul>\n<h2>Nuestra experiencia en accidentes de cami\u00f3n<\/h2>\n<p>El abogado Pius Joseph lleva m\u00e1s de tres d\u00e9cadas defendiendo los derechos e intereses de las v\u00edctimas de accidentes en California. Nuestro bufete se centra exclusivamente en casos de lesiones personales, incluidas las demandas por accidentes de cami\u00f3n. Pius Joseph tiene un historial probado de \u00e9xito en casos de accidentes de cami\u00f3n, con m\u00faltiples recuperaciones de seis y siete cifras para sus clientes. Estas victorias incluyen un veredicto de 2 millones de d\u00f3lares para un cliente lesionado en un accidente de cami\u00f3n que desencaden\u00f3 un choque en cadena y un veredicto de 1,25 millones de d\u00f3lares para un cliente que sufri\u00f3 <a href=\"https:\/\/usa-law.org\/traumatic-brain-injury-attorney\/\">lesiones cerebrales traum\u00e1ticas<\/a> en un accidente de cami\u00f3n.<\/p>\n<h2>Pasos a seguir tras un accidente de cami\u00f3n en Long Beach<\/h2>\n<p>Tomar las siguientes medidas tras un accidente de cami\u00f3n en Long Beach puede ayudar a tu abogado a construir un caso s\u00f3lido en tu nombre:<\/p>\n<ul>\n<li>Informa del accidente a las fuerzas de seguridad.<\/li>\n<li>Busca atenci\u00f3n m\u00e9dica inmediata para identificar y tratar tus lesiones.<\/li>\n<li>Sigue tu plan de tratamiento, las instrucciones de recuperaci\u00f3n y las restricciones m\u00e9dicas.<\/li>\n<li>Solicita una copia del atestado policial del accidente y del historial m\u00e9dico de tu tratamiento y rehabilitaci\u00f3n.<\/li>\n<li>Guarda copias de las facturas y recibos de los gastos relacionados con el accidente.<\/li>\n<li>Re\u00fane tus declaraciones de ingresos para calcular los salarios perdidos si faltas al trabajo.<\/li>\n<li>Consulta tu p\u00f3liza de seguro de autom\u00f3vil para conocer el plazo de notificaci\u00f3n de un accidente.<\/li>\n<li>Ponte en contacto con un <b>abogado especializado en accidentes de cami\u00f3n en Long Beach <\/b>para empezar con tu caso.<\/li>\n<\/ul>\n<p>Si puedes, es mejor que consultes con un abogado antes de hablar con la compa\u00f1\u00eda de seguros. Si debes notificarles el accidente de cami\u00f3n por cuestiones de tiempo, limita tu informe a la hora, fecha y lugar del accidente, as\u00ed como a todas las partes implicadas. No digas nada sobre lesiones o culpa.<\/p>\n<h2>Habla hoy con un abogado de accidentes de cami\u00f3n en Long Beach<\/h2>\n<p>Es posible obtener una indemnizaci\u00f3n si has sufrido lesiones en un accidente de cami\u00f3n en Long Beach. Maximiza tu recuperaci\u00f3n poni\u00e9ndote en contacto con el bufete de abogados de Pius Joseph hoy mismo para una consulta gratuita. Ll\u00e1manos o <a href=\"https:\/\/usa-law.org\/contact-us\/\">ponte en contacto con nosotros ahora<\/a>.<\/p>\n","protected":false},"excerpt":{"rendered":"<p>Los accidentes de camiones comerciales pueden causar lesiones graves y potencialmente mortales. El gobierno exige a los camioneros, a las empresas de transporte por carretera y a otros miembros del sector del transporte por carretera que sigan unas directrices estrictas antes, durante y despu\u00e9s de hacer un viaje. Las infracciones&#8230;<\/p>\n","protected":false},"author":7,"featured_media":28307,"parent":0,"menu_order":0,"comment_status":"closed","ping_status":"closed","template":"","meta":{"_acf_changed":false,"footnotes":""},"class_list":["post-28305","page","type-page","status-publish","has-post-thumbnail","hentry"],"acf":[],"yoast_head":"<!-- This site is optimized with the Yoast SEO plugin v27.4 - https:\/\/yoast.com\/product\/yoast-seo-wordpress\/ -->\n<title>Abogado Accidente Cami\u00f3n Long Beach | Despacho Jur\u00eddico de Pius Joseph<\/title>\n<meta name=\"description\" content=\"Las Oficinas Legales de Pius Joseph son un equipo de abogados con experiencia en accidentes de cami\u00f3n en Long Beach, CA. Luchamos por las v\u00edctimas que han sufrido lesiones graves por la negligencia de camioneros y empresas.\" \/>\n<meta name=\"robots\" content=\"index, follow, max-snippet:-1, max-image-preview:large, max-video-preview:-1\" \/>\n<link rel=\"canonical\" href=\"https:\/\/usa-law.org\/es\/abogado-de-accidentes-de-camion-en-long-beach\/\" \/>\n<meta property=\"og:locale\" content=\"es_ES\" \/>\n<meta property=\"og:type\" content=\"article\" \/>\n<meta property=\"og:title\" content=\"Abogado Accidente Cami\u00f3n Long Beach | Despacho Jur\u00eddico de Pius Joseph\" \/>\n<meta property=\"og:description\" content=\"Las Oficinas Legales de Pius Joseph son un equipo de abogados con experiencia en accidentes de cami\u00f3n en Long Beach, CA. Luchamos por las v\u00edctimas que han sufrido lesiones graves por la negligencia de camioneros y empresas.\" \/>\n<meta property=\"og:url\" content=\"https:\/\/usa-law.org\/es\/abogado-de-accidentes-de-camion-en-long-beach\/\" \/>\n<meta property=\"og:site_name\" content=\"Law Offices of Pius Joseph\" \/>\n<meta property=\"article:modified_time\" content=\"2024-06-12T06:22:07+00:00\" \/>\n<meta property=\"og:image\" content=\"https:\/\/usa-law.org\/wp-content\/uploads\/2023\/10\/Truck-Accident-Lawyer-in-Long-Beach.jpg\" \/>\n\t<meta property=\"og:image:width\" content=\"800\" \/>\n\t<meta property=\"og:image:height\" content=\"600\" \/>\n\t<meta property=\"og:image:type\" content=\"image\/jpeg\" \/>\n<meta name=\"twitter:card\" content=\"summary_large_image\" \/>\n<meta name=\"twitter:label1\" content=\"Est. reading time\" \/>\n\t<meta name=\"twitter:data1\" content=\"4 minutos\" \/>\n<!-- \/ Yoast SEO plugin. -->","yoast_head_json":{"title":"Abogado Accidente Cami\u00f3n Long Beach | Despacho Jur\u00eddico de Pius Joseph","description":"Las Oficinas Legales de Pius Joseph son un equipo de abogados con experiencia en accidentes de cami\u00f3n en Long Beach, CA. Luchamos por las v\u00edctimas que han sufrido lesiones graves por la negligencia de camioneros y empresas.","robots":{"index":"index","follow":"follow","max-snippet":"max-snippet:-1","max-image-preview":"max-image-preview:large","max-video-preview":"max-video-preview:-1"},"canonical":"https:\/\/usa-law.org\/es\/abogado-de-accidentes-de-camion-en-long-beach\/","og_locale":"es_ES","og_type":"article","og_title":"Abogado Accidente Cami\u00f3n Long Beach | Despacho Jur\u00eddico de Pius Joseph","og_description":"Las Oficinas Legales de Pius Joseph son un equipo de abogados con experiencia en accidentes de cami\u00f3n en Long Beach, CA. Luchamos por las v\u00edctimas que han sufrido lesiones graves por la negligencia de camioneros y empresas.","og_url":"https:\/\/usa-law.org\/es\/abogado-de-accidentes-de-camion-en-long-beach\/","og_site_name":"Law Offices of Pius Joseph","article_modified_time":"2024-06-12T06:22:07+00:00","og_image":[{"width":800,"height":600,"url":"https:\/\/usa-law.org\/wp-content\/uploads\/2023\/10\/Truck-Accident-Lawyer-in-Long-Beach.jpg","type":"image\/jpeg"}],"twitter_card":"summary_large_image","twitter_misc":{"Est. reading time":"4 minutos"},"schema":{"@context":"https:\/\/schema.org","@graph":[{"@type":"WebPage","@id":"https:\/\/usa-law.org\/es\/abogado-de-accidentes-de-camion-en-long-beach\/","url":"https:\/\/usa-law.org\/es\/abogado-de-accidentes-de-camion-en-long-beach\/","name":"Abogado Accidente Cami\u00f3n Long Beach | Despacho Jur\u00eddico de Pius Joseph","isPartOf":{"@id":"https:\/\/usa-law.org\/es\/#website"},"primaryImageOfPage":{"@id":"https:\/\/usa-law.org\/es\/abogado-de-accidentes-de-camion-en-long-beach\/#primaryimage"},"image":{"@id":"https:\/\/usa-law.org\/es\/abogado-de-accidentes-de-camion-en-long-beach\/#primaryimage"},"thumbnailUrl":"https:\/\/usa-law.org\/wp-content\/uploads\/2023\/10\/Truck-Accident-Lawyer-in-Long-Beach.jpg","datePublished":"2023-10-10T16:07:04+00:00","dateModified":"2024-06-12T06:22:07+00:00","description":"Las Oficinas Legales de Pius Joseph son un equipo de abogados con experiencia en accidentes de cami\u00f3n en Long Beach, CA. Luchamos por las v\u00edctimas que han sufrido lesiones graves por la negligencia de camioneros y empresas.","breadcrumb":{"@id":"https:\/\/usa-law.org\/es\/abogado-de-accidentes-de-camion-en-long-beach\/#breadcrumb"},"inLanguage":"es","potentialAction":[{"@type":"ReadAction","target":["https:\/\/usa-law.org\/es\/abogado-de-accidentes-de-camion-en-long-beach\/"]}]},{"@type":"ImageObject","inLanguage":"es","@id":"https:\/\/usa-law.org\/es\/abogado-de-accidentes-de-camion-en-long-beach\/#primaryimage","url":"https:\/\/usa-law.org\/wp-content\/uploads\/2023\/10\/Truck-Accident-Lawyer-in-Long-Beach.jpg","contentUrl":"https:\/\/usa-law.org\/wp-content\/uploads\/2023\/10\/Truck-Accident-Lawyer-in-Long-Beach.jpg","width":800,"height":600},{"@type":"BreadcrumbList","@id":"https:\/\/usa-law.org\/es\/abogado-de-accidentes-de-camion-en-long-beach\/#breadcrumb","itemListElement":[{"@type":"ListItem","position":1,"name":"Home","item":"https:\/\/usa-law.org\/es\/"},{"@type":"ListItem","position":2,"name":"Abogado de accidentes de cami\u00f3n en Long Beach"}]},{"@type":"WebSite","@id":"https:\/\/usa-law.org\/es\/#website","url":"https:\/\/usa-law.org\/es\/","name":"Law Offices of Pius Joseph","description":"Pasadena, CA Personal Injury Attorneys","publisher":{"@id":"https:\/\/usa-law.org\/es\/#organization"},"potentialAction":[{"@type":"SearchAction","target":{"@type":"EntryPoint","urlTemplate":"https:\/\/usa-law.org\/es\/?s={search_term_string}"},"query-input":{"@type":"PropertyValueSpecification","valueRequired":true,"valueName":"search_term_string"}}],"inLanguage":"es"},{"@type":"Organization","@id":"https:\/\/usa-law.org\/es\/#organization","name":"Law Offices of Pius Joseph - Personal injury attorney","url":"https:\/\/usa-law.org\/es\/","logo":{"@type":"ImageObject","inLanguage":"es","@id":"https:\/\/usa-law.org\/es\/#\/schema\/logo\/image\/","url":"https:\/\/usa-law.org\/wp-content\/uploads\/2019\/07\/logo.png","contentUrl":"https:\/\/usa-law.org\/wp-content\/uploads\/2019\/07\/logo.png","width":273,"height":84,"caption":"Law Offices of Pius Joseph - Personal injury attorney"},"image":{"@id":"https:\/\/usa-law.org\/es\/#\/schema\/logo\/image\/"}}]}},"_links":{"self":[{"href":"https:\/\/usa-law.org\/es\/wp-json\/wp\/v2\/pages\/28305","targetHints":{"allow":["GET"]}}],"collection":[{"href":"https:\/\/usa-law.org\/es\/wp-json\/wp\/v2\/pages"}],"about":[{"href":"https:\/\/usa-law.org\/es\/wp-json\/wp\/v2\/types\/page"}],"author":[{"embeddable":true,"href":"https:\/\/usa-law.org\/es\/wp-json\/wp\/v2\/users\/7"}],"replies":[{"embeddable":true,"href":"https:\/\/usa-law.org\/es\/wp-json\/wp\/v2\/comments?post=28305"}],"version-history":[{"count":0,"href":"https:\/\/usa-law.org\/es\/wp-json\/wp\/v2\/pages\/28305\/revisions"}],"wp:featuredmedia":[{"embeddable":true,"href":"https:\/\/usa-law.org\/es\/wp-json\/wp\/v2\/media\/28307"}],"wp:attachment":[{"href":"https:\/\/usa-law.org\/es\/wp-json\/wp\/v2\/media?parent=28305"}],"curies":[{"name":"wp","href":"https:\/\/api.w.org\/{rel}","templated":true}]}}