{"id":28350,"date":"2023-06-19T10:45:37","date_gmt":"2023-06-19T10:45:37","guid":{"rendered":"https:\/\/piusjoseph.wpenginepowered.com\/abogado-de-accidentes-de-camion-en-ontario\/"},"modified":"2023-06-19T10:45:37","modified_gmt":"2023-06-19T10:45:37","slug":"abogado-de-accidentes-de-camion-en-ontario","status":"publish","type":"page","link":"https:\/\/usa-law.org\/es\/abogado-de-accidentes-de-camion-en-ontario\/","title":{"rendered":"Abogado de accidentes de cami\u00f3n en Ontario"},"content":{"rendered":"<p><span style=\"font-weight: 400;\">Un accidente de cami\u00f3n puede poner tu vida patas arriba en un instante. Si sufres lesiones graves en un accidente de cami\u00f3n en California, es posible que puedas presentar una demanda judicial y obtener una indemnizaci\u00f3n de un camionero, una empresa de transportes u otra parte negligente responsable. El Bufete de P\u00edo Jos\u00e9 puede ayudarte. Contacta con nosotros para una consulta gratuita con un abogado especializado en accidentes de cami\u00f3n en Ontario, California.<\/span><\/p>\n<h2><b>C\u00f3mo entender los accidentes de cami\u00f3n en Ontario, California<\/b><\/h2>\n<p><span style=\"font-weight: 400;\">Conducir un <a href=\"https:\/\/usa-law.org\/truck-accident-attorney\/commercial-driver-negligence\/\">cami\u00f3n<\/a> comercial requiere una formaci\u00f3n y una habilidad especializadas. Los <a href=\"https:\/\/usa-law.org\/truck-accident-attorney\/truck-driver-fatigue\/\">camioneros<\/a> deben asistir a programas de formaci\u00f3n y solicitar permisos de conducir comerciales para conducir un cami\u00f3n grande. Sin embargo, las complejidades de los camiones comerciales y su funcionamiento pueden provocar r\u00e1pidamente accidentes si los conductores u otras partes implicadas en el sector del transporte por carretera act\u00faan con negligencia. Algunas de las causas m\u00e1s comunes de los accidentes de cami\u00f3n en el condado de San Bernardino son:<\/span><\/p>\n<ul>\n<li style=\"font-weight: 400;\" aria-level=\"1\"><span style=\"font-weight: 400;\">Exceso de velocidad<\/span><\/li>\n<li style=\"font-weight: 400;\" aria-level=\"1\"><span style=\"font-weight: 400;\">Para ir a la cola<\/span><\/li>\n<li style=\"font-weight: 400;\" aria-level=\"1\"><span style=\"font-weight: 400;\">Girar o cambiar de carril sin se\u00f1alizar  <\/span><\/li>\n<li style=\"font-weight: 400;\" aria-level=\"1\"><span style=\"font-weight: 400;\">No comprobar los retrovisores y los \u00e1ngulos muertos<\/span><\/li>\n<li style=\"font-weight: 400;\" aria-level=\"1\"><span style=\"font-weight: 400;\">Conducci\u00f3n temeraria<\/span><\/li>\n<li style=\"font-weight: 400;\" aria-level=\"1\"><span style=\"font-weight: 400;\">No respetar los controles de tr\u00e1fico<\/span><\/li>\n<li style=\"font-weight: 400;\" aria-level=\"1\"><span style=\"font-weight: 400;\">No ceder el paso<\/span><\/li>\n<li style=\"font-weight: 400;\" aria-level=\"1\"><a href=\"https:\/\/usa-law.org\/car-accident-attorney\/distracted-driving-accidents\/\"><span style=\"font-weight: 400;\">Conducci\u00f3n distra\u00edda<\/span><\/a><\/li>\n<li style=\"font-weight: 400;\" aria-level=\"1\"><a href=\"https:\/\/usa-law.org\/truck-accident-attorney\/drunk-drugged-driving\/\"><span style=\"font-weight: 400;\">Conducir bajo los efectos de las drogas o el alcohol<\/span><\/a><\/li>\n<li style=\"font-weight: 400;\" aria-level=\"1\"><a href=\"https:\/\/usa-law.org\/car-accident-attorney\/drowsy-driving\/\"><span style=\"font-weight: 400;\">Conducci\u00f3n somnolienta<\/span><\/a><\/li>\n<li style=\"font-weight: 400;\" aria-level=\"1\"><span style=\"font-weight: 400;\">No equilibrar o asegurar la carga<\/span><\/li>\n<li style=\"font-weight: 400;\" aria-level=\"1\"><span style=\"font-weight: 400;\">Mantenimiento inadecuado<\/span><\/li>\n<li style=\"font-weight: 400;\" aria-level=\"1\"><span style=\"font-weight: 400;\">Pr\u00e1cticas de contrataci\u00f3n negligentes<\/span><\/li>\n<\/ul>\n<h2><b>Indemnizaciones disponibles en las demandas por accidente de cami\u00f3n<\/b><\/h2>\n<p><span style=\"font-weight: 400;\">En una demanda por accidente de cami\u00f3n, puedes obtener una indemnizaci\u00f3n, o da\u00f1os y perjuicios, por las p\u00e9rdidas econ\u00f3micas y personales derivadas del accidente. Ejemplos de da\u00f1os por accidente de cami\u00f3n incluyen dinero por:  <\/span><\/p>\n<ul>\n<li style=\"font-weight: 400;\" aria-level=\"1\"><span style=\"font-weight: 400;\">Facturas m\u00e9dicas y gastos de rehabilitaci\u00f3n  <\/span><\/li>\n<li style=\"font-weight: 400;\" aria-level=\"1\"><span style=\"font-weight: 400;\">Costes de los cuidados de larga duraci\u00f3n por incapacidad permanente  <\/span><\/li>\n<li style=\"font-weight: 400;\" aria-level=\"1\"><span style=\"font-weight: 400;\">P\u00e9rdida de salario\/ingresos o p\u00e9rdida de capacidad de ganancia futura<\/span><\/li>\n<li style=\"font-weight: 400;\" aria-level=\"1\"><span style=\"font-weight: 400;\">Dolor y sufrimiento<\/span><\/li>\n<li style=\"font-weight: 400;\" aria-level=\"1\"><span style=\"font-weight: 400;\">P\u00e9rdida de calidad de vida  <\/span><\/li>\n<li style=\"font-weight: 400;\" aria-level=\"1\"><span style=\"font-weight: 400;\">Gastos de reparaci\u00f3n del veh\u00edculo o reembolso del valor del veh\u00edculo siniestrado<\/span><\/li>\n<\/ul>\n<h2><b>Qu\u00e9 hacer tras un accidente de cami\u00f3n<\/b><\/h2>\n<p><span style=\"font-weight: 400;\">Sigue estos pasos tras un accidente de cami\u00f3n en California para proteger tus derechos a reclamar una indemnizaci\u00f3n:<\/span><\/p>\n<ul>\n<li style=\"font-weight: 400;\" aria-level=\"1\"><span style=\"font-weight: 400;\">Consigue la licencia del conductor del cami\u00f3n, el seguro y la informaci\u00f3n del empleador.<\/span><\/li>\n<li style=\"font-weight: 400;\" aria-level=\"1\"><span style=\"font-weight: 400;\">Informa del accidente a las autoridades. Pide una copia del informe policial del accidente en los d\u00edas siguientes al accidente.<\/span><\/li>\n<li style=\"font-weight: 400;\" aria-level=\"1\"><span style=\"font-weight: 400;\">Haz que un m\u00e9dico te examine para detectar cualquier lesi\u00f3n.<\/span><\/li>\n<li style=\"font-weight: 400;\" aria-level=\"1\"><span style=\"font-weight: 400;\">Sigue las instrucciones de tratamiento de tu m\u00e9dico.<\/span><\/li>\n<li style=\"font-weight: 400;\" aria-level=\"1\"><span style=\"font-weight: 400;\">Guarda todas las facturas y recibos de tus cuidados m\u00e9dicos, reparaciones del veh\u00edculo y otros gastos.  <\/span><\/li>\n<li style=\"font-weight: 400;\" aria-level=\"1\"><span style=\"font-weight: 400;\">Re\u00fane tus recibos de sueldo o declaraciones de ingresos si faltas al trabajo o tienes ingresos reducidos mientras te recuperas de tus lesiones.<\/span><\/li>\n<\/ul>\n<p><span style=\"font-weight: 400;\">Por \u00faltimo, ponte en contacto con un <strong>abogado especializado en accidentes de cami\u00f3n de Ontario<\/strong> del <a href=\"https:\/\/usa-law.org\/\">Bufete de Pius Joseph<\/a>. Nuestros <a href=\"https:\/\/usa-law.org\/es\/attorneys\/pius-joseph\/\">abogados<\/a> pueden ayudarte a exigir responsabilidades a toda parte negligente por los da\u00f1os que hayas sufrido.  <\/span><\/p>\n<h2><b>\u00bfC\u00f3mo te indemnizan por tus lesiones en California?<\/b><\/h2>\n<p><span style=\"font-weight: 400;\">Cuando has sufrido lesiones en un <a href=\"https:\/\/usa-law.org\/truck-accident-attorney\/what-to-do-after-a-truck-accident\/\">accidente de cami\u00f3n<\/a>, la b\u00fasqueda de una indemnizaci\u00f3n empieza por identificar a la parte o partes responsables de tus p\u00e9rdidas. Entre los posibles acusados figuran:<\/span><\/p>\n<ul>\n<li style=\"font-weight: 400;\" aria-level=\"1\"><span style=\"font-weight: 400;\">El camionero<\/span><\/li>\n<li style=\"font-weight: 400;\" aria-level=\"1\"><span style=\"font-weight: 400;\">La empresa de camiones<\/span><\/li>\n<li style=\"font-weight: 400;\" aria-level=\"1\"><span style=\"font-weight: 400;\">El propietario del cami\u00f3n, si no es el camionero o la empresa de transporte<\/span><\/li>\n<li style=\"font-weight: 400;\" aria-level=\"1\"><span style=\"font-weight: 400;\">La empresa de carga que carg\u00f3 el cami\u00f3n\/remolque<\/span><\/li>\n<li style=\"font-weight: 400;\" aria-level=\"1\"><span style=\"font-weight: 400;\">Mec\u00e1nicos y talleres<\/span><\/li>\n<li style=\"font-weight: 400;\" aria-level=\"1\"><span style=\"font-weight: 400;\">El fabricante del cami\u00f3n o terceros fabricantes de piezas para camiones<\/span><\/li>\n<\/ul>\n<p><span style=\"font-weight: 400;\">En la mayor\u00eda de los casos de accidente de cami\u00f3n, la indemnizaci\u00f3n procede de un acuerdo negociado con las partes responsables. Sin embargo, si esas partes no llegan a un acuerdo justo, puede que tengas que llevar tu caso de accidente de cami\u00f3n a juicio, donde un juez o un jurado decidir\u00e1n si puedes recuperar dinero.  <\/span><\/p>\n<h2><b>Obt\u00e9n Ayuda de Nuestro Abogado de Accidentes de Cami\u00f3n en Ontario, California<\/b><\/h2>\n<p><span style=\"font-weight: 400;\">Busca siempre asesoramiento jur\u00eddico tras un accidente de cami\u00f3n. El abogado adecuado puede exigirte responsabilidades y una indemnizaci\u00f3n por tus lesiones para que puedas recuperar la salud y reconstruir tu vida. <a href=\"https:\/\/usa-law.org\/contact-us\/\">Ponte en contacto<\/a> hoy mismo con el bufete de Pius Joseph para una consulta gratuita con un abogado especializado en accidentes de cami\u00f3n en Ontario, California.  <\/span><\/p>\n","protected":false},"excerpt":{"rendered":"<p>Un accidente de cami\u00f3n puede poner tu vida patas arriba en un instante. Si sufres lesiones graves en un accidente de cami\u00f3n en California, es posible que puedas presentar una demanda judicial y obtener una indemnizaci\u00f3n de un camionero, una empresa de transportes u otra parte negligente responsable. El Bufete&#8230;<\/p>\n","protected":false},"author":7,"featured_media":28352,"parent":0,"menu_order":0,"comment_status":"closed","ping_status":"closed","template":"","meta":{"_acf_changed":false,"footnotes":""},"class_list":["post-28350","page","type-page","status-publish","has-post-thumbnail","hentry"],"acf":[],"yoast_head":"<!-- This site is optimized with the Yoast SEO plugin v27.4 - https:\/\/yoast.com\/product\/yoast-seo-wordpress\/ -->\n<title>Abogado de Accidentes de Cami\u00f3n en Ontario | Bufete de P\u00edo Jos\u00e9<\/title>\n<meta name=\"description\" content=\"Abogado experto en accidentes de cami\u00f3n en Ontario, CA, que proporciona representaci\u00f3n legal experta. Ponte en contacto con el bufete de Pius Joseph para una consulta.\" \/>\n<meta name=\"robots\" content=\"index, follow, max-snippet:-1, max-image-preview:large, max-video-preview:-1\" \/>\n<link rel=\"canonical\" href=\"https:\/\/usa-law.org\/es\/abogado-de-accidentes-de-camion-en-ontario\/\" \/>\n<meta property=\"og:locale\" content=\"es_ES\" \/>\n<meta property=\"og:type\" content=\"article\" \/>\n<meta property=\"og:title\" content=\"Abogado de Accidentes de Cami\u00f3n en Ontario | Bufete de P\u00edo Jos\u00e9\" \/>\n<meta property=\"og:description\" content=\"Abogado experto en accidentes de cami\u00f3n en Ontario, CA, que proporciona representaci\u00f3n legal experta. Ponte en contacto con el bufete de Pius Joseph para una consulta.\" \/>\n<meta property=\"og:url\" content=\"https:\/\/usa-law.org\/es\/abogado-de-accidentes-de-camion-en-ontario\/\" \/>\n<meta property=\"og:site_name\" content=\"Law Offices of Pius Joseph\" \/>\n<meta property=\"og:image\" content=\"https:\/\/usa-law.org\/wp-content\/uploads\/2023\/06\/Ontario-Truck-Accident-Lawyer.png\" \/>\n\t<meta property=\"og:image:width\" content=\"800\" \/>\n\t<meta property=\"og:image:height\" content=\"600\" \/>\n\t<meta property=\"og:image:type\" content=\"image\/png\" \/>\n<meta name=\"twitter:card\" content=\"summary_large_image\" \/>\n<meta name=\"twitter:label1\" content=\"Est. reading time\" \/>\n\t<meta name=\"twitter:data1\" content=\"4 minutos\" \/>\n<!-- \/ Yoast SEO plugin. -->","yoast_head_json":{"title":"Abogado de Accidentes de Cami\u00f3n en Ontario | Bufete de P\u00edo Jos\u00e9","description":"Abogado experto en accidentes de cami\u00f3n en Ontario, CA, que proporciona representaci\u00f3n legal experta. Ponte en contacto con el bufete de Pius Joseph para una consulta.","robots":{"index":"index","follow":"follow","max-snippet":"max-snippet:-1","max-image-preview":"max-image-preview:large","max-video-preview":"max-video-preview:-1"},"canonical":"https:\/\/usa-law.org\/es\/abogado-de-accidentes-de-camion-en-ontario\/","og_locale":"es_ES","og_type":"article","og_title":"Abogado de Accidentes de Cami\u00f3n en Ontario | Bufete de P\u00edo Jos\u00e9","og_description":"Abogado experto en accidentes de cami\u00f3n en Ontario, CA, que proporciona representaci\u00f3n legal experta. Ponte en contacto con el bufete de Pius Joseph para una consulta.","og_url":"https:\/\/usa-law.org\/es\/abogado-de-accidentes-de-camion-en-ontario\/","og_site_name":"Law Offices of Pius Joseph","og_image":[{"width":800,"height":600,"url":"https:\/\/usa-law.org\/wp-content\/uploads\/2023\/06\/Ontario-Truck-Accident-Lawyer.png","type":"image\/png"}],"twitter_card":"summary_large_image","twitter_misc":{"Est. reading time":"4 minutos"},"schema":{"@context":"https:\/\/schema.org","@graph":[{"@type":"WebPage","@id":"https:\/\/usa-law.org\/es\/abogado-de-accidentes-de-camion-en-ontario\/","url":"https:\/\/usa-law.org\/es\/abogado-de-accidentes-de-camion-en-ontario\/","name":"Abogado de Accidentes de Cami\u00f3n en Ontario | Bufete de P\u00edo Jos\u00e9","isPartOf":{"@id":"https:\/\/usa-law.org\/es\/#website"},"primaryImageOfPage":{"@id":"https:\/\/usa-law.org\/es\/abogado-de-accidentes-de-camion-en-ontario\/#primaryimage"},"image":{"@id":"https:\/\/usa-law.org\/es\/abogado-de-accidentes-de-camion-en-ontario\/#primaryimage"},"thumbnailUrl":"https:\/\/usa-law.org\/wp-content\/uploads\/2023\/06\/Ontario-Truck-Accident-Lawyer.png","datePublished":"2023-06-19T10:45:37+00:00","description":"Abogado experto en accidentes de cami\u00f3n en Ontario, CA, que proporciona representaci\u00f3n legal experta. Ponte en contacto con el bufete de Pius Joseph para una consulta.","breadcrumb":{"@id":"https:\/\/usa-law.org\/es\/abogado-de-accidentes-de-camion-en-ontario\/#breadcrumb"},"inLanguage":"es","potentialAction":[{"@type":"ReadAction","target":["https:\/\/usa-law.org\/es\/abogado-de-accidentes-de-camion-en-ontario\/"]}]},{"@type":"ImageObject","inLanguage":"es","@id":"https:\/\/usa-law.org\/es\/abogado-de-accidentes-de-camion-en-ontario\/#primaryimage","url":"https:\/\/usa-law.org\/wp-content\/uploads\/2023\/06\/Ontario-Truck-Accident-Lawyer.png","contentUrl":"https:\/\/usa-law.org\/wp-content\/uploads\/2023\/06\/Ontario-Truck-Accident-Lawyer.png","width":800,"height":600},{"@type":"BreadcrumbList","@id":"https:\/\/usa-law.org\/es\/abogado-de-accidentes-de-camion-en-ontario\/#breadcrumb","itemListElement":[{"@type":"ListItem","position":1,"name":"Home","item":"https:\/\/usa-law.org\/es\/"},{"@type":"ListItem","position":2,"name":"Abogado de accidentes de cami\u00f3n en Ontario"}]},{"@type":"WebSite","@id":"https:\/\/usa-law.org\/es\/#website","url":"https:\/\/usa-law.org\/es\/","name":"Law Offices of Pius Joseph","description":"Pasadena, CA Personal Injury Attorneys","publisher":{"@id":"https:\/\/usa-law.org\/es\/#organization"},"potentialAction":[{"@type":"SearchAction","target":{"@type":"EntryPoint","urlTemplate":"https:\/\/usa-law.org\/es\/?s={search_term_string}"},"query-input":{"@type":"PropertyValueSpecification","valueRequired":true,"valueName":"search_term_string"}}],"inLanguage":"es"},{"@type":"Organization","@id":"https:\/\/usa-law.org\/es\/#organization","name":"Law Offices of Pius Joseph - Personal injury attorney","url":"https:\/\/usa-law.org\/es\/","logo":{"@type":"ImageObject","inLanguage":"es","@id":"https:\/\/usa-law.org\/es\/#\/schema\/logo\/image\/","url":"https:\/\/usa-law.org\/wp-content\/uploads\/2019\/07\/logo.png","contentUrl":"https:\/\/usa-law.org\/wp-content\/uploads\/2019\/07\/logo.png","width":273,"height":84,"caption":"Law Offices of Pius Joseph - Personal injury attorney"},"image":{"@id":"https:\/\/usa-law.org\/es\/#\/schema\/logo\/image\/"}}]}},"_links":{"self":[{"href":"https:\/\/usa-law.org\/es\/wp-json\/wp\/v2\/pages\/28350","targetHints":{"allow":["GET"]}}],"collection":[{"href":"https:\/\/usa-law.org\/es\/wp-json\/wp\/v2\/pages"}],"about":[{"href":"https:\/\/usa-law.org\/es\/wp-json\/wp\/v2\/types\/page"}],"author":[{"embeddable":true,"href":"https:\/\/usa-law.org\/es\/wp-json\/wp\/v2\/users\/7"}],"replies":[{"embeddable":true,"href":"https:\/\/usa-law.org\/es\/wp-json\/wp\/v2\/comments?post=28350"}],"version-history":[{"count":0,"href":"https:\/\/usa-law.org\/es\/wp-json\/wp\/v2\/pages\/28350\/revisions"}],"wp:featuredmedia":[{"embeddable":true,"href":"https:\/\/usa-law.org\/es\/wp-json\/wp\/v2\/media\/28352"}],"wp:attachment":[{"href":"https:\/\/usa-law.org\/es\/wp-json\/wp\/v2\/media?parent=28350"}],"curies":[{"name":"wp","href":"https:\/\/api.w.org\/{rel}","templated":true}]}}