{"id":28381,"date":"2022-05-25T06:17:33","date_gmt":"2022-05-25T06:17:33","guid":{"rendered":"https:\/\/piusjoseph.wpenginepowered.com\/cuanto-vale-mi-demanda-por-lesiones-personales\/"},"modified":"2024-06-11T17:06:24","modified_gmt":"2024-06-11T17:06:24","slug":"cuanto-vale-mi-demanda-por-lesiones-personales","status":"publish","type":"page","link":"https:\/\/usa-law.org\/es\/lesiones-personales\/cuanto-vale-mi-demanda-por-lesiones-personales\/","title":{"rendered":"\u00bfCu\u00e1nto vale mi demanda por lesiones personales?"},"content":{"rendered":"<p><span style=\"font-weight: 400;\">Una de las primeras preguntas que oye un abogado de lesiones personales es: \u00ab\u00bfCu\u00e1nto dinero vale mi caso?\u00bb. Es una buena pregunta sin una respuesta sencilla. En el c\u00e1lculo del valor de una demanda por lesiones personales en California intervienen numerosos factores. Aqu\u00ed tienes un desglose del bufete de abogados Pius Joseph.  <\/span><\/p>\n<h2><b>La responsabilidad y la ley de culpa comparativa<\/b><\/h2>\n<p><span style=\"font-weight: 400;\">Probar la responsabilidad es esencial en todo caso de lesiones personales. Para que te paguen, debes demostrar con \u00e9xito que otra parte es responsable del accidente y de tus lesiones.<\/span><\/p>\n<p><span style=\"font-weight: 400;\">Identificar a la parte responsable tras un accidente no siempre es sencillo. Sup\u00f3n que has tenido un accidente m\u00faltiple. Varios automovilistas podr\u00edan haber intervenido en la colisi\u00f3n, incluido t\u00fa. Antes de llegar a una oferta de acuerdo, las compa\u00f1\u00edas de seguros de cada conductor investigar\u00e1n el caso y asignar\u00e1n un porcentaje de culpa a cada parte. En California, este proceso de reparto de culpas se denomina negligencia comparativa o culpa comparativa.  <\/span><\/p>\n<p>&nbsp;<\/p>\n<div class=\"text-center\"><iframe loading=\"lazy\" title=\"Reproductor de v\u00eddeo de YouTube\" src=\"https:\/\/www.youtube.com\/embed\/racbvXa-_AI\" width=\"560\" height=\"315\" frameborder=\"0\" allowfullscreen=\"allowfullscreen\"><\/iframe><\/div>\n<p>&nbsp;<\/p>\n<p><span style=\"font-weight: 400;\">Aunque compartas parte de la culpa de un accidente, podr\u00edas tener derecho a una indemnizaci\u00f3n por tus lesiones. Lo dif\u00edcil es no dejar que la compa\u00f1\u00eda de seguros te eche a ti demasiada culpa. Un abogado experto en lesiones personales puede reunir pruebas para protegerte de reclamaciones injustas de culpabilidad.  <\/span><\/p>\n<h2><b>Gravedad de las lesiones  <\/b><\/h2>\n<p><span style=\"font-weight: 400;\">El tipo y la gravedad de tus lesiones desempe\u00f1an un papel muy importante a la hora de fijar una cuant\u00eda econ\u00f3mica para tu caso. Cuanto mayores sean las lesiones, mayor ser\u00e1 el valor del siniestro.  <\/span><\/p>\n<p><span style=\"font-weight: 400;\">El principio tiene sentido. Una persona paralizada en un accidente con un conductor ebrio probablemente tenga derecho a m\u00e1s indemnizaci\u00f3n que alguien que se rompi\u00f3 un brazo en un accidente similar. Ello se debe a que los gastos m\u00e9dicos de por vida de una persona con una lesi\u00f3n catastr\u00f3fica superan con creces los gastos de una persona que se recupera totalmente. Un abogado con experiencia debe examinar la naturaleza y el alcance de tus lesiones antes de estimar el valor de tu caso.  <\/span><\/p>\n<p><span style=\"font-weight: 400;\">Ten cuidado con los sitios web que ofrecen cualquier tipo de calculadora de siniestros corporales. Se supone que estas herramientas te dan una estimaci\u00f3n razonable del acuerdo para tu caso. Pero procede con cautela: esas calculadoras no pueden tener en cuenta las diferencias individuales. La calculadora de acuerdos m\u00e1s realista que encontrar\u00e1s es un abogado de lesiones personales de confianza.  <\/span><\/p>\n<h2><b>Dolor y sufrimiento  <\/b><\/h2>\n<p><span style=\"font-weight: 400;\">California concede tres tipos de indemnizaci\u00f3n a las v\u00edctimas de accidentes. Este dinero tambi\u00e9n se conoce como da\u00f1os y perjuicios. Podr\u00edas recibir:  <\/span><\/p>\n<p>&nbsp;<\/p>\n<ul>\n<li style=\"font-weight: 400;\" aria-level=\"1\"><b>Da\u00f1os econ\u00f3micos <\/b><span style=\"font-weight: 400;\">&#8211;<\/span> <span style=\"font-weight: 400;\">Dinero por p\u00e9rdidas que pueden calcularse, como el coste del tratamiento m\u00e9dico, la p\u00e9rdida de ingresos, la rehabilitaci\u00f3n, los cuidados de enfermer\u00eda a largo plazo y los da\u00f1os materiales. <\/span> <\/li>\n<li style=\"font-weight: 400;\" aria-level=\"1\"><b>Da\u00f1os no econ\u00f3micos <\/b><span style=\"font-weight: 400;\">&#8211; Indemnizaci\u00f3n por p\u00e9rdidas intangibles sin una cantidad fija en d\u00f3lares, como dolor y sufrimiento, p\u00e9rdida de compa\u00f1\u00eda, angustia emocional y da\u00f1os a tu reputaci\u00f3n o humillaci\u00f3n.<\/span><\/li>\n<li style=\"font-weight: 400;\" aria-level=\"1\"><b>Indemnizaci\u00f3n punitiva<\/b><span style=\"font-weight: 400;\"> &#8211; Suma concedida para castigar a los responsables de una conducta atroz y disuadir de conductas similares en el futuro. <\/span> <\/li>\n<\/ul>\n<p><span style=\"font-weight: 400;\">Poner un valor monetario al dolor y el sufrimiento es una de las partes m\u00e1s dif\u00edciles de llegar a un valor para una reclamaci\u00f3n por lesiones personales. Algunas compa\u00f1\u00edas de seguros utilizan f\u00f3rmulas matem\u00e1ticas para calcular una cantidad, pero no existe una f\u00f3rmula universal para calcular el dolor y el sufrimiento. Tu abogado puede reunir pruebas convincentes para ilustrar el alcance de tu dolor y sufrimiento a la compa\u00f1\u00eda de seguros o al tribunal.<\/span><\/p>\n<p><span style=\"font-weight: 400;\">Las leyes de California tambi\u00e9n limitan el derecho del demandante a percibir da\u00f1os no econ\u00f3micos. Por ejemplo, a las v\u00edctimas de accidentes de coche con condenas previas por conducir bajo los efectos del alcohol o que conduzcan un coche sin seguro o con seguro insuficiente puede prohib\u00edrseles cobrar dinero por el dolor y el sufrimiento. Cada detalle cuenta a la hora de determinar el valor de tu caso.  <\/span><\/p>\n<h2><b>Ejemplos de demandas por lesiones personales en California<\/b><\/h2>\n<p><span style=\"font-weight: 400;\">Una amplia gama de accidentes entra en la categor\u00eda del derecho de da\u00f1os personales. En el bufete de Pius Joseph, nuestros expertos abogados se ocupan de complejas demandas por accidente:  <\/span><span style=\"font-weight: 400;\"><br \/>\n<\/span><\/p>\n<ul>\n<li style=\"font-weight: 400;\" aria-level=\"1\"><span style=\"font-weight: 400;\">Accidentes de tr\u00e1fico<\/span><\/li>\n<li style=\"font-weight: 400;\" aria-level=\"1\"><span style=\"font-weight: 400;\">Accidentes de tractor-remolque<\/span><\/li>\n<li style=\"font-weight: 400;\" aria-level=\"1\"><a href=\"https:\/\/usa-law.org\/motorcycle-accident-attorney\/\"><span style=\"font-weight: 400;\">Colisiones de motocicletas<\/span><\/a><\/li>\n<li style=\"font-weight: 400;\" aria-level=\"1\"><a href=\"https:\/\/usa-law.org\/bicycle-accident-attorney\/\"><span style=\"font-weight: 400;\">Accidentes de bicicleta<\/span><\/a><\/li>\n<li style=\"font-weight: 400;\" aria-level=\"1\"><span style=\"font-weight: 400;\">Accidentes de peatones<\/span><\/li>\n<li style=\"font-weight: 400;\" aria-level=\"1\"><span style=\"font-weight: 400;\">Mordeduras de perro<\/span><\/li>\n<li style=\"font-weight: 400;\" aria-level=\"1\"><a href=\"https:\/\/usa-law.org\/construction-accident-attorney\/\"><span style=\"font-weight: 400;\">Accidentes en la construcci\u00f3n<\/span><\/a><\/li>\n<li style=\"font-weight: 400;\" aria-level=\"1\"><span style=\"font-weight: 400;\">Responsabilidad de los locales y accidentes por resbalones y ca\u00eddas<\/span><\/li>\n<li style=\"font-weight: 400;\" aria-level=\"1\"><span style=\"font-weight: 400;\">Productos defectuosos<\/span><\/li>\n<li style=\"font-weight: 400;\" aria-level=\"1\"><span style=\"font-weight: 400;\">Lesi\u00f3n cerebral traum\u00e1tica (LCT)<\/span><\/li>\n<li style=\"font-weight: 400;\" aria-level=\"1\"><span style=\"font-weight: 400;\"><a href=\"https:\/\/usa-law.org\/personal-injury\/spinal-cord-back-injuries\/\">Lesi\u00f3n medular<\/a> <\/span><\/li>\n<li style=\"font-weight: 400;\" aria-level=\"1\"><span style=\"font-weight: 400;\">Muerte por negligencia  <\/span><\/li>\n<\/ul>\n<p><span style=\"font-weight: 400;\">Muchas personas dudan ante la idea de llevar un caso a juicio. No te preocupes: la mayor\u00eda de los casos de lesiones personales acaban en acuerdos. Cuando una aseguradora se niega a hacer una oferta de acuerdo justa, tu abogado puede hablar contigo de los pros y los contras de una demanda por lesiones personales. La elecci\u00f3n es siempre tuya, pero asesorarte por un abogado puede ayudarte a decidir si buscas un acuerdo o una indemnizaci\u00f3n judicial.<\/span><\/p>\n<h2><b>\u00bfC\u00f3mo puede un abogado maximizar el valor de mi reclamaci\u00f3n?  <\/b><\/h2>\n<p><span style=\"font-weight: 400;\">En el Bufete de Pius Joseph, esperamos que nunca hayas tenido que presentar una demanda por lesiones personales. Pero ahora que lo necesitas, te beneficiar\u00e1s de tener la experiencia de tu lado.  <\/span><\/p>\n<p><span style=\"font-weight: 400;\">La mayor\u00eda de las demandas por lesiones personales empiezan por presentar una reclamaci\u00f3n a la compa\u00f1\u00eda de seguros de la parte negligente. Un perito de seguros revisar\u00e1 el caso, investigar\u00e1 los hechos y har\u00e1 una oferta de acuerdo. La primera oferta es casi siempre inferior a lo que mereces. Si consigues la intervenci\u00f3n inmediata de un <a href=\"https:\/\/usa-law.org\/personal-injury\/\">abogado<\/a> experto en <a href=\"https:\/\/usa-law.org\/personal-injury\/\">lesiones<\/a> personales, reconocer\u00e1s una oferta a la baja y no ser\u00e1s presa de las t\u00e1cticas baratas del seguro.  <\/span><\/p>\n<p><span style=\"font-weight: 400;\">Un abogado tambi\u00e9n puede negociar un acuerdo completo y justo para ti. La compa\u00f1\u00eda de seguros es astuta y entrena a sus empleados para que hagan preguntas capciosas que enga\u00f1en a los demandantes para que digan algo que ponga en peligro sus casos. Una vez que contrates a un abogado, no tendr\u00e1s que hablar con una aseguradora sin un defensor a tu lado.  <\/span><\/p>\n<p><span style=\"font-weight: 400;\">Los abogados de lesiones personales tambi\u00e9n tienen recursos para investigar c\u00f3mo casos similares al tuyo podr\u00edan aplicarse a tu situaci\u00f3n. Aunque cada demanda es \u00fanica, los precedentes del pasado pueden mostrar c\u00f3mo interpretan los tribunales de California las leyes sobre lesiones personales que podr\u00edan ser pertinentes para tu caso.  <\/span><\/p>\n<p><span style=\"font-weight: 400;\">Por \u00faltimo, un abogado tiene autoridad para citar pruebas fundamentales que te ser\u00eda dif\u00edcil obtener solo. Imagina que te atropella alguien que est\u00e1 enviando mensajes de texto mientras conduce. Los registros de tel\u00e9fonos m\u00f3viles ser\u00edan pruebas vitales para apoyar tu caso, pero las normas de privacidad limitar\u00e1n tu capacidad para recopilarlos. Un abogado puede solicitar informaci\u00f3n sensible durante la fase de presentaci\u00f3n de pruebas de un caso, reforzando tu demanda de la m\u00e1xima indemnizaci\u00f3n.  <\/span><\/p>\n<h2><b>Contacta hoy con un abogado de lesiones personales de Pasadena  <\/b><\/h2>\n<p><span style=\"font-weight: 400;\">No deber\u00edas tener que sufrir por las malas decisiones de otra persona. Si has sufrido lesiones graves en un accidente, ponte en contacto con el Bufete de P\u00edo Jos\u00e9 hoy mismo. Nuestro bufete elabora demandas legales persuasivas sin escatimar esfuerzos ni dejar que las partes responsables se libren. Empecemos hoy mismo con tu caso. Ll\u00e1manos o <a href=\"https:\/\/usa-law.org\/contact-us\/\">ponte en contacto con nosotros<\/a> para una consulta gratuita.  <\/span><\/p>\n","protected":false},"excerpt":{"rendered":"<p>Una de las primeras preguntas que oye un abogado de lesiones personales es: \u00ab\u00bfCu\u00e1nto dinero vale mi caso?\u00bb. Es una buena pregunta sin una respuesta sencilla. En el c\u00e1lculo del valor de una demanda por lesiones personales en California intervienen numerosos factores. Aqu\u00ed tienes un desglose del bufete de abogados&#8230;<\/p>\n","protected":false},"author":7,"featured_media":28384,"parent":28838,"menu_order":7,"comment_status":"closed","ping_status":"closed","template":"","meta":{"_acf_changed":false,"footnotes":""},"class_list":["post-28381","page","type-page","status-publish","has-post-thumbnail","hentry"],"acf":[],"yoast_head":"<!-- This site is optimized with the Yoast SEO plugin v27.4 - https:\/\/yoast.com\/product\/yoast-seo-wordpress\/ -->\n<title>\u00bfCu\u00e1nto vale mi demanda por lesiones personales en Pasadena CA?<\/title>\n<meta name=\"description\" content=\"Averigua cu\u00e1nto vale tu reclamaci\u00f3n por da\u00f1os personales. Contacta hoy mismo con un abogado de lesiones personales de Pasadena para que te ayude con tu caso\" \/>\n<meta name=\"robots\" content=\"index, follow, max-snippet:-1, max-image-preview:large, max-video-preview:-1\" \/>\n<link rel=\"canonical\" href=\"https:\/\/usa-law.org\/es\/lesiones-personales\/cuanto-vale-mi-demanda-por-lesiones-personales\/\" \/>\n<meta property=\"og:locale\" content=\"es_ES\" \/>\n<meta property=\"og:type\" content=\"article\" \/>\n<meta property=\"og:title\" content=\"\u00bfCu\u00e1nto vale mi demanda por lesiones personales en Pasadena CA?\" \/>\n<meta property=\"og:description\" content=\"Averigua cu\u00e1nto vale tu reclamaci\u00f3n por da\u00f1os personales. Contacta hoy mismo con un abogado de lesiones personales de Pasadena para que te ayude con tu caso\" \/>\n<meta property=\"og:url\" content=\"https:\/\/usa-law.org\/es\/lesiones-personales\/cuanto-vale-mi-demanda-por-lesiones-personales\/\" \/>\n<meta property=\"og:site_name\" content=\"Law Offices of Pius Joseph\" \/>\n<meta property=\"article:modified_time\" content=\"2024-06-11T17:06:24+00:00\" \/>\n<meta property=\"og:image\" content=\"https:\/\/usa-law.org\/wp-content\/uploads\/2022\/05\/injury-compensation.jpg\" \/>\n\t<meta property=\"og:image:width\" content=\"1024\" \/>\n\t<meta property=\"og:image:height\" content=\"1024\" \/>\n\t<meta property=\"og:image:type\" content=\"image\/jpeg\" \/>\n<meta name=\"twitter:card\" content=\"summary_large_image\" \/>\n<meta name=\"twitter:label1\" content=\"Est. reading time\" \/>\n\t<meta name=\"twitter:data1\" content=\"6 minutos\" \/>\n<!-- \/ Yoast SEO plugin. -->","yoast_head_json":{"title":"\u00bfCu\u00e1nto vale mi demanda por lesiones personales en Pasadena CA?","description":"Averigua cu\u00e1nto vale tu reclamaci\u00f3n por da\u00f1os personales. Contacta hoy mismo con un abogado de lesiones personales de Pasadena para que te ayude con tu caso","robots":{"index":"index","follow":"follow","max-snippet":"max-snippet:-1","max-image-preview":"max-image-preview:large","max-video-preview":"max-video-preview:-1"},"canonical":"https:\/\/usa-law.org\/es\/lesiones-personales\/cuanto-vale-mi-demanda-por-lesiones-personales\/","og_locale":"es_ES","og_type":"article","og_title":"\u00bfCu\u00e1nto vale mi demanda por lesiones personales en Pasadena CA?","og_description":"Averigua cu\u00e1nto vale tu reclamaci\u00f3n por da\u00f1os personales. Contacta hoy mismo con un abogado de lesiones personales de Pasadena para que te ayude con tu caso","og_url":"https:\/\/usa-law.org\/es\/lesiones-personales\/cuanto-vale-mi-demanda-por-lesiones-personales\/","og_site_name":"Law Offices of Pius Joseph","article_modified_time":"2024-06-11T17:06:24+00:00","og_image":[{"width":1024,"height":1024,"url":"https:\/\/usa-law.org\/wp-content\/uploads\/2022\/05\/injury-compensation.jpg","type":"image\/jpeg"}],"twitter_card":"summary_large_image","twitter_misc":{"Est. reading time":"6 minutos"},"schema":{"@context":"https:\/\/schema.org","@graph":[{"@type":"WebPage","@id":"https:\/\/usa-law.org\/es\/lesiones-personales\/cuanto-vale-mi-demanda-por-lesiones-personales\/","url":"https:\/\/usa-law.org\/es\/lesiones-personales\/cuanto-vale-mi-demanda-por-lesiones-personales\/","name":"\u00bfCu\u00e1nto vale mi demanda por lesiones personales en Pasadena CA?","isPartOf":{"@id":"https:\/\/usa-law.org\/es\/#website"},"primaryImageOfPage":{"@id":"https:\/\/usa-law.org\/es\/lesiones-personales\/cuanto-vale-mi-demanda-por-lesiones-personales\/#primaryimage"},"image":{"@id":"https:\/\/usa-law.org\/es\/lesiones-personales\/cuanto-vale-mi-demanda-por-lesiones-personales\/#primaryimage"},"thumbnailUrl":"https:\/\/usa-law.org\/wp-content\/uploads\/2022\/05\/injury-compensation.jpg","datePublished":"2022-05-25T06:17:33+00:00","dateModified":"2024-06-11T17:06:24+00:00","description":"Averigua cu\u00e1nto vale tu reclamaci\u00f3n por da\u00f1os personales. Contacta hoy mismo con un abogado de lesiones personales de Pasadena para que te ayude con tu caso","breadcrumb":{"@id":"https:\/\/usa-law.org\/es\/lesiones-personales\/cuanto-vale-mi-demanda-por-lesiones-personales\/#breadcrumb"},"inLanguage":"es","potentialAction":[{"@type":"ReadAction","target":["https:\/\/usa-law.org\/es\/lesiones-personales\/cuanto-vale-mi-demanda-por-lesiones-personales\/"]}]},{"@type":"ImageObject","inLanguage":"es","@id":"https:\/\/usa-law.org\/es\/lesiones-personales\/cuanto-vale-mi-demanda-por-lesiones-personales\/#primaryimage","url":"https:\/\/usa-law.org\/wp-content\/uploads\/2022\/05\/injury-compensation.jpg","contentUrl":"https:\/\/usa-law.org\/wp-content\/uploads\/2022\/05\/injury-compensation.jpg","width":1024,"height":1024},{"@type":"BreadcrumbList","@id":"https:\/\/usa-law.org\/es\/lesiones-personales\/cuanto-vale-mi-demanda-por-lesiones-personales\/#breadcrumb","itemListElement":[{"@type":"ListItem","position":1,"name":"Home","item":"https:\/\/usa-law.org\/es\/"},{"@type":"ListItem","position":2,"name":"Lesiones personales","item":"https:\/\/usa-law.org\/es\/lesiones-personales\/"},{"@type":"ListItem","position":3,"name":"\u00bfCu\u00e1nto vale mi demanda por lesiones personales?"}]},{"@type":"WebSite","@id":"https:\/\/usa-law.org\/es\/#website","url":"https:\/\/usa-law.org\/es\/","name":"Law Offices of Pius Joseph","description":"Pasadena, CA Personal Injury Attorneys","publisher":{"@id":"https:\/\/usa-law.org\/es\/#organization"},"potentialAction":[{"@type":"SearchAction","target":{"@type":"EntryPoint","urlTemplate":"https:\/\/usa-law.org\/es\/?s={search_term_string}"},"query-input":{"@type":"PropertyValueSpecification","valueRequired":true,"valueName":"search_term_string"}}],"inLanguage":"es"},{"@type":"Organization","@id":"https:\/\/usa-law.org\/es\/#organization","name":"Law Offices of Pius Joseph - Personal injury attorney","url":"https:\/\/usa-law.org\/es\/","logo":{"@type":"ImageObject","inLanguage":"es","@id":"https:\/\/usa-law.org\/es\/#\/schema\/logo\/image\/","url":"https:\/\/usa-law.org\/wp-content\/uploads\/2019\/07\/logo.png","contentUrl":"https:\/\/usa-law.org\/wp-content\/uploads\/2019\/07\/logo.png","width":273,"height":84,"caption":"Law Offices of Pius Joseph - Personal injury attorney"},"image":{"@id":"https:\/\/usa-law.org\/es\/#\/schema\/logo\/image\/"}}]}},"_links":{"self":[{"href":"https:\/\/usa-law.org\/es\/wp-json\/wp\/v2\/pages\/28381","targetHints":{"allow":["GET"]}}],"collection":[{"href":"https:\/\/usa-law.org\/es\/wp-json\/wp\/v2\/pages"}],"about":[{"href":"https:\/\/usa-law.org\/es\/wp-json\/wp\/v2\/types\/page"}],"author":[{"embeddable":true,"href":"https:\/\/usa-law.org\/es\/wp-json\/wp\/v2\/users\/7"}],"replies":[{"embeddable":true,"href":"https:\/\/usa-law.org\/es\/wp-json\/wp\/v2\/comments?post=28381"}],"version-history":[{"count":0,"href":"https:\/\/usa-law.org\/es\/wp-json\/wp\/v2\/pages\/28381\/revisions"}],"up":[{"embeddable":true,"href":"https:\/\/usa-law.org\/es\/wp-json\/wp\/v2\/pages\/28838"}],"wp:featuredmedia":[{"embeddable":true,"href":"https:\/\/usa-law.org\/es\/wp-json\/wp\/v2\/media\/28384"}],"wp:attachment":[{"href":"https:\/\/usa-law.org\/es\/wp-json\/wp\/v2\/media?parent=28381"}],"curies":[{"name":"wp","href":"https:\/\/api.w.org\/{rel}","templated":true}]}}