{"id":28386,"date":"2022-03-23T09:14:31","date_gmt":"2022-03-23T09:14:31","guid":{"rendered":"https:\/\/piusjoseph.wpenginepowered.com\/quien-tiene-la-culpa-de-mi-lesion-personal\/"},"modified":"2024-11-25T06:55:43","modified_gmt":"2024-11-25T06:55:43","slug":"quien-tiene-la-culpa-de-mi-lesion-personal","status":"publish","type":"page","link":"https:\/\/usa-law.org\/es\/lesiones-personales\/quien-tiene-la-culpa-de-mi-lesion-personal\/","title":{"rendered":"\u00bfQui\u00e9n tiene la culpa de mi lesi\u00f3n personal?"},"content":{"rendered":"<p><span style=\"font-weight: 400;\">La ley de California permite a las personas lesionadas reclamar una indemnizaci\u00f3n cuando otra persona es responsable del da\u00f1o sufrido. Las v\u00edctimas deben demostrar que la otra parte es responsable de sus lesiones para ganar un caso. Lamentablemente, demasiadas personas se enfrentan a compa\u00f1\u00edas de seguros testarudas que obtienen beneficios manteniendo bajas las indemnizaciones, por muy merecedor que sea el demandante.  <\/span><\/p>\n<p><span style=\"font-weight: 400;\">\u00bfHas sufrido lesiones en un accidente en el sur de California? Necesitas un abogado con experiencia en establecer la responsabilidad en casos de lesiones personales en Pasadena. Ponte en contacto con el<a href=\"https:\/\/usa-law.org\/\"> Bufete de P\u00edo<\/a> Jos\u00e9 hoy mismo. Nuestro duro equipo jur\u00eddico se enfrenta a complejas demandas por lesiones para clientes lesionados en una amplia gama de accidentes, como colisiones de veh\u00edculos de motor, accidentes de responsabilidad civil en locales, casos de productos defectuosos, homicidio culposo, etc.  <\/span><\/p>\n<p><span style=\"font-weight: 400;\">Llama o ponte en contacto con nosotros hoy mismo para una consulta gratuita con un <a href=\"https:\/\/usa-law.org\/personal-injury\/\">abogado de lesiones personales<\/a> de Pasadena.  <\/span><\/p>\n<h2><b>Cosas clave que hay que saber sobre los accidentes con culpa en Pasadena<\/b><\/h2>\n<p><span style=\"font-weight: 400;\">Un accidente con culpa es exactamente lo que parece: un accidente causado por la imprudencia de otra persona. El t\u00e9rmino jur\u00eddico para este tipo de descuido es negligencia.  <\/span><\/p>\n<p><span style=\"font-weight: 400;\">Esto es lo que debes saber para obtener una indemnizaci\u00f3n por accidente con culpa en California:  <\/span><\/p>\n<ul>\n<li aria-level=\"1\"><strong>Debes demostrar que la otra parte fue negligente.<\/strong><b> <span style=\"font-weight: 400;\">La carga de la prueba recaer\u00e1 sobre ti, la v\u00edctima, para demostrar que las partes responsables ten\u00edan el deber de mantenerte a salvo y no cumplieron esa obligaci\u00f3n. Por ejemplo, los automovilistas tienen el deber de conducir con seguridad para evitar atropellar a otros. Una residencia de ancianos debe mantener seguros a sus residentes. Los propietarios tienen la obligaci\u00f3n de garantizar la seguridad de sus locales frente a peligros razonables.<\/span><\/b><\/li>\n<\/ul>\n<ul>\n<li aria-level=\"1\"><strong>La negligencia puede derivarse de una acci\u00f3n imprudente o de no actuar para evitar un da\u00f1o.<\/strong> <span style=\"font-weight: 400;\">Un cirujano que opera una parte del cuerpo equivocada realiza claramente una acci\u00f3n negligente. Pero un m\u00e9dico tambi\u00e9n puede ser negligente por omisi\u00f3n, por ejemplo, al  <\/span><i><br \/>\n  <span style=\"font-weight: 400;\">no<\/span><br \/>\n<\/i><span style=\"font-weight: 400;\"> realizar un examen neurol\u00f3gico tras saber que un paciente se golpe\u00f3 la cabeza en un accidente.<\/span><span style=\"font-weight: 400;\"><br \/>\n<\/span><\/li>\n<li aria-level=\"1\"><strong>La indemnizaci\u00f3n es posible aunque tengas parte de culpa en un accidente.<\/strong><span style=\"font-weight: 400;\">  California es un estado de pura negligencia comparativa, lo que significa que las personas lesionadas pueden cobrar una indemnizaci\u00f3n parcial aunque tengan el 99% de la culpa de un accidente.<\/span><\/li>\n<\/ul>\n<div class=\"text-center\"><iframe loading=\"lazy\" title=\"Reproductor de v\u00eddeo de YouTube\" src=\"https:\/\/www.youtube.com\/embed\/79CaAd4fHEM\" width=\"560\" height=\"315\" frameborder=\"0\" allowfullscreen=\"allowfullscreen\"><\/iframe><\/div>\n<h2><b>\u00bfC\u00f3mo se determina la culpa en una demanda por lesiones personales?  <\/b><\/h2>\n<p><span style=\"font-weight: 400;\">El proceso de determinaci\u00f3n de la culpa empieza con una investigaci\u00f3n exhaustiva del accidente. Tu abogado de lesiones personales reunir\u00e1 pruebas que identifiquen a todas las partes potencialmente responsables. La responsabilidad puede estar clara en casos \u00ababiertos y cerrados\u00bb, como un accidente entre dos coches, en el que uno o ambos conductores son culpables. Pero otras demandas por lesiones personales pueden implicar a m\u00faltiples demandados, como en un <a href=\"https:\/\/usa-law.org\/truck-accident-attorney\/\">accidente de cami\u00f3n<\/a> en el que el camionero, la empresa de camiones y otros pueden haber desempe\u00f1ado un papel en la causa del siniestro. Una investigaci\u00f3n exhaustiva puede descubrir a todos los que deben rendir cuentas.  <\/span><\/p>\n<p><span style=\"font-weight: 400;\">Algunos ejemplos de pruebas que pueden ayudar a determinar la culpa son:<\/span><\/p>\n<ul>\n<li aria-level=\"1\"><strong>Informes policiales del accidente: <\/strong><b><br \/>\n  <span style=\"font-weight: 400;\">Aunque los informes policiales no son admisibles en los tribunales de California, pueden proporcionar la evaluaci\u00f3n inicial de la culpa por parte de un agente y se\u00f1alar si alguien en el lugar del accidente admiti\u00f3 su responsabilidad en el mismo.<\/span><br \/>\n<\/b><\/li>\n<\/ul>\n<ul>\n<li aria-level=\"1\"><strong>Declaraciones de testigos:<\/strong> <span style=\"font-weight: 400;\">El testimonio de los testigos oculares es valioso porque proporciona un relato imparcial de lo ocurrido. Los testigos no tienen nada que ganar con el resultado del caso, por lo que sus declaraciones pueden ser convincentes.<\/span><span style=\"font-weight: 400;\"><br \/>\n<\/span><\/li>\n<li aria-level=\"1\"><strong>Fotos o v\u00eddeo:<\/strong> <span style=\"font-weight: 400;\">La documentaci\u00f3n visual del accidente y sus secuelas puede ayudar a los abogados y peritos de seguros a determinar qu\u00e9 ocurri\u00f3 y qui\u00e9n tiene la culpa. Cuando es dif\u00edcil descubrir la verdad, puede recurrirse a expertos como analistas de reconstrucci\u00f3n de accidentes o investigadores forenses para que arrojen luz sobre el caso.<\/span><\/li>\n<\/ul>\n<h2><b>\u00bfQui\u00e9n determina la responsabilidad?  <\/b><\/h2>\n<p><span style=\"font-weight: 400;\">Varias partes pueden determinar la responsabilidad. Tu abogado de lesiones personales identificar\u00e1 a la(s) parte(s) responsable(s) de tu accidente tras completar su propia investigaci\u00f3n. Al mismo tiempo, un perito de seguros revisar\u00e1 las pruebas, leyes y p\u00f3lizas disponibles para llegar a su propia decisi\u00f3n sobre la culpa.  <\/span><\/p>\n<p><span style=\"font-weight: 400;\">Tu caso podr\u00eda resolverse con bastante rapidez si tu abogado y el perito se ponen de acuerdo sobre la responsabilidad. Entonces se trata de entablar negociaciones y llegar a un acuerdo con la compa\u00f1\u00eda de seguros. Pero si surgen disputas sobre la culpa, un juez o un jurado pueden tener que asignar la responsabilidad tras o\u00edr el caso en el tribunal.  <\/span><\/p>\n<h2><b>Defensas legales en demandas por lesiones personales  <\/b><\/h2>\n<p><span style=\"font-weight: 400;\">La responsabilidad tras un accidente puede parecerte obvia. Pero las compa\u00f1\u00edas de seguros no lo ver\u00e1n as\u00ed. Sus peritos buscan todas las defensas legales posibles para justificar la denegaci\u00f3n o la reducci\u00f3n del valor de tu siniestro.  <\/span><\/p>\n<p><span style=\"font-weight: 400;\">Las defensas legales m\u00e1s comunes son:  <\/span><\/p>\n<ul>\n<li aria-level=\"1\"><strong>No existe ning\u00fan deber:  <\/strong><b><span style=\"font-weight: 400;\">Una parte culpable s\u00f3lo es negligente si puedes demostrar que ten\u00eda un \u00abdeber de diligencia\u00bb contigo. Una compa\u00f1\u00eda de seguros podr\u00eda intentar desviar tu reclamaci\u00f3n alegando que no existe ninguna obligaci\u00f3n entre t\u00fa y el demandado. Por ejemplo, los propietarios de California no tienen ninguna obligaci\u00f3n con los intrusos no descubiertos en sus terrenos.<\/span><span style=\"font-weight: 400;\"><br \/>\n<\/span><\/b><\/li>\n<\/ul>\n<ul>\n<li aria-level=\"1\"><strong>Asunci\u00f3n de riesgos:<\/strong> <span style=\"font-weight: 400;\">Algunas actividades, como el paracaidismo o el puenting, conllevan riesgos inherentes. Se presume que una persona que participa en este tipo de actividades asume el riesgo de que es posible que se produzcan lesiones. Aunque esto podr\u00eda ser una defensa legal satisfactoria en algunos casos, no eximir\u00eda de responsabilidad a una empresa de paracaidismo si contratara a pilotos o instructores sin formaci\u00f3n.<\/span><span style=\"font-weight: 400;\"><br \/>\n<\/span><\/li>\n<li aria-level=\"1\"><strong>Afecci\u00f3n preexistente:<\/strong> <span style=\"font-weight: 400;\">A las aseguradoras les encanta el argumento de <a href=\"https:\/\/en.wikipedia.org\/wiki\/Pre-existing_condition\">la condici\u00f3n preexistente<\/a>. En lugar de aceptar la responsabilidad por una lesi\u00f3n, los peritos pueden peinar el historial m\u00e9dico del demandante en busca de cualquier afecci\u00f3n preexistente que pudiera explicar la lesi\u00f3n. Nunca firmes un formulario de autorizaci\u00f3n m\u00e9dica sin hablar con un abogado de lesiones personales. Podr\u00edas dar acceso accidentalmente a las aseguradoras a todo tu historial m\u00e9dico, no s\u00f3lo a los historiales relevantes para el accidente.  <\/span><\/li>\n<\/ul>\n<h2><b>Contacta hoy mismo con un abogado de Pasadena especializado en lesiones personales<\/b><\/h2>\n<p><span style=\"font-weight: 400;\">Mereces una indemnizaci\u00f3n plena y justa si has sufrido lesiones por negligencia ajena. Deja que el bufete de Pius Joseph te ayude a reclamar justicia y a exigir responsabilidades a las partes culpables. Nuestro respetado bufete de abogados tiene un historial de impresionantes resultados de casos, incluidos veredictos y acuerdos multimillonarios por lesiones personales en nombre de californianos lesionados. <a href=\"https:\/\/usa-law.org\/contact-us\/\">Ll\u00e1manos o ponte en contacto con nosotros<\/a> hoy mismo para saber c\u00f3mo podemos ayudarte con tu caso.<\/span><\/p>\n","protected":false},"excerpt":{"rendered":"<p>La ley de California permite a las personas lesionadas reclamar una indemnizaci\u00f3n cuando otra persona es responsable del da\u00f1o sufrido. Las v\u00edctimas deben demostrar que la otra parte es responsable de sus lesiones para ganar un caso. Lamentablemente, demasiadas personas se enfrentan a compa\u00f1\u00edas de seguros testarudas que obtienen beneficios&#8230;<\/p>\n","protected":false},"author":7,"featured_media":28389,"parent":28838,"menu_order":6,"comment_status":"closed","ping_status":"closed","template":"","meta":{"_acf_changed":false,"footnotes":""},"class_list":["post-28386","page","type-page","status-publish","has-post-thumbnail","hentry"],"acf":[],"yoast_head":"<!-- This site is optimized with the Yoast SEO plugin v27.4 - https:\/\/yoast.com\/product\/yoast-seo-wordpress\/ -->\n<title>\u00bfQui\u00e9n tiene la culpa de mi lesi\u00f3n personal? | P\u00edo Jos\u00e9<\/title>\n<meta name=\"description\" content=\"Averigua c\u00f3mo se determina la culpa durante una demanda por lesiones personales en Pasadena. Ponte en contacto con un abogado de lesiones personales de Pasadena en Law Offices of Pius Joseph.\" \/>\n<meta name=\"robots\" content=\"index, follow, max-snippet:-1, max-image-preview:large, max-video-preview:-1\" \/>\n<link rel=\"canonical\" href=\"https:\/\/usa-law.org\/es\/lesiones-personales\/quien-tiene-la-culpa-de-mi-lesion-personal\/\" \/>\n<meta property=\"og:locale\" content=\"es_ES\" \/>\n<meta property=\"og:type\" content=\"article\" \/>\n<meta property=\"og:title\" content=\"\u00bfQui\u00e9n tiene la culpa de mi lesi\u00f3n personal? | P\u00edo Jos\u00e9\" \/>\n<meta property=\"og:description\" content=\"Averigua c\u00f3mo se determina la culpa durante una demanda por lesiones personales en Pasadena. Ponte en contacto con un abogado de lesiones personales de Pasadena en Law Offices of Pius Joseph.\" \/>\n<meta property=\"og:url\" content=\"https:\/\/usa-law.org\/es\/lesiones-personales\/quien-tiene-la-culpa-de-mi-lesion-personal\/\" \/>\n<meta property=\"og:site_name\" content=\"Law Offices of Pius Joseph\" \/>\n<meta property=\"article:modified_time\" content=\"2024-11-25T06:55:43+00:00\" \/>\n<meta property=\"og:image\" content=\"https:\/\/usa-law.org\/wp-content\/uploads\/2022\/03\/Personal-Injury.png\" \/>\n\t<meta property=\"og:image:width\" content=\"1024\" \/>\n\t<meta property=\"og:image:height\" content=\"1024\" \/>\n\t<meta property=\"og:image:type\" content=\"image\/png\" \/>\n<meta name=\"twitter:card\" content=\"summary_large_image\" \/>\n<meta name=\"twitter:label1\" content=\"Est. reading time\" \/>\n\t<meta name=\"twitter:data1\" content=\"6 minutos\" \/>\n<!-- \/ Yoast SEO plugin. -->","yoast_head_json":{"title":"\u00bfQui\u00e9n tiene la culpa de mi lesi\u00f3n personal? | P\u00edo Jos\u00e9","description":"Averigua c\u00f3mo se determina la culpa durante una demanda por lesiones personales en Pasadena. Ponte en contacto con un abogado de lesiones personales de Pasadena en Law Offices of Pius Joseph.","robots":{"index":"index","follow":"follow","max-snippet":"max-snippet:-1","max-image-preview":"max-image-preview:large","max-video-preview":"max-video-preview:-1"},"canonical":"https:\/\/usa-law.org\/es\/lesiones-personales\/quien-tiene-la-culpa-de-mi-lesion-personal\/","og_locale":"es_ES","og_type":"article","og_title":"\u00bfQui\u00e9n tiene la culpa de mi lesi\u00f3n personal? | P\u00edo Jos\u00e9","og_description":"Averigua c\u00f3mo se determina la culpa durante una demanda por lesiones personales en Pasadena. Ponte en contacto con un abogado de lesiones personales de Pasadena en Law Offices of Pius Joseph.","og_url":"https:\/\/usa-law.org\/es\/lesiones-personales\/quien-tiene-la-culpa-de-mi-lesion-personal\/","og_site_name":"Law Offices of Pius Joseph","article_modified_time":"2024-11-25T06:55:43+00:00","og_image":[{"width":1024,"height":1024,"url":"https:\/\/usa-law.org\/wp-content\/uploads\/2022\/03\/Personal-Injury.png","type":"image\/png"}],"twitter_card":"summary_large_image","twitter_misc":{"Est. reading time":"6 minutos"},"schema":{"@context":"https:\/\/schema.org","@graph":[{"@type":"WebPage","@id":"https:\/\/usa-law.org\/es\/lesiones-personales\/quien-tiene-la-culpa-de-mi-lesion-personal\/","url":"https:\/\/usa-law.org\/es\/lesiones-personales\/quien-tiene-la-culpa-de-mi-lesion-personal\/","name":"\u00bfQui\u00e9n tiene la culpa de mi lesi\u00f3n personal? | P\u00edo Jos\u00e9","isPartOf":{"@id":"https:\/\/usa-law.org\/es\/#website"},"primaryImageOfPage":{"@id":"https:\/\/usa-law.org\/es\/lesiones-personales\/quien-tiene-la-culpa-de-mi-lesion-personal\/#primaryimage"},"image":{"@id":"https:\/\/usa-law.org\/es\/lesiones-personales\/quien-tiene-la-culpa-de-mi-lesion-personal\/#primaryimage"},"thumbnailUrl":"https:\/\/usa-law.org\/wp-content\/uploads\/2022\/03\/Personal-Injury.png","datePublished":"2022-03-23T09:14:31+00:00","dateModified":"2024-11-25T06:55:43+00:00","description":"Averigua c\u00f3mo se determina la culpa durante una demanda por lesiones personales en Pasadena. Ponte en contacto con un abogado de lesiones personales de Pasadena en Law Offices of Pius Joseph.","breadcrumb":{"@id":"https:\/\/usa-law.org\/es\/lesiones-personales\/quien-tiene-la-culpa-de-mi-lesion-personal\/#breadcrumb"},"inLanguage":"es","potentialAction":[{"@type":"ReadAction","target":["https:\/\/usa-law.org\/es\/lesiones-personales\/quien-tiene-la-culpa-de-mi-lesion-personal\/"]}]},{"@type":"ImageObject","inLanguage":"es","@id":"https:\/\/usa-law.org\/es\/lesiones-personales\/quien-tiene-la-culpa-de-mi-lesion-personal\/#primaryimage","url":"https:\/\/usa-law.org\/wp-content\/uploads\/2022\/03\/Personal-Injury.png","contentUrl":"https:\/\/usa-law.org\/wp-content\/uploads\/2022\/03\/Personal-Injury.png","width":1024,"height":1024},{"@type":"BreadcrumbList","@id":"https:\/\/usa-law.org\/es\/lesiones-personales\/quien-tiene-la-culpa-de-mi-lesion-personal\/#breadcrumb","itemListElement":[{"@type":"ListItem","position":1,"name":"Home","item":"https:\/\/usa-law.org\/es\/"},{"@type":"ListItem","position":2,"name":"Lesiones personales","item":"https:\/\/usa-law.org\/es\/lesiones-personales\/"},{"@type":"ListItem","position":3,"name":"\u00bfQui\u00e9n tiene la culpa de mi lesi\u00f3n personal?"}]},{"@type":"WebSite","@id":"https:\/\/usa-law.org\/es\/#website","url":"https:\/\/usa-law.org\/es\/","name":"Law Offices of Pius Joseph","description":"Pasadena, CA Personal Injury Attorneys","publisher":{"@id":"https:\/\/usa-law.org\/es\/#organization"},"potentialAction":[{"@type":"SearchAction","target":{"@type":"EntryPoint","urlTemplate":"https:\/\/usa-law.org\/es\/?s={search_term_string}"},"query-input":{"@type":"PropertyValueSpecification","valueRequired":true,"valueName":"search_term_string"}}],"inLanguage":"es"},{"@type":"Organization","@id":"https:\/\/usa-law.org\/es\/#organization","name":"Law Offices of Pius Joseph - Personal injury attorney","url":"https:\/\/usa-law.org\/es\/","logo":{"@type":"ImageObject","inLanguage":"es","@id":"https:\/\/usa-law.org\/es\/#\/schema\/logo\/image\/","url":"https:\/\/usa-law.org\/wp-content\/uploads\/2019\/07\/logo.png","contentUrl":"https:\/\/usa-law.org\/wp-content\/uploads\/2019\/07\/logo.png","width":273,"height":84,"caption":"Law Offices of Pius Joseph - Personal injury attorney"},"image":{"@id":"https:\/\/usa-law.org\/es\/#\/schema\/logo\/image\/"}}]}},"_links":{"self":[{"href":"https:\/\/usa-law.org\/es\/wp-json\/wp\/v2\/pages\/28386","targetHints":{"allow":["GET"]}}],"collection":[{"href":"https:\/\/usa-law.org\/es\/wp-json\/wp\/v2\/pages"}],"about":[{"href":"https:\/\/usa-law.org\/es\/wp-json\/wp\/v2\/types\/page"}],"author":[{"embeddable":true,"href":"https:\/\/usa-law.org\/es\/wp-json\/wp\/v2\/users\/7"}],"replies":[{"embeddable":true,"href":"https:\/\/usa-law.org\/es\/wp-json\/wp\/v2\/comments?post=28386"}],"version-history":[{"count":0,"href":"https:\/\/usa-law.org\/es\/wp-json\/wp\/v2\/pages\/28386\/revisions"}],"up":[{"embeddable":true,"href":"https:\/\/usa-law.org\/es\/wp-json\/wp\/v2\/pages\/28838"}],"wp:featuredmedia":[{"embeddable":true,"href":"https:\/\/usa-law.org\/es\/wp-json\/wp\/v2\/media\/28389"}],"wp:attachment":[{"href":"https:\/\/usa-law.org\/es\/wp-json\/wp\/v2\/media?parent=28386"}],"curies":[{"name":"wp","href":"https:\/\/api.w.org\/{rel}","templated":true}]}}