{"id":28391,"date":"2022-02-10T15:35:35","date_gmt":"2022-02-10T15:35:35","guid":{"rendered":"https:\/\/piusjoseph.wpenginepowered.com\/accidentes-de-bicicleta\/causas-comunes-de-las-lesiones-por-accidente-de-bicicleta\/"},"modified":"2022-02-10T15:35:35","modified_gmt":"2022-02-10T15:35:35","slug":"causas-comunes-de-las-lesiones-por-accidente-de-bicicleta","status":"publish","type":"page","link":"https:\/\/usa-law.org\/es\/accidentes-de-bicicleta\/causas-comunes-de-las-lesiones-por-accidente-de-bicicleta\/","title":{"rendered":"Causas comunes de las lesiones por accidente de bicicleta"},"content":{"rendered":"<p>Montar en bicicleta es un pasatiempo popular en California. Es el deporte perfecto para combinar con el clima templado del estado, las carreteras pintorescas y el \u00e9nfasis en la vida sana. Pero, por desgracia, compartir la calzada con otros veh\u00edculos tambi\u00e9n hace que montar en bici sea peligroso. Cuando se producen accidentes de bicicleta, los ciclistas casi siempre sufren las peores lesiones.<\/p>\n<p>Las estad\u00edsticas de accidentes de bicicleta ponen de manifiesto la gravedad del problema. Los accidentes mortales de bicicleta han alcanzado recientemente <a href=\"https:\/\/www.usnews.com\/news\/healthiest-communities\/articles\/2020-01-28\/bike-fatalities-hit-25-year-high-in-california-rise-nationwide\" target=\"_blank\" rel=\"noopener noreferrer\">cifras r\u00e9cord en California<\/a>. Los datos muestran que en las colisiones de tr\u00e1fico murieron 455 ciclistas en California s\u00f3lo en tres a\u00f1os, seg\u00fan U.S. News and World Report. Y a nivel nacional, el n\u00famero de accidentes de tr\u00e1fico en los que se ven implicadas bicicletas ha aumentado de forma constante desde 2009.<\/p>\n<p>Los accidentes de bicicleta se producen por diversos motivos, y dejan cientos de miles de heridos graves cada a\u00f1o. Si has sufrido lesiones en bicicleta en una colisi\u00f3n con otro veh\u00edculo o con un peat\u00f3n, un abogado experto puede ayudarte a obtener una indemnizaci\u00f3n econ\u00f3mica por tus p\u00e9rdidas.<\/p>\n<p>El bufete <a href=\"https:\/\/usa-law.org\/\">de abogados de Pius<\/a> Joseph es un bufete de Pasadena especializado en lesiones personales con 30 a\u00f1os de experiencia representando a clientes de toda California, incluidos Los \u00c1ngeles, San Diego, San Francisco, Fresno y Sacramento. Nos comprometemos a elaborar casos convincentes que resistan los retos m\u00e1s dif\u00edciles, tanto durante las negociaciones para llegar a un acuerdo como en el juicio. Deja que te ayudemos a ti tambi\u00e9n.<\/p>\n<p>El proceso comienza con una consulta gratuita. Ll\u00e1manos o ponte en contacto con nosotros hoy mismo para hablar con un <a href=\"https:\/\/usa-law.org\/bicycle-accident-attorney\/\">abogado<\/a> experto en <a href=\"https:\/\/usa-law.org\/bicycle-accident-attorney\/\">accidentes de bicicleta<\/a>.<\/p>\n<h2>Causas comunes de lesiones en bicicleta en Pasadena<\/h2>\n<p>Numerosos factores contribuyen a los accidentes de bicicleta. La Administraci\u00f3n Nacional de Seguridad del Tr\u00e1fico en Carretera (NHTSA) separa las causas m\u00e1s comunes de los accidentes de bicicleta en tres categor\u00edas:<\/p>\n<h3>Acciones de los motoristas<\/h3>\n<p>Los conductores descuidados suelen tener cierta responsabilidad en los accidentes de tr\u00e1fico en los que se ven implicadas bicicletas. Algunos ejemplos de comportamientos negligentes son<\/p>\n<ul>\n<li>Conducci\u00f3n distra\u00edda<\/li>\n<li>Conducci\u00f3n bajo los efectos del alcohol<\/li>\n<li>Exceso de velocidad<\/li>\n<li>No ceder el paso<\/li>\n<li>Ignorar las se\u00f1ales de tr\u00e1fico<\/li>\n<li>Conducci\u00f3n agresiva<\/li>\n<li>Furia en la carretera<\/li>\n<li>Incumplir otras leyes de tr\u00e1fico<\/li>\n<li>Escasa comprensi\u00f3n de los derechos de los ciclistas en California<\/li>\n<\/ul>\n<h3>Factores no automovil\u00edsticos<\/h3>\n<p>Un accidente de bicicleta no siempre es culpa de otro conductor. Los ciclistas tienen muchos de los mismos derechos que los dem\u00e1s automovilistas, pero podr\u00edan compartir parte de la culpa de una colisi\u00f3n si fueran ellos:<\/p>\n<ul>\n<li>Ciclismo bajo la influencia (CUI)<\/li>\n<li>Conducir distra\u00eddo<\/li>\n<li>No respetar los controles de tr\u00e1fico en los cruces<\/li>\n<li>Circular en sentido contrario por una calle de sentido \u00fanico<\/li>\n<li>No equipar sus bicicletas con las <a href=\"https:\/\/leginfo.legislature.ca.gov\/faces\/codes_displaySection.xhtml?lawCode=VEH&amp;sectionNum=21201\" target=\"_blank\" rel=\"noopener noreferrer\">luces y reflectores necesarios<\/a><\/li>\n<li>No utilizar los carriles bici cuando est\u00e1n disponibles<\/li>\n<li>Falta de conocimiento de las leyes sobre bicicletas en California<\/li>\n<\/ul>\n<p>Los peatones tambi\u00e9n pueden ser culpables de lesiones por accidente de bicicleta si cruzan la calle imprudentemente o infringen otras normas que contribuyen al accidente.<\/p>\n<h3>Infraestructuras deficientes<\/h3>\n<p>Aunque se ha dado un impulso para que las ciudades sean m\u00e1s favorables a las bicicletas, muchas zonas carecen de la infraestructura necesaria para circular con seguridad. Un ciclista lesionado podr\u00eda tener una reclamaci\u00f3n por accidente de bicicleta contra una entidad gubernamental o un propietario si el accidente fue causado por:<img loading=\"lazy\" decoding=\"async\" class=\"size-medium wp-image-21421 alignright\" src=\"https:\/\/usa-law.org\/wp-content\/uploads\/2022\/02\/The-Common-Causes-of-Bicycle-Accident-Injuries-300x225.png\" alt=\"Causas comunes de lesiones por accidente de bicicleta\" width=\"300\" height=\"225\" srcset=\"https:\/\/usa-law.org\/wp-content\/uploads\/2022\/02\/The-Common-Causes-of-Bicycle-Accident-Injuries-300x225.png 300w, https:\/\/usa-law.org\/wp-content\/uploads\/2022\/02\/The-Common-Causes-of-Bicycle-Accident-Injuries-768x576.png 768w, https:\/\/usa-law.org\/wp-content\/uploads\/2022\/02\/The-Common-Causes-of-Bicycle-Accident-Injuries.png 800w\" sizes=\"auto, (max-width: 300px) 100vw, 300px\" \/><\/p>\n<ul>\n<li>Condiciones peligrosas de la carretera (por ejemplo, baches, pavimento irregular, etc.)<\/li>\n<li>Obstrucciones de la carretera que afectan a la visibilidad<\/li>\n<li>Falta se\u00f1alizaci\u00f3n o se\u00f1alizaci\u00f3n deficiente<\/li>\n<li>Se\u00f1alizaci\u00f3n poco clara en las intersecciones<\/li>\n<li>Mala iluminaci\u00f3n<\/li>\n<li>No responder a los informes sobre carreteras peligrosas<\/li>\n<\/ul>\n<h2>Lesiones ciclistas<\/h2>\n<p><img loading=\"lazy\" decoding=\"async\" class=\"size-medium wp-image-21519 alignleft\" src=\"https:\/\/usa-law.org\/wp-content\/uploads\/2022\/03\/Common-Bicycle-Accident-Injuries-300x225.jpg\" alt=\"Lesiones comunes en accidentes de bicicleta\" width=\"300\" height=\"225\" srcset=\"https:\/\/usa-law.org\/wp-content\/uploads\/2022\/03\/Common-Bicycle-Accident-Injuries-300x225.jpg 300w, https:\/\/usa-law.org\/wp-content\/uploads\/2022\/03\/Common-Bicycle-Accident-Injuries-768x576.jpg 768w, https:\/\/usa-law.org\/wp-content\/uploads\/2022\/03\/Common-Bicycle-Accident-Injuries.jpg 800w\" sizes=\"auto, (max-width: 300px) 100vw, 300px\" \/>Los ciclistas son algunos de los usuarios de la carretera m\u00e1s vulnerables. Con poco que les proteja del impacto total de una colisi\u00f3n con otro veh\u00edculo o con el pavimento, no es de extra\u00f1ar que los ciclistas tiendan a sufrir lesiones graves tras un choque.<\/p>\n<h3>Las lesiones m\u00e1s frecuentes en bicicleta son<\/h3>\n<ul>\n<li><strong>Lesi\u00f3n cerebral traum\u00e1tica (LCT):<\/strong> Los accidentes de bicicleta son la principal causa de visitas a urgencias por lesiones cerebrales en Estados Unidos, seg\u00fan los <a href=\"https:\/\/www.cdc.gov\/mmwr\/volumes\/70\/wr\/mm7019a1.htm\" target=\"_blank\" rel=\"noopener noreferrer\">Centros para el Control y la Prevenci\u00f3n de Enfermedades (CDC)<\/a>. Una LCT puede ir desde una conmoci\u00f3n cerebral leve a una lesi\u00f3n catastr\u00f3fica que cause una incapacidad permanente. California s\u00f3lo exige casco a los ciclistas menores de 18 a\u00f1os. Sin embargo, cualquier abogado especializado en accidentes de bicicleta te aconsejar\u00e1 que lleves uno. Aunque los ciclistas no infrinjan la ley por ir sin casco, no llevarlo puede afectar negativamente a sus reclamaciones por lesiones ciclistas.<\/li>\n<li><strong>Lesiones en la cabeza:<\/strong> Adem\u00e1s de las lesiones cerebrales, los ciclistas tambi\u00e9n corren el riesgo de sufrir otros tipos de lesiones en la cabeza, como fracturas de cr\u00e1neo y heridas en el cuero cabelludo.<\/li>\n<li><strong>Lesiones faciales:<\/strong> Aunque los cascos de bicicleta ofrecen cierta protecci\u00f3n a la cabeza y el cuello en caso de accidente, la cara del ciclista queda casi totalmente expuesta. Los ciclistas que sufren lesiones faciales, como una fractura de nariz, mand\u00edbula o p\u00f3mulo, pueden necesitar una intervenci\u00f3n quir\u00fargica para fijar los huesos y que cicatricen correctamente. Los cortes y rasgu\u00f1os tambi\u00e9n pueden dejar a las v\u00edctimas de accidentes de bicicleta con cicatrices y desfiguraci\u00f3n tras ser atropelladas por un coche.<\/li>\n<li><strong>Lesiones de espalda:<\/strong> Seg\u00fan un <a href=\"https:\/\/www.upi.com\/Health_News\/2021\/08\/26\/sports-injuries-spine-bikes-study\/5371629924986\/#:~:text=Of%20more%20than%2012%2C000%20sports,the%20middle%20and%20lower%20back.\" target=\"_blank\" rel=\"noopener noreferrer\">informe<\/a> reciente, cuatro de cada cinco lesiones medulares en EE.UU. se debieron a accidentes de bicicleta. Nada puede proteger la espalda de un motorista del impacto de una colisi\u00f3n, lo que aumenta el riesgo de fractura de v\u00e9rtebras, hernia discal, estenosis espinal, lesi\u00f3n medular y par\u00e1lisis.<\/li>\n<li><strong>Muertes:<\/strong> Casi 900 ciclistas murieron en accidentes con veh\u00edculos de motor en un solo a\u00f1o reciente, seg\u00fan la NHTSA. En California, los familiares o la herencia de un ciclista fallecido pueden presentar una demanda por homicidio culposo contra la parte o partes responsables de su muerte.<\/li>\n<\/ul>\n<h2>Qu\u00e9 hacer tras un accidente de bicicleta<\/h2>\n<p>Los ciclistas pueden proteger sus reclamaciones por accidente de bicicleta tomando varias medidas en el lugar del accidente:<\/p>\n<ul>\n<li>Sal del tr\u00e1fico para evitar colisiones secundarias.<\/li>\n<li>Llama al 911 para informar del accidente y de si hay heridos.<\/li>\n<li>Haz fotos y v\u00eddeos del lugar del accidente.<\/li>\n<li>Consigue los datos del seguro, nombres, direcciones y n\u00fameros de tel\u00e9fono de todos los implicados.<\/li>\n<li>Recoge informaci\u00f3n de contacto de cualquier testigo.<\/li>\n<li>Busca atenci\u00f3n m\u00e9dica inmediatamente.<\/li>\n<li>No laves ni tires la ropa, los zapatos o el casco que llevabas cuando ocurri\u00f3 el accidente de bicicleta.<\/li>\n<li>Guarda todas las facturas m\u00e9dicas y los recibos de todos los gastos relacionados con la lesi\u00f3n.<\/li>\n<li>No aceptes hacer una declaraci\u00f3n grabada a la compa\u00f1\u00eda de seguros.<\/li>\n<li>Habla con un abogado de accidentes de bicicleta de California para conocer tus derechos legales.<\/li>\n<\/ul>\n<h2>Conseguir ayuda legal para tu accidente de bicicleta<\/h2>\n<p>Como las lesiones en bicicleta suelen ser graves, las v\u00edctimas sufren grandes p\u00e9rdidas personales y econ\u00f3micas. Las monta\u00f1as de facturas m\u00e9dicas, unidas a los salarios perdidos por las bajas laborales, colocan a muchas v\u00edctimas en una situaci\u00f3n econ\u00f3mica precaria. Una reclamaci\u00f3n exitosa por accidente de bicicleta puede ayudar a mitigar estas p\u00e9rdidas.<\/p>\n<p>Por desgracia, las compa\u00f1\u00edas de seguros no suelen hacer ofertas de liquidaci\u00f3n justas a los demandantes. Un <a href=\"https:\/\/usa-law.org\/\">abogado de lesiones<\/a> personales puede reunir pruebas s\u00f3lidas para demostrar la responsabilidad de la parte culpable y exigir la m\u00e1xima indemnizaci\u00f3n por tus lesiones en bicicleta, dolor y sufrimiento, y mucho m\u00e1s.<\/p>\n<p>\u00bfEst\u00e1s preparado para saber m\u00e1s sobre tus derechos de indemnizaci\u00f3n? Ponte en contacto con el bufete de Pius Joseph para recibir <a href=\"https:\/\/usa-law.org\/contact-us\/\">asesoramiento jur\u00eddico gratuito<\/a> ahora.<\/p>\n","protected":false},"excerpt":{"rendered":"<p>Montar en bicicleta es un pasatiempo popular en California. Es el deporte perfecto para combinar con el clima templado del estado, las carreteras pintorescas y el \u00e9nfasis en la vida sana. Pero, por desgracia, compartir la calzada con otros veh\u00edculos tambi\u00e9n hace que montar en bici sea peligroso. Cuando se&#8230;<\/p>\n","protected":false},"author":7,"featured_media":28393,"parent":28216,"menu_order":0,"comment_status":"closed","ping_status":"closed","template":"","meta":{"_acf_changed":false,"footnotes":""},"class_list":["post-28391","page","type-page","status-publish","has-post-thumbnail","hentry"],"acf":[],"yoast_head":"<!-- This site is optimized with the Yoast SEO plugin v27.3 - https:\/\/yoast.com\/product\/yoast-seo-wordpress\/ -->\n<title>Causas comunes de lesiones por accidente de bicicleta | Pius Joseph<\/title>\n<meta name=\"description\" content=\"Averigua cu\u00e1les son las causas habituales de las lesiones por accidentes de bicicleta. Ponte en contacto con un abogado especializado en accidentes de bicicleta de Pasadena del bufete Law Offices of Pius Joseph.\" \/>\n<meta name=\"robots\" content=\"index, follow, max-snippet:-1, max-image-preview:large, max-video-preview:-1\" \/>\n<link rel=\"canonical\" href=\"https:\/\/usa-law.org\/es\/accidentes-de-bicicleta\/causas-comunes-de-las-lesiones-por-accidente-de-bicicleta\/\" \/>\n<meta property=\"og:locale\" content=\"es_ES\" \/>\n<meta property=\"og:type\" content=\"article\" \/>\n<meta property=\"og:title\" content=\"Causas comunes de lesiones por accidente de bicicleta | Pius Joseph\" \/>\n<meta property=\"og:description\" content=\"Averigua cu\u00e1les son las causas habituales de las lesiones por accidentes de bicicleta. Ponte en contacto con un abogado especializado en accidentes de bicicleta de Pasadena del bufete Law Offices of Pius Joseph.\" \/>\n<meta property=\"og:url\" content=\"https:\/\/usa-law.org\/es\/accidentes-de-bicicleta\/causas-comunes-de-las-lesiones-por-accidente-de-bicicleta\/\" \/>\n<meta property=\"og:site_name\" content=\"Law Offices of Pius Joseph\" \/>\n<meta property=\"og:image\" content=\"https:\/\/usa-law.org\/wp-content\/uploads\/2022\/02\/Common-Causes-of-Bicycle-Accident-Injuries-.png\" \/>\n\t<meta property=\"og:image:width\" content=\"800\" \/>\n\t<meta property=\"og:image:height\" content=\"600\" \/>\n\t<meta property=\"og:image:type\" content=\"image\/png\" \/>\n<meta name=\"twitter:card\" content=\"summary_large_image\" \/>\n<meta name=\"twitter:label1\" content=\"Est. reading time\" \/>\n\t<meta name=\"twitter:data1\" content=\"7 minutos\" \/>\n<!-- \/ Yoast SEO plugin. -->","yoast_head_json":{"title":"Causas comunes de lesiones por accidente de bicicleta | Pius Joseph","description":"Averigua cu\u00e1les son las causas habituales de las lesiones por accidentes de bicicleta. Ponte en contacto con un abogado especializado en accidentes de bicicleta de Pasadena del bufete Law Offices of Pius Joseph.","robots":{"index":"index","follow":"follow","max-snippet":"max-snippet:-1","max-image-preview":"max-image-preview:large","max-video-preview":"max-video-preview:-1"},"canonical":"https:\/\/usa-law.org\/es\/accidentes-de-bicicleta\/causas-comunes-de-las-lesiones-por-accidente-de-bicicleta\/","og_locale":"es_ES","og_type":"article","og_title":"Causas comunes de lesiones por accidente de bicicleta | Pius Joseph","og_description":"Averigua cu\u00e1les son las causas habituales de las lesiones por accidentes de bicicleta. Ponte en contacto con un abogado especializado en accidentes de bicicleta de Pasadena del bufete Law Offices of Pius Joseph.","og_url":"https:\/\/usa-law.org\/es\/accidentes-de-bicicleta\/causas-comunes-de-las-lesiones-por-accidente-de-bicicleta\/","og_site_name":"Law Offices of Pius Joseph","og_image":[{"width":800,"height":600,"url":"https:\/\/usa-law.org\/wp-content\/uploads\/2022\/02\/Common-Causes-of-Bicycle-Accident-Injuries-.png","type":"image\/png"}],"twitter_card":"summary_large_image","twitter_misc":{"Est. reading time":"7 minutos"},"schema":{"@context":"https:\/\/schema.org","@graph":[{"@type":"WebPage","@id":"https:\/\/usa-law.org\/es\/accidentes-de-bicicleta\/causas-comunes-de-las-lesiones-por-accidente-de-bicicleta\/","url":"https:\/\/usa-law.org\/es\/accidentes-de-bicicleta\/causas-comunes-de-las-lesiones-por-accidente-de-bicicleta\/","name":"Causas comunes de lesiones por accidente de bicicleta | Pius Joseph","isPartOf":{"@id":"https:\/\/usa-law.org\/es\/#website"},"primaryImageOfPage":{"@id":"https:\/\/usa-law.org\/es\/accidentes-de-bicicleta\/causas-comunes-de-las-lesiones-por-accidente-de-bicicleta\/#primaryimage"},"image":{"@id":"https:\/\/usa-law.org\/es\/accidentes-de-bicicleta\/causas-comunes-de-las-lesiones-por-accidente-de-bicicleta\/#primaryimage"},"thumbnailUrl":"https:\/\/usa-law.org\/wp-content\/uploads\/2022\/02\/Common-Causes-of-Bicycle-Accident-Injuries-.png","datePublished":"2022-02-10T15:35:35+00:00","description":"Averigua cu\u00e1les son las causas habituales de las lesiones por accidentes de bicicleta. Ponte en contacto con un abogado especializado en accidentes de bicicleta de Pasadena del bufete Law Offices of Pius Joseph.","breadcrumb":{"@id":"https:\/\/usa-law.org\/es\/accidentes-de-bicicleta\/causas-comunes-de-las-lesiones-por-accidente-de-bicicleta\/#breadcrumb"},"inLanguage":"es","potentialAction":[{"@type":"ReadAction","target":["https:\/\/usa-law.org\/es\/accidentes-de-bicicleta\/causas-comunes-de-las-lesiones-por-accidente-de-bicicleta\/"]}]},{"@type":"ImageObject","inLanguage":"es","@id":"https:\/\/usa-law.org\/es\/accidentes-de-bicicleta\/causas-comunes-de-las-lesiones-por-accidente-de-bicicleta\/#primaryimage","url":"https:\/\/usa-law.org\/wp-content\/uploads\/2022\/02\/Common-Causes-of-Bicycle-Accident-Injuries-.png","contentUrl":"https:\/\/usa-law.org\/wp-content\/uploads\/2022\/02\/Common-Causes-of-Bicycle-Accident-Injuries-.png","width":800,"height":600},{"@type":"BreadcrumbList","@id":"https:\/\/usa-law.org\/es\/accidentes-de-bicicleta\/causas-comunes-de-las-lesiones-por-accidente-de-bicicleta\/#breadcrumb","itemListElement":[{"@type":"ListItem","position":1,"name":"Home","item":"https:\/\/usa-law.org\/es\/"},{"@type":"ListItem","position":2,"name":"Accidentes de bicicleta","item":"https:\/\/usa-law.org\/es\/accidentes-de-bicicleta\/"},{"@type":"ListItem","position":3,"name":"Causas comunes de las lesiones por accidente de bicicleta"}]},{"@type":"WebSite","@id":"https:\/\/usa-law.org\/es\/#website","url":"https:\/\/usa-law.org\/es\/","name":"Law Offices of Pius Joseph","description":"Pasadena, CA Personal Injury Attorneys","publisher":{"@id":"https:\/\/usa-law.org\/es\/#organization"},"potentialAction":[{"@type":"SearchAction","target":{"@type":"EntryPoint","urlTemplate":"https:\/\/usa-law.org\/es\/?s={search_term_string}"},"query-input":{"@type":"PropertyValueSpecification","valueRequired":true,"valueName":"search_term_string"}}],"inLanguage":"es"},{"@type":"Organization","@id":"https:\/\/usa-law.org\/es\/#organization","name":"Law Offices of Pius Joseph - Personal injury attorney","url":"https:\/\/usa-law.org\/es\/","logo":{"@type":"ImageObject","inLanguage":"es","@id":"https:\/\/usa-law.org\/es\/#\/schema\/logo\/image\/","url":"https:\/\/usa-law.org\/wp-content\/uploads\/2019\/07\/logo.png","contentUrl":"https:\/\/usa-law.org\/wp-content\/uploads\/2019\/07\/logo.png","width":273,"height":84,"caption":"Law Offices of Pius Joseph - Personal injury attorney"},"image":{"@id":"https:\/\/usa-law.org\/es\/#\/schema\/logo\/image\/"}}]}},"_links":{"self":[{"href":"https:\/\/usa-law.org\/es\/wp-json\/wp\/v2\/pages\/28391","targetHints":{"allow":["GET"]}}],"collection":[{"href":"https:\/\/usa-law.org\/es\/wp-json\/wp\/v2\/pages"}],"about":[{"href":"https:\/\/usa-law.org\/es\/wp-json\/wp\/v2\/types\/page"}],"author":[{"embeddable":true,"href":"https:\/\/usa-law.org\/es\/wp-json\/wp\/v2\/users\/7"}],"replies":[{"embeddable":true,"href":"https:\/\/usa-law.org\/es\/wp-json\/wp\/v2\/comments?post=28391"}],"version-history":[{"count":0,"href":"https:\/\/usa-law.org\/es\/wp-json\/wp\/v2\/pages\/28391\/revisions"}],"up":[{"embeddable":true,"href":"https:\/\/usa-law.org\/es\/wp-json\/wp\/v2\/pages\/28216"}],"wp:featuredmedia":[{"embeddable":true,"href":"https:\/\/usa-law.org\/es\/wp-json\/wp\/v2\/media\/28393"}],"wp:attachment":[{"href":"https:\/\/usa-law.org\/es\/wp-json\/wp\/v2\/media?parent=28391"}],"curies":[{"name":"wp","href":"https:\/\/api.w.org\/{rel}","templated":true}]}}