{"id":28397,"date":"2022-01-10T21:53:56","date_gmt":"2022-01-10T21:53:56","guid":{"rendered":"https:\/\/piusjoseph.wpenginepowered.com\/prescripcion-de-la-accion-por-homicidio-culposo\/"},"modified":"2024-06-11T17:06:19","modified_gmt":"2024-06-11T17:06:19","slug":"prescripcion-de-la-accion-por-homicidio-culposo","status":"publish","type":"page","link":"https:\/\/usa-law.org\/es\/abogado-de-muerte-por-negligencia\/prescripcion-de-la-accion-por-homicidio-culposo\/","title":{"rendered":"Prescripci\u00f3n de la acci\u00f3n por homicidio culposo"},"content":{"rendered":"<p>\u00bfEst\u00e1s de luto por la p\u00e9rdida de un familiar querido? Tu oportunidad de obtener una indemnizaci\u00f3n econ\u00f3mica puede caducar si tu demanda no se presenta dentro del plazo de prescripci\u00f3n de la muerte por negligencia de California. Un abogado experto en homicidio culposo de Pasadena del bufete <a href=\"https:\/\/usa-law.org\/\">de Pius<\/a> Joseph puede explicarte los plazos para presentar una demanda y quitarte un peso de encima.<\/p>\n<p>Una <a href=\"https:\/\/usa-law.org\/wrongful-death-attorney\/\">demanda por homicidio culposo<\/a> puede proporcionar una indemnizaci\u00f3n y un cierre a los familiares que pierden a un ser querido por la imprudencia de otra persona en California. Pero la ley estatal impone un l\u00edmite de tiempo a los familiares supervivientes para <a href=\"https:\/\/usa-law.org\/wrongful-death-attorney\/who-can-file-for-wrongful-death\/\">presentar una demanda por homicidio culposo<\/a>. Saltarse el plazo podr\u00eda significar perder para siempre tu derecho al dinero que mereces, as\u00ed que empezar cuanto antes es crucial.<\/p>\n<p>Nuestro bufete puede guiar a tu familia en el proceso de exigir justicia e indemnizaci\u00f3n por la muerte de tu ser querido. Escucharemos tu historia e identificaremos las necesidades y objetivos de tu familia. A continuaci\u00f3n, desarrollaremos una estrategia jur\u00eddica a medida para conseguir la m\u00e1xima indemnizaci\u00f3n para ti. Aunque el dinero no puede sustituir a la persona que has perdido, puede hacer que la parte culpable se responsabilice de sus actos y restablecer tu estabilidad econ\u00f3mica mientras sigues adelante.<\/p>\n<p>El bufete de Pius Joseph te proporcionar\u00e1 los servicios jur\u00eddicos compasivos y experimentados que necesitas. Ll\u00e1manos o ponte en contacto con nosotros hoy mismo para hablar con un abogado especializado en homicidio culposo de California.<\/p>\n<h2>\u00bfCu\u00e1l es el plazo de prescripci\u00f3n de la muerte por negligencia en California?<\/h2>\n<p>En California, debes presentar una demanda por homicidio culposo en el plazo de dos a\u00f1os a partir de la fecha de fallecimiento de tu familiar. El tribunal puede desestimar la demanda por extempor\u00e1nea si se presenta despu\u00e9s de que haya prescrito el delito <a href=\"https:\/\/leginfo.legislature.ca.gov\/faces\/codes_displaySection.xhtml?lawCode=CCP&amp;sectionNum=335.1\" target=\"_blank\" rel=\"noopener noreferrer\">de homicidio culposo<\/a>. Si eso ocurre, tu familia pierde el derecho a reclamar una indemnizaci\u00f3n a los culpables de la muerte de tu ser querido.<\/p>\n<h2>\u00bfExisten excepciones a la prescripci\u00f3n de la acci\u00f3n por homicidio culposo?<\/h2>\n<p>Ciertas excepciones al plazo de prescripci\u00f3n est\u00e1ndar de las demandas por homicidio culposo pueden acortar o ampliar el tiempo de que dispones para presentar una demanda. Por eso debes hablar inmediatamente con un abogado especializado en homicidio culposo sobre los detalles de tu caso.<\/p>\n<p>Por ejemplo, s\u00f3lo tienes seis meses para <a href=\"https:\/\/usa-law.org\/wrongful-death-attorney\/who-can-file-for-wrongful-death\/\">presentar una<\/a> reclamaci\u00f3n contra una entidad u organismo p\u00fablico por el fallecimiento de un ser querido. Este tipo de demanda por homicidio culposo puede tener su origen en:<\/p>\n<ul>\n<li>Muertes por accidentes en propiedad gubernamental<\/li>\n<li>Accidentes causados por veh\u00edculos propiedad del gobierno<\/li>\n<li>Negligencias m\u00e9dicas en los hospitales p\u00fablicos<\/li>\n<li>Muerte causada por funcionarios p\u00fablicos en el ejercicio de sus funciones<\/li>\n<\/ul>\n<p>La entidad o agencia gubernamental tiene 45 d\u00edas para aceptar o denegar una reclamaci\u00f3n. T\u00fa o un ser querido deb\u00e9is presentar la solicitud en los seis meses siguientes a la denegaci\u00f3n o a la expiraci\u00f3n del plazo de revisi\u00f3n de 45 d\u00edas.<\/p>\n<p>En otros casos, el plazo de prescripci\u00f3n se ampl\u00eda, o se \u00abdilata\u00bb. Por ejemplo, un hijo menor de edad dispone de dos a\u00f1os a partir de su 18 cumplea\u00f1os para presentar una demanda por homicidio culposo por el fallecimiento de uno de sus progenitores, en lugar de dos a\u00f1os a partir de la fecha del fallecimiento.<\/p>\n<h2>La regla del descubrimiento<\/h2>\n<p>Otra raz\u00f3n habitual para suspender la prescripci\u00f3n por homicidio culposo en California es la regla de descubrimiento. Seg\u00fan la regla de descubrimiento, el reloj no empieza a correr en la fecha del fallecimiento. En cambio, el plazo de prescripci\u00f3n comienza cuando se descubre o deber\u00eda haberse descubierto la causa de la muerte del individuo mediante una diligencia e investigaci\u00f3n razonables.<\/p>\n<p>Para las demandas por homicidio culposo, la regla de descubrimiento puede significar que el plazo de prescripci\u00f3n no comience hasta:<\/p>\n<ul>\n<li>La familia de un difunto descubre o se entera de la muerte de su ser querido.<\/li>\n<li>Descubren que otra persona caus\u00f3 la muerte.<\/li>\n<li>La familia conoce la identidad del responsable.<\/li>\n<\/ul>\n<p><img loading=\"lazy\" decoding=\"async\" class=\"alignnone size-medium wp-image-21290 alignright\" src=\"https:\/\/usa-law.org\/wp-content\/uploads\/2022\/01\/statue-of-limitations-for-wrongful-death-225x300.png\" alt=\"prescripci\u00f3n de la muerte por negligencia\" width=\"225\" height=\"300\" srcset=\"https:\/\/usa-law.org\/wp-content\/uploads\/2022\/01\/statue-of-limitations-for-wrongful-death-225x300.png 225w, https:\/\/usa-law.org\/wp-content\/uploads\/2022\/01\/statue-of-limitations-for-wrongful-death.png 600w\" sizes=\"auto, (max-width: 225px) 100vw, 225px\" \/><\/p>\n<h2>Reclamaciones por negligencia m\u00e9dica<\/h2>\n<p>Las demandas por homicidio culposo derivadas de negligencia m\u00e9dica est\u00e1n sujetas a un plazo de prescripci\u00f3n distinto en California. Normalmente, t\u00fa o un miembro de tu familia deb\u00e9is presentar una demanda por homicidio culposo que implique negligencia m\u00e9dica dentro:<\/p>\n<ul>\n<li>Un a\u00f1o a partir de la fecha en que una familia descubri\u00f3 (o deber\u00eda haber descubierto razonablemente) hechos que demuestran que la muerte de su familiar fue causada por <a href=\"https:\/\/usa-law.org\/wrongful-death-attorney\/wrongful-death-vs-survival-action\/\">una negligencia<\/a> m\u00e9dica.<\/li>\n<li>Tres a\u00f1os a partir de la fecha de fallecimiento de un familiar por negligencia m\u00e9dica<\/li>\n<\/ul>\n<p>Dado que el plazo de prescripci\u00f3n var\u00eda en funci\u00f3n de los hechos del caso, es aconsejable que te pongas en contacto con un abogado experto en lesiones personales lo antes posible para hablar de las particularidades de tu caso.<\/p>\n<h2>\u00bfQui\u00e9n puede presentar una demanda por homicidio culposo en California?<\/h2>\n<p>No todos los familiares pueden solicitar una indemnizaci\u00f3n por homicidio culposo en California. La <a href=\"https:\/\/leginfo.legislature.ca.gov\/faces\/codes_displaySection.xhtml?lawCode=CCP&amp;sectionNum=377.60.\" target=\"_blank\" rel=\"noopener noreferrer\">ley estatal sobre homicidio culposo<\/a> limita los beneficiarios a:<\/p>\n<ul>\n<li>C\u00f3nyuges o parejas de hecho supervivientes<\/li>\n<li>Ni\u00f1os<\/li>\n<li>Nietos<\/li>\n<li>Otros hijos menores que recibieran al menos el 50% de la ayuda econ\u00f3mica del fallecido (por ejemplo, hijastros).<\/li>\n<\/ul>\n<p>Cualquier otra persona que pueda tener derecho a bienes en virtud de las leyes de California sobre sucesi\u00f3n intestada<\/p>\n<p>Si no est\u00e1s seguro de ser un beneficiario elegible, un abogado especializado en homicidio culposo puede ayudarte a determinar c\u00f3mo se aplican a tu caso las leyes de homicidio culposo de California.<\/p>\n<h2>Tipos de indemnizaci\u00f3n por homicidio culposo<\/h2>\n<p>Una demanda por homicidio culposo puede permitir a los familiares que re\u00fanan los requisitos necesarios recuperar una indemnizaci\u00f3n por las p\u00e9rdidas sufridas a causa de la muerte de un ser querido, como:<\/p>\n<ul>\n<li>Gastos funerarios y de entierro<\/li>\n<li>P\u00e9rdida de ingresos del fallecido<\/li>\n<li>P\u00e9rdida de las prestaciones que los familiares habr\u00edan recibido del difunto<\/li>\n<li>P\u00e9rdida de la compa\u00f1\u00eda y los cuidados de un ser querido<\/li>\n<li>P\u00e9rdida de consorcio o intimidad<\/li>\n<li>P\u00e9rdida de orientaci\u00f3n<\/li>\n<\/ul>\n<p>California no tiene un l\u00edmite m\u00e1ximo de indemnizaci\u00f3n por da\u00f1os y perjuicios en los casos de homicidio culposo, salvo en las demandas por negligencia m\u00e9dica. En esos casos, hay un tope de 250.000 $ por da\u00f1os no econ\u00f3micos.<\/p>\n<h2>Obt\u00e9n hoy ayuda de nuestro abogado de Pasadena especializado en homicidio culposo<\/h2>\n<p>La curaci\u00f3n tras el fallecimiento de un ser querido lleva tiempo. Aunque no hay l\u00edmite de tiempo para el duelo, en California debe cumplirse el plazo para presentar una demanda por homicidio culposo. Deja que el bufete de Pius Joseph responsabilice a la parte culpable de su fechor\u00eda y obtenga los resultados que mereces. Podemos presentar tu reclamaci\u00f3n y negociar en tu nombre con el menor n\u00famero posible de trastornos en tu vida.<\/p>\n<p>Llama o <a href=\"https:\/\/usa-law.org\/contact-us\/\">ponte en contacto con<\/a> el bufete de Pius Joseph hoy mismo para hablar con un <strong>abogado<\/strong> especializado en <strong>homicidio culposo de California<\/strong>.<\/p>\n","protected":false},"excerpt":{"rendered":"<p>\u00bfEst\u00e1s de luto por la p\u00e9rdida de un familiar querido? Tu oportunidad de obtener una indemnizaci\u00f3n econ\u00f3mica puede caducar si tu demanda no se presenta dentro del plazo de prescripci\u00f3n de la muerte por negligencia de California. Un abogado experto en homicidio culposo de Pasadena del bufete de Pius Joseph&#8230;<\/p>\n","protected":false},"author":7,"featured_media":28399,"parent":28790,"menu_order":0,"comment_status":"closed","ping_status":"closed","template":"","meta":{"_acf_changed":false,"footnotes":""},"class_list":["post-28397","page","type-page","status-publish","has-post-thumbnail","hentry"],"acf":[],"yoast_head":"<!-- This site is optimized with the Yoast SEO plugin v27.4 - https:\/\/yoast.com\/product\/yoast-seo-wordpress\/ -->\n<title>| Law Offices of Pius Joseph<\/title>\n<meta name=\"description\" content=\"Averigua qu\u00e9 es la prescripci\u00f3n por homicidio culposo en California. Pide ayuda hoy mismo a nuestro abogado especializado en homicidio culposo de Pasadena en el bufete de Pius Joseph.\" \/>\n<meta name=\"robots\" content=\"index, follow, max-snippet:-1, max-image-preview:large, max-video-preview:-1\" \/>\n<link rel=\"canonical\" href=\"https:\/\/usa-law.org\/es\/abogado-de-muerte-por-negligencia\/prescripcion-de-la-accion-por-homicidio-culposo\/\" \/>\n<meta property=\"og:locale\" content=\"es_ES\" \/>\n<meta property=\"og:type\" content=\"article\" \/>\n<meta property=\"og:title\" content=\"| Law Offices of Pius Joseph\" \/>\n<meta property=\"og:description\" content=\"Averigua qu\u00e9 es la prescripci\u00f3n por homicidio culposo en California. Pide ayuda hoy mismo a nuestro abogado especializado en homicidio culposo de Pasadena en el bufete de Pius Joseph.\" \/>\n<meta property=\"og:url\" content=\"https:\/\/usa-law.org\/es\/abogado-de-muerte-por-negligencia\/prescripcion-de-la-accion-por-homicidio-culposo\/\" \/>\n<meta property=\"og:site_name\" content=\"Law Offices of Pius Joseph\" \/>\n<meta property=\"article:modified_time\" content=\"2024-06-11T17:06:19+00:00\" \/>\n<meta property=\"og:image\" content=\"https:\/\/usa-law.org\/wp-content\/uploads\/2022\/01\/Wrongful-Death-Statute-of-Limitations.png\" \/>\n\t<meta property=\"og:image:width\" content=\"800\" \/>\n\t<meta property=\"og:image:height\" content=\"600\" \/>\n\t<meta property=\"og:image:type\" content=\"image\/png\" \/>\n<meta name=\"twitter:card\" content=\"summary_large_image\" \/>\n<meta name=\"twitter:label1\" content=\"Est. reading time\" \/>\n\t<meta name=\"twitter:data1\" content=\"6 minutos\" \/>\n<!-- \/ Yoast SEO plugin. -->","yoast_head_json":{"title":"| Law Offices of Pius Joseph","description":"Averigua qu\u00e9 es la prescripci\u00f3n por homicidio culposo en California. Pide ayuda hoy mismo a nuestro abogado especializado en homicidio culposo de Pasadena en el bufete de Pius Joseph.","robots":{"index":"index","follow":"follow","max-snippet":"max-snippet:-1","max-image-preview":"max-image-preview:large","max-video-preview":"max-video-preview:-1"},"canonical":"https:\/\/usa-law.org\/es\/abogado-de-muerte-por-negligencia\/prescripcion-de-la-accion-por-homicidio-culposo\/","og_locale":"es_ES","og_type":"article","og_title":"| Law Offices of Pius Joseph","og_description":"Averigua qu\u00e9 es la prescripci\u00f3n por homicidio culposo en California. Pide ayuda hoy mismo a nuestro abogado especializado en homicidio culposo de Pasadena en el bufete de Pius Joseph.","og_url":"https:\/\/usa-law.org\/es\/abogado-de-muerte-por-negligencia\/prescripcion-de-la-accion-por-homicidio-culposo\/","og_site_name":"Law Offices of Pius Joseph","article_modified_time":"2024-06-11T17:06:19+00:00","og_image":[{"width":800,"height":600,"url":"https:\/\/usa-law.org\/wp-content\/uploads\/2022\/01\/Wrongful-Death-Statute-of-Limitations.png","type":"image\/png"}],"twitter_card":"summary_large_image","twitter_misc":{"Est. reading time":"6 minutos"},"schema":{"@context":"https:\/\/schema.org","@graph":[{"@type":"WebPage","@id":"https:\/\/usa-law.org\/es\/abogado-de-muerte-por-negligencia\/prescripcion-de-la-accion-por-homicidio-culposo\/","url":"https:\/\/usa-law.org\/es\/abogado-de-muerte-por-negligencia\/prescripcion-de-la-accion-por-homicidio-culposo\/","name":"| Law Offices of Pius Joseph","isPartOf":{"@id":"https:\/\/usa-law.org\/es\/#website"},"primaryImageOfPage":{"@id":"https:\/\/usa-law.org\/es\/abogado-de-muerte-por-negligencia\/prescripcion-de-la-accion-por-homicidio-culposo\/#primaryimage"},"image":{"@id":"https:\/\/usa-law.org\/es\/abogado-de-muerte-por-negligencia\/prescripcion-de-la-accion-por-homicidio-culposo\/#primaryimage"},"thumbnailUrl":"https:\/\/usa-law.org\/wp-content\/uploads\/2022\/01\/Wrongful-Death-Statute-of-Limitations.png","datePublished":"2022-01-10T21:53:56+00:00","dateModified":"2024-06-11T17:06:19+00:00","description":"Averigua qu\u00e9 es la prescripci\u00f3n por homicidio culposo en California. Pide ayuda hoy mismo a nuestro abogado especializado en homicidio culposo de Pasadena en el bufete de Pius Joseph.","breadcrumb":{"@id":"https:\/\/usa-law.org\/es\/abogado-de-muerte-por-negligencia\/prescripcion-de-la-accion-por-homicidio-culposo\/#breadcrumb"},"inLanguage":"es","potentialAction":[{"@type":"ReadAction","target":["https:\/\/usa-law.org\/es\/abogado-de-muerte-por-negligencia\/prescripcion-de-la-accion-por-homicidio-culposo\/"]}]},{"@type":"ImageObject","inLanguage":"es","@id":"https:\/\/usa-law.org\/es\/abogado-de-muerte-por-negligencia\/prescripcion-de-la-accion-por-homicidio-culposo\/#primaryimage","url":"https:\/\/usa-law.org\/wp-content\/uploads\/2022\/01\/Wrongful-Death-Statute-of-Limitations.png","contentUrl":"https:\/\/usa-law.org\/wp-content\/uploads\/2022\/01\/Wrongful-Death-Statute-of-Limitations.png","width":800,"height":600},{"@type":"BreadcrumbList","@id":"https:\/\/usa-law.org\/es\/abogado-de-muerte-por-negligencia\/prescripcion-de-la-accion-por-homicidio-culposo\/#breadcrumb","itemListElement":[{"@type":"ListItem","position":1,"name":"Home","item":"https:\/\/usa-law.org\/es\/"},{"@type":"ListItem","position":2,"name":"Abogado de muerte por negligencia","item":"https:\/\/usa-law.org\/es\/abogado-de-muerte-por-negligencia\/"},{"@type":"ListItem","position":3,"name":"Prescripci\u00f3n de la acci\u00f3n por homicidio culposo"}]},{"@type":"WebSite","@id":"https:\/\/usa-law.org\/es\/#website","url":"https:\/\/usa-law.org\/es\/","name":"Law Offices of Pius Joseph","description":"Pasadena, CA Personal Injury Attorneys","publisher":{"@id":"https:\/\/usa-law.org\/es\/#organization"},"potentialAction":[{"@type":"SearchAction","target":{"@type":"EntryPoint","urlTemplate":"https:\/\/usa-law.org\/es\/?s={search_term_string}"},"query-input":{"@type":"PropertyValueSpecification","valueRequired":true,"valueName":"search_term_string"}}],"inLanguage":"es"},{"@type":"Organization","@id":"https:\/\/usa-law.org\/es\/#organization","name":"Law Offices of Pius Joseph - Personal injury attorney","url":"https:\/\/usa-law.org\/es\/","logo":{"@type":"ImageObject","inLanguage":"es","@id":"https:\/\/usa-law.org\/es\/#\/schema\/logo\/image\/","url":"https:\/\/usa-law.org\/wp-content\/uploads\/2019\/07\/logo.png","contentUrl":"https:\/\/usa-law.org\/wp-content\/uploads\/2019\/07\/logo.png","width":273,"height":84,"caption":"Law Offices of Pius Joseph - Personal injury attorney"},"image":{"@id":"https:\/\/usa-law.org\/es\/#\/schema\/logo\/image\/"}}]}},"_links":{"self":[{"href":"https:\/\/usa-law.org\/es\/wp-json\/wp\/v2\/pages\/28397","targetHints":{"allow":["GET"]}}],"collection":[{"href":"https:\/\/usa-law.org\/es\/wp-json\/wp\/v2\/pages"}],"about":[{"href":"https:\/\/usa-law.org\/es\/wp-json\/wp\/v2\/types\/page"}],"author":[{"embeddable":true,"href":"https:\/\/usa-law.org\/es\/wp-json\/wp\/v2\/users\/7"}],"replies":[{"embeddable":true,"href":"https:\/\/usa-law.org\/es\/wp-json\/wp\/v2\/comments?post=28397"}],"version-history":[{"count":0,"href":"https:\/\/usa-law.org\/es\/wp-json\/wp\/v2\/pages\/28397\/revisions"}],"up":[{"embeddable":true,"href":"https:\/\/usa-law.org\/es\/wp-json\/wp\/v2\/pages\/28790"}],"wp:featuredmedia":[{"embeddable":true,"href":"https:\/\/usa-law.org\/es\/wp-json\/wp\/v2\/media\/28399"}],"wp:attachment":[{"href":"https:\/\/usa-law.org\/es\/wp-json\/wp\/v2\/media?parent=28397"}],"curies":[{"name":"wp","href":"https:\/\/api.w.org\/{rel}","templated":true}]}}