{"id":28398,"date":"2022-07-12T13:46:51","date_gmt":"2022-07-12T13:46:51","guid":{"rendered":"https:\/\/piusjoseph.wpenginepowered.com\/puede-una-lesion-cerebral-traumatica-desencadenar-trastornos-de-la-personalidad\/"},"modified":"2024-11-25T07:16:18","modified_gmt":"2024-11-25T07:16:18","slug":"puede-una-lesion-cerebral-traumatica-desencadenar-trastornos-de-la-personalidad","status":"publish","type":"page","link":"https:\/\/usa-law.org\/es\/lesiones-cerebrales-traumaticas\/puede-una-lesion-cerebral-traumatica-desencadenar-trastornos-de-la-personalidad\/","title":{"rendered":"\u00bfPuede una lesi\u00f3n cerebral traum\u00e1tica desencadenar trastornos de la personalidad?"},"content":{"rendered":"<p>Algunos signos de lesi\u00f3n cerebral traum\u00e1tica (LCT) son evidentes. La p\u00e9rdida de conciencia, las dificultades para hablar y los problemas de movilidad son visibles para cualquier observador. Pero otras complicaciones de la LCT no son tan evidentes. Los cambios de personalidad son uno de ellos. Enfrentarse a los trastornos de la personalidad provocados por una lesi\u00f3n cerebral traum\u00e1tica puede ser dif\u00edcil y desgarrador para los supervivientes y sus familias. En el <a href=\"https:\/\/usa-law.org\/\">Bufete de Pius<\/a> Joseph comprendemos lo estresante que puede ser este momento y lo vulnerable que puedes sentirte al afrontar estos retos. Si tu LCT es consecuencia de la negligencia de otra persona, podr\u00edas tener derecho a una indemnizaci\u00f3n en California. Aunque el dinero no puede cambiar tu situaci\u00f3n, puede ayudarte a buscar el tratamiento que necesitas para controlar tu enfermedad. Si has sufrido una lesi\u00f3n cerebral traum\u00e1tica en Pasadena, ponte en contacto con nuestro bufete de abogados hoy mismo. Podemos revisar tu situaci\u00f3n y discutir tus derechos a indemnizaci\u00f3n en una consulta gratuita. Llama ahora y rellena nuestro formulario online para hablar con un <a href=\"https:\/\/usa-law.org\/traumatic-brain-injury-attorney\/\">abogado experto en LCT<\/a> en Pasadena, CA.  <\/p>\n<h2>S\u00edntomas de una lesi\u00f3n cerebral traum\u00e1tica<\/h2>\n<p>  Una lesi\u00f3n cerebral traum\u00e1tica puede producirse tras una sacudida brusca o violenta en la cabeza. Una lesi\u00f3n cerebral tambi\u00e9n puede ser consecuencia de una lesi\u00f3n penetrante, como una herida de bala. Las LCT pueden variar en gravedad y causar una amplia gama de s\u00edntomas f\u00edsicos y mentales, como:  <\/p>\n<ul>\n<li>Dolor de cabeza<\/li>\n<li>P\u00e9rdida de conocimiento<\/li>\n<li>N\u00e1useas<\/li>\n<li>V\u00f3mitos<\/li>\n<li>Fatiga<\/li>\n<li>Mareos<\/li>\n<li>Sensibilidad a la luz o al sonido<\/li>\n<li>Cambios en la audici\u00f3n o la visi\u00f3n<\/li>\n<li>P\u00e9rdida de coordinaci\u00f3n o movilidad<\/li>\n<li>Convulsiones<\/li>\n<li>Cambios en los patrones de sue\u00f1o o de alimentaci\u00f3n<\/li>\n<li>Depresi\u00f3n<\/li>\n<li>Cambios de humor<\/li>\n<li>Problemas de memoria<\/li>\n<li>Cambios de comportamiento<\/li>\n<li>Confusi\u00f3n<\/li>\n<li>Habla arrastrada<\/li>\n<\/ul>\n<p>  Algunos s\u00edntomas pueden desarrollarse inmediatamente, mientras que otros se manifiestan lentamente a lo largo de varias horas o d\u00edas.  <\/p>\n<h2>Ejemplos de cambios de comportamiento tras una LCT<\/h2>\n<p>  Una personalidad es una combinaci\u00f3n \u00fanica de pensamientos, emociones, comportamientos y experiencias pasadas individuales. Nos hace ser quienes somos. Pero una LCT puede da\u00f1ar las partes del cerebro responsables del control de los impulsos, la cognici\u00f3n, el lenguaje, la comunicaci\u00f3n y la memoria. Este trauma puede desencadenar cambios importantes en la personalidad. Algunos ejemplos de cambios de comportamiento tras una LCT pueden ser:  <\/p>\n<ul>\n<li>Cambios de humor<\/li>\n<li>Comportamiento agresivo<\/li>\n<li>Comportamiento infantil<\/li>\n<li>Pensamientos o h\u00e1bitos obsesivos<\/li>\n<li>Comportamiento egoc\u00e9ntrico o egoc\u00e9ntrico<\/li>\n<li>Dificultades de autocontrol<\/li>\n<li>Participar en comportamientos de riesgo<\/li>\n<li>Exabruptos verbales o f\u00edsicos<\/li>\n<li>Desaf\u00edos sociales<\/li>\n<li>Comportamiento sexual inapropiado<\/li>\n<\/ul>\n<p>  Los efectos psicol\u00f3gicos de una lesi\u00f3n cerebral pueden ser aterradores. Una LCT puede desencadenar un trastorno narcisista de la personalidad, un trastorno l\u00edmite de la personalidad y un comportamiento agresivo. Si observas ejemplos de cambios de comportamiento tras una lesi\u00f3n cerebral, consulta inmediatamente a tu m\u00e9dico.  <\/p>\n<div class=\"text-center\"><iframe loading=\"lazy\" title=\"Reproductor de v\u00eddeo de YouTube\" src=\"https:\/\/www.youtube.com\/embed\/0MEQtRu2IT0\" width=\"560\" height=\"315\" frameborder=\"0\" allowfullscreen=\"allowfullscreen\"><\/iframe><\/div>\n<p>&nbsp;<\/p>\n<h2>Manejar los cambios de personalidad tras una LCT<\/h2>\n<p>  Los efectos f\u00edsicos de un traumatismo cerebral pueden ser bastante dif\u00edciles de sobrellevar, pero los cambios de personalidad pueden ser devastadores. Puedes sentirte insegura de ti misma, confusa y asustada por lo que est\u00e1 ocurriendo. Sin duda tendr\u00e1s preguntas y querr\u00e1s confiar en alguien tus sentimientos.  <\/p>\n<ul>\n<li><strong>Considera la posibilidad de acudir a terapia<\/strong> &#8211; Una de las formas m\u00e1s productivas de afrontar los cambios de personalidad es hablar con un profesional de la salud mental. Busca un terapeuta que tenga experiencia con lesiones cerebrales traum\u00e1ticas. Un psic\u00f3logo puede ayudarte a navegar por tus emociones, comprender tu trastorno de personalidad y ofrecerte consejo en un entorno seguro y sin prejuicios.<\/li>\n<li><strong>Consigue el apoyo de familiares y amigos<\/strong> &#8211; Puede ser \u00fatil contar con el apoyo de amigos y familiares mientras te recuperas. Puedes sentir la tentaci\u00f3n de alejar a tus seres queridos. Mant\u00e9n cerca a tus amigos y familiares y deja que te ayuden de cualquier forma que te haga sentir c\u00f3moda.<\/li>\n<li><strong>Identifica tus desencadenantes<\/strong> &#8211; \u00bfHay ciertas cosas que te hacen sentir diferente? \u00bfSobreestimulado? \u00bfEnojado? Aprende a identificar tus desencadenantes. Cuando comprendas qu\u00e9 desencadena un arrebato o una respuesta emocional, puede que te resulte m\u00e1s f\u00e1cil cambiar de rumbo.<\/li>\n<li><strong>Lleva un diario<\/strong> &#8211; Puede que te resulte dif\u00edcil expresarte verbalmente tras una lesi\u00f3n cerebral traum\u00e1tica y un cambio de personalidad. Llevar un diario puede ser una forma m\u00e1s f\u00e1cil de expresarte y de procesar tus pensamientos y sentimientos.<\/li>\n<li>S\u00e9 <strong>paciente<\/strong> &#8211; S\u00e9 amable contigo mismo. Has pasado por una terrible experiencia y te enfrentas a complicaciones m\u00e9dicas que te cambiar\u00e1n la vida. La curaci\u00f3n requiere tiempo. Intenta darte el tiempo y el espacio que necesitas para recuperarte. Busca ayuda m\u00e9dica inmediata si experimentas signos de ansiedad y depresi\u00f3n.<\/li>\n<\/ul>\n<p>  Si eres cuidador, probablemente te preguntes c\u00f3mo gestionar el nuevo trastorno psiqui\u00e1trico de tu ser querido. Aqu\u00ed tienes recursos que te ayudar\u00e1n a comprender la LCT y c\u00f3mo puedes ayudar a tu familiar y gestionar tus propias emociones:  <\/p>\n<ul>\n<li>Asociaci\u00f3n de Lesiones Cerebrales de California<\/li>\n<li>Centro de Informaci\u00f3n para Cuidadores de la Asociaci\u00f3n Americana de Lesiones Cerebrales<\/li>\n<li>Gu\u00eda para cuidadores del Centro Shepherd<\/li>\n<\/ul>\n<h2>\u00bfY el trastorno bipolar?<\/h2>\n<p>  Los estudios indican una relaci\u00f3n entre las lesiones cerebrales traum\u00e1ticas y el desarrollo de trastornos del estado de \u00e1nimo, la personalidad y la ansiedad. Un estudio m\u00e9dico sugiere que las personas diagnosticadas de una LCT tienen 28 veces m\u00e1s probabilidades de ser diagnosticadas de trastorno bipolar. El trastorno bipolar es una enfermedad mental que puede causar cambios de humor extremos caracterizados por subidas man\u00edacas y bajadas depresivas. Existen varias enfermedades bipolares, entre ellas:  <\/p>\n<ul>\n<li>Trastorno bipolar I<\/li>\n<li>Trastorno bipolar II<\/li>\n<li>Trastorno ciclot\u00edmico<\/li>\n<\/ul>\n<p>  Por desgracia, muchas personas con trastorno bipolar no reconocen c\u00f3mo afecta a su vida su inestabilidad emocional. Habla con un profesional de la salud mental si experimentas cambios de humor, periodos de gran energ\u00eda seguidos de depresi\u00f3n, o tienes pensamientos suicidas.  <\/p>\n<h2>C\u00f3mo solicitar una indemnizaci\u00f3n por una LCT<\/h2>\n<p>  Buscar <a href=\"https:\/\/usa-law.org\/how-much-is-a-traumatic-brain-injury-claim-worth-in-california\/\">una indemnizaci\u00f3n por una lesi\u00f3n cerebral traum\u00e1tica<\/a> y los cambios de personalidad asociados puede ser complicado. Los efectos emocionales de una LCT son reales, pero no tan visibles como las discapacidades corporales. Esto hace que sea dif\u00edcil cuantificar el impacto mental de una LCT. Se necesita abundante documentaci\u00f3n m\u00e9dica y declaraciones de testigos para demostrar que sufriste un cambio de personalidad debido a la lesi\u00f3n. Un abogado experto en LCT puede recopilar esa informaci\u00f3n por ti y exigir la m\u00e1xima indemnizaci\u00f3n a la compa\u00f1\u00eda de seguros.  <\/p>\n<h2>Nuestro abogado especializado en LCT de California est\u00e1 siempre dispuesto a ayudarte<\/h2>\n<p>  \u00bfEst\u00e1s afrontando un trastorno de la personalidad tras una LCT? El equipo jur\u00eddico del Bufete de P\u00edo Jos\u00e9 puede ayudarte a <a href=\"https:\/\/usa-law.org\/traumatic-brain-injury-attorney\/settlements\/\">reclamar una indemnizaci\u00f3n<\/a> si otra parte es responsable del accidente que te lesion\u00f3. No est\u00e1s sola y mereces justicia. Ll\u00e1manos o ponte en contacto con nosotros hoy mismo para la <a href=\"https:\/\/usa-law.org\/contact-us\/\">revisi\u00f3n gratuita de tu caso<\/a>.<\/p>\n","protected":false},"excerpt":{"rendered":"<p>Algunos signos de lesi\u00f3n cerebral traum\u00e1tica (LCT) son evidentes. La p\u00e9rdida de conciencia, las dificultades para hablar y los problemas de movilidad son visibles para cualquier observador. Pero otras complicaciones de la LCT no son tan evidentes. Los cambios de personalidad son uno de ellos. Enfrentarse a los trastornos de&#8230;<\/p>\n","protected":false},"author":7,"featured_media":28400,"parent":28833,"menu_order":0,"comment_status":"closed","ping_status":"closed","template":"","meta":{"_acf_changed":false,"footnotes":""},"class_list":["post-28398","page","type-page","status-publish","has-post-thumbnail","hentry"],"acf":[],"yoast_head":"<!-- This site is optimized with the Yoast SEO plugin v27.5 - https:\/\/yoast.com\/product\/yoast-seo-wordpress\/ -->\n<title>\u00bfPuede una LCT desencadenar trastornos de la personalidad? | P\u00edo Jos\u00e9<\/title>\n<meta name=\"description\" content=\"\u00bfEst\u00e1s afrontando un trastorno de la personalidad tras una LCT? Ponte en contacto con el Abogado TBI de California del bufete de Pius Joseph para obtener justicia. obt\u00e9n una consulta gratuita.\" \/>\n<meta name=\"robots\" content=\"index, follow, max-snippet:-1, max-image-preview:large, max-video-preview:-1\" \/>\n<link rel=\"canonical\" href=\"https:\/\/usa-law.org\/es\/lesiones-cerebrales-traumaticas\/puede-una-lesion-cerebral-traumatica-desencadenar-trastornos-de-la-personalidad\/\" \/>\n<meta property=\"og:locale\" content=\"es_ES\" \/>\n<meta property=\"og:type\" content=\"article\" \/>\n<meta property=\"og:title\" content=\"\u00bfPuede una LCT desencadenar trastornos de la personalidad? | P\u00edo Jos\u00e9\" \/>\n<meta property=\"og:description\" content=\"\u00bfEst\u00e1s afrontando un trastorno de la personalidad tras una LCT? Ponte en contacto con el Abogado TBI de California del bufete de Pius Joseph para obtener justicia. obt\u00e9n una consulta gratuita.\" \/>\n<meta property=\"og:url\" content=\"https:\/\/usa-law.org\/es\/lesiones-cerebrales-traumaticas\/puede-una-lesion-cerebral-traumatica-desencadenar-trastornos-de-la-personalidad\/\" \/>\n<meta property=\"og:site_name\" content=\"Law Offices of Pius Joseph\" \/>\n<meta property=\"article:modified_time\" content=\"2024-11-25T07:16:18+00:00\" \/>\n<meta property=\"og:image\" content=\"https:\/\/usa-law.org\/wp-content\/uploads\/2022\/07\/Traumatic-Brain-Injury-Triggers-Personality-Disorders.jpg\" \/>\n\t<meta property=\"og:image:width\" content=\"800\" \/>\n\t<meta property=\"og:image:height\" content=\"600\" \/>\n\t<meta property=\"og:image:type\" content=\"image\/jpeg\" \/>\n<meta name=\"twitter:card\" content=\"summary_large_image\" \/>\n<meta name=\"twitter:label1\" content=\"Est. reading time\" \/>\n\t<meta name=\"twitter:data1\" content=\"6 minutos\" \/>\n<!-- \/ Yoast SEO plugin. -->","yoast_head_json":{"title":"\u00bfPuede una LCT desencadenar trastornos de la personalidad? | P\u00edo Jos\u00e9","description":"\u00bfEst\u00e1s afrontando un trastorno de la personalidad tras una LCT? Ponte en contacto con el Abogado TBI de California del bufete de Pius Joseph para obtener justicia. obt\u00e9n una consulta gratuita.","robots":{"index":"index","follow":"follow","max-snippet":"max-snippet:-1","max-image-preview":"max-image-preview:large","max-video-preview":"max-video-preview:-1"},"canonical":"https:\/\/usa-law.org\/es\/lesiones-cerebrales-traumaticas\/puede-una-lesion-cerebral-traumatica-desencadenar-trastornos-de-la-personalidad\/","og_locale":"es_ES","og_type":"article","og_title":"\u00bfPuede una LCT desencadenar trastornos de la personalidad? | P\u00edo Jos\u00e9","og_description":"\u00bfEst\u00e1s afrontando un trastorno de la personalidad tras una LCT? Ponte en contacto con el Abogado TBI de California del bufete de Pius Joseph para obtener justicia. obt\u00e9n una consulta gratuita.","og_url":"https:\/\/usa-law.org\/es\/lesiones-cerebrales-traumaticas\/puede-una-lesion-cerebral-traumatica-desencadenar-trastornos-de-la-personalidad\/","og_site_name":"Law Offices of Pius Joseph","article_modified_time":"2024-11-25T07:16:18+00:00","og_image":[{"width":800,"height":600,"url":"https:\/\/usa-law.org\/wp-content\/uploads\/2022\/07\/Traumatic-Brain-Injury-Triggers-Personality-Disorders.jpg","type":"image\/jpeg"}],"twitter_card":"summary_large_image","twitter_misc":{"Est. reading time":"6 minutos"},"schema":{"@context":"https:\/\/schema.org","@graph":[{"@type":"WebPage","@id":"https:\/\/usa-law.org\/es\/lesiones-cerebrales-traumaticas\/puede-una-lesion-cerebral-traumatica-desencadenar-trastornos-de-la-personalidad\/","url":"https:\/\/usa-law.org\/es\/lesiones-cerebrales-traumaticas\/puede-una-lesion-cerebral-traumatica-desencadenar-trastornos-de-la-personalidad\/","name":"\u00bfPuede una LCT desencadenar trastornos de la personalidad? | P\u00edo Jos\u00e9","isPartOf":{"@id":"https:\/\/usa-law.org\/es\/#website"},"primaryImageOfPage":{"@id":"https:\/\/usa-law.org\/es\/lesiones-cerebrales-traumaticas\/puede-una-lesion-cerebral-traumatica-desencadenar-trastornos-de-la-personalidad\/#primaryimage"},"image":{"@id":"https:\/\/usa-law.org\/es\/lesiones-cerebrales-traumaticas\/puede-una-lesion-cerebral-traumatica-desencadenar-trastornos-de-la-personalidad\/#primaryimage"},"thumbnailUrl":"https:\/\/usa-law.org\/wp-content\/uploads\/2022\/07\/Traumatic-Brain-Injury-Triggers-Personality-Disorders.jpg","datePublished":"2022-07-12T13:46:51+00:00","dateModified":"2024-11-25T07:16:18+00:00","description":"\u00bfEst\u00e1s afrontando un trastorno de la personalidad tras una LCT? Ponte en contacto con el Abogado TBI de California del bufete de Pius Joseph para obtener justicia. obt\u00e9n una consulta gratuita.","breadcrumb":{"@id":"https:\/\/usa-law.org\/es\/lesiones-cerebrales-traumaticas\/puede-una-lesion-cerebral-traumatica-desencadenar-trastornos-de-la-personalidad\/#breadcrumb"},"inLanguage":"es","potentialAction":[{"@type":"ReadAction","target":["https:\/\/usa-law.org\/es\/lesiones-cerebrales-traumaticas\/puede-una-lesion-cerebral-traumatica-desencadenar-trastornos-de-la-personalidad\/"]}]},{"@type":"ImageObject","inLanguage":"es","@id":"https:\/\/usa-law.org\/es\/lesiones-cerebrales-traumaticas\/puede-una-lesion-cerebral-traumatica-desencadenar-trastornos-de-la-personalidad\/#primaryimage","url":"https:\/\/usa-law.org\/wp-content\/uploads\/2022\/07\/Traumatic-Brain-Injury-Triggers-Personality-Disorders.jpg","contentUrl":"https:\/\/usa-law.org\/wp-content\/uploads\/2022\/07\/Traumatic-Brain-Injury-Triggers-Personality-Disorders.jpg","width":800,"height":600},{"@type":"BreadcrumbList","@id":"https:\/\/usa-law.org\/es\/lesiones-cerebrales-traumaticas\/puede-una-lesion-cerebral-traumatica-desencadenar-trastornos-de-la-personalidad\/#breadcrumb","itemListElement":[{"@type":"ListItem","position":1,"name":"Home","item":"https:\/\/usa-law.org\/es\/"},{"@type":"ListItem","position":2,"name":"Lesiones cerebrales traum\u00e1ticas","item":"https:\/\/usa-law.org\/es\/lesiones-cerebrales-traumaticas\/"},{"@type":"ListItem","position":3,"name":"\u00bfPuede una lesi\u00f3n cerebral traum\u00e1tica desencadenar trastornos de la personalidad?"}]},{"@type":"WebSite","@id":"https:\/\/usa-law.org\/es\/#website","url":"https:\/\/usa-law.org\/es\/","name":"Law Offices of Pius Joseph","description":"Pasadena, CA Personal Injury Attorneys","publisher":{"@id":"https:\/\/usa-law.org\/es\/#organization"},"potentialAction":[{"@type":"SearchAction","target":{"@type":"EntryPoint","urlTemplate":"https:\/\/usa-law.org\/es\/?s={search_term_string}"},"query-input":{"@type":"PropertyValueSpecification","valueRequired":true,"valueName":"search_term_string"}}],"inLanguage":"es"},{"@type":"Organization","@id":"https:\/\/usa-law.org\/es\/#organization","name":"Law Offices of Pius Joseph - Personal injury attorney","url":"https:\/\/usa-law.org\/es\/","logo":{"@type":"ImageObject","inLanguage":"es","@id":"https:\/\/usa-law.org\/es\/#\/schema\/logo\/image\/","url":"https:\/\/usa-law.org\/wp-content\/uploads\/2019\/07\/logo.png","contentUrl":"https:\/\/usa-law.org\/wp-content\/uploads\/2019\/07\/logo.png","width":273,"height":84,"caption":"Law Offices of Pius Joseph - Personal injury attorney"},"image":{"@id":"https:\/\/usa-law.org\/es\/#\/schema\/logo\/image\/"}}]}},"_links":{"self":[{"href":"https:\/\/usa-law.org\/es\/wp-json\/wp\/v2\/pages\/28398","targetHints":{"allow":["GET"]}}],"collection":[{"href":"https:\/\/usa-law.org\/es\/wp-json\/wp\/v2\/pages"}],"about":[{"href":"https:\/\/usa-law.org\/es\/wp-json\/wp\/v2\/types\/page"}],"author":[{"embeddable":true,"href":"https:\/\/usa-law.org\/es\/wp-json\/wp\/v2\/users\/7"}],"replies":[{"embeddable":true,"href":"https:\/\/usa-law.org\/es\/wp-json\/wp\/v2\/comments?post=28398"}],"version-history":[{"count":0,"href":"https:\/\/usa-law.org\/es\/wp-json\/wp\/v2\/pages\/28398\/revisions"}],"up":[{"embeddable":true,"href":"https:\/\/usa-law.org\/es\/wp-json\/wp\/v2\/pages\/28833"}],"wp:featuredmedia":[{"embeddable":true,"href":"https:\/\/usa-law.org\/es\/wp-json\/wp\/v2\/media\/28400"}],"wp:attachment":[{"href":"https:\/\/usa-law.org\/es\/wp-json\/wp\/v2\/media?parent=28398"}],"curies":[{"name":"wp","href":"https:\/\/api.w.org\/{rel}","templated":true}]}}