{"id":28405,"date":"2021-12-30T19:01:11","date_gmt":"2021-12-30T19:01:11","guid":{"rendered":"https:\/\/piusjoseph.wpenginepowered.com\/muerte-por-negligencia-vs-accion-de-supervivencia\/"},"modified":"2024-11-25T07:12:46","modified_gmt":"2024-11-25T07:12:46","slug":"muerte-por-negligencia-vs-accion-de-supervivencia","status":"publish","type":"page","link":"https:\/\/usa-law.org\/es\/abogado-de-muerte-por-negligencia\/muerte-por-negligencia-vs-accion-de-supervivencia\/","title":{"rendered":"Muerte por negligencia vs. Acci\u00f3n de supervivencia"},"content":{"rendered":"<p>Cuando la negligencia de otra parte causa la muerte de una persona, los familiares que quedan pueden tener derecho a una indemnizaci\u00f3n por homicidio culposo por sus p\u00e9rdidas econ\u00f3micas y emocionales. Sin embargo, en estos casos tambi\u00e9n es posible otro tipo de demanda: una acci\u00f3n de supervivencia. Una acci\u00f3n de supervivencia es la reclamaci\u00f3n legal que la persona fallecida podr\u00eda haber presentado si hubiera sobrevivido a sus lesiones.<\/p>\n<p>Es esencial comprender la diferencia entre una demanda por homicidio culposo y una acci\u00f3n de supervivencia cuando las familias consideran sus opciones legales tras una p\u00e9rdida tan devastadora. Durante m\u00e1s de 30 a\u00f1os, el Bufete de Pius Joseph ha ofrecido una representaci\u00f3n compasiva y feroz a personas lesionadas en Pasadena y en toda California.<\/p>\n<p>Nuestro bufete cuenta con los recursos y la experiencia necesarios para tratar incluso los casos m\u00e1s dif\u00edciles. Creemos que t\u00fa y tu familia no deb\u00e9is conformaros con menos de una indemnizaci\u00f3n justa y completa por vuestra p\u00e9rdida. Puedes confiar en que nuestro bufete har\u00e1 de tu caso una prioridad y pondr\u00e1 todo su empe\u00f1o en buscar la m\u00e1xima recuperaci\u00f3n econ\u00f3mica en tu nombre.<\/p>\n<p>Ll\u00e1manos o <a href=\"https:\/\/usa-law.org\/contact-us\/\">ponte en contacto con nosotros<\/a> hoy mismo para una consulta gratuita.<\/p>\n<h2>\u00bfCu\u00e1l es la diferencia entre la muerte por negligencia y las acciones de supervivencia?<\/h2>\n<p>Aunque <a href=\"https:\/\/usa-law.org\/wrongful-death-attorney\/who-can-file-for-wrongful-death\/\">las demandas por homicidio culposo<\/a> y las acciones de supervivencia suelen agruparse, tienen diferencias importantes.<\/p>\n<p>Una demanda por homicidio culposo indemniza a los familiares restantes por las p\u00e9rdidas sufridas a causa del fallecimiento de su ser querido. El dinero podr\u00eda cubrir p\u00e9rdidas como<\/p>\n<ul>\n<li>Gastos funerarios<\/li>\n<li>Angustia emocional<\/li>\n<li>P\u00e9rdida de apoyo financiero<\/li>\n<li>P\u00e9rdida de los servicios del fallecido para el hogar<\/li>\n<li>P\u00e9rdida de su compa\u00f1\u00eda, afecto y orientaci\u00f3n<\/li>\n<\/ul>\n<p>Una acci\u00f3n de supervivencia, por otra parte, busca una indemnizaci\u00f3n por las p\u00e9rdidas que la persona fallecida podr\u00eda haber reclamado mediante una demanda por lesiones personales si hubiera vivido. La indemnizaci\u00f3n de una acci\u00f3n de supervivencia podr\u00eda incluir dinero por:<\/p>\n<ul>\n<li>Gastos m\u00e9dicos<\/li>\n<li>Salarios perdidos<\/li>\n<li>Dolor y sufrimiento conscientes que el fallecido padeci\u00f3 antes de su muerte<\/li>\n<li>Da\u00f1os punitivos<\/li>\n<\/ul>\n<p>Las acciones de supervivencia s\u00f3lidas suelen demostrar que el individuo fallecido vivi\u00f3 antes de sucumbir a una lesi\u00f3n o enfermedad mortal, aunque s\u00f3lo fuera durante un breve periodo de tiempo. Una persona que fallece inmediatamente despu\u00e9s de una lesi\u00f3n probablemente sufra pocas o ninguna p\u00e9rdida monetaria, lo que podr\u00eda significar que una acci\u00f3n de supervivencia no es la mejor v\u00eda legal que puedes emprender.<\/p>\n<p>En cambio, alguien que vive semanas o meses despu\u00e9s de una lesi\u00f3n puede sufrir p\u00e9rdidas importantes que pueden recuperarse mediante una demanda de supervivencia. Un abogado experto en lesiones personales explorar\u00e1 todas las opciones legales a tu alcance.<\/p>\n<p>&nbsp;<\/p>\n<h2>\u00bfQui\u00e9n puede presentar una demanda?<\/h2>\n<p><img loading=\"lazy\" decoding=\"async\" class=\"size-medium wp-image-21503 alignright\" src=\"https:\/\/usa-law.org\/wp-content\/uploads\/2022\/03\/wrongful-death-vs-survival-action-in-california-300x225.jpg\" alt=\"muerte por negligencia vs acci\u00f3n de supervivencia en california\" width=\"300\" height=\"225\" srcset=\"https:\/\/usa-law.org\/wp-content\/uploads\/2022\/03\/wrongful-death-vs-survival-action-in-california-300x225.jpg 300w, https:\/\/usa-law.org\/wp-content\/uploads\/2022\/03\/wrongful-death-vs-survival-action-in-california-768x576.jpg 768w, https:\/\/usa-law.org\/wp-content\/uploads\/2022\/03\/wrongful-death-vs-survival-action-in-california.jpg 800w\" sizes=\"auto, (max-width: 300px) 100vw, 300px\" \/>En California, los familiares supervivientes de una persona fallecida presentan una demanda por homicidio culposo. Los miembros de la familia elegibles son<\/p>\n<ul>\n<li>Un c\u00f3nyuge o pareja de hecho<\/li>\n<li>Ni\u00f1os<\/li>\n<li>Nietos nacidos de un hijo que falleci\u00f3 antes que el difunto<\/li>\n<\/ul>\n<p>Si una persona no deja ninguno de estos familiares supervivientes, la demanda por homicidio culposo puede ser presentada por cualquier otro familiar que tuviera derecho a heredar en virtud de <a href=\"https:\/\/leginfo.legislature.ca.gov\/faces\/codes_displayText.xhtml?lawCode=PROB&amp;division=6.&amp;title=&amp;part=2.&amp;chapter=1.&amp;article\" target=\"_blank\" rel=\"noopener noreferrer\">la ley de sucesi\u00f3n intestada de California<\/a>, como los padres o hermanos supervivientes.<\/p>\n<p>Por \u00faltimo, pueden presentar una demanda por homicidio culposo determinadas personas que depend\u00edan econ\u00f3micamente de la persona fallecida en el momento de su muerte, entre ellas:<\/p>\n<ul>\n<li>Un c\u00f3nyuge putativo, o alguien que cre\u00eda de buena fe y por error que estaba legalmente casado con el difunto<\/li>\n<li>Hijos del c\u00f3nyuge putativo del difunto<\/li>\n<li>Hijastros<\/li>\n<li>Tutores legales, si los padres del difunto hab\u00edan fallecido<\/li>\n<\/ul>\n<p>Una <a href=\"https:\/\/www.google.com\/maps?cid=10189409246452284727\" target=\"_blank\" rel=\"noopener noreferrer\">acci\u00f3n de supervivencia en<\/a> California debe ser presentada por el representante personal de la sucesi\u00f3n de una persona fallecida. Como activo del patrimonio del difunto, el dinero recuperado de una acci\u00f3n de supervivencia se distribuye a los herederos del difunto seg\u00fan el testamento de \u00e9ste o las leyes de sucesi\u00f3n intestada de California. Si la herencia no tiene representante personal, la acci\u00f3n de supervivencia puede ser presentada por una persona con derecho a heredar de la herencia del difunto mediante testamento o en virtud de la ley de sucesi\u00f3n intestada de California.<\/p>\n<div class=\"text-center\"><iframe loading=\"lazy\" title=\"Reproductor de v\u00eddeo de YouTube\" src=\"https:\/\/www.youtube.com\/embed\/rQb19ks-3-k\" width=\"560\" height=\"315\" frameborder=\"0\" allowfullscreen=\"allowfullscreen\"><\/iframe><\/div>\n<h2>\u00bfEs diferente el plazo de prescripci\u00f3n?<\/h2>\n<p>Las demandas por homicidio culposo y las acciones de supervivencia pueden tener distintos plazos de prescripci\u00f3n.<\/p>\n<p>Una demanda por homicidio culposo debe presentarse en el plazo de dos a\u00f1os a partir de la fecha del fallecimiento del difunto.<br \/>\nPor el contrario, una demanda por supervivencia debe presentarse en el plazo de dos a\u00f1os a partir de la fecha en que se produjo el acto il\u00edcito, o de seis meses a partir de la fecha de su fallecimiento, lo que ocurra m\u00e1s tarde.<\/p>\n<p>Mientras que una familia tiene hasta dos a\u00f1os para presentar una demanda por <a href=\"https:\/\/usa-law.org\/wrongful-death-attorney\/\"><br \/>\n  <strong>demanda por homicidio culposo<\/strong><br \/>\n<\/a>el representante personal de la sucesi\u00f3n del difunto o un heredero del difunto pueden disponer de menos tiempo para presentar una demanda de acci\u00f3n de supervivencia. Lo mejor es que consultes a un abogado lo antes posible para asegurarte de que tu caso cumple el plazo de prescripci\u00f3n adecuado en California.<\/p>\n<h2>Contacta con un abogado de Pasadena especializado en homicidio culposo<\/h2>\n<p><img loading=\"lazy\" decoding=\"async\" class=\"size-medium alignleft\" src=\"https:\/\/lh5.googleusercontent.com\/p\/AF1QipOv7sjkdMyidc6t9ArK8p_poBZySclGs-0-Mvn8=w203-h288-k-no\" alt=\"abogado de muerte por negligencia california\" width=\"203\" height=\"288\">Si t\u00fa y tu familia hab\u00e9is perdido a un familiar por culpa de otra persona, la parte culpable puede y debe responder de su negligencia. Ponte en contacto con el bufete <a href=\"https:\/\/www.google.com\/maps?cid=10189409246452284727\" target=\"_blank\" rel=\"noopener noreferrer\">de Pius Joseph &#8211; Abogado de lesiones personales en Pasadena, CA<\/a> hoy mismo para una evaluaci\u00f3n privada y gratuita de tu caso. Lucharemos por ti y exigiremos la justicia y la indemnizaci\u00f3n que mereces.<\/p>\n","protected":false},"excerpt":{"rendered":"<p>Cuando la negligencia de otra parte causa la muerte de una persona, los familiares que quedan pueden tener derecho a una indemnizaci\u00f3n por homicidio culposo por sus p\u00e9rdidas econ\u00f3micas y emocionales. Sin embargo, en estos casos tambi\u00e9n es posible otro tipo de demanda: una acci\u00f3n de supervivencia. Una acci\u00f3n de&#8230;<\/p>\n","protected":false},"author":7,"featured_media":28413,"parent":28790,"menu_order":0,"comment_status":"closed","ping_status":"closed","template":"","meta":{"_acf_changed":false,"footnotes":""},"class_list":["post-28405","page","type-page","status-publish","has-post-thumbnail","hentry"],"acf":[],"yoast_head":"<!-- This site is optimized with the Yoast SEO plugin v27.5 - https:\/\/yoast.com\/product\/yoast-seo-wordpress\/ -->\n<title>Muerte por negligencia frente a acci\u00f3n de supervivencia - Abogado de accidentes mortales<\/title>\n<meta name=\"description\" content=\"Si t\u00fa y tu familia hab\u00e9is perdido a un familiar por culpa de los actos il\u00edcitos de otra persona, ponte en contacto con el bufete de abogados de P\u00edo Jos\u00e9 hoy mismo para una evaluaci\u00f3n privada y gratuita de tu caso.\" \/>\n<meta name=\"robots\" content=\"index, follow, max-snippet:-1, max-image-preview:large, max-video-preview:-1\" \/>\n<link rel=\"canonical\" href=\"https:\/\/usa-law.org\/es\/abogado-de-muerte-por-negligencia\/muerte-por-negligencia-vs-accion-de-supervivencia\/\" \/>\n<meta property=\"og:locale\" content=\"es_ES\" \/>\n<meta property=\"og:type\" content=\"article\" \/>\n<meta property=\"og:title\" content=\"Muerte por negligencia frente a acci\u00f3n de supervivencia - Abogado de accidentes mortales\" \/>\n<meta property=\"og:description\" content=\"Si t\u00fa y tu familia hab\u00e9is perdido a un familiar por culpa de los actos il\u00edcitos de otra persona, ponte en contacto con el bufete de abogados de P\u00edo Jos\u00e9 hoy mismo para una evaluaci\u00f3n privada y gratuita de tu caso.\" \/>\n<meta property=\"og:url\" content=\"https:\/\/usa-law.org\/es\/abogado-de-muerte-por-negligencia\/muerte-por-negligencia-vs-accion-de-supervivencia\/\" \/>\n<meta property=\"og:site_name\" content=\"Law Offices of Pius Joseph\" \/>\n<meta property=\"article:modified_time\" content=\"2024-11-25T07:12:46+00:00\" \/>\n<meta property=\"og:image\" content=\"https:\/\/usa-law.org\/wp-content\/uploads\/2021\/12\/Silvia-2021-12-30T124958.881.png\" \/>\n\t<meta property=\"og:image:width\" content=\"1200\" \/>\n\t<meta property=\"og:image:height\" content=\"628\" \/>\n\t<meta property=\"og:image:type\" content=\"image\/png\" \/>\n<meta name=\"twitter:card\" content=\"summary_large_image\" \/>\n<meta name=\"twitter:label1\" content=\"Est. reading time\" \/>\n\t<meta name=\"twitter:data1\" content=\"5 minutos\" \/>\n<!-- \/ Yoast SEO plugin. -->","yoast_head_json":{"title":"Muerte por negligencia frente a acci\u00f3n de supervivencia - Abogado de accidentes mortales","description":"Si t\u00fa y tu familia hab\u00e9is perdido a un familiar por culpa de los actos il\u00edcitos de otra persona, ponte en contacto con el bufete de abogados de P\u00edo Jos\u00e9 hoy mismo para una evaluaci\u00f3n privada y gratuita de tu caso.","robots":{"index":"index","follow":"follow","max-snippet":"max-snippet:-1","max-image-preview":"max-image-preview:large","max-video-preview":"max-video-preview:-1"},"canonical":"https:\/\/usa-law.org\/es\/abogado-de-muerte-por-negligencia\/muerte-por-negligencia-vs-accion-de-supervivencia\/","og_locale":"es_ES","og_type":"article","og_title":"Muerte por negligencia frente a acci\u00f3n de supervivencia - Abogado de accidentes mortales","og_description":"Si t\u00fa y tu familia hab\u00e9is perdido a un familiar por culpa de los actos il\u00edcitos de otra persona, ponte en contacto con el bufete de abogados de P\u00edo Jos\u00e9 hoy mismo para una evaluaci\u00f3n privada y gratuita de tu caso.","og_url":"https:\/\/usa-law.org\/es\/abogado-de-muerte-por-negligencia\/muerte-por-negligencia-vs-accion-de-supervivencia\/","og_site_name":"Law Offices of Pius Joseph","article_modified_time":"2024-11-25T07:12:46+00:00","og_image":[{"width":1200,"height":628,"url":"https:\/\/usa-law.org\/wp-content\/uploads\/2021\/12\/Silvia-2021-12-30T124958.881.png","type":"image\/png"}],"twitter_card":"summary_large_image","twitter_misc":{"Est. reading time":"5 minutos"},"schema":{"@context":"https:\/\/schema.org","@graph":[{"@type":"WebPage","@id":"https:\/\/usa-law.org\/es\/abogado-de-muerte-por-negligencia\/muerte-por-negligencia-vs-accion-de-supervivencia\/","url":"https:\/\/usa-law.org\/es\/abogado-de-muerte-por-negligencia\/muerte-por-negligencia-vs-accion-de-supervivencia\/","name":"Muerte por negligencia frente a acci\u00f3n de supervivencia - Abogado de accidentes mortales","isPartOf":{"@id":"https:\/\/usa-law.org\/es\/#website"},"primaryImageOfPage":{"@id":"https:\/\/usa-law.org\/es\/abogado-de-muerte-por-negligencia\/muerte-por-negligencia-vs-accion-de-supervivencia\/#primaryimage"},"image":{"@id":"https:\/\/usa-law.org\/es\/abogado-de-muerte-por-negligencia\/muerte-por-negligencia-vs-accion-de-supervivencia\/#primaryimage"},"thumbnailUrl":"https:\/\/usa-law.org\/wp-content\/uploads\/2021\/12\/Silvia-2021-12-30T124958.881.png","datePublished":"2021-12-30T19:01:11+00:00","dateModified":"2024-11-25T07:12:46+00:00","description":"Si t\u00fa y tu familia hab\u00e9is perdido a un familiar por culpa de los actos il\u00edcitos de otra persona, ponte en contacto con el bufete de abogados de P\u00edo Jos\u00e9 hoy mismo para una evaluaci\u00f3n privada y gratuita de tu caso.","breadcrumb":{"@id":"https:\/\/usa-law.org\/es\/abogado-de-muerte-por-negligencia\/muerte-por-negligencia-vs-accion-de-supervivencia\/#breadcrumb"},"inLanguage":"es","potentialAction":[{"@type":"ReadAction","target":["https:\/\/usa-law.org\/es\/abogado-de-muerte-por-negligencia\/muerte-por-negligencia-vs-accion-de-supervivencia\/"]}]},{"@type":"ImageObject","inLanguage":"es","@id":"https:\/\/usa-law.org\/es\/abogado-de-muerte-por-negligencia\/muerte-por-negligencia-vs-accion-de-supervivencia\/#primaryimage","url":"https:\/\/usa-law.org\/wp-content\/uploads\/2021\/12\/Silvia-2021-12-30T124958.881.png","contentUrl":"https:\/\/usa-law.org\/wp-content\/uploads\/2021\/12\/Silvia-2021-12-30T124958.881.png","width":1200,"height":628},{"@type":"BreadcrumbList","@id":"https:\/\/usa-law.org\/es\/abogado-de-muerte-por-negligencia\/muerte-por-negligencia-vs-accion-de-supervivencia\/#breadcrumb","itemListElement":[{"@type":"ListItem","position":1,"name":"Home","item":"https:\/\/usa-law.org\/es\/"},{"@type":"ListItem","position":2,"name":"Abogado de muerte por negligencia","item":"https:\/\/usa-law.org\/es\/abogado-de-muerte-por-negligencia\/"},{"@type":"ListItem","position":3,"name":"Muerte por negligencia vs. Acci\u00f3n de supervivencia"}]},{"@type":"WebSite","@id":"https:\/\/usa-law.org\/es\/#website","url":"https:\/\/usa-law.org\/es\/","name":"Law Offices of Pius Joseph","description":"Pasadena, CA Personal Injury Attorneys","publisher":{"@id":"https:\/\/usa-law.org\/es\/#organization"},"potentialAction":[{"@type":"SearchAction","target":{"@type":"EntryPoint","urlTemplate":"https:\/\/usa-law.org\/es\/?s={search_term_string}"},"query-input":{"@type":"PropertyValueSpecification","valueRequired":true,"valueName":"search_term_string"}}],"inLanguage":"es"},{"@type":"Organization","@id":"https:\/\/usa-law.org\/es\/#organization","name":"Law Offices of Pius Joseph - Personal injury attorney","url":"https:\/\/usa-law.org\/es\/","logo":{"@type":"ImageObject","inLanguage":"es","@id":"https:\/\/usa-law.org\/es\/#\/schema\/logo\/image\/","url":"https:\/\/usa-law.org\/wp-content\/uploads\/2019\/07\/logo.png","contentUrl":"https:\/\/usa-law.org\/wp-content\/uploads\/2019\/07\/logo.png","width":273,"height":84,"caption":"Law Offices of Pius Joseph - Personal injury attorney"},"image":{"@id":"https:\/\/usa-law.org\/es\/#\/schema\/logo\/image\/"}}]}},"_links":{"self":[{"href":"https:\/\/usa-law.org\/es\/wp-json\/wp\/v2\/pages\/28405","targetHints":{"allow":["GET"]}}],"collection":[{"href":"https:\/\/usa-law.org\/es\/wp-json\/wp\/v2\/pages"}],"about":[{"href":"https:\/\/usa-law.org\/es\/wp-json\/wp\/v2\/types\/page"}],"author":[{"embeddable":true,"href":"https:\/\/usa-law.org\/es\/wp-json\/wp\/v2\/users\/7"}],"replies":[{"embeddable":true,"href":"https:\/\/usa-law.org\/es\/wp-json\/wp\/v2\/comments?post=28405"}],"version-history":[{"count":0,"href":"https:\/\/usa-law.org\/es\/wp-json\/wp\/v2\/pages\/28405\/revisions"}],"up":[{"embeddable":true,"href":"https:\/\/usa-law.org\/es\/wp-json\/wp\/v2\/pages\/28790"}],"wp:featuredmedia":[{"embeddable":true,"href":"https:\/\/usa-law.org\/es\/wp-json\/wp\/v2\/media\/28413"}],"wp:attachment":[{"href":"https:\/\/usa-law.org\/es\/wp-json\/wp\/v2\/media?parent=28405"}],"curies":[{"name":"wp","href":"https:\/\/api.w.org\/{rel}","templated":true}]}}