{"id":28449,"date":"2021-08-19T20:44:49","date_gmt":"2021-08-19T20:44:49","guid":{"rendered":"https:\/\/piusjoseph.wpenginepowered.com\/responsabilidad-de-la-tienda-de-comestibles-por-lesiones\/"},"modified":"2024-06-11T17:05:56","modified_gmt":"2024-06-11T17:05:56","slug":"responsabilidad-de-la-tienda-de-comestibles-por-lesiones","status":"publish","type":"page","link":"https:\/\/usa-law.org\/es\/responsabilidad-de-los-locales\/resbalon-y-caida\/responsabilidad-de-la-tienda-de-comestibles-por-lesiones\/","title":{"rendered":"Responsabilidad de la tienda de comestibles por lesiones"},"content":{"rendered":"<p>Nadie espera sufrir lesiones graves mientras compra alimentos. Por desgracia, los accidentes por resbalones y ca\u00eddas ocurren con alarmante frecuencia en muchas tiendas de comestibles. Los suelos resbaladizos, los pasillos desordenados y la falta de se\u00f1alizaci\u00f3n pueden contribuir a la inseguridad de los clientes, aumentando significativamente el riesgo de resbalones y ca\u00eddas.<\/p>\n<p>La ley de California obliga a las tiendas de comestibles a mantener sus locales razonablemente seguros y libres de peligros para los clientes y otros visitantes. Si te lesionaste en un resbal\u00f3n y ca\u00edda en una tienda de comestibles, puedes tener derecho a una indemnizaci\u00f3n por tus p\u00e9rdidas. <a href=\"https:\/\/usa-law.org\/contact-us\/\">Ponte en contacto con<\/a> el bufete <a href=\"https:\/\/www.google.com\/maps?cid=10189409246452284727\">de Pius Joseph &#8211; Abogado de lesiones personales<\/a> para discutir los detalles de tu reclamaci\u00f3n en una consulta inicial gratuita.<\/p>\n<h2>Causas de resbalones y ca\u00eddas en tiendas de comestibles<\/h2>\n<p>Hay muchas condiciones potencialmente peligrosas en las tiendas de comestibles que pueden hacer que los clientes resbalen y se caigan, entre ellas:<\/p>\n<ul>\n<li>Derrames desatendidos &#8211; Si se derrama algo en el suelo de una tienda de comestibles, los empleados deben limpiarlo r\u00e1pidamente. Cuando una tienda de comestibles permite que los derrames queden desatendidos, los clientes pueden resbalar inadvertidamente en la superficie resbaladiza y caerse.<\/li>\n<li>Falta de se\u00f1alizaci\u00f3n adecuada &#8211; Las se\u00f1ales de suelo mojado deben utilizarse despu\u00e9s de que los empleados limpien un derrame o se den cuenta de que el suelo se ha mojado debido a factores ambientales como la lluvia o la nieve. Sin una se\u00f1alizaci\u00f3n adecuada, los clientes pueden no darse cuenta de que los suelos normalmente brillantes est\u00e1n en realidad mojados y resbaladizos, lo que puede provocar ca\u00eddas.<\/li>\n<li>Suelo suelto o irregular &#8211; Si la moqueta, las baldosas, las alfombrillas u otros materiales del suelo no son uniformes o no est\u00e1n bien sujetos, pueden soltarse cuando la gente camina sobre ellos, provocando posiblemente que los clientes resbalen o tropiecen y se caigan.<\/li>\n<li>Escombros u obstrucciones &#8211; Cuando los empleados de una tienda de comestibles dejan escombros o pilas de cajas en el suelo, los clientes pueden verse obligados a maniobrar por caminos inseguros para recuperar las compras. Podr\u00eda producirse una ca\u00edda si un cliente tropieza con residuos aleatorios o tropieza al intentar pasar por pasillos bloqueados.<\/li>\n<li>Escalones o caminos defectuosos &#8211; Si los escalones, escaleras, aparcamientos o caminos que conducen a una tienda no est\u00e1n bien mantenidos, los escalones rotos, los baches y los cimientos desmoronados pueden provocar accidentes por resbalones y ca\u00eddas.<\/li>\n<\/ul>\n<h2>Qu\u00e9 hacer tras un resbal\u00f3n y ca\u00edda en una tienda de comestibles<\/h2>\n<p>Es comprensible sentirse conmocionado tras un doloroso accidente de resbal\u00f3n y ca\u00edda en el supermercado. Pero debes hacer todo lo posible por mantener la calma y pensar detenidamente tus acciones. Puedes proteger tus derechos legales y tu capacidad de obtener una indemnizaci\u00f3n tras un resbal\u00f3n o ca\u00edda:<\/p>\n<ul>\n<li>Pedir hablar con el encargado del supermercado &#8211; Pide a un empleado cercano que localice al encargado del supermercado. Cuando hables con el encargado, hazle saber d\u00f3nde ocurri\u00f3 el accidente, p\u00eddele informaci\u00f3n sobre el seguro de la tienda y solicita acceso a las grabaciones de las c\u00e1maras de seguridad.<\/li>\n<li>Solicitar un informe formal de incidentes &#8211; Muchas grandes cadenas de supermercados tienen procesos formales para registrar lesiones y otros incidentes en el lugar de trabajo. Pide al gestor que presente una denuncia en tu nombre y que te facilite una copia para tus archivos.<\/li>\n<li>Busca atenci\u00f3n m\u00e9dica inmediata &#8211; Aunque no necesites tratamiento de urgencia, visita a tu m\u00e9dico lo antes posible. Informa a tu m\u00e9dico de cu\u00e1ndo, d\u00f3nde y c\u00f3mo te lesionaste. Sigue tu plan de tratamiento y haz el reposo recomendado que necesitas para curarte.<\/li>\n<li>Guarda las pruebas del lugar del accidente &#8211; Conserva todas las pruebas f\u00edsicas que hayas recogido en el lugar del accidente, especialmente los zapatos y la ropa que llevabas cuando te lesionaste. Guarda las fotos que hayas hecho de la escena, as\u00ed como la informaci\u00f3n de contacto de cualquier persona que te haya visto caer.<\/li>\n<li>Vigila lo que dices a los dem\u00e1s &#8211; Si hablas con empleados de la tienda, representantes del seguro o abogados, no minimices tus lesiones, no te disculpes ni aceptes la culpa del accidente. Tambi\u00e9n es buena idea evitar publicar o compartir en las redes sociales mientras tu reclamaci\u00f3n est\u00e9 pendiente.<\/li>\n<\/ul>\n<div class=\"text-center\"><iframe loading=\"lazy\" title=\"Reproductor de v\u00eddeo de YouTube\" src=\"https:\/\/www.youtube.com\/embed\/TEMBxUXGpXc\" width=\"560\" height=\"315\" frameborder=\"0\" allowfullscreen=\"allowfullscreen\"><\/iframe><\/div>\n<p>&nbsp;<\/p>\n<h2>C\u00f3mo obtener una indemnizaci\u00f3n por lesiones<\/h2>\n<p>Los propietarios de tiendas de California son responsables de mantener sus locales seguros para los visitantes legales, como los clientes. Cuando las tiendas de comestibles incumplen sus obligaciones y, como consecuencia, la gente resulta herida, las v\u00edctimas tienen derecho a reclamar una indemnizaci\u00f3n en una demanda por lesiones derivadas de la responsabilidad de los locales.<\/p>\n<p>Si te lesionaste en un accidente por resbal\u00f3n y ca\u00edda en una tienda de comestibles de Pasadena, los siguientes tipos de pruebas podr\u00edan ayudarte a fundamentar tu demanda:<\/p>\n<ul>\n<li><strong>Fotos y secuencias<\/strong> de v\u00eddeo: las pruebas fotogr\u00e1ficas y las secuencias de v\u00eddeo pueden mostrar con precisi\u00f3n qu\u00e9 condiciones peligrosas hab\u00eda en la tienda y qu\u00e9 ocurri\u00f3 como consecuencia de ello.<\/li>\n<li><strong>Pruebas f\u00edsicas<\/strong> &#8211; La ropa y el calzado que llevabas, as\u00ed como los restos u otros materiales relacionados con el accidente de resbal\u00f3n y ca\u00edda, deben conservarse en bolsas de pl\u00e1stico y presentarse a tu abogado.<\/li>\n<li><strong>Registros de la propiedad o del arrendamiento<\/strong>: estos documentos pueden servir como prueba de que el propietario o gerente de la tienda de comestibles era legalmente responsable de la propiedad en el momento de tu lesi\u00f3n.<\/li>\n<li><strong>Informes de incidentes de la tienda<\/strong> &#8211; Si denunciaste el incidente al propietario o al gerente de la tienda, una copia del informe podr\u00eda ser importante para tu reclamaci\u00f3n.<\/li>\n<li><strong>Declaraciones de testigos<\/strong> &#8211; El testimonio de testigos oculares o peritos puede ayudar a respaldar tu versi\u00f3n de los hechos y establecer la negligencia de la tienda, el propietario o los empleados.<\/li>\n<li><strong>Tu historial m\u00e9dico<\/strong> &#8211; El historial m\u00e9dico de cualquier reconocimiento o tratamiento que hayas recibido tras el resbal\u00f3n y la ca\u00edda puede servir de prueba de tu estado. Las facturas m\u00e9dicas pueden mostrar exactamente cu\u00e1nto te han costado tus lesiones.<\/li>\n<li><strong>Tus talones de pago o registros<\/strong> &#8211; Los talones de pago anteriores y actuales, los horarios o los registros bancarios pueden demostrar que te viste obligado a faltar al trabajo y a aceptar un salario reducido como consecuencia de tu accidente por resbal\u00f3n y ca\u00edda.<\/li>\n<li><strong>An\u00e1lisis pericial<\/strong> &#8211; Tu <a href=\"https:\/\/usa-law.org\/premises-liability-attorney\/\">abogado especializado en responsabilidad civil de los locales<\/a> de Pasadena puede trabajar con especialistas en reconstrucci\u00f3n de accidentes, profesionales m\u00e9dicos, economistas y otros expertos para elaborar una s\u00f3lida reclamaci\u00f3n de indemnizaci\u00f3n en tu nombre.<\/li>\n<\/ul>\n<h2>Contacta con un abogado de Pasadena para tu caso de resbal\u00f3n y ca\u00edda en una tienda de comestibles<\/h2>\n<p>Una lesi\u00f3n por resbal\u00f3n y ca\u00edda puede tener un impacto significativo en tu salud, tu independencia y tu capacidad para mantener a tu familia. Si has sufrido lesiones en un accidente por resbal\u00f3n y ca\u00edda debido a una negligencia en una tienda de comestibles, mereces una indemnizaci\u00f3n que te ayude a recuperarte.<\/p>\n<p>En el bufete de Pius Joseph &#8211; <a href=\"https:\/\/usa-law.org\/personal-injury\/\">Abogado de lesiones personales<\/a>, nos comprometemos a ayudar a los californianos lesionados a reclamar lo que les corresponde por derecho tras sufrir lesiones debilitantes. Llevamos reclamaciones relacionadas con las principales cadenas de supermercados, incluidos resbalones y ca\u00eddas en Walmart y resbalones y ca\u00eddas en Costco. <a href=\"https:\/\/usa-law.org\/contact-us\/\">Ponte en contacto con nosotros<\/a> hoy mismo para hablar con un <a href=\"https:\/\/usa-law.org\/premises-liability-attorney\/slip-and-fall-lawyer\/\">abogado especializado en resbalones y ca\u00eddas en Pasadena, CA<\/a>, en una revisi\u00f3n inicial gratuita de tu caso.<\/p>\n","protected":false},"excerpt":{"rendered":"<p>Nadie espera sufrir lesiones graves mientras compra alimentos. Por desgracia, los accidentes por resbalones y ca\u00eddas ocurren con alarmante frecuencia en muchas tiendas de comestibles. Los suelos resbaladizos, los pasillos desordenados y la falta de se\u00f1alizaci\u00f3n pueden contribuir a la inseguridad de los clientes, aumentando significativamente el riesgo de resbalones&#8230;<\/p>\n","protected":false},"author":7,"featured_media":28451,"parent":28660,"menu_order":0,"comment_status":"closed","ping_status":"closed","template":"","meta":{"_acf_changed":false,"footnotes":""},"class_list":["post-28449","page","type-page","status-publish","has-post-thumbnail","hentry"],"acf":[],"yoast_head":"<!-- This site is optimized with the Yoast SEO plugin v27.4 - https:\/\/yoast.com\/product\/yoast-seo-wordpress\/ -->\n<title>Responsabilidad de la tienda de comestibles por lesiones | Bufete de P\u00edo Jos\u00e9<\/title>\n<meta name=\"description\" content=\"M\u00e1s informaci\u00f3n sobre la responsabilidad de las tiendas de comestibles por lesiones en California. Ponte en contacto con nuestro abogado especializado en responsabilidad civil de los locales en California para una consulta gratuita.\" \/>\n<meta name=\"robots\" content=\"index, follow, max-snippet:-1, max-image-preview:large, max-video-preview:-1\" \/>\n<link rel=\"canonical\" href=\"https:\/\/usa-law.org\/es\/responsabilidad-de-los-locales\/resbalon-y-caida\/responsabilidad-de-la-tienda-de-comestibles-por-lesiones\/\" \/>\n<meta property=\"og:locale\" content=\"es_ES\" \/>\n<meta property=\"og:type\" content=\"article\" \/>\n<meta property=\"og:title\" content=\"Responsabilidad de la tienda de comestibles por lesiones | Bufete de P\u00edo Jos\u00e9\" \/>\n<meta property=\"og:description\" content=\"M\u00e1s informaci\u00f3n sobre la responsabilidad de las tiendas de comestibles por lesiones en California. Ponte en contacto con nuestro abogado especializado en responsabilidad civil de los locales en California para una consulta gratuita.\" \/>\n<meta property=\"og:url\" content=\"https:\/\/usa-law.org\/es\/responsabilidad-de-los-locales\/resbalon-y-caida\/responsabilidad-de-la-tienda-de-comestibles-por-lesiones\/\" \/>\n<meta property=\"og:site_name\" content=\"Law Offices of Pius Joseph\" \/>\n<meta property=\"article:modified_time\" content=\"2024-06-11T17:05:56+00:00\" \/>\n<meta property=\"og:image\" content=\"https:\/\/usa-law.org\/wp-content\/uploads\/2021\/08\/Silvia-52.png\" \/>\n\t<meta property=\"og:image:width\" content=\"1200\" \/>\n\t<meta property=\"og:image:height\" content=\"628\" \/>\n\t<meta property=\"og:image:type\" content=\"image\/png\" \/>\n<meta name=\"twitter:card\" content=\"summary_large_image\" \/>\n<meta name=\"twitter:label1\" content=\"Est. reading time\" \/>\n\t<meta name=\"twitter:data1\" content=\"7 minutos\" \/>\n<!-- \/ Yoast SEO plugin. -->","yoast_head_json":{"title":"Responsabilidad de la tienda de comestibles por lesiones | Bufete de P\u00edo Jos\u00e9","description":"M\u00e1s informaci\u00f3n sobre la responsabilidad de las tiendas de comestibles por lesiones en California. Ponte en contacto con nuestro abogado especializado en responsabilidad civil de los locales en California para una consulta gratuita.","robots":{"index":"index","follow":"follow","max-snippet":"max-snippet:-1","max-image-preview":"max-image-preview:large","max-video-preview":"max-video-preview:-1"},"canonical":"https:\/\/usa-law.org\/es\/responsabilidad-de-los-locales\/resbalon-y-caida\/responsabilidad-de-la-tienda-de-comestibles-por-lesiones\/","og_locale":"es_ES","og_type":"article","og_title":"Responsabilidad de la tienda de comestibles por lesiones | Bufete de P\u00edo Jos\u00e9","og_description":"M\u00e1s informaci\u00f3n sobre la responsabilidad de las tiendas de comestibles por lesiones en California. Ponte en contacto con nuestro abogado especializado en responsabilidad civil de los locales en California para una consulta gratuita.","og_url":"https:\/\/usa-law.org\/es\/responsabilidad-de-los-locales\/resbalon-y-caida\/responsabilidad-de-la-tienda-de-comestibles-por-lesiones\/","og_site_name":"Law Offices of Pius Joseph","article_modified_time":"2024-06-11T17:05:56+00:00","og_image":[{"width":1200,"height":628,"url":"https:\/\/usa-law.org\/wp-content\/uploads\/2021\/08\/Silvia-52.png","type":"image\/png"}],"twitter_card":"summary_large_image","twitter_misc":{"Est. reading time":"7 minutos"},"schema":{"@context":"https:\/\/schema.org","@graph":[{"@type":"WebPage","@id":"https:\/\/usa-law.org\/es\/responsabilidad-de-los-locales\/resbalon-y-caida\/responsabilidad-de-la-tienda-de-comestibles-por-lesiones\/","url":"https:\/\/usa-law.org\/es\/responsabilidad-de-los-locales\/resbalon-y-caida\/responsabilidad-de-la-tienda-de-comestibles-por-lesiones\/","name":"Responsabilidad de la tienda de comestibles por lesiones | Bufete de P\u00edo Jos\u00e9","isPartOf":{"@id":"https:\/\/usa-law.org\/es\/#website"},"primaryImageOfPage":{"@id":"https:\/\/usa-law.org\/es\/responsabilidad-de-los-locales\/resbalon-y-caida\/responsabilidad-de-la-tienda-de-comestibles-por-lesiones\/#primaryimage"},"image":{"@id":"https:\/\/usa-law.org\/es\/responsabilidad-de-los-locales\/resbalon-y-caida\/responsabilidad-de-la-tienda-de-comestibles-por-lesiones\/#primaryimage"},"thumbnailUrl":"https:\/\/usa-law.org\/wp-content\/uploads\/2021\/08\/Silvia-52.png","datePublished":"2021-08-19T20:44:49+00:00","dateModified":"2024-06-11T17:05:56+00:00","description":"M\u00e1s informaci\u00f3n sobre la responsabilidad de las tiendas de comestibles por lesiones en California. Ponte en contacto con nuestro abogado especializado en responsabilidad civil de los locales en California para una consulta gratuita.","breadcrumb":{"@id":"https:\/\/usa-law.org\/es\/responsabilidad-de-los-locales\/resbalon-y-caida\/responsabilidad-de-la-tienda-de-comestibles-por-lesiones\/#breadcrumb"},"inLanguage":"es","potentialAction":[{"@type":"ReadAction","target":["https:\/\/usa-law.org\/es\/responsabilidad-de-los-locales\/resbalon-y-caida\/responsabilidad-de-la-tienda-de-comestibles-por-lesiones\/"]}]},{"@type":"ImageObject","inLanguage":"es","@id":"https:\/\/usa-law.org\/es\/responsabilidad-de-los-locales\/resbalon-y-caida\/responsabilidad-de-la-tienda-de-comestibles-por-lesiones\/#primaryimage","url":"https:\/\/usa-law.org\/wp-content\/uploads\/2021\/08\/Silvia-52.png","contentUrl":"https:\/\/usa-law.org\/wp-content\/uploads\/2021\/08\/Silvia-52.png","width":1200,"height":628},{"@type":"BreadcrumbList","@id":"https:\/\/usa-law.org\/es\/responsabilidad-de-los-locales\/resbalon-y-caida\/responsabilidad-de-la-tienda-de-comestibles-por-lesiones\/#breadcrumb","itemListElement":[{"@type":"ListItem","position":1,"name":"Home","item":"https:\/\/usa-law.org\/es\/"},{"@type":"ListItem","position":2,"name":"Responsabilidad de los locales","item":"https:\/\/usa-law.org\/es\/responsabilidad-de-los-locales\/"},{"@type":"ListItem","position":3,"name":"Resbal\u00f3n y ca\u00edda","item":"https:\/\/usa-law.org\/es\/responsabilidad-de-los-locales\/resbalon-y-caida\/"},{"@type":"ListItem","position":4,"name":"Responsabilidad de la tienda de comestibles por lesiones"}]},{"@type":"WebSite","@id":"https:\/\/usa-law.org\/es\/#website","url":"https:\/\/usa-law.org\/es\/","name":"Law Offices of Pius Joseph","description":"Pasadena, CA Personal Injury Attorneys","publisher":{"@id":"https:\/\/usa-law.org\/es\/#organization"},"potentialAction":[{"@type":"SearchAction","target":{"@type":"EntryPoint","urlTemplate":"https:\/\/usa-law.org\/es\/?s={search_term_string}"},"query-input":{"@type":"PropertyValueSpecification","valueRequired":true,"valueName":"search_term_string"}}],"inLanguage":"es"},{"@type":"Organization","@id":"https:\/\/usa-law.org\/es\/#organization","name":"Law Offices of Pius Joseph - Personal injury attorney","url":"https:\/\/usa-law.org\/es\/","logo":{"@type":"ImageObject","inLanguage":"es","@id":"https:\/\/usa-law.org\/es\/#\/schema\/logo\/image\/","url":"https:\/\/usa-law.org\/wp-content\/uploads\/2019\/07\/logo.png","contentUrl":"https:\/\/usa-law.org\/wp-content\/uploads\/2019\/07\/logo.png","width":273,"height":84,"caption":"Law Offices of Pius Joseph - Personal injury attorney"},"image":{"@id":"https:\/\/usa-law.org\/es\/#\/schema\/logo\/image\/"}}]}},"_links":{"self":[{"href":"https:\/\/usa-law.org\/es\/wp-json\/wp\/v2\/pages\/28449","targetHints":{"allow":["GET"]}}],"collection":[{"href":"https:\/\/usa-law.org\/es\/wp-json\/wp\/v2\/pages"}],"about":[{"href":"https:\/\/usa-law.org\/es\/wp-json\/wp\/v2\/types\/page"}],"author":[{"embeddable":true,"href":"https:\/\/usa-law.org\/es\/wp-json\/wp\/v2\/users\/7"}],"replies":[{"embeddable":true,"href":"https:\/\/usa-law.org\/es\/wp-json\/wp\/v2\/comments?post=28449"}],"version-history":[{"count":0,"href":"https:\/\/usa-law.org\/es\/wp-json\/wp\/v2\/pages\/28449\/revisions"}],"up":[{"embeddable":true,"href":"https:\/\/usa-law.org\/es\/wp-json\/wp\/v2\/pages\/28660"}],"wp:featuredmedia":[{"embeddable":true,"href":"https:\/\/usa-law.org\/es\/wp-json\/wp\/v2\/media\/28451"}],"wp:attachment":[{"href":"https:\/\/usa-law.org\/es\/wp-json\/wp\/v2\/media?parent=28449"}],"curies":[{"name":"wp","href":"https:\/\/api.w.org\/{rel}","templated":true}]}}