{"id":28454,"date":"2021-02-18T20:34:08","date_gmt":"2021-02-18T20:34:08","guid":{"rendered":"https:\/\/piusjoseph.wpenginepowered.com\/negligencia-de-un-conductor-comercial\/"},"modified":"2024-06-11T17:05:53","modified_gmt":"2024-06-11T17:05:53","slug":"negligencia-de-un-conductor-comercial","status":"publish","type":"page","link":"https:\/\/usa-law.org\/es\/accidentes-de-camion\/negligencia-de-un-conductor-comercial\/","title":{"rendered":"Negligencia de un conductor comercial"},"content":{"rendered":"<p>Si has resultado herido en un accidente con un conductor comercial, tienes mucho en qu\u00e9 pensar. Tienes que determinar qui\u00e9n tiene la culpa de la <a href=\"https:\/\/usa-law.org\/truck-accident-attorney\/rear-end-truck-accidents\/\">colisi\u00f3n<\/a>. Tienes que averiguar cu\u00e1nto vale tu caso. Son consideraciones complicadas para alguien que intenta recuperarse de lesiones graves, sobre todo si no tienes formaci\u00f3n jur\u00eddica.<\/p>\n<p>Tanto la ley estatal como la federal dictan las responsabilidades de los conductores comerciales. Cuando los conductores toman decisiones imprudentes al volante, se comportan con negligencia. Si esas decisiones perjudican a otros, pueden y deben responder de sus actos.<\/p>\n<div class=\"text-center\">\n<iframe loading=\"lazy\" width=\"560\" height=\"315\" src=\"https:\/\/www.youtube.com\/embed\/iEFDj4sai7Q\" title=\"Reproductor de v\u00eddeo de YouTube\" frameborder=\"0\" allow=\"accelerometer; autoplay; clipboard-write; encrypted-media; gyroscope; picture-in-picture\" allowfullscreen=\"\"><\/iframe><\/div>\n<p>\u00bfTe has lesionado en un accidente por negligencia de un camionero? Pon de tu parte a Pius Joseph, <a href=\"https:\/\/usa-law.org\/truck-accident-attorney\/\">abogado de accidentes de cami\u00f3n en Pasadena<\/a>. Sabe lo que hace falta para ganar demandas complejas por accidentes de cami\u00f3n y tiene los <a href=\"https:\/\/usa-law.org\/case-results\/\">resultados de los casos<\/a> que lo demuestran.<\/p>\n<p>Llama o <a href=\"https:\/\/usa-law.org\/contact-us\/\">ponte en contacto con<\/a> el bufete <a href=\"https:\/\/usa-law.org\/\">de Pius Joseph &#8211; Abogado de lesiones<\/a> personales para una consulta gratuita.<\/p>\n<h2>\u00bfQui\u00e9nes son los conductores comerciales?<\/h2>\n<p>Los t\u00e9rminos conductores comerciales se refieren a los operadores de:<\/p>\n<ul>\n<li>Veh\u00edculos que pesen 26.001 libras o m\u00e1s<\/li>\n<li>Tractores con remolques que pesen 10.001 libras o m\u00e1s con un l\u00edmite de peso bruto del veh\u00edculo de 80.000 libras<\/li>\n<li>Veh\u00edculos de pasajeros equipados para transportar al menos a nueve personas seg\u00fan la ley federal<\/li>\n<li>Veh\u00edculos que transportan materiales peligrosos<\/li>\n<li>Veh\u00edculos de mensajer\u00eda y otros veh\u00edculos de reparto<\/li>\n<li>Veh\u00edculos sanitarios<\/li>\n<\/ul>\n<p>Todos estos veh\u00edculos pueden causar da\u00f1os graves en caso de colisi\u00f3n. Por esta raz\u00f3n, se espera que los conductores de camiones comerciales cumplan las normas de seguridad m\u00e1s estrictas y act\u00faen de forma razonable para mantener a todos lo m\u00e1s seguros posible.<\/p>\n<h2>Requisitos de formaci\u00f3n para conductores comerciales<\/h2>\n<p>Los conductores comerciales necesitan una formaci\u00f3n especializada y un permiso de conducir comercial (CDL) para conducir camiones. Los conductores de camiones en California deben tener:<\/p>\n<ul>\n<li>T\u00edtulo de bachillerato o GED<\/li>\n<li>Un buen historial de conducci\u00f3n<\/li>\n<li>Estar en posesi\u00f3n de una licencia de clase D en regla durante un m\u00ednimo de un a\u00f1o.<\/li>\n<li>Tener al menos 18 a\u00f1os para conducir dentro del estado, y 21 a\u00f1os para los viajes interestatales<\/li>\n<li>Prueba de residencia en California<\/li>\n<li>Posesi\u00f3n de una tarjeta de la Seguridad Social<\/li>\n<li>Prueba de seguro<\/li>\n<li>Superar una verificaci\u00f3n de antecedentes de 10 a\u00f1os<\/li>\n<li>Pasar un control de la TSA<\/li>\n<li>Superar un reconocimiento m\u00e9dico<\/li>\n<li>Superar los controles peri\u00f3dicos de drogas<\/li>\n<\/ul>\n<p>Las personas que quieran obtener el permiso de conducir comercial deben superar dos pruebas: una de conocimientos y otra de aptitudes. El examen de conocimientos determina lo que el conductor sabe sobre la carretera y las normas de seguridad de la clase de veh\u00edculo que va a conducir.<\/p>\n<p>La prueba de aptitud determina la competencia de un conductor en tres \u00e1reas: manejo y control del veh\u00edculo, inspecci\u00f3n del veh\u00edculo y conducci\u00f3n real en carretera.<\/p>\n<p>En California, los legisladores tambi\u00e9n han aprobado una ley que obliga a todos los conductores noveles de camiones a pasar al menos 15 horas de formaci\u00f3n al volante de un cami\u00f3n comercial antes de poder obtener el permiso de conducir comercial.<\/p>\n<h2>L\u00edmites de DUI para conductores comerciales<\/h2>\n<p>El enorme tama\u00f1o y peso de los camiones comerciales puede causar <a href=\"https:\/\/usa-law.org\/truck-accident-attorney\/types-of-truck-accidents\/\">lesiones catastr\u00f3ficas en un accidente<\/a>. Por eso las leyes de DUI para conductores comerciales son mucho m\u00e1s estrictas que para otros conductores.<\/p>\n<p>La Administraci\u00f3n Federal de Seguridad de Autotransportes (FMCSA) limita a los conductores de camiones a una concentraci\u00f3n de alcohol en sangre (alcoholemia) de 0,04. Es la mitad del l\u00edmite legal para los conductores no profesionales.<\/p>\n<p>El <a href=\"https:\/\/leginfo.legislature.ca.gov\/faces\/codes_displaySection.xhtml?lawCode=VEH&amp;sectionNum=23152\" target=\"_blank\" rel=\"noopener noreferrer\">C\u00f3digo de Veh\u00edculos 23152(d) de<\/a> California refleja en gran medida la ley federal. Dentro del estado, tambi\u00e9n es ilegal que cualquier conductor comercial conduzca un veh\u00edculo comercial con una tasa de alcoholemia de 0,04 o superior. El l\u00edmite s\u00f3lo se aplica cuando un conductor comercial conduce un veh\u00edculo comercial y no cuando conduce su propio veh\u00edculo personal.<\/p>\n<p>Por desgracia, los conductores comerciales no siempre respetan estas restricciones sobre el alcohol. Cuando <a href=\"https:\/\/usa-law.org\/truck-accident-attorney\/drunk-driving-accident\/\">conducen ebrios<\/a>, las probabilidades de accidente aumentan exponencialmente.<\/p>\n<h2>\u00bfC\u00f3mo se determina la responsabilidad tras un accidente de cami\u00f3n industrial?<\/h2>\n<p><a href=\"https:\/\/posts.gle\/J1pzU6LANgCrhrRGA\" target=\"_blank\" rel=\"noopener noreferrer\"><img loading=\"lazy\" decoding=\"async\" class=\"img-responsive alignright wp-image-18050 size-medium\" title=\"abogado de accidentes de camion en pasadena\" src=\"https:\/\/usa-law.org\/wp-content\/uploads\/2021\/02\/Untitled-design-81-300x157.jpg\" alt=\"L\u00edmites de DUI para conductores comerciales\" width=\"300\" height=\"157\" srcset=\"https:\/\/usa-law.org\/wp-content\/uploads\/2021\/02\/Untitled-design-81-300x157.jpg 300w, https:\/\/usa-law.org\/wp-content\/uploads\/2021\/02\/Untitled-design-81-768x402.jpg 768w, https:\/\/usa-law.org\/wp-content\/uploads\/2021\/02\/Untitled-design-81-1024x536.jpg 1024w, https:\/\/usa-law.org\/wp-content\/uploads\/2021\/02\/Untitled-design-81.jpg 1200w\" sizes=\"auto, (max-width: 300px) 100vw, 300px\" \/><\/a>Tu capacidad para conseguir una indemnizaci\u00f3n tras un accidente de cami\u00f3n depende de que puedas demostrar la negligencia. Debes tener pruebas s\u00f3lidas que demuestren que el conductor se comport\u00f3 con imprudencia y que esas acciones causaron directamente tus lesiones.<\/p>\n<p>Hay cuatro elementos b\u00e1sicos que deben cumplirse en una demanda por negligencia en accidente de cami\u00f3n:<\/p>\n<ul>\n<li><strong>Deber de diligencia:<\/strong> Todos los conductores comerciales tienen un deber de diligencia para con los dem\u00e1s automovilistas, peatones y ciclistas. Deben conducir su veh\u00edculo de forma segura y razonable para evitar accidentes.<\/li>\n<li><strong>Incumplimiento del deber:<\/strong> Debes demostrar que el camionero viol\u00f3 o incumpli\u00f3 el deber de diligencia al conducir con negligencia. Al probar una infracci\u00f3n, las v\u00edctimas de accidentes deben identificar el comportamiento negligente y demostrar que el conductor actu\u00f3 de esa manera.<\/li>\n<li><strong>Causalidad:<\/strong> Las v\u00edctimas de accidentes tambi\u00e9n deben demostrar que el acto negligente caus\u00f3 el accidente y las lesiones resultantes.<\/li>\n<li><strong>Indemnizaci\u00f3n por da\u00f1os y perjuicios:<\/strong> Las reclamaciones por accidente de cami\u00f3n tienen por objeto hacer que la v\u00edctima del accidente vuelva a estar \u00abentera\u00bb. En California, las v\u00edctimas de accidentes pueden ser indemnizadas por sus gastos m\u00e9dicos, salarios perdidos, dolor y sufrimiento, y muchas otras p\u00e9rdidas.<\/li>\n<\/ul>\n<p>Un abogado de accidentes de cami\u00f3n en California sabr\u00e1 c\u00f3mo demostrar la negligencia de un conductor comercial para que las v\u00edctimas lesionadas reciban la indemnizaci\u00f3n que les corresponde.<\/p>\n<h2>C\u00f3mo reunir pruebas para demostrar la negligencia del conductor<\/h2>\n<p>Las pruebas son fundamentales para demostrar que un conductor comercial fue negligente. Algunas pruebas pueden recogerse en el lugar del accidente, mientras que otras se recoger\u00e1n despu\u00e9s del choque. Algunos ejemplos son:<\/p>\n<ul>\n<li><strong>Cajas negras grabadoras:<\/strong> La mayor\u00eda de los camiones actuales est\u00e1n equipados con grabadoras de caja negra. Estos dispositivos registran la velocidad del veh\u00edculo, los patrones de frenado, la identificaci\u00f3n del conductor y el combustible consumido durante el viaje. Las grabadoras de caja negra tambi\u00e9n mostrar\u00e1n cu\u00e1ntas horas estuvo el conductor en la carretera y si infringi\u00f3 la norma federal de horas de servicio.<\/li>\n<li><strong>Registros del conductor:<\/strong> Los conductores comerciales deben registrar sus horas y cu\u00e1ndo hicieron pausas de descanso durante sus turnos. Un libro de registro tambi\u00e9n podr\u00eda demostrar que el conductor estuvo en la carretera m\u00e1s tiempo del que deber\u00eda haber estado en el momento del siniestro.<\/li>\n<li><strong>La c\u00e1mara del cami\u00f3n:<\/strong> La c\u00e1mara de un cami\u00f3n puede mostrar si un conductor ha tenido comportamientos negligentes, como enviar mensajes de texto o hablar por el m\u00f3vil. Es importante obtener estas pruebas enseguida o la empresa de transporte puede destruirlas o taparlas con cinta adhesiva.<\/li>\n<li><strong>Resultados de los controles de alcohol y drogas:<\/strong> Cada vez que un accidente de cami\u00f3n provoca lesiones o muerte, la FMCSA exige que el camionero se someta a un control de alcohol y drogas. Los resultados de estas pruebas podr\u00edan demostrar que el <a href=\"https:\/\/usa-law.org\/truck-accident-attorney\/drunk-drugged-driving\/\">conductor estaba bajo la influencia de sustancias<\/a> ilegales mientras conduc\u00eda.<\/li>\n<li><strong>Registros internos:<\/strong> Las empresas de transporte est\u00e1n obligadas a llevar muchos registros sobre el estado del cami\u00f3n y la formaci\u00f3n que ha recibido el camionero. Algunos de los registros m\u00e1s importantes que hay que recopilar son los registros de inspecci\u00f3n de camiones, los registros de mantenimiento, el historial de conducci\u00f3n del camionero y su certificado m\u00e9dico. Estos registros pueden demostrar que la empresa de camiones no investig\u00f3 adecuadamente a su empleado o no hizo reparaciones importantes, lo que significa que tambi\u00e9n podr\u00eda ser considerada responsable del accidente de cami\u00f3n.<\/li>\n<li><strong>Investigaci\u00f3n de la NTSB:<\/strong> En algunos casos, la Junta Nacional de Seguridad en el Transporte llevar\u00e1 a cabo su propia <a href=\"https:\/\/usa-law.org\/truck-accident-attorney\/truck-accident-investigations\/\">investigaci\u00f3n de un accidente de cami\u00f3n<\/a>. Esta informaci\u00f3n es de gran ayuda a la hora de probar un caso de accidente, pero es dif\u00edcil de obtener para los particulares.<\/li>\n<li><strong>Experto en reconstrucci\u00f3n de accidentes:<\/strong> Los especialistas en reconstrucci\u00f3n de accidentes pueden utilizar la tecnolog\u00eda, im\u00e1genes del lugar del accidente y sus propios conocimientos para recrear c\u00f3mo ocurri\u00f3 el accidente. Este testimonio puede ser muy valioso en una demanda por accidente de cami\u00f3n.<\/li>\n<\/ul>\n<p>Es importante actuar con rapidez tras un accidente de cami\u00f3n comercial. Las empresas de camiones no est\u00e1n obligadas a conservar todos sus registros indefinidamente, lo que significa que podr\u00edan perderse pruebas importantes si no se recogen enseguida. Un abogado de accidentes de cami\u00f3n puede enviar una carta de expoliaci\u00f3n para preservar posibles pruebas en tu caso.<\/p>\n<h2>C\u00f3mo puede ayudar nuestro bufete<\/h2>\n<p><a href=\"https:\/\/goo.gl\/maps\/W3LjzV31W5qK9uAn6\" target=\"_blank\" rel=\"noopener noreferrer\"><img loading=\"lazy\" decoding=\"async\" class=\"img-responsive alignleft\" src=\"https:\/\/lh5.googleusercontent.com\/p\/AF1QipPgmwZH7n1NtEEmVZf_ALWg_NckQBFjeLLFLFXa=w203-h211-k-no\" alt=\"Abogado de accidente de cami\u00f3n semirremolque en Pasadena, CA - Law Offices of Pius Joseph - Personal Injury Attorney\" width=\"202\" height=\"211\"><\/a>Si t\u00fa o un ser querido hab\u00e9is resultado heridos en un accidente de cami\u00f3n, un <a href=\"https:\/\/www.google.com\/maps?cid=10189409246452284727\" target=\"_blank\" rel=\"noopener noreferrer\">abogado especializado en accidentes de cami\u00f3n semirremolque en Pasadena, CA<\/a> Pius Joseph puede ayudarte en todos los aspectos de tu caso. Nuestro equipo jur\u00eddico puede investigar tu reclamaci\u00f3n, reunir todas las pruebas necesarias y elaborar una demanda que exija la m\u00e1xima indemnizaci\u00f3n para ti.<\/p>\n<p>Dado que las demandas por accidente de cami\u00f3n tienen un potencial de acuerdo m\u00e1s elevado, puedes contar con que la otra parte tomar\u00e1 todas las medidas posibles para minimizar su responsabilidad. En el <a href=\"https:\/\/usa-law.org\/\">Bufete de Pius Joseph &#8211; Abogado de Lesiones Personales<\/a>, podemos anticiparnos a esos desaf\u00edos y desarrollar argumentos convincentes para rebatir sus pretensiones. Nuestro \u00fanico objetivo es conseguir el dinero que necesitas y mereces tras una experiencia tan devastadora.<\/p>\n<p>Ll\u00e1manos hoy o rellena nuestro <a href=\"https:\/\/usa-law.org\/contact-us\/\">formulario online<\/a> para una consulta gratuita.<\/p>\n","protected":false},"excerpt":{"rendered":"<p>Si has resultado herido en un accidente con un conductor comercial, tienes mucho en qu\u00e9 pensar. Tienes que determinar qui\u00e9n tiene la culpa de la colisi\u00f3n. Tienes que averiguar cu\u00e1nto vale tu caso. Son consideraciones complicadas para alguien que intenta recuperarse de lesiones graves, sobre todo si no tienes formaci\u00f3n&#8230;<\/p>\n","protected":false},"author":7,"featured_media":28456,"parent":28633,"menu_order":0,"comment_status":"closed","ping_status":"closed","template":"","meta":{"_acf_changed":false,"footnotes":""},"class_list":["post-28454","page","type-page","status-publish","has-post-thumbnail","hentry"],"acf":[],"yoast_head":"<!-- This site is optimized with the Yoast SEO plugin v27.5 - https:\/\/yoast.com\/product\/yoast-seo-wordpress\/ -->\n<title>Abogado de Negligencia de Conductor Comercial - Pasadena, CA - Law Offices Of Pius Joseph<\/title>\n<meta name=\"description\" content=\"Si t\u00fa o un ser querido hab\u00e9is resultado heridos en un accidente de cami\u00f3n, el abogado especializado en accidentes de cami\u00f3n de Pasadena, Pius Joseph, puede ayudarte en todos los aspectos de tu caso. \u00a1Ll\u00e1manos!\" \/>\n<meta name=\"robots\" content=\"index, follow, max-snippet:-1, max-image-preview:large, max-video-preview:-1\" \/>\n<link rel=\"canonical\" href=\"https:\/\/usa-law.org\/es\/accidentes-de-camion\/negligencia-de-un-conductor-comercial\/\" \/>\n<meta property=\"og:locale\" content=\"es_ES\" \/>\n<meta property=\"og:type\" content=\"article\" \/>\n<meta property=\"og:title\" content=\"Abogado de Negligencia de Conductor Comercial - Pasadena, CA - Law Offices Of Pius Joseph\" \/>\n<meta property=\"og:description\" content=\"Si t\u00fa o un ser querido hab\u00e9is resultado heridos en un accidente de cami\u00f3n, el abogado especializado en accidentes de cami\u00f3n de Pasadena, Pius Joseph, puede ayudarte en todos los aspectos de tu caso. \u00a1Ll\u00e1manos!\" \/>\n<meta property=\"og:url\" content=\"https:\/\/usa-law.org\/es\/accidentes-de-camion\/negligencia-de-un-conductor-comercial\/\" \/>\n<meta property=\"og:site_name\" content=\"Law Offices of Pius Joseph\" \/>\n<meta property=\"article:modified_time\" content=\"2024-06-11T17:05:53+00:00\" \/>\n<meta property=\"og:image\" content=\"https:\/\/usa-law.org\/wp-content\/uploads\/2021\/02\/Untitled-design-82.jpg\" \/>\n\t<meta property=\"og:image:width\" content=\"1200\" \/>\n\t<meta property=\"og:image:height\" content=\"628\" \/>\n\t<meta property=\"og:image:type\" content=\"image\/jpeg\" \/>\n<meta name=\"twitter:card\" content=\"summary_large_image\" \/>\n<meta name=\"twitter:label1\" content=\"Est. reading time\" \/>\n\t<meta name=\"twitter:data1\" content=\"8 minutos\" \/>\n<!-- \/ Yoast SEO plugin. -->","yoast_head_json":{"title":"Abogado de Negligencia de Conductor Comercial - Pasadena, CA - Law Offices Of Pius Joseph","description":"Si t\u00fa o un ser querido hab\u00e9is resultado heridos en un accidente de cami\u00f3n, el abogado especializado en accidentes de cami\u00f3n de Pasadena, Pius Joseph, puede ayudarte en todos los aspectos de tu caso. \u00a1Ll\u00e1manos!","robots":{"index":"index","follow":"follow","max-snippet":"max-snippet:-1","max-image-preview":"max-image-preview:large","max-video-preview":"max-video-preview:-1"},"canonical":"https:\/\/usa-law.org\/es\/accidentes-de-camion\/negligencia-de-un-conductor-comercial\/","og_locale":"es_ES","og_type":"article","og_title":"Abogado de Negligencia de Conductor Comercial - Pasadena, CA - Law Offices Of Pius Joseph","og_description":"Si t\u00fa o un ser querido hab\u00e9is resultado heridos en un accidente de cami\u00f3n, el abogado especializado en accidentes de cami\u00f3n de Pasadena, Pius Joseph, puede ayudarte en todos los aspectos de tu caso. \u00a1Ll\u00e1manos!","og_url":"https:\/\/usa-law.org\/es\/accidentes-de-camion\/negligencia-de-un-conductor-comercial\/","og_site_name":"Law Offices of Pius Joseph","article_modified_time":"2024-06-11T17:05:53+00:00","og_image":[{"width":1200,"height":628,"url":"https:\/\/usa-law.org\/wp-content\/uploads\/2021\/02\/Untitled-design-82.jpg","type":"image\/jpeg"}],"twitter_card":"summary_large_image","twitter_misc":{"Est. reading time":"8 minutos"},"schema":{"@context":"https:\/\/schema.org","@graph":[{"@type":"WebPage","@id":"https:\/\/usa-law.org\/es\/accidentes-de-camion\/negligencia-de-un-conductor-comercial\/","url":"https:\/\/usa-law.org\/es\/accidentes-de-camion\/negligencia-de-un-conductor-comercial\/","name":"Abogado de Negligencia de Conductor Comercial - Pasadena, CA - Law Offices Of Pius Joseph","isPartOf":{"@id":"https:\/\/usa-law.org\/es\/#website"},"primaryImageOfPage":{"@id":"https:\/\/usa-law.org\/es\/accidentes-de-camion\/negligencia-de-un-conductor-comercial\/#primaryimage"},"image":{"@id":"https:\/\/usa-law.org\/es\/accidentes-de-camion\/negligencia-de-un-conductor-comercial\/#primaryimage"},"thumbnailUrl":"https:\/\/usa-law.org\/wp-content\/uploads\/2021\/02\/Untitled-design-82.jpg","datePublished":"2021-02-18T20:34:08+00:00","dateModified":"2024-06-11T17:05:53+00:00","description":"Si t\u00fa o un ser querido hab\u00e9is resultado heridos en un accidente de cami\u00f3n, el abogado especializado en accidentes de cami\u00f3n de Pasadena, Pius Joseph, puede ayudarte en todos los aspectos de tu caso. \u00a1Ll\u00e1manos!","breadcrumb":{"@id":"https:\/\/usa-law.org\/es\/accidentes-de-camion\/negligencia-de-un-conductor-comercial\/#breadcrumb"},"inLanguage":"es","potentialAction":[{"@type":"ReadAction","target":["https:\/\/usa-law.org\/es\/accidentes-de-camion\/negligencia-de-un-conductor-comercial\/"]}]},{"@type":"ImageObject","inLanguage":"es","@id":"https:\/\/usa-law.org\/es\/accidentes-de-camion\/negligencia-de-un-conductor-comercial\/#primaryimage","url":"https:\/\/usa-law.org\/wp-content\/uploads\/2021\/02\/Untitled-design-82.jpg","contentUrl":"https:\/\/usa-law.org\/wp-content\/uploads\/2021\/02\/Untitled-design-82.jpg","width":1200,"height":628},{"@type":"BreadcrumbList","@id":"https:\/\/usa-law.org\/es\/accidentes-de-camion\/negligencia-de-un-conductor-comercial\/#breadcrumb","itemListElement":[{"@type":"ListItem","position":1,"name":"Home","item":"https:\/\/usa-law.org\/es\/"},{"@type":"ListItem","position":2,"name":"Accidentes de Cami\u00f3n","item":"https:\/\/usa-law.org\/es\/accidentes-de-camion\/"},{"@type":"ListItem","position":3,"name":"Negligencia de un conductor comercial"}]},{"@type":"WebSite","@id":"https:\/\/usa-law.org\/es\/#website","url":"https:\/\/usa-law.org\/es\/","name":"Law Offices of Pius Joseph","description":"Pasadena, CA Personal Injury Attorneys","publisher":{"@id":"https:\/\/usa-law.org\/es\/#organization"},"potentialAction":[{"@type":"SearchAction","target":{"@type":"EntryPoint","urlTemplate":"https:\/\/usa-law.org\/es\/?s={search_term_string}"},"query-input":{"@type":"PropertyValueSpecification","valueRequired":true,"valueName":"search_term_string"}}],"inLanguage":"es"},{"@type":"Organization","@id":"https:\/\/usa-law.org\/es\/#organization","name":"Law Offices of Pius Joseph - Personal injury attorney","url":"https:\/\/usa-law.org\/es\/","logo":{"@type":"ImageObject","inLanguage":"es","@id":"https:\/\/usa-law.org\/es\/#\/schema\/logo\/image\/","url":"https:\/\/usa-law.org\/wp-content\/uploads\/2019\/07\/logo.png","contentUrl":"https:\/\/usa-law.org\/wp-content\/uploads\/2019\/07\/logo.png","width":273,"height":84,"caption":"Law Offices of Pius Joseph - Personal injury attorney"},"image":{"@id":"https:\/\/usa-law.org\/es\/#\/schema\/logo\/image\/"}}]}},"_links":{"self":[{"href":"https:\/\/usa-law.org\/es\/wp-json\/wp\/v2\/pages\/28454","targetHints":{"allow":["GET"]}}],"collection":[{"href":"https:\/\/usa-law.org\/es\/wp-json\/wp\/v2\/pages"}],"about":[{"href":"https:\/\/usa-law.org\/es\/wp-json\/wp\/v2\/types\/page"}],"author":[{"embeddable":true,"href":"https:\/\/usa-law.org\/es\/wp-json\/wp\/v2\/users\/7"}],"replies":[{"embeddable":true,"href":"https:\/\/usa-law.org\/es\/wp-json\/wp\/v2\/comments?post=28454"}],"version-history":[{"count":0,"href":"https:\/\/usa-law.org\/es\/wp-json\/wp\/v2\/pages\/28454\/revisions"}],"up":[{"embeddable":true,"href":"https:\/\/usa-law.org\/es\/wp-json\/wp\/v2\/pages\/28633"}],"wp:featuredmedia":[{"embeddable":true,"href":"https:\/\/usa-law.org\/es\/wp-json\/wp\/v2\/media\/28456"}],"wp:attachment":[{"href":"https:\/\/usa-law.org\/es\/wp-json\/wp\/v2\/media?parent=28454"}],"curies":[{"name":"wp","href":"https:\/\/api.w.org\/{rel}","templated":true}]}}