{"id":28469,"date":"2021-01-28T13:41:28","date_gmt":"2021-01-28T13:41:28","guid":{"rendered":"https:\/\/piusjoseph.wpenginepowered.com\/quien-puede-presentar-una-demanda-por-homicidio-culposo\/"},"modified":"2024-11-25T07:11:02","modified_gmt":"2024-11-25T07:11:02","slug":"quien-puede-presentar-una-demanda-por-homicidio-culposo","status":"publish","type":"page","link":"https:\/\/usa-law.org\/es\/abogado-de-muerte-por-negligencia\/quien-puede-presentar-una-demanda-por-homicidio-culposo\/","title":{"rendered":"\u00bfQui\u00e9n puede presentar una demanda por homicidio culposo?"},"content":{"rendered":"<p>Si has perdido a un ser querido por la negligencia o el acto il\u00edcito de otra persona, es natural que quieras saber c\u00f3mo puedes hacer que la parte responsable responda de sus actos. Una forma de hacerlo es presentar una demanda por homicidio culposo.<\/p>\n<p>Aunque una acci\u00f3n legal no sustituir\u00e1 la presencia de esa persona en tu vida, puede ayudarte a buscar una medida de justicia y consuelo. Tambi\u00e9n puede compensar la carga econ\u00f3mica que su p\u00e9rdida ha supuesto y supondr\u00e1 para los familiares supervivientes. Sin embargo, las <strong>demandas por homicidio culposo en California<\/strong> pueden ser complicadas. No todo el mundo est\u00e1 legalmente autorizado a presentar una reclamaci\u00f3n.<\/p>\n<p>Nuestro bufete lleva m\u00e1s de 30 a\u00f1os apoyando firmemente a las familias que han perdido a sus seres queridos en tr\u00e1gicos accidentes en California. Durante ese tiempo, hemos ayudado a nuestros clientes a recuperar <a href=\"https:\/\/usa-law.org\/case-results\/\">millones de d\u00f3lares<\/a> en indemnizaciones justas y equitativas. <a href=\"https:\/\/usa-law.org\/es\/attorneys\/pius-joseph\/\">Nuestro abogado, Pius Joseph<\/a>, tambi\u00e9n ha obtenido un amplio reconocimiento por sus esfuerzos, incluida una <a href=\"https:\/\/www.bbb.org\/us\/ca\/pasadena\/profile\/personal-injury-lawyer\/law-offices-of-pius-joseph-1216-100106118\" target=\"_blank\" rel=\"noopener noreferrer\">calificaci\u00f3n A+ del Better Business Bureau<\/a> y su inclusi\u00f3n entre los 100 mejores abogados litigantes del National Trial Lawyers.<\/p>\n<p>Si has perdido a alguien en un accidente que podr\u00eda haberse evitado, llama al <a href=\"https:\/\/usa-law.org\/\">Bufete de P\u00edo Jos\u00e9 &#8211; Abogado de Lesiones Personales<\/a> para una consulta gratuita y confidencial. Es comprensible que dudes en hablar con un abogado mientras est\u00e1s de duelo. Sin embargo, muchas familias encuentran consuelo buscando justicia en nombre de su ser querido fallecido.<\/p>\n<h2>\u00bfQu\u00e9 es la muerte por negligencia en California?<\/h2>\n<p>En t\u00e9rminos generales, California define el homicidio culposo como el que se produce cuando alguien muere debido a la actuaci\u00f3n negligente o culposa de otra parte. Una muerte por negligencia es una demanda civil, no una causa penal, aunque a veces pueden presentarse cargos penales adem\u00e1s de la demanda civil cuando alguien fallece.<\/p>\n<p>Veamos un ejemplo pr\u00e1ctico. Sup\u00f3n que tu c\u00f3nyuge vuelve a casa del trabajo y le atropella un conductor ebrio. Si tu c\u00f3nyuge muriera a causa de las lesiones sufridas en el accidente, probablemente tendr\u00edas un caso de homicidio culposo contra el conductor ebrio porque \u00e9ste infringi\u00f3 la ley y tu c\u00f3nyuge muri\u00f3 a consecuencia de sus actos negligentes.<\/p>\n<p>Adem\u00e1s de tu demanda civil, es probable que la polic\u00eda tambi\u00e9n acuse al conductor ebrio de un delito. El conductor podr\u00eda enfrentarse a duras penas por sus actos, pero los familiares en duelo no tendr\u00edan derecho a ninguna indemnizaci\u00f3n econ\u00f3mica en un caso penal. Sin embargo, si presentas una demanda civil por homicidio culposo, podr\u00edas obtener una indemnizaci\u00f3n por la muerte de tu c\u00f3nyuge. Eso podr\u00eda ser cierto aunque el conductor ebrio fuera absuelto o nunca fuera acusado. Los asuntos penales y civiles est\u00e1n completamente separados.<\/p>\n<h2>Accidentes que pueden provocar un homicidio culposo<\/h2>\n<p>A menudo se producen tr\u00e1gicos accidentes mortales. Por ejemplo, en un solo a\u00f1o reciente se produjeron <a href=\"https:\/\/crashstats.nhtsa.dot.gov\/Api\/Public\/ViewPublication\/812450\" target=\"_blank\" rel=\"noopener noreferrer\">10.497 muertes por conducir ebrio<\/a> en todo el pa\u00eds, seg\u00fan la Administraci\u00f3n Nacional de Seguridad del Tr\u00e1fico en Carretera (NHTSA). Un estudio de la Universidad de California en Berkeley descubri\u00f3 que ese mismo a\u00f1o se produjeron <a href=\"https:\/\/safetrec.berkeley.edu\/sites\/default\/files\/safetrecfactsalcoholimpaireddriving1.pdf\" target=\"_blank\" rel=\"noopener noreferrer\">1.059 muertes por conducir ebrio<\/a> en todo el estado. En los casos en que la persona fallecida no fuera el conductor ebrio, estas muertes se considerar\u00edan probablemente homicidios culposos.<\/p>\n<p>Los accidentes por conducir ebrio no son la \u00fanica causa de muerte prematura. Algunos ejemplos de otros accidentes que pueden resultar mortales son:<\/p>\n<ul>\n<li><strong>Otros <a href=\"https:\/\/usa-law.org\/car-accident-attorney\/\">accidentes de coche<\/a><\/strong> &#8211; Que un conductor no est\u00e9 intoxicado no significa que no haya sido negligente al causar un accidente. Pueden haber conducido con exceso de velocidad, de forma temeraria, distra\u00eddos o sin el debido cuidado y precauci\u00f3n.<\/li>\n<li><a href=\"https:\/\/usa-law.org\/motorcycle-accident-attorney\/\"><br \/>\n  <strong>Accidentes de moto<\/strong><br \/>\n<\/a> &#8211; Los accidentes de moto suelen provocar lesiones m\u00e1s graves que otros accidentes de tr\u00e1fico. Esto se debe a que las motocicletas ofrecen menos protecci\u00f3n a los conductores que los coches y los camiones. Otros veh\u00edculos tambi\u00e9n ponen en peligro a los motoristas al seguirlos demasiado de cerca o no prestar suficiente atenci\u00f3n al incorporarse o cambiar de carril.<\/li>\n<li><a href=\"https:\/\/usa-law.org\/truck-accident-attorney\/\"><br \/>\n  <strong>Accidentes de cami\u00f3n<\/strong><br \/>\n<\/a> &#8211; Los semirremolques comerciales son mucho m\u00e1s grandes y pesados que incluso los SUV m\u00e1s grandes. De hecho, pueden pesar hasta 80.000 libras con un remolque completo. Esto significa que cuando un cami\u00f3n choca contra otro veh\u00edculo, lo hace con mucha m\u00e1s fuerza que un turismo. M\u00e1s fuerza de impacto significa mayores lesiones y mayor probabilidad de muerte. <a href=\"https:\/\/www.iihs.org\/topics\/fatality-statistics\/detail\/large-trucks\" target=\"_blank\" rel=\"noopener noreferrer\">El Instituto de Seguros para la Seguridad en Carretera (IIHS) informa de que<\/a> en un a\u00f1o reciente se produjeron <a href=\"https:\/\/www.iihs.org\/topics\/fatality-statistics\/detail\/large-trucks\" target=\"_blank\" rel=\"noopener noreferrer\">4.136 muertes en todo el pa\u00eds<\/a> debido a accidentes de camiones grandes, y el 67% de esas muertes eran conductores o pasajeros de otros veh\u00edculos. Muchas de estas muertes se considerar\u00edan probablemente casos de homicidio culposo.<\/li>\n<li><a href=\"https:\/\/usa-law.org\/pedestrian-accident-attorney\/\"><br \/>\n  <strong>Accidentes de peatones<\/strong><br \/>\n<\/a> &#8211; Los conductores tienen la responsabilidad de vigilar a los peatones, pero no siempre son tan cuidadosos como deber\u00edan. Si un conductor atropella y mata a un peat\u00f3n porque conduc\u00eda de forma imprudente, intoxicado, fatigado o distra\u00eddo, es probable que la familia del peat\u00f3n tenga un caso viable de homicidio culposo.<\/li>\n<li><a href=\"https:\/\/usa-law.org\/product-liability-attorney\/\"><strong>Productos defectuosos<\/strong> <\/a>&#8211; Los accidentes por productos defectuosos incluyen desde medicamentos defectuosos hasta maquinaria que funciona mal. Los dise\u00f1adores, fabricantes y vendedores de estos productos son responsables de asegurarse de que el producto no da\u00f1a ni mata a los consumidores. Cuando estas partes incumplen su deber y se pierden vidas, los consumidores pueden tener argumentos s\u00f3lidos para presentar una demanda por homicidio culposo.<\/li>\n<li><strong>Accidentes laborales<\/strong> &#8211; Los empresarios tienen la obligaci\u00f3n legal de proporcionar un entorno de trabajo seguro a los empleados. Por desgracia, muchos empresarios descuidan esta responsabilidad, poniendo en peligro a sus trabajadores. Los ejemplos de negligencia en el lugar de trabajo van desde no abordar los peligros en las instalaciones (iluminaci\u00f3n inadecuada, l\u00edquidos derramados que no se limpian, barandillas que funcionan mal, etc.) hasta la exposici\u00f3n de los empleados a sustancias qu\u00edmicas nocivas. A menudo se dispone de prestaciones de indemnizaci\u00f3n por fallecimiento. En algunas circunstancias, un tercero puede ser considerado responsable en una acci\u00f3n separada por homicidio culposo.<\/li>\n<li><strong>Negligencias m\u00e9dicas<\/strong> &#8211; La Universidad Johns Hopkins inform\u00f3 de que <a href=\"https:\/\/www.hopkinsmedicine.org\/news\/media\/releases\/study_suggests_medical_errors_now_third_leading_cause_of_death_in_the_us\" target=\"_blank\" rel=\"noopener noreferrer\">los errores m\u00e9dicos<\/a> pueden ser la tercera causa de muerte en todo el pa\u00eds. Ejemplos habituales de negligencia m\u00e9dica son los errores quir\u00fargicos, los errores de medicaci\u00f3n, los diagn\u00f3sticos omitidos o retrasados y la mala atenci\u00f3n de seguimiento tras las intervenciones quir\u00fargicas. En muchos casos, estos errores pueden provocar la muerte del paciente. Las demandas por negligencia m\u00e9dica pueden ser dif\u00edciles de probar, pero es importante responsabilizar a los profesionales sanitarios cuando cometen errores negligentes que provocan la muerte.<\/li>\n<li><strong>Abuso y negligencia en resid<\/strong> encias de ancianos &#8211; Cuando ingresamos a uno de nuestros padres o a otro pariente mayor en una residencia de ancianos, confiamos en que el personal del centro le proporcione cuidados compasivos y responsables. Con demasiada frecuencia, sin embargo, los funcionarios incumplen este deber. Entre los tipos habituales de abusos y negligencias en residencias de ancianos figuran los errores en la medicaci\u00f3n, las infecciones de los pacientes por falta de limpieza o higiene, el hecho de que los pacientes no coman o beban lo suficiente, las lesiones de los pacientes por un trato demasiado brusco del personal y las \u00falceras por presi\u00f3n causadas por no cambiar al residente de posici\u00f3n.<\/li>\n<\/ul>\n<div class=\"text-center\"><iframe loading=\"lazy\" title=\"Reproductor de v\u00eddeo de YouTube\" src=\"https:\/\/www.youtube.com\/embed\/kRfVTCrGr6M\" width=\"560\" height=\"315\" frameborder=\"0\" allowfullscreen=\"allowfullscreen\"><\/iframe><\/div>\n<h2>\u00bfQui\u00e9n puede presentar una demanda por homicidio culposo en California?<\/h2>\n<p>No todo el mundo puede presentar una demanda por homicidio culposo en California. En la mayor\u00eda de los casos, s\u00f3lo los parientes cercanos pueden presentar estas demandas, aunque hay algunas excepciones. Las personas que tienen prioridad a la hora de presentar una demanda por homicidio culposo son:<\/p>\n<ul>\n<li><strong>El c\u00f3nyuge superviviente del fallecido<\/strong><\/li>\n<li><strong>La pareja de hecho superviviente del fallecido<\/strong><\/li>\n<li>Los hijos supervivientes del fallecido<\/li>\n<\/ul>\n<p>Si no hay c\u00f3nyuge, pareja de hecho o hijos supervivientes, la ley de California permite a cualquiera \u00abque tuviera derecho a los bienes del difunto por sucesi\u00f3n intestada\u00bb presentar una demanda por homicidio culposo. Esto puede incluir a personas como los padres o hermanos del fallecido.<\/p>\n<p>Por \u00faltimo, otras partes que puedan demostrar que depend\u00edan econ\u00f3micamente del fallecido pueden presentar una demanda por homicidio culposo. Esto incluye a los padres del fallecido, a un ex c\u00f3nyuge de un matrimonio anterior y a los hijastros que pudiera tener el fallecido.<\/p>\n<h2>\u00bfQu\u00e9 tipos de da\u00f1os pueden reclamarse?<\/h2>\n<p>En una demanda por homicidio culposo, la ley de California permite a la familia superviviente del fallecido reclamar una indemnizaci\u00f3n por una serie de p\u00e9rdidas econ\u00f3micas y de otro tipo. Entre ellas est\u00e1n:<\/p>\n<ul>\n<li><strong>Gastos funerarios y de entierro<\/strong> del fallecido<\/li>\n<li><strong>Las facturas m\u00e9dicas del fallecido<\/strong> relacionadas con su lesi\u00f3n o enfermedad final<\/li>\n<li><strong>Los salarios dejados de percibir por el fallecido<\/strong> durante su \u00faltima lesi\u00f3n o enfermedad<\/li>\n<li><strong>Los ingresos que el fallecido habr\u00eda obtenido<\/strong> en el futuro de no haber fallecido en el accidente<\/li>\n<li><strong>Indemnizaci\u00f3n por la p\u00e9rdida de apoyo emocional<\/strong> del fallecido (a veces conocida como \u00abp\u00e9rdida de consorcio\u00bb).<\/li>\n<\/ul>\n<p>Adem\u00e1s de la demanda por homicidio culposo, un representante de la sucesi\u00f3n del fallecido tambi\u00e9n puede presentar una demanda de supervivencia en nombre del fallecido. Es cuando el representante del fallecido busca una indemnizaci\u00f3n para \u00e9ste relacionada con los da\u00f1os que sufri\u00f3 antes de morir. Una acci\u00f3n de supervivencia permite a la sucesi\u00f3n del fallecido reclamar una indemnizaci\u00f3n por el dolor y el sufrimiento del fallecido, los salarios perdidos y otras p\u00e9rdidas anteriores a su muerte.<\/p>\n<h2>Luchando por una Indemnizaci\u00f3n por Homicidio Culposo en Pasadena, CA<\/h2>\n<p>Las demandas por homicidio culposo pueden ser dif\u00edciles de demostrar porque el fallecido no puede argumentar en su propio nombre. Para ganar tu caso, necesitar\u00e1s pruebas s\u00f3lidas que demuestren que el fallecido muri\u00f3 directamente como consecuencia del comportamiento negligente de otra parte. Tambi\u00e9n necesitar\u00e1s pruebas que demuestren las p\u00e9rdidas que sufrieron tu familia y el fallecido como consecuencia del accidente. Cuantas m\u00e1s pruebas tengas, m\u00e1s posibilidades tendr\u00e1s de obtener una indemnizaci\u00f3n justa en tu demanda.<\/p>\n<p>Si has perdido recientemente a un familiar, debes centrarte en el proceso de duelo. Nuestro equipo, compasivo y dedicado, puede ocuparse de todos los tr\u00e1mites legales mientras t\u00fa y tu familia os centr\u00e1is en ayudaros mutuamente en estos momentos dif\u00edciles. Nuestro objetivo ser\u00e1 quitarte la mayor carga posible de encima y darte el tiempo y el espacio que necesitas para curarte. Nos centraremos en buscar la indemnizaci\u00f3n plena y justa que necesitas y mereces.<\/p>\n<h2>\u00bfC\u00f3mo puede ayudarme el bufete de Pius Joseph, abogado especializado en lesiones personales?<\/h2>\n<p>Nuestro equipo tiene la experiencia, los conocimientos y la dedicaci\u00f3n necesarios para ayudarte a obtener respuestas y justicia.<\/p>\n<p>Toda muerte por negligencia es una tragedia, pero el sistema judicial puede ayudarte a conseguir una indemnizaci\u00f3n y a cerrar el caso. Contratar a un <a href=\"https:\/\/usa-law.org\/wrongful-death-attorney\/\">abogado<\/a> experto en <a href=\"https:\/\/usa-law.org\/wrongful-death-attorney\/\">reclamaciones por homicidio culposo<\/a> es importante para empezar. Llama hoy al <a href=\"https:\/\/www.google.com\/maps?cid=10189409246452284727\" target=\"_blank\" rel=\"noopener noreferrer\">Bufete de Pius Joseph &#8211; Abogado de Lesiones Personales en Pasadena, CA<\/a> o visita nuestra p\u00e1gina de contacto para una <a href=\"https:\/\/usa-law.org\/contact-us\/\">consulta gratuita<\/a>.<\/p>\n","protected":false},"excerpt":{"rendered":"<p>Si has perdido a un ser querido por la negligencia o el acto il\u00edcito de otra persona, es natural que quieras saber c\u00f3mo puedes hacer que la parte responsable responda de sus actos. Una forma de hacerlo es presentar una demanda por homicidio culposo. Aunque una acci\u00f3n legal no sustituir\u00e1&#8230;<\/p>\n","protected":false},"author":7,"featured_media":28479,"parent":28790,"menu_order":0,"comment_status":"closed","ping_status":"closed","template":"","meta":{"_acf_changed":false,"footnotes":""},"class_list":["post-28469","page","type-page","status-publish","has-post-thumbnail","hentry"],"acf":[],"yoast_head":"<!-- This site is optimized with the Yoast SEO plugin v27.4 - https:\/\/yoast.com\/product\/yoast-seo-wordpress\/ -->\n<title>\u00bfQui\u00e9n puede presentar una demanda por homicidio culposo en California? - Abogado de accidentes mortales<\/title>\n<meta name=\"description\" content=\"Si has perdido a alguien en un accidente que podr\u00eda haberse evitado, llama al Bufete de P\u00edo Jos\u00e9 - Abogado de Lesiones Personales para una consulta gratuita y confidencial.\" \/>\n<meta name=\"robots\" content=\"index, follow, max-snippet:-1, max-image-preview:large, max-video-preview:-1\" \/>\n<link rel=\"canonical\" href=\"https:\/\/usa-law.org\/es\/abogado-de-muerte-por-negligencia\/quien-puede-presentar-una-demanda-por-homicidio-culposo\/\" \/>\n<meta property=\"og:locale\" content=\"es_ES\" \/>\n<meta property=\"og:type\" content=\"article\" \/>\n<meta property=\"og:title\" content=\"\u00bfQui\u00e9n puede presentar una demanda por homicidio culposo en California? - Abogado de accidentes mortales\" \/>\n<meta property=\"og:description\" content=\"Si has perdido a alguien en un accidente que podr\u00eda haberse evitado, llama al Bufete de P\u00edo Jos\u00e9 - Abogado de Lesiones Personales para una consulta gratuita y confidencial.\" \/>\n<meta property=\"og:url\" content=\"https:\/\/usa-law.org\/es\/abogado-de-muerte-por-negligencia\/quien-puede-presentar-una-demanda-por-homicidio-culposo\/\" \/>\n<meta property=\"og:site_name\" content=\"Law Offices of Pius Joseph\" \/>\n<meta property=\"article:modified_time\" content=\"2024-11-25T07:11:02+00:00\" \/>\n<meta property=\"og:image\" content=\"https:\/\/usa-law.org\/wp-content\/uploads\/2021\/01\/mikhail-pavstyuk-EKy2OTRPXdw-unsplash.jpg\" \/>\n\t<meta property=\"og:image:width\" content=\"2560\" \/>\n\t<meta property=\"og:image:height\" content=\"1440\" \/>\n\t<meta property=\"og:image:type\" content=\"image\/jpeg\" \/>\n<meta name=\"twitter:card\" content=\"summary_large_image\" \/>\n<meta name=\"twitter:label1\" content=\"Est. reading time\" \/>\n\t<meta name=\"twitter:data1\" content=\"10 minutos\" \/>\n<!-- \/ Yoast SEO plugin. -->","yoast_head_json":{"title":"\u00bfQui\u00e9n puede presentar una demanda por homicidio culposo en California? - Abogado de accidentes mortales","description":"Si has perdido a alguien en un accidente que podr\u00eda haberse evitado, llama al Bufete de P\u00edo Jos\u00e9 - Abogado de Lesiones Personales para una consulta gratuita y confidencial.","robots":{"index":"index","follow":"follow","max-snippet":"max-snippet:-1","max-image-preview":"max-image-preview:large","max-video-preview":"max-video-preview:-1"},"canonical":"https:\/\/usa-law.org\/es\/abogado-de-muerte-por-negligencia\/quien-puede-presentar-una-demanda-por-homicidio-culposo\/","og_locale":"es_ES","og_type":"article","og_title":"\u00bfQui\u00e9n puede presentar una demanda por homicidio culposo en California? - Abogado de accidentes mortales","og_description":"Si has perdido a alguien en un accidente que podr\u00eda haberse evitado, llama al Bufete de P\u00edo Jos\u00e9 - Abogado de Lesiones Personales para una consulta gratuita y confidencial.","og_url":"https:\/\/usa-law.org\/es\/abogado-de-muerte-por-negligencia\/quien-puede-presentar-una-demanda-por-homicidio-culposo\/","og_site_name":"Law Offices of Pius Joseph","article_modified_time":"2024-11-25T07:11:02+00:00","og_image":[{"width":2560,"height":1440,"url":"https:\/\/usa-law.org\/wp-content\/uploads\/2021\/01\/mikhail-pavstyuk-EKy2OTRPXdw-unsplash.jpg","type":"image\/jpeg"}],"twitter_card":"summary_large_image","twitter_misc":{"Est. reading time":"10 minutos"},"schema":{"@context":"https:\/\/schema.org","@graph":[{"@type":"WebPage","@id":"https:\/\/usa-law.org\/es\/abogado-de-muerte-por-negligencia\/quien-puede-presentar-una-demanda-por-homicidio-culposo\/","url":"https:\/\/usa-law.org\/es\/abogado-de-muerte-por-negligencia\/quien-puede-presentar-una-demanda-por-homicidio-culposo\/","name":"\u00bfQui\u00e9n puede presentar una demanda por homicidio culposo en California? - Abogado de accidentes mortales","isPartOf":{"@id":"https:\/\/usa-law.org\/es\/#website"},"primaryImageOfPage":{"@id":"https:\/\/usa-law.org\/es\/abogado-de-muerte-por-negligencia\/quien-puede-presentar-una-demanda-por-homicidio-culposo\/#primaryimage"},"image":{"@id":"https:\/\/usa-law.org\/es\/abogado-de-muerte-por-negligencia\/quien-puede-presentar-una-demanda-por-homicidio-culposo\/#primaryimage"},"thumbnailUrl":"https:\/\/usa-law.org\/wp-content\/uploads\/2021\/01\/mikhail-pavstyuk-EKy2OTRPXdw-unsplash.jpg","datePublished":"2021-01-28T13:41:28+00:00","dateModified":"2024-11-25T07:11:02+00:00","description":"Si has perdido a alguien en un accidente que podr\u00eda haberse evitado, llama al Bufete de P\u00edo Jos\u00e9 - Abogado de Lesiones Personales para una consulta gratuita y confidencial.","breadcrumb":{"@id":"https:\/\/usa-law.org\/es\/abogado-de-muerte-por-negligencia\/quien-puede-presentar-una-demanda-por-homicidio-culposo\/#breadcrumb"},"inLanguage":"es","potentialAction":[{"@type":"ReadAction","target":["https:\/\/usa-law.org\/es\/abogado-de-muerte-por-negligencia\/quien-puede-presentar-una-demanda-por-homicidio-culposo\/"]}]},{"@type":"ImageObject","inLanguage":"es","@id":"https:\/\/usa-law.org\/es\/abogado-de-muerte-por-negligencia\/quien-puede-presentar-una-demanda-por-homicidio-culposo\/#primaryimage","url":"https:\/\/usa-law.org\/wp-content\/uploads\/2021\/01\/mikhail-pavstyuk-EKy2OTRPXdw-unsplash.jpg","contentUrl":"https:\/\/usa-law.org\/wp-content\/uploads\/2021\/01\/mikhail-pavstyuk-EKy2OTRPXdw-unsplash.jpg","width":2560,"height":1440},{"@type":"BreadcrumbList","@id":"https:\/\/usa-law.org\/es\/abogado-de-muerte-por-negligencia\/quien-puede-presentar-una-demanda-por-homicidio-culposo\/#breadcrumb","itemListElement":[{"@type":"ListItem","position":1,"name":"Home","item":"https:\/\/usa-law.org\/es\/"},{"@type":"ListItem","position":2,"name":"Abogado de muerte por negligencia","item":"https:\/\/usa-law.org\/es\/abogado-de-muerte-por-negligencia\/"},{"@type":"ListItem","position":3,"name":"\u00bfQui\u00e9n puede presentar una demanda por homicidio culposo?"}]},{"@type":"WebSite","@id":"https:\/\/usa-law.org\/es\/#website","url":"https:\/\/usa-law.org\/es\/","name":"Law Offices of Pius Joseph","description":"Pasadena, CA Personal Injury Attorneys","publisher":{"@id":"https:\/\/usa-law.org\/es\/#organization"},"potentialAction":[{"@type":"SearchAction","target":{"@type":"EntryPoint","urlTemplate":"https:\/\/usa-law.org\/es\/?s={search_term_string}"},"query-input":{"@type":"PropertyValueSpecification","valueRequired":true,"valueName":"search_term_string"}}],"inLanguage":"es"},{"@type":"Organization","@id":"https:\/\/usa-law.org\/es\/#organization","name":"Law Offices of Pius Joseph - Personal injury attorney","url":"https:\/\/usa-law.org\/es\/","logo":{"@type":"ImageObject","inLanguage":"es","@id":"https:\/\/usa-law.org\/es\/#\/schema\/logo\/image\/","url":"https:\/\/usa-law.org\/wp-content\/uploads\/2019\/07\/logo.png","contentUrl":"https:\/\/usa-law.org\/wp-content\/uploads\/2019\/07\/logo.png","width":273,"height":84,"caption":"Law Offices of Pius Joseph - Personal injury attorney"},"image":{"@id":"https:\/\/usa-law.org\/es\/#\/schema\/logo\/image\/"}}]}},"_links":{"self":[{"href":"https:\/\/usa-law.org\/es\/wp-json\/wp\/v2\/pages\/28469","targetHints":{"allow":["GET"]}}],"collection":[{"href":"https:\/\/usa-law.org\/es\/wp-json\/wp\/v2\/pages"}],"about":[{"href":"https:\/\/usa-law.org\/es\/wp-json\/wp\/v2\/types\/page"}],"author":[{"embeddable":true,"href":"https:\/\/usa-law.org\/es\/wp-json\/wp\/v2\/users\/7"}],"replies":[{"embeddable":true,"href":"https:\/\/usa-law.org\/es\/wp-json\/wp\/v2\/comments?post=28469"}],"version-history":[{"count":0,"href":"https:\/\/usa-law.org\/es\/wp-json\/wp\/v2\/pages\/28469\/revisions"}],"up":[{"embeddable":true,"href":"https:\/\/usa-law.org\/es\/wp-json\/wp\/v2\/pages\/28790"}],"wp:featuredmedia":[{"embeddable":true,"href":"https:\/\/usa-law.org\/es\/wp-json\/wp\/v2\/media\/28479"}],"wp:attachment":[{"href":"https:\/\/usa-law.org\/es\/wp-json\/wp\/v2\/media?parent=28469"}],"curies":[{"name":"wp","href":"https:\/\/api.w.org\/{rel}","templated":true}]}}