{"id":28516,"date":"2020-08-05T17:29:11","date_gmt":"2020-08-05T17:29:11","guid":{"rendered":"https:\/\/piusjoseph.wpenginepowered.com\/investigacion-de-accidentes-de-camion\/"},"modified":"2024-06-11T17:05:53","modified_gmt":"2024-06-11T17:05:53","slug":"investigacion-de-accidentes-de-camion","status":"publish","type":"page","link":"https:\/\/usa-law.org\/es\/accidentes-de-camion\/investigacion-de-accidentes-de-camion\/","title":{"rendered":"Investigaci\u00f3n de accidentes de cami\u00f3n"},"content":{"rendered":"<p>Los accidentes en los que se ven implicados grandes camiones y veh\u00edculos de 18 ruedas suelen ser acontecimientos devastadores. El tama\u00f1o y el peso de estos veh\u00edculos hacen que una <a href=\"https:\/\/usa-law.org\/truck-accident-attorney\/head-on-collision-truck-accidents\/\">colisi\u00f3n<\/a> pueda provocar lesiones catastr\u00f3ficas o mortales. La mayor\u00eda de las personas que mueren en accidentes de tractor con remolque en California son ocupantes de veh\u00edculos de pasajeros m\u00e1s peque\u00f1os.<\/p>\n<p>El <a href=\"https:\/\/usa-law.org\/es\/attorneys\/pius-joseph\/\">abogado Pius Joseph<\/a> es un <a href=\"https:\/\/usa-law.org\/truck-accident-attorney\/\">abogado<\/a> experto en <a href=\"https:\/\/usa-law.org\/truck-accident-attorney\/\">lesiones por accidente de cami\u00f3n<\/a> que entiende lo que hace falta para responsabilizar a las empresas de transporte por carretera de los accidentes catastr\u00f3ficos. Si te has visto implicado en un <a href=\"https:\/\/usa-law.org\/truck-accident-attorney\/jackknife-truck-accidents\/\">accidente causado por un cami\u00f3n de gran<\/a> tonelaje, lo m\u00e1s probable es que sufras lesiones que pueden tardar meses en curarse. Acude al bufete <a href=\"https:\/\/usa-law.org\/\">de Pius Joseph &#8211; Abogado de lesiones<\/a> personales para obtener orientaci\u00f3n jur\u00eddica.<\/p>\n<div class=\"text-center\"><iframe loading=\"lazy\" title=\"Reproductor de v\u00eddeo de YouTube\" src=\"https:\/\/www.youtube.com\/embed\/iEFDj4sai7Q\" width=\"560\" height=\"315\" frameborder=\"0\" allowfullscreen=\"allowfullscreen\"><\/iframe><\/div>\n<p>&nbsp;<\/p>\n<p>Las compa\u00f1\u00edas de seguros del sector del transporte por carretera saben que te encuentras en una situaci\u00f3n vulnerable, con facturas m\u00e9dicas que se acumulan y bajas laborales que se traducen en un salario escaso o nulo. Pueden intentar aprovecharse de tu situaci\u00f3n y ofrecerte un acuerdo que sea una fracci\u00f3n del valor de un acuerdo justo. No dejes que una compa\u00f1\u00eda de seguros te defraude a ti y a tu familia. Ponte en contacto con el bufete de Pius Joseph &#8211; Abogado de lesiones personales para recibir asesoramiento jur\u00eddico hoy mismo llamando al (626) 397-1050 o ponte en contacto con nosotros por Internet.<\/p>\n<h2>Causas comunes de accidentes de cami\u00f3n en Pasadena<\/h2>\n<p>California es una potencia econ\u00f3mica con una red de importantes carreteras que sirven de grandes rutas de transporte. Debido en parte a la econom\u00eda y la poblaci\u00f3n del estado, California figura constantemente como uno de los estados con mayor n\u00famero de accidentes de camiones.<\/p>\n<p>Un informe de 2019 de la Administraci\u00f3n Federal de Seguridad de Autotransportes afirma que los grandes camiones y autobuses estuvieron implicados en 14.544 accidentes en las carreteras de California, con un resultado de m\u00e1s de 450 muertos y miles de heridos.<\/p>\n<p>Aunque la Administraci\u00f3n Federal de Seguridad de Autotransportes y el estado de California tienen leyes estrictas que regulan el sector del transporte por cami\u00f3n, siguen produci\u00e9ndose accidentes de cami\u00f3n en muchas de las carreteras m\u00e1s transitadas del estado. Algunas de las causas m\u00e1s comunes de <a href=\"https:\/\/usa-law.org\/truck-accident-attorney\/rear-end-truck-accidents\/\">accidentes de cami\u00f3n<\/a> en el estado son:<\/p>\n<ul>\n<li>Conducci\u00f3n distra\u00edda<\/li>\n<li><a href=\"https:\/\/usa-law.org\/truck-accident-attorney\/truck-driver-fatigue\/\">Fatiga del conductor<\/a><\/li>\n<li>Mala toma de decisiones<\/li>\n<li>Mal comportamiento al volante<\/li>\n<li>T\u00e1cticas de conducci\u00f3n agresiva<\/li>\n<li>Aver\u00edas o problemas mec\u00e1nicos o relacionados con el veh\u00edculo<\/li>\n<li>Factores meteorol\u00f3gicos<\/li>\n<li>Carga inadecuada<\/li>\n<li><a href=\"https:\/\/usa-law.org\/truck-accident-attorney\/truck-driver-shortage\/\">Conductores inexpertos o poco formados<\/a><\/li>\n<li>Selecci\u00f3n y empleo inadecuados de conductores no aptos<\/li>\n<\/ul>\n<p>Estos factores, solos o combinados, pueden convertir un d\u00eda normal en la carretera en un terrible accidente. Muchas conductas peligrosas al volante implican negligencia por parte del conductor. El equipo jur\u00eddico del Bufete de P\u00edo Jos\u00e9 &#8211; Abogado de Lesiones Personales se esfuerza por responsabilizar a los camioneros y a sus empresas de sus acciones negligentes y por conseguir la m\u00e1xima indemnizaci\u00f3n que te corresponde.<\/p>\n<h2>\u00bfQu\u00e9 se investiga en un accidente de cami\u00f3n?<\/h2>\n<p>Hay varias razones por las que contratar ayuda jur\u00eddica <a href=\"https:\/\/usa-law.org\/truck-accident-attorney\/what-to-do-after-a-truck-accident\/\">tras un accidente de cami\u00f3n en California<\/a> es una decisi\u00f3n inteligente. Una de las formas m\u00e1s valiosas en que un abogado puede ayudarte es realizando una investigaci\u00f3n exhaustiva de las circunstancias que provocaron el accidente.<\/p>\n<p>\u00bfPor qu\u00e9 es importante si la polic\u00eda ya ha investigado? La respuesta es que la causa de un accidente de cami\u00f3n puede ser extremadamente compleja. Un cami\u00f3n y un remolque pueden tener propietarios distintos, y ambos pueden tener cierta responsabilidad. El camionero puede ser empleado de la empresa de transportes o ser un conductor independiente. Desde el momento en que se produce un accidente, la empresa de camiones tendr\u00e1 abogados y aseguradoras trabajando para minimizar la responsabilidad de la empresa por el accidente.<\/p>\n<p>Tener tu propio abogado significa que tienes a alguien que vela por tus intereses. Tambi\u00e9n significa que tienes a alguien con los medios legales para solicitar los registros del conductor y los registros de mantenimiento del cami\u00f3n antes de que la empresa de transporte deseche o destruya las pruebas.<\/p>\n<p>Los dem\u00e1s pasos de una investigaci\u00f3n detallada de un accidente de cami\u00f3n pueden incluir:<\/p>\n<ul>\n<li>Recopilaci\u00f3n de informes policiales<\/li>\n<li>Recogida de declaraciones de testigos<\/li>\n<li>Investigar el lugar del accidente<\/li>\n<li>Presentar una carta de expoliaci\u00f3n en la que se notifique a la empresa de transporte y a las dem\u00e1s partes implicadas que las pruebas no deben destruirse, alterarse ni ocultarse de ning\u00fan modo. Esto forma parte del proceso de recogida y conservaci\u00f3n de pruebas. Incumplir esta orden puede suponer fuertes sanciones legales.<\/li>\n<li>Obtenci\u00f3n de pruebas digitales como el M\u00f3dulo de Control Electr\u00f3nico (la caja negra de un cami\u00f3n), videovigilancia, grabaciones de la c\u00e1mara del salpicadero o datos del GPS.<\/li>\n<li>Obtenci\u00f3n de registros de conducci\u00f3n, registros de formaci\u00f3n e <a href=\"https:\/\/usa-law.org\/truck-accident-attorney\/truck-accident-faqs\/\">informaci\u00f3n sobre<\/a> la cualificaci\u00f3n del conductor<\/li>\n<li>Obtenci\u00f3n de registros de empleadores e informaci\u00f3n sobre pr\u00e1cticas de contrataci\u00f3n<\/li>\n<li>Reunir los registros de inspecci\u00f3n de seguridad del cami\u00f3n<\/li>\n<li>Trabajar con un especialista en reconstrucci\u00f3n de accidentes para comprender c\u00f3mo ocurri\u00f3 el accidente.<\/li>\n<\/ul>\n<p>Estos pasos son cruciales para construir un caso persuasivo contra el camionero y la empresa de transporte responsables de causar el accidente. Una reclamaci\u00f3n por accidente de cami\u00f3n es un proceso legal complejo que no debes intentar llevar a cabo t\u00fa solo. Es importante contar con un abogado con experiencia en este tipo de casos complicados. El bufete de Pius Joseph &#8211; Abogado de lesiones personales lleva m\u00e1s de 30 a\u00f1os enfrent\u00e1ndose a duros casos de camiones y ha ayudado a mucha gente.<\/p>\n<h2>\u00bfQu\u00e9 pruebas deben recogerse?<\/h2>\n<p><img loading=\"lazy\" decoding=\"async\" class=\"img-responsive wp-image-15957 alignright\" title=\"Pruebas de la investigaci\u00f3n de accidentes de cami\u00f3n - Pius Joseph\" src=\"https:\/\/usa-law.org\/wp-content\/uploads\/2020\/08\/Truck-Accident-Investigation-Pius-Joseph.png\" alt=\"Pruebas de la investigaci\u00f3n de accidentes de cami\u00f3n\" width=\"258\" height=\"145\" srcset=\"https:\/\/usa-law.org\/wp-content\/uploads\/2020\/08\/Truck-Accident-Investigation-Pius-Joseph.png 2880w, https:\/\/usa-law.org\/wp-content\/uploads\/2020\/08\/Truck-Accident-Investigation-Pius-Joseph-300x169.png 300w, https:\/\/usa-law.org\/wp-content\/uploads\/2020\/08\/Truck-Accident-Investigation-Pius-Joseph-768x432.png 768w, https:\/\/usa-law.org\/wp-content\/uploads\/2020\/08\/Truck-Accident-Investigation-Pius-Joseph-1024x576.png 1024w\" sizes=\"auto, (max-width: 258px) 100vw, 258px\" \/>Las pruebas que intervienen en la construcci\u00f3n de un caso de accidente de cami\u00f3n son mucho m\u00e1s amplias que basarse simplemente en un informe policial del accidente. Hay muchas m\u00e1s cosas que intervienen en el desarrollo de un caso contra una empresa de transporte por carretera.<\/p>\n<p>Diversos factores pueden contribuir a un accidente de cami\u00f3n. Eso significa que se necesita una gran variedad de pruebas para reconstruir el cuadro completo de lo que ocurri\u00f3 y de qui\u00e9n fue la culpa, entre otras cosas:<\/p>\n<ul>\n<li>Informe policial<\/li>\n<li>Relatos de testigos<\/li>\n<li>Pruebas digitales como el M\u00f3dulo de Control Electr\u00f3nico (la caja negra de un cami\u00f3n), Videovigilancia de la zona y\/o grabaciones de la c\u00e1mara del salpicadero.<\/li>\n<li>Datos GPS<\/li>\n<li>Historial de conducci\u00f3n<\/li>\n<li>Datos del permiso de conducir<\/li>\n<li>Expedientes de empleo<\/li>\n<li>Registros de formaci\u00f3n<\/li>\n<li>Registros de inspecci\u00f3n de seguridad<\/li>\n<li>Informes de la estaci\u00f3n de pesaje<\/li>\n<li>Informaci\u00f3n sobre contrataci\u00f3n y verificaci\u00f3n de antecedentes<\/li>\n<\/ul>\n<h2>Por qu\u00e9 los informes policiales no siempre son suficientes<\/h2>\n<p>Los informes policiales son \u00fatiles para establecer algunas de las circunstancias que rodean a un accidente, pero no son una imagen completa del mismo. Un informe policial sirve para ayudar en cualquier tipo de proceso penal. No est\u00e1 escrito con la intenci\u00f3n de establecer la responsabilidad en casos judiciales. Los procedimientos civiles y penales son muy diferentes. En las causas penales, la carga de la prueba de la culpabilidad recae en la acusaci\u00f3n. En una causa civil, el demandante tiene la carga de probar su caso mediante una preponderancia de las pruebas disponibles.<\/p>\n<p>Uno de los problemas de confiar en un informe policial como \u00fanica prueba en los casos de accidente de cami\u00f3n es el hecho de que la mayor\u00eda de los agentes de la ley no est\u00e1n debidamente cualificados para hacer un an\u00e1lisis pericial del lugar del accidente. No tienen tiempo ni recursos para llevar a cabo una investigaci\u00f3n detallada. Esto significa que detalles importantes sobre el accidente pueden no figurar en el atestado.<\/p>\n<p>Otra cuesti\u00f3n es que los abogados de las empresas de camiones suelen argumentar que el propio informe debe ser rechazado porque el agente no es un experto cualificado en accidentes de camiones. Esto puede significar que un jurado ni siquiera podr\u00eda escuchar las pruebas expuestas en el informe.<\/p>\n<p>En el bufete de Pius Joseph &#8211; Abogado de lesiones personales, nos comprometemos a llevar a cabo una investigaci\u00f3n exhaustiva.<\/p>\n<h2>C\u00f3mo ayudan los peritos en la investigaci\u00f3n de un accidente de cami\u00f3n<\/h2>\n<p>Los abogados con experiencia en casos de accidentes de cami\u00f3n suelen contar con la ayuda de especialistas para construir casos s\u00f3lidos. Los especialistas en reconstrucci\u00f3n de accidentes utilizan sus conocimientos para evaluar el lugar del accidente y tener en cuenta todas las pruebas, incluidas las declaraciones de los testigos. Crean una imagen m\u00e1s completa del accidente. Estos detectives de accidentes pueden recrear un accidente utilizando mediciones de marcas de derrape, manchas de grasa, sofisticados modelos inform\u00e1ticos y f\u00edsica a la antigua usanza para crear un relato global del accidente.<\/p>\n<h2>\u00bfPor qu\u00e9 debe un abogado investigar un accidente de cami\u00f3n industrial?<\/h2>\n<p>Te sorprender\u00e1 la rapidez con que el equipo de investigadores de las empresas de transporte estar\u00e1 en el lugar del accidente recogiendo pruebas y hablando con los testigos. Actuar\u00e1n con rapidez para intentar eximir a la empresa de transporte y al conductor de la responsabilidad del accidente.<\/p>\n<p>En el Bufete de P\u00edo Jos\u00e9 &#8211; Abogado de Lesiones Personales, comprendemos que sufras o est\u00e9s de duelo por la p\u00e9rdida de un ser querido. Mereces compasi\u00f3n y una orientaci\u00f3n fiable basada en nuestra experiencia. <a href=\"https:\/\/usa-law.org\/truck-accident-attorney\/do-i-need-a-truck-accident-lawyer\/\">Un abogado experto en accidentes de cami\u00f3n puede ayudarte<\/a> a comprender qu\u00e9 ocurri\u00f3 realmente en el accidente de cami\u00f3n y qui\u00e9n es responsable de tus lesiones. Para proteger tus derechos y buscar la indemnizaci\u00f3n que mereces, debes ponerte en contacto con un <a href=\"https:\/\/goo.gl\/maps\/fW4W7PM6Km6mDGp36\" target=\"_blank\" rel=\"noopener noreferrer\">abogado<\/a> experto en accidentes de cami\u00f3n que disponga de los recursos necesarios para llevar a cabo una investigaci\u00f3n exhaustiva del accidente de cami\u00f3n.<\/p>\n<h2>\u00bfC\u00f3mo puede ayudarme el bufete de Pius Joseph, abogado especializado en lesiones personales?<\/h2>\n<p>Aunque tomes todas las precauciones de seguridad y conduzcas con precauci\u00f3n, no puedes evitar que un camionero cometa un error de conducci\u00f3n y provoque un accidente. Si t\u00fa o un ser querido hab\u00e9is resultado gravemente heridos en un accidente con un cami\u00f3n de 18 ruedas en Pasadena o en cualquier lugar de California, necesit\u00e1is protecci\u00f3n inmediata.<\/p>\n<p>Nuestro bufete de abogados evaluar\u00e1 todas las formas en que el accidente de cami\u00f3n ha afectado a tu vida y calcular\u00e1 cuidadosamente tus gastos m\u00e9dicos presentes y futuros y otras p\u00e9rdidas relacionadas con el accidente. Exigiremos al seguro de la empresa de camiones una indemnizaci\u00f3n completa que cubra todas tus p\u00e9rdidas. No dejes que la aseguradora de un transportista te intimide para que te conformes con menos de la indemnizaci\u00f3n justa que corresponda en funci\u00f3n de los hechos del accidente.  Ponte en <a href=\"https:\/\/usa-law.org\/contact-us\/\">contacto con<\/a> el bufete de Pius Joseph &#8211; Abogado de lesiones personales para programar una consulta gratuita y hablar de tu caso llamando al (626) 397-1050.<\/p>\n","protected":false},"excerpt":{"rendered":"<p>Los accidentes en los que se ven implicados grandes camiones y veh\u00edculos de 18 ruedas suelen ser acontecimientos devastadores. El tama\u00f1o y el peso de estos veh\u00edculos hacen que una colisi\u00f3n pueda provocar lesiones catastr\u00f3ficas o mortales. La mayor\u00eda de las personas que mueren en accidentes de tractor con remolque&#8230;<\/p>\n","protected":false},"author":7,"featured_media":28518,"parent":28633,"menu_order":0,"comment_status":"closed","ping_status":"closed","template":"","meta":{"_acf_changed":false,"footnotes":""},"class_list":["post-28516","page","type-page","status-publish","has-post-thumbnail","hentry"],"acf":[],"yoast_head":"<!-- This site is optimized with the Yoast SEO plugin v27.3 - https:\/\/yoast.com\/product\/yoast-seo-wordpress\/ -->\n<title>Investigaciones de Accidentes de Cami\u00f3n | Bufete de P\u00edo Jos\u00e9<\/title>\n<meta name=\"description\" content=\"Si necesitas ayuda para la investigaci\u00f3n de un accidente de cami\u00f3n despu\u00e9s de un accidente grave, \u00a1ponte en contacto hoy mismo con un abogado especializado en accidentes de cami\u00f3n del bufete Law Offices of Pius Joseph!\" \/>\n<meta name=\"robots\" content=\"index, follow, max-snippet:-1, max-image-preview:large, max-video-preview:-1\" \/>\n<link rel=\"canonical\" href=\"https:\/\/usa-law.org\/es\/accidentes-de-camion\/investigacion-de-accidentes-de-camion\/\" \/>\n<meta property=\"og:locale\" content=\"es_ES\" \/>\n<meta property=\"og:type\" content=\"article\" \/>\n<meta property=\"og:title\" content=\"Investigaciones de Accidentes de Cami\u00f3n | Bufete de P\u00edo Jos\u00e9\" \/>\n<meta property=\"og:description\" content=\"Si necesitas ayuda para la investigaci\u00f3n de un accidente de cami\u00f3n despu\u00e9s de un accidente grave, \u00a1ponte en contacto hoy mismo con un abogado especializado en accidentes de cami\u00f3n del bufete Law Offices of Pius Joseph!\" \/>\n<meta property=\"og:url\" content=\"https:\/\/usa-law.org\/es\/accidentes-de-camion\/investigacion-de-accidentes-de-camion\/\" \/>\n<meta property=\"og:site_name\" content=\"Law Offices of Pius Joseph\" \/>\n<meta property=\"article:modified_time\" content=\"2024-06-11T17:05:53+00:00\" \/>\n<meta property=\"og:image\" content=\"https:\/\/usa-law.org\/wp-content\/uploads\/2020\/08\/shutterstock_480057721-1024x1024.jpg\" \/>\n\t<meta property=\"og:image:width\" content=\"1024\" \/>\n\t<meta property=\"og:image:height\" content=\"1024\" \/>\n\t<meta property=\"og:image:type\" content=\"image\/jpeg\" \/>\n<meta name=\"twitter:card\" content=\"summary_large_image\" \/>\n<meta name=\"twitter:label1\" content=\"Est. reading time\" \/>\n\t<meta name=\"twitter:data1\" content=\"9 minutos\" \/>\n<!-- \/ Yoast SEO plugin. -->","yoast_head_json":{"title":"Investigaciones de Accidentes de Cami\u00f3n | Bufete de P\u00edo Jos\u00e9","description":"Si necesitas ayuda para la investigaci\u00f3n de un accidente de cami\u00f3n despu\u00e9s de un accidente grave, \u00a1ponte en contacto hoy mismo con un abogado especializado en accidentes de cami\u00f3n del bufete Law Offices of Pius Joseph!","robots":{"index":"index","follow":"follow","max-snippet":"max-snippet:-1","max-image-preview":"max-image-preview:large","max-video-preview":"max-video-preview:-1"},"canonical":"https:\/\/usa-law.org\/es\/accidentes-de-camion\/investigacion-de-accidentes-de-camion\/","og_locale":"es_ES","og_type":"article","og_title":"Investigaciones de Accidentes de Cami\u00f3n | Bufete de P\u00edo Jos\u00e9","og_description":"Si necesitas ayuda para la investigaci\u00f3n de un accidente de cami\u00f3n despu\u00e9s de un accidente grave, \u00a1ponte en contacto hoy mismo con un abogado especializado en accidentes de cami\u00f3n del bufete Law Offices of Pius Joseph!","og_url":"https:\/\/usa-law.org\/es\/accidentes-de-camion\/investigacion-de-accidentes-de-camion\/","og_site_name":"Law Offices of Pius Joseph","article_modified_time":"2024-06-11T17:05:53+00:00","og_image":[{"width":1024,"height":1024,"url":"https:\/\/usa-law.org\/wp-content\/uploads\/2020\/08\/shutterstock_480057721-1024x1024.jpg","type":"image\/jpeg"}],"twitter_card":"summary_large_image","twitter_misc":{"Est. reading time":"9 minutos"},"schema":{"@context":"https:\/\/schema.org","@graph":[{"@type":"WebPage","@id":"https:\/\/usa-law.org\/es\/accidentes-de-camion\/investigacion-de-accidentes-de-camion\/","url":"https:\/\/usa-law.org\/es\/accidentes-de-camion\/investigacion-de-accidentes-de-camion\/","name":"Investigaciones de Accidentes de Cami\u00f3n | Bufete de P\u00edo Jos\u00e9","isPartOf":{"@id":"https:\/\/usa-law.org\/es\/#website"},"primaryImageOfPage":{"@id":"https:\/\/usa-law.org\/es\/accidentes-de-camion\/investigacion-de-accidentes-de-camion\/#primaryimage"},"image":{"@id":"https:\/\/usa-law.org\/es\/accidentes-de-camion\/investigacion-de-accidentes-de-camion\/#primaryimage"},"thumbnailUrl":"https:\/\/usa-law.org\/wp-content\/uploads\/2020\/08\/shutterstock_480057721.jpg","datePublished":"2020-08-05T17:29:11+00:00","dateModified":"2024-06-11T17:05:53+00:00","description":"Si necesitas ayuda para la investigaci\u00f3n de un accidente de cami\u00f3n despu\u00e9s de un accidente grave, \u00a1ponte en contacto hoy mismo con un abogado especializado en accidentes de cami\u00f3n del bufete Law Offices of Pius Joseph!","breadcrumb":{"@id":"https:\/\/usa-law.org\/es\/accidentes-de-camion\/investigacion-de-accidentes-de-camion\/#breadcrumb"},"inLanguage":"es","potentialAction":[{"@type":"ReadAction","target":["https:\/\/usa-law.org\/es\/accidentes-de-camion\/investigacion-de-accidentes-de-camion\/"]}]},{"@type":"ImageObject","inLanguage":"es","@id":"https:\/\/usa-law.org\/es\/accidentes-de-camion\/investigacion-de-accidentes-de-camion\/#primaryimage","url":"https:\/\/usa-law.org\/wp-content\/uploads\/2020\/08\/shutterstock_480057721.jpg","contentUrl":"https:\/\/usa-law.org\/wp-content\/uploads\/2020\/08\/shutterstock_480057721.jpg","width":3840,"height":3840},{"@type":"BreadcrumbList","@id":"https:\/\/usa-law.org\/es\/accidentes-de-camion\/investigacion-de-accidentes-de-camion\/#breadcrumb","itemListElement":[{"@type":"ListItem","position":1,"name":"Home","item":"https:\/\/usa-law.org\/es\/"},{"@type":"ListItem","position":2,"name":"Accidentes de Cami\u00f3n","item":"https:\/\/usa-law.org\/es\/accidentes-de-camion\/"},{"@type":"ListItem","position":3,"name":"Investigaci\u00f3n de accidentes de cami\u00f3n"}]},{"@type":"WebSite","@id":"https:\/\/usa-law.org\/es\/#website","url":"https:\/\/usa-law.org\/es\/","name":"Law Offices of Pius Joseph","description":"Pasadena, CA Personal Injury Attorneys","publisher":{"@id":"https:\/\/usa-law.org\/es\/#organization"},"potentialAction":[{"@type":"SearchAction","target":{"@type":"EntryPoint","urlTemplate":"https:\/\/usa-law.org\/es\/?s={search_term_string}"},"query-input":{"@type":"PropertyValueSpecification","valueRequired":true,"valueName":"search_term_string"}}],"inLanguage":"es"},{"@type":"Organization","@id":"https:\/\/usa-law.org\/es\/#organization","name":"Law Offices of Pius Joseph - Personal injury attorney","url":"https:\/\/usa-law.org\/es\/","logo":{"@type":"ImageObject","inLanguage":"es","@id":"https:\/\/usa-law.org\/es\/#\/schema\/logo\/image\/","url":"https:\/\/usa-law.org\/wp-content\/uploads\/2019\/07\/logo.png","contentUrl":"https:\/\/usa-law.org\/wp-content\/uploads\/2019\/07\/logo.png","width":273,"height":84,"caption":"Law Offices of Pius Joseph - Personal injury attorney"},"image":{"@id":"https:\/\/usa-law.org\/es\/#\/schema\/logo\/image\/"}}]}},"_links":{"self":[{"href":"https:\/\/usa-law.org\/es\/wp-json\/wp\/v2\/pages\/28516","targetHints":{"allow":["GET"]}}],"collection":[{"href":"https:\/\/usa-law.org\/es\/wp-json\/wp\/v2\/pages"}],"about":[{"href":"https:\/\/usa-law.org\/es\/wp-json\/wp\/v2\/types\/page"}],"author":[{"embeddable":true,"href":"https:\/\/usa-law.org\/es\/wp-json\/wp\/v2\/users\/7"}],"replies":[{"embeddable":true,"href":"https:\/\/usa-law.org\/es\/wp-json\/wp\/v2\/comments?post=28516"}],"version-history":[{"count":0,"href":"https:\/\/usa-law.org\/es\/wp-json\/wp\/v2\/pages\/28516\/revisions"}],"up":[{"embeddable":true,"href":"https:\/\/usa-law.org\/es\/wp-json\/wp\/v2\/pages\/28633"}],"wp:featuredmedia":[{"embeddable":true,"href":"https:\/\/usa-law.org\/es\/wp-json\/wp\/v2\/media\/28518"}],"wp:attachment":[{"href":"https:\/\/usa-law.org\/es\/wp-json\/wp\/v2\/media?parent=28516"}],"curies":[{"name":"wp","href":"https:\/\/api.w.org\/{rel}","templated":true}]}}