{"id":28552,"date":"2020-02-17T19:34:53","date_gmt":"2020-02-17T19:34:53","guid":{"rendered":"https:\/\/piusjoseph.wpenginepowered.com\/ciudades-a-las-que-servimos\/"},"modified":"2024-06-12T18:22:03","modified_gmt":"2024-06-12T18:22:03","slug":"ciudades-a-las-que-servimos","status":"publish","type":"page","link":"https:\/\/usa-law.org\/es\/ciudades-a-las-que-servimos\/","title":{"rendered":"Ciudades que Servimos"},"content":{"rendered":"<p>Durante m\u00e1s de 30 a\u00f1os, nuestros abogados se han enfrentado a los casos m\u00e1s dif\u00edciles de lesiones catastr\u00f3ficas. <a href=\"https:\/\/usa-law.org\/about-us\/\">Nuestro bufete<\/a>, Law Offices of Pius Joseph &#8211; <a href=\"https:\/\/usa-law.org\/personal-injury\/\">Personal Injury Attorney<\/a>, es ampliamente reconocido por desarrollar estrategias legales inteligentes y t\u00e1cticas de juicio exitosas.<\/p>\n<p><a href=\"https:\/\/usa-law.org\/es\/attorneys\/pius-joseph\/\">El abogado Pius<\/a> Joseph est\u00e1 preparado para ayudarte si has resultado herido por el descuido o la mala conducta de otra persona en cualquier situaci\u00f3n. <a href=\"https:\/\/usa-law.org\/contact-us\/\">Ponte en contacto con nosotros hoy mismo.<\/a><\/p>\n<p>Con una oficina situada en Pasadena, el <strong>Bufete de Pius Joseph &#8211; Abogado de Lesiones Personales<\/strong> presta sus servicios en las siguientes ciudades del Sur de California:<\/p>\n<ul>\n<li><a href=\"https:\/\/usa-law.org\/\">Pasadena<\/a><\/li>\n<li><a href=\"https:\/\/usa-law.org\/west-covina\/\">Covina Oeste<\/a><\/li>\n<li><a href=\"https:\/\/usa-law.org\/burbank\/\">Burbank<\/a><\/li>\n<li><a href=\"https:\/\/usa-law.org\/east-los-angeles\/\">Los Angeles Este<\/a><\/li>\n<li><a href=\"https:\/\/usa-law.org\/glendale\/\">Glendale<\/a><\/li>\n<li>Sierra Madre<\/li>\n<li>El Monte<\/li>\n<li>Alhambra<\/li>\n<li>Parque de Monterrey<\/li>\n<li>Parque Baldwin<\/li>\n<li>Montebello<\/li>\n<li>Pico Rivera<\/li>\n<li>Hacienda Heights<\/li>\n<li>Arcadia<\/li>\n<li>Covina<\/li>\n<\/ul>\n","protected":false},"excerpt":{"rendered":"<p>Durante m\u00e1s de 30 a\u00f1os, nuestros abogados se han enfrentado a los casos m\u00e1s dif\u00edciles de lesiones catastr\u00f3ficas. Nuestro bufete, Law Offices of Pius Joseph &#8211; Personal Injury Attorney, es ampliamente reconocido por desarrollar estrategias legales inteligentes y t\u00e1cticas de juicio exitosas. El abogado Pius Joseph est\u00e1 preparado para ayudarte&#8230;<\/p>\n","protected":false},"author":7,"featured_media":0,"parent":0,"menu_order":0,"comment_status":"closed","ping_status":"closed","template":"","meta":{"_acf_changed":false,"footnotes":""},"class_list":["post-28552","page","type-page","status-publish","hentry"],"acf":[],"yoast_head":"<!-- This site is optimized with the Yoast SEO plugin v27.5 - https:\/\/yoast.com\/product\/yoast-seo-wordpress\/ -->\n<title>Ciudades a las que servimos - Law Offices of Pius Joseph - Abogado de lesiones personales<\/title>\n<meta name=\"description\" content=\"Con una oficina situada en Pasadena, el bufete de Pius Joseph - Abogado de lesiones personales presta sus servicios en Pasadena y en las zonas circundantes del \u00e1rea metropolitana de Los \u00c1ngeles. Llama ahora.\" \/>\n<meta name=\"robots\" content=\"index, follow, max-snippet:-1, max-image-preview:large, max-video-preview:-1\" \/>\n<link rel=\"canonical\" href=\"https:\/\/usa-law.org\/es\/ciudades-a-las-que-servimos\/\" \/>\n<meta property=\"og:locale\" content=\"es_ES\" \/>\n<meta property=\"og:type\" content=\"article\" \/>\n<meta property=\"og:title\" content=\"Ciudades a las que servimos - Law Offices of Pius Joseph - Abogado de lesiones personales\" \/>\n<meta property=\"og:description\" content=\"Con una oficina situada en Pasadena, el bufete de Pius Joseph - Abogado de lesiones personales presta sus servicios en Pasadena y en las zonas circundantes del \u00e1rea metropolitana de Los \u00c1ngeles. Llama ahora.\" \/>\n<meta property=\"og:url\" content=\"https:\/\/usa-law.org\/es\/ciudades-a-las-que-servimos\/\" \/>\n<meta property=\"og:site_name\" content=\"Law Offices of Pius Joseph\" \/>\n<meta property=\"article:modified_time\" content=\"2024-06-12T18:22:03+00:00\" \/>\n<meta name=\"twitter:card\" content=\"summary_large_image\" \/>\n<meta name=\"twitter:label1\" content=\"Est. reading time\" \/>\n\t<meta name=\"twitter:data1\" content=\"1 minuto\" \/>\n<!-- \/ Yoast SEO plugin. -->","yoast_head_json":{"title":"Ciudades a las que servimos - Law Offices of Pius Joseph - Abogado de lesiones personales","description":"Con una oficina situada en Pasadena, el bufete de Pius Joseph - Abogado de lesiones personales presta sus servicios en Pasadena y en las zonas circundantes del \u00e1rea metropolitana de Los \u00c1ngeles. Llama ahora.","robots":{"index":"index","follow":"follow","max-snippet":"max-snippet:-1","max-image-preview":"max-image-preview:large","max-video-preview":"max-video-preview:-1"},"canonical":"https:\/\/usa-law.org\/es\/ciudades-a-las-que-servimos\/","og_locale":"es_ES","og_type":"article","og_title":"Ciudades a las que servimos - Law Offices of Pius Joseph - Abogado de lesiones personales","og_description":"Con una oficina situada en Pasadena, el bufete de Pius Joseph - Abogado de lesiones personales presta sus servicios en Pasadena y en las zonas circundantes del \u00e1rea metropolitana de Los \u00c1ngeles. Llama ahora.","og_url":"https:\/\/usa-law.org\/es\/ciudades-a-las-que-servimos\/","og_site_name":"Law Offices of Pius Joseph","article_modified_time":"2024-06-12T18:22:03+00:00","twitter_card":"summary_large_image","twitter_misc":{"Est. reading time":"1 minuto"},"schema":{"@context":"https:\/\/schema.org","@graph":[{"@type":"WebPage","@id":"https:\/\/usa-law.org\/es\/ciudades-a-las-que-servimos\/","url":"https:\/\/usa-law.org\/es\/ciudades-a-las-que-servimos\/","name":"Ciudades a las que servimos - Law Offices of Pius Joseph - Abogado de lesiones personales","isPartOf":{"@id":"https:\/\/usa-law.org\/es\/#website"},"datePublished":"2020-02-17T19:34:53+00:00","dateModified":"2024-06-12T18:22:03+00:00","description":"Con una oficina situada en Pasadena, el bufete de Pius Joseph - Abogado de lesiones personales presta sus servicios en Pasadena y en las zonas circundantes del \u00e1rea metropolitana de Los \u00c1ngeles. Llama ahora.","breadcrumb":{"@id":"https:\/\/usa-law.org\/es\/ciudades-a-las-que-servimos\/#breadcrumb"},"inLanguage":"es","potentialAction":[{"@type":"ReadAction","target":["https:\/\/usa-law.org\/es\/ciudades-a-las-que-servimos\/"]}]},{"@type":"BreadcrumbList","@id":"https:\/\/usa-law.org\/es\/ciudades-a-las-que-servimos\/#breadcrumb","itemListElement":[{"@type":"ListItem","position":1,"name":"Home","item":"https:\/\/usa-law.org\/es\/"},{"@type":"ListItem","position":2,"name":"Ciudades que Servimos"}]},{"@type":"WebSite","@id":"https:\/\/usa-law.org\/es\/#website","url":"https:\/\/usa-law.org\/es\/","name":"Law Offices of Pius Joseph","description":"Pasadena, CA Personal Injury Attorneys","publisher":{"@id":"https:\/\/usa-law.org\/es\/#organization"},"potentialAction":[{"@type":"SearchAction","target":{"@type":"EntryPoint","urlTemplate":"https:\/\/usa-law.org\/es\/?s={search_term_string}"},"query-input":{"@type":"PropertyValueSpecification","valueRequired":true,"valueName":"search_term_string"}}],"inLanguage":"es"},{"@type":"Organization","@id":"https:\/\/usa-law.org\/es\/#organization","name":"Law Offices of Pius Joseph - Personal injury attorney","url":"https:\/\/usa-law.org\/es\/","logo":{"@type":"ImageObject","inLanguage":"es","@id":"https:\/\/usa-law.org\/es\/#\/schema\/logo\/image\/","url":"https:\/\/usa-law.org\/wp-content\/uploads\/2019\/07\/logo.png","contentUrl":"https:\/\/usa-law.org\/wp-content\/uploads\/2019\/07\/logo.png","width":273,"height":84,"caption":"Law Offices of Pius Joseph - Personal injury attorney"},"image":{"@id":"https:\/\/usa-law.org\/es\/#\/schema\/logo\/image\/"}}]}},"_links":{"self":[{"href":"https:\/\/usa-law.org\/es\/wp-json\/wp\/v2\/pages\/28552","targetHints":{"allow":["GET"]}}],"collection":[{"href":"https:\/\/usa-law.org\/es\/wp-json\/wp\/v2\/pages"}],"about":[{"href":"https:\/\/usa-law.org\/es\/wp-json\/wp\/v2\/types\/page"}],"author":[{"embeddable":true,"href":"https:\/\/usa-law.org\/es\/wp-json\/wp\/v2\/users\/7"}],"replies":[{"embeddable":true,"href":"https:\/\/usa-law.org\/es\/wp-json\/wp\/v2\/comments?post=28552"}],"version-history":[{"count":0,"href":"https:\/\/usa-law.org\/es\/wp-json\/wp\/v2\/pages\/28552\/revisions"}],"wp:attachment":[{"href":"https:\/\/usa-law.org\/es\/wp-json\/wp\/v2\/media?parent=28552"}],"curies":[{"name":"wp","href":"https:\/\/api.w.org\/{rel}","templated":true}]}}