{"id":28556,"date":"2019-12-16T18:42:40","date_gmt":"2019-12-16T18:42:40","guid":{"rendered":"https:\/\/piusjoseph.wpenginepowered.com\/que-hacer-inmediatamente-despues-de-un-accidente-de-camion-en-pasadena\/"},"modified":"2024-10-22T13:53:39","modified_gmt":"2024-10-22T13:53:39","slug":"que-hacer-inmediatamente-despues-de-un-accidente-de-camion-en-pasadena","status":"publish","type":"page","link":"https:\/\/usa-law.org\/es\/accidentes-de-camion\/que-hacer-inmediatamente-despues-de-un-accidente-de-camion-en-pasadena\/","title":{"rendered":"Qu\u00e9 hacer inmediatamente despu\u00e9s de un accidente de cami\u00f3n en Pasadena"},"content":{"rendered":"<p class=\"p1\"><span class=\"s1\">Miles de automovilistas resultan gravemente heridos o mueren cada a\u00f1o en accidentes con camiones de 18 ruedas y otros grandes camiones. Estos choques pueden ser devastadores. Los veh\u00edculos de motor comerciales pueden pesar hasta 40 toneladas u 80.000 libras. En un choque, los ocupantes de veh\u00edculos m\u00e1s peque\u00f1os suelen sufrir las lesiones m\u00e1s graves o catastr\u00f3ficas.  <\/span><\/p>\n<p class=\"p1\"><span class=\"s1\">Los momentos posteriores a un <a href=\"https:\/\/usa-law.org\/truck-accident-attorney\/\">accidente<\/a> de cami\u00f3n pueden ser desorientadores. Pero si puedes, hay algunos pasos importantes que puedes dar en el lugar del accidente para proteger tus derechos legales.<\/span><\/p>\n<p style=\"text-align: center;\">\n<p>&nbsp;<\/p>\n<h2 class=\"p3\"><span class=\"s1\">\u00bfQu\u00e9 debo hacer inmediatamente despu\u00e9s de un accidente de cami\u00f3n?<\/span><\/h2>\n<ul class=\"ul1\">\n<li class=\"li1\"><span class=\"s3\"><b>Comprueba si hay lesiones.<\/b><\/span><span class=\"s1\">  El paso m\u00e1s importante es comprobar si t\u00fa y todos los implicados present\u00e1is signos evidentes de lesiones.<br \/>\n<\/span><\/li>\n<li class=\"li1\"><span class=\"s3\"><b>Llama al 911.  <\/b><\/span><span class=\"s1\">Es importante que los primeros intervinientes y las fuerzas de seguridad acudan al lugar de los hechos lo antes posible, para que se puedan tratar las lesiones y presentar un parte de accidente.  <\/span><span class=\"s3\"><b><br \/>\n<\/b><\/span><\/li>\n<li class=\"li1\"><span class=\"s3\"><b>Trasl\u00e1date a un lugar seguro.<\/b><\/span><span class=\"s1\">  Si es posible, desplaza tu veh\u00edculo a un lado de la carretera para evitar que te golpeen por segunda vez. Si no se puede mover el coche, d\u00e9jalo y ponte a salvo t\u00fa mismo.<br \/>\n<\/span><\/li>\n<li class=\"li1\"><span class=\"s3\"><b>Re\u00fane informaci\u00f3n:  <\/b><\/span><span class=\"s1\">Recopila informaci\u00f3n de contacto y del seguro de todos los <a href=\"https:\/\/usa-law.org\/truck-accident-attorney\/truck-driver-shortage\/\">conductores implicados en el accidente de cami\u00f3n<\/a>. Esto incluye nombre, direcci\u00f3n, n\u00famero de tel\u00e9fono, n\u00famero del permiso de conducir y marca, modelo y a\u00f1o del veh\u00edculo que conducen. Aseg\u00farate de obtener el n\u00famero de licencia del conductor del cami\u00f3n y el n\u00famero de serie del Departamento de Transporte de Estados Unidos, as\u00ed como el nombre de la empresa de transporte y de su aseguradora.<br \/>\n<\/span><\/li>\n<li class=\"li1\"><span class=\"s3\"><b>Haz fotos:  <\/b><\/span><span class=\"s1\">Haz fotos del lugar del accidente, de la calzada y de todos los veh\u00edculos implicados en el accidente de cami\u00f3n. Aseg\u00farate de hacer fotos desde muchos \u00e1ngulos e incluye detalles del entorno, como marcas de derrapes, guardarra\u00edles da\u00f1ados, se\u00f1ales de tr\u00e1fico y cristales rotos. Todo ello puede servir de prueba para determinar qui\u00e9n tuvo la culpa del accidente y puede ayudar a tu abogado de accidentes de cami\u00f3n a reclamar una indemnizaci\u00f3n.<br \/>\n<\/span><\/li>\n<li class=\"li1\"><span class=\"s3\"><b>Identifica a los testigos:  <\/b><\/span><span class=\"s1\">Re\u00fane la informaci\u00f3n de contacto de los testigos del accidente. Consigue sus nombres, n\u00fameros de tel\u00e9fono y direcciones. Es importante obtener sus datos enseguida, ya que los testigos pueden ser dif\u00edciles de localizar m\u00e1s tarde.<br \/>\n<\/span><\/li>\n<li class=\"li1\"><span class=\"s3\"><b>Avisa a tu compa\u00f1\u00eda de seguros, pero hazlo con cuidado:  <\/b><\/span><span class=\"s1\">Debes dar parte del accidente de cami\u00f3n a tu compa\u00f1\u00eda de seguros. Las aseguradoras ponen plazos al tiempo que tienes para notificarles un accidente, as\u00ed que aseg\u00farate de comprobar el plazo en tu p\u00f3liza. Lim\u00edtate a los hechos b\u00e1sicos del accidente, diciendo al perito cu\u00e1ndo y d\u00f3nde ocurri\u00f3.  <\/span><span class=\"s4\">No aceptes hacer una declaraci\u00f3n grabada <\/span><span class=\"s1\">hasta que hayas consultado con un abogado experto en accidentes de cami\u00f3n de Pasadena.<br \/>\n<\/span><\/li>\n<li class=\"li1\"><span class=\"s3\"><b>Ponte en contacto con un abogado de accidentes de cami\u00f3n de confianza.  <\/b><\/span><span class=\"s1\">Los accidentes en los que est\u00e1n implicados veh\u00edculos comerciales son m\u00e1s complejos que un caso medio de accidente de coche. Los camioneros tienen normas m\u00e1s estrictas. Deben cumplir la Normativa Federal de Autotransporte y las Normas Estatales de Conducci\u00f3n Comercial. Adem\u00e1s, los camioneros no deben conducir fatigados.<\/span><\/li>\n<\/ul>\n<p>Si has sufrido lesiones, tienes que hablar con un abogado inmediatamente para determinar si tienes derecho a una indemnizaci\u00f3n. Nuestro bufete enviar\u00e1 un equipo de asalto para investigar el <a href=\"https:\/\/usa-law.org\/truck-accident-attorney\/unsecured-load\/\">accidente de cami\u00f3n<\/a>, \u00a1ya que las pruebas se pierden o destruyen si esperas demasiado!<\/p>\n<h2 class=\"p3\"><span class=\"s1\">\u00bfDebo buscar tratamiento m\u00e9dico aunque no est\u00e9 seguro de las lesiones?<\/span><\/h2>\n<p class=\"p1\"><span class=\"s1\">Debes buscar atenci\u00f3n m\u00e9dica aunque te parezca que no est\u00e1s lesionado tras un accidente de cami\u00f3n. Puedes haber sufrido da\u00f1os f\u00edsicos internos que no sean visibles inmediatamente. Tu adrenalina aumenta <a href=\"https:\/\/usa-law.org\/truck-accident-attorney\/what-to-do-after-truck-accident\/\">tras un accidente<\/a> y podr\u00eda estar enmascarando tu dolor. Los s\u00edntomas de algunas lesiones pueden tardar d\u00edas o semanas en aparecer, por lo que es importante que te revisen enseguida.<\/span><\/p>\n<p class=\"p1\"><span class=\"s1\">Tambi\u00e9n hay una raz\u00f3n legal para que acudas al m\u00e9dico despu\u00e9s de un accidente. Al presentar una demanda por lesiones, las compa\u00f1\u00edas de seguros buscar\u00e1n cualquier motivo para denegar o minimizar la indemnizaci\u00f3n. Un perito puede considerar que el hecho de que no hayas acudido a tiempo a recibir atenci\u00f3n m\u00e9dica demuestra que tus lesiones no son tan graves como afirmas. Documentar las lesiones lo es todo, ya que la estratagema de la compa\u00f1\u00eda de seguros es desvirtuar tus lesiones y tu reclamaci\u00f3n.<\/span><\/p>\n<p class=\"p1\"><span class=\"s1\">Si se detectan lesiones, sigue el plan de tratamiento prescrito. Asiste a todas las citas de fisioterapia y surte todas las recetas.<span class=\"Apple-converted-space\">  <\/span>Tu <a href=\"https:\/\/usa-law.org\/truck-accident-attorney\/truck-accident-faqs\/\">abogado de accidentes de cami\u00f3n en Pasadena puede orientarte<\/a> con el plan de tratamiento. Podr\u00edas perder una indemnizaci\u00f3n por no seguir las indicaciones del m\u00e9dico.<\/span><\/p>\n<p><iframe loading=\"lazy\" src=\"https:\/\/www.youtube.com\/embed\/0KaWi49hqIM\" width=\"560\" height=\"315\" frameborder=\"0\" allowfullscreen=\"allowfullscreen\"><\/iframe><\/p>\n<h2 class=\"p3\"><span class=\"s1\">\u00bfCon qui\u00e9n debo hablar sobre mi accidente de cami\u00f3n?  <\/span><\/h2>\n<p class=\"p1\"><span class=\"s1\">Si has resultado herido en un accidente con un cami\u00f3n-remolque, necesitas hablar con un abogado que tenga experiencia espec\u00edfica en la tramitaci\u00f3n de demandas por accidentes de camiones comerciales.  <\/span><\/p>\n<p class=\"p1\"><span class=\"s1\">El sector del transporte por carretera est\u00e1 regulado por estrictas leyes federales y estatales. Un abogado con experiencia en reclamaciones por accidentes de cami\u00f3n en California entender\u00e1 c\u00f3mo se aplican esas leyes a tu caso y determinar\u00e1 qu\u00e9 infracciones pueden haber provocado el accidente.  <\/span><\/p>\n<p class=\"p1\"><span class=\"s1\">Cuando contratas a un abogado, tienes la ventaja a\u00f1adida de no tener que tratar m\u00e1s con la compa\u00f1\u00eda de seguros. Tu abogado puede encargarse por ti de todas las conversaciones con las compa\u00f1\u00edas de seguros. As\u00ed evitar\u00e1s decir accidentalmente algo que ponga en peligro tu caso. Tambi\u00e9n te da espacio para hacer lo m\u00e1s importante: cuidar de tu salud y curarte de tus lesiones.  <\/span><\/p>\n<h2 class=\"p3\"><span class=\"s1\">Cosas que hay que evitar tras un accidente de cami\u00f3n  <\/span><\/h2>\n<p class=\"p1\"><span class=\"s1\">Hay ciertas actividades que debes evitar hacer para proteger tus derechos a indemnizaci\u00f3n tras un accidente de cami\u00f3n. Entre ellas est\u00e1n:<\/span><\/p>\n<ul class=\"ul1\">\n<li class=\"li1\"><span class=\"s3\"><b>Habla con la aseguradora de la empresa de camiones:  <\/b><\/span><span class=\"s1\">No est\u00e1s obligado a declarar ante la compa\u00f1\u00eda de seguros del cami\u00f3n. Deja eso a tu abogado.  <\/span><span class=\"s3\"><b><br \/>\n<\/b><\/span><\/li>\n<li class=\"li1\"><span class=\"s3\"><b>Publicar sobre el naufragio en las redes sociales:  <\/b><\/span><span class=\"s1\">La gente utiliza Facebook, Twitter e Instagram para publicar informaci\u00f3n sobre lo que ocurre en sus vidas cada d\u00eda. Pero  <\/span><span class=\"s4\">no<\/span><span class=\"s1\">  hacerlo despu\u00e9s de un accidente de cami\u00f3n. Tus redes sociales pueden ser examinadas como parte de la <a href=\"https:\/\/usa-law.org\/truck-accident-attorney\/truck-accident-investigations\/\">investigaci\u00f3n del accidente<\/a>. Incluso con todos los ajustes de privacidad activados, basta con que alguien haga una captura de pantalla de una publicaci\u00f3n incriminatoria para perjudicar tu caso.<br \/>\n<\/span><\/li>\n<li class=\"li1\"><span class=\"s3\"><b>Discutir el caso con otras personas:  <\/b><\/span><span class=\"s1\">Puede que tengas que compartir detalles sobre las circunstancias del accidente con tu m\u00e9dico para recibir un tratamiento adecuado. Pero mant\u00e9n la mayor\u00eda de las conversaciones sobre el siniestro entre tu abogado y t\u00fa.  <\/span><\/li>\n<\/ul>\n<h2 class=\"p3\"><span class=\"s1\">\u00bfC\u00f3mo puede ayudarme el bufete de Pius Joseph, abogado especializado en lesiones personales?<\/span><\/h2>\n<p class=\"p1\"><span class=\"s1\">Los accidentes de cami\u00f3n pueden provocar lesiones catastr\u00f3ficas. Muchas de esas lesiones pueden provocar discapacidades de por vida, necesidades m\u00e9dicas continuas e importantes dificultades econ\u00f3micas. Si te has lesionado, el <a href=\"https:\/\/usa-law.org\/\">Bufete de P\u00edo Jos\u00e9 &#8211; Abogado de Lesiones Personales<\/a> puede exigir la m\u00e1xima indemnizaci\u00f3n para ti y tu familia. Hemos llevado muchos casos de accidentes de cami\u00f3n a buen puerto.<\/span><\/p>\n<p class=\"p1\"><span class=\"s1\">En California, la indemnizaci\u00f3n puede cubrir p\u00e9rdidas econ\u00f3micas y no econ\u00f3micas, como:  <\/span><\/p>\n<ul class=\"ul1\">\n<li class=\"li1\"><span class=\"s1\">Facturas m\u00e9dicas<\/span><\/li>\n<li class=\"li1\"><span class=\"s1\">Salarios perdidos<\/span><\/li>\n<li class=\"li1\"><span class=\"s1\">Da\u00f1os materiales<\/span><\/li>\n<li class=\"li1\"><span class=\"s1\">P\u00e9rdida de oportunidades de empleo<\/span><\/li>\n<li class=\"li1\"><span class=\"s1\">Dolor y sufrimiento<\/span><\/li>\n<li class=\"li1\"><span class=\"s1\">Angustia emocional<\/span><\/li>\n<\/ul>\n<p class=\"p1\"><span class=\"s1\"><a href=\"https:\/\/posts.gle\/hdW4tmFSc9FNUJUt6\" target=\"_blank\" rel=\"noopener noreferrer\"><img loading=\"lazy\" decoding=\"async\" class=\"img-responsive alignleft\" title=\"abogado de accidentes de camion en pasadena\" src=\"https:\/\/lh5.googleusercontent.com\/p\/AF1QipOv7sjkdMyidc6t9ArK8p_poBZySclGs-0-Mvn8=w203-h288-k-no\" alt=\"abogado de accidentes de camion en pasadena\" width=\"186\" height=\"264\"><\/a>Tras una cuidadosa revisi\u00f3n de tu demanda, nuestro abogado de accidentes de cami\u00f3n en Pasadena puede hablar de tus opciones legales en una consulta gratuita y confidencial.  <\/span><\/p>\n<p class=\"p1\"><span class=\"s1\">Est\u00e1 claro que la empresa de camiones tendr\u00e1 un potente equipo jur\u00eddico y la compa\u00f1\u00eda de seguros siempre vela por sus intereses. Cuidamos con prioridad los intereses personales y de salud de nuestros clientes. <a href=\"https:\/\/usa-law.org\/es\/attorneys\/pius-joseph\/\">El abogado especializado en accidentes de cami\u00f3n Pius Joseph<\/a> tiene m\u00e1s de 30 a\u00f1os de experiencia y resultados probados ayudando a v\u00edctimas lesionadas en Pasadena y el sur de California.  <\/span><\/p>\n<p class=\"p1\"><span class=\"s1\">Ll\u00e1manos o <a href=\"https:\/\/usa-law.org\/contact-us\/\">ponte en contacto con nosotros para concertar una consulta gratuita<\/a> hoy mismo, la llamada es gratuita y el asesoramiento tambi\u00e9n.<\/span><\/p>\n","protected":false},"excerpt":{"rendered":"<p>Miles de automovilistas resultan gravemente heridos o mueren cada a\u00f1o en accidentes con camiones de 18 ruedas y otros grandes camiones. Estos choques pueden ser devastadores. Los veh\u00edculos de motor comerciales pueden pesar hasta 40 toneladas u 80.000 libras. En un choque, los ocupantes de veh\u00edculos m\u00e1s peque\u00f1os suelen sufrir&#8230;<\/p>\n","protected":false},"author":7,"featured_media":28559,"parent":28633,"menu_order":0,"comment_status":"closed","ping_status":"closed","template":"","meta":{"_acf_changed":false,"footnotes":""},"class_list":["post-28556","page","type-page","status-publish","has-post-thumbnail","hentry"],"acf":[],"yoast_head":"<!-- This site is optimized with the Yoast SEO plugin v27.4 - https:\/\/yoast.com\/product\/yoast-seo-wordpress\/ -->\n<title>Qu\u00e9 hacer tras un accidente de cami\u00f3n en Pasadena - Bufete de P\u00edo Jos\u00e9<\/title>\n<meta name=\"description\" content=\"Los accidentes de cami\u00f3n en Pasadena pueden ser peligrosos, y hay algunos pasos importantes que puedes dar en el lugar del accidente para proteger tus derechos legales. Para m\u00e1s informaci\u00f3n, \u00a1ponte en contacto con el bufete de abogados de P\u00edo Jos\u00e9 ahora mismo!\" \/>\n<meta name=\"robots\" content=\"index, follow, max-snippet:-1, max-image-preview:large, max-video-preview:-1\" \/>\n<link rel=\"canonical\" href=\"https:\/\/usa-law.org\/es\/accidentes-de-camion\/que-hacer-inmediatamente-despues-de-un-accidente-de-camion-en-pasadena\/\" \/>\n<meta property=\"og:locale\" content=\"es_ES\" \/>\n<meta property=\"og:type\" content=\"article\" \/>\n<meta property=\"og:title\" content=\"Qu\u00e9 hacer tras un accidente de cami\u00f3n en Pasadena - Bufete de P\u00edo Jos\u00e9\" \/>\n<meta property=\"og:description\" content=\"Los accidentes de cami\u00f3n en Pasadena pueden ser peligrosos, y hay algunos pasos importantes que puedes dar en el lugar del accidente para proteger tus derechos legales. Para m\u00e1s informaci\u00f3n, \u00a1ponte en contacto con el bufete de abogados de P\u00edo Jos\u00e9 ahora mismo!\" \/>\n<meta property=\"og:url\" content=\"https:\/\/usa-law.org\/es\/accidentes-de-camion\/que-hacer-inmediatamente-despues-de-un-accidente-de-camion-en-pasadena\/\" \/>\n<meta property=\"og:site_name\" content=\"Law Offices of Pius Joseph\" \/>\n<meta property=\"article:modified_time\" content=\"2024-10-22T13:53:39+00:00\" \/>\n<meta property=\"og:image\" content=\"https:\/\/usa-law.org\/wp-content\/uploads\/2019\/12\/shutterstock_1129652123-1024x768.jpg\" \/>\n\t<meta property=\"og:image:width\" content=\"1024\" \/>\n\t<meta property=\"og:image:height\" content=\"768\" \/>\n\t<meta property=\"og:image:type\" content=\"image\/jpeg\" \/>\n<meta name=\"twitter:card\" content=\"summary_large_image\" \/>\n<meta name=\"twitter:label1\" content=\"Est. reading time\" \/>\n\t<meta name=\"twitter:data1\" content=\"7 minutos\" \/>\n<!-- \/ Yoast SEO plugin. -->","yoast_head_json":{"title":"Qu\u00e9 hacer tras un accidente de cami\u00f3n en Pasadena - Bufete de P\u00edo Jos\u00e9","description":"Los accidentes de cami\u00f3n en Pasadena pueden ser peligrosos, y hay algunos pasos importantes que puedes dar en el lugar del accidente para proteger tus derechos legales. Para m\u00e1s informaci\u00f3n, \u00a1ponte en contacto con el bufete de abogados de P\u00edo Jos\u00e9 ahora mismo!","robots":{"index":"index","follow":"follow","max-snippet":"max-snippet:-1","max-image-preview":"max-image-preview:large","max-video-preview":"max-video-preview:-1"},"canonical":"https:\/\/usa-law.org\/es\/accidentes-de-camion\/que-hacer-inmediatamente-despues-de-un-accidente-de-camion-en-pasadena\/","og_locale":"es_ES","og_type":"article","og_title":"Qu\u00e9 hacer tras un accidente de cami\u00f3n en Pasadena - Bufete de P\u00edo Jos\u00e9","og_description":"Los accidentes de cami\u00f3n en Pasadena pueden ser peligrosos, y hay algunos pasos importantes que puedes dar en el lugar del accidente para proteger tus derechos legales. Para m\u00e1s informaci\u00f3n, \u00a1ponte en contacto con el bufete de abogados de P\u00edo Jos\u00e9 ahora mismo!","og_url":"https:\/\/usa-law.org\/es\/accidentes-de-camion\/que-hacer-inmediatamente-despues-de-un-accidente-de-camion-en-pasadena\/","og_site_name":"Law Offices of Pius Joseph","article_modified_time":"2024-10-22T13:53:39+00:00","og_image":[{"width":1024,"height":768,"url":"https:\/\/usa-law.org\/wp-content\/uploads\/2019\/12\/shutterstock_1129652123-1024x768.jpg","type":"image\/jpeg"}],"twitter_card":"summary_large_image","twitter_misc":{"Est. reading time":"7 minutos"},"schema":{"@context":"https:\/\/schema.org","@graph":[{"@type":"WebPage","@id":"https:\/\/usa-law.org\/es\/accidentes-de-camion\/que-hacer-inmediatamente-despues-de-un-accidente-de-camion-en-pasadena\/","url":"https:\/\/usa-law.org\/es\/accidentes-de-camion\/que-hacer-inmediatamente-despues-de-un-accidente-de-camion-en-pasadena\/","name":"Qu\u00e9 hacer tras un accidente de cami\u00f3n en Pasadena - Bufete de P\u00edo Jos\u00e9","isPartOf":{"@id":"https:\/\/usa-law.org\/es\/#website"},"primaryImageOfPage":{"@id":"https:\/\/usa-law.org\/es\/accidentes-de-camion\/que-hacer-inmediatamente-despues-de-un-accidente-de-camion-en-pasadena\/#primaryimage"},"image":{"@id":"https:\/\/usa-law.org\/es\/accidentes-de-camion\/que-hacer-inmediatamente-despues-de-un-accidente-de-camion-en-pasadena\/#primaryimage"},"thumbnailUrl":"https:\/\/usa-law.org\/wp-content\/uploads\/2019\/12\/shutterstock_1129652123.jpg","datePublished":"2019-12-16T18:42:40+00:00","dateModified":"2024-10-22T13:53:39+00:00","description":"Los accidentes de cami\u00f3n en Pasadena pueden ser peligrosos, y hay algunos pasos importantes que puedes dar en el lugar del accidente para proteger tus derechos legales. Para m\u00e1s informaci\u00f3n, \u00a1ponte en contacto con el bufete de abogados de P\u00edo Jos\u00e9 ahora mismo!","breadcrumb":{"@id":"https:\/\/usa-law.org\/es\/accidentes-de-camion\/que-hacer-inmediatamente-despues-de-un-accidente-de-camion-en-pasadena\/#breadcrumb"},"inLanguage":"es","potentialAction":[{"@type":"ReadAction","target":["https:\/\/usa-law.org\/es\/accidentes-de-camion\/que-hacer-inmediatamente-despues-de-un-accidente-de-camion-en-pasadena\/"]}]},{"@type":"ImageObject","inLanguage":"es","@id":"https:\/\/usa-law.org\/es\/accidentes-de-camion\/que-hacer-inmediatamente-despues-de-un-accidente-de-camion-en-pasadena\/#primaryimage","url":"https:\/\/usa-law.org\/wp-content\/uploads\/2019\/12\/shutterstock_1129652123.jpg","contentUrl":"https:\/\/usa-law.org\/wp-content\/uploads\/2019\/12\/shutterstock_1129652123.jpg","width":3782,"height":2837},{"@type":"BreadcrumbList","@id":"https:\/\/usa-law.org\/es\/accidentes-de-camion\/que-hacer-inmediatamente-despues-de-un-accidente-de-camion-en-pasadena\/#breadcrumb","itemListElement":[{"@type":"ListItem","position":1,"name":"Home","item":"https:\/\/usa-law.org\/es\/"},{"@type":"ListItem","position":2,"name":"Accidentes de Cami\u00f3n","item":"https:\/\/usa-law.org\/es\/accidentes-de-camion\/"},{"@type":"ListItem","position":3,"name":"Qu\u00e9 hacer inmediatamente despu\u00e9s de un accidente de cami\u00f3n en Pasadena"}]},{"@type":"WebSite","@id":"https:\/\/usa-law.org\/es\/#website","url":"https:\/\/usa-law.org\/es\/","name":"Law Offices of Pius Joseph","description":"Pasadena, CA Personal Injury Attorneys","publisher":{"@id":"https:\/\/usa-law.org\/es\/#organization"},"potentialAction":[{"@type":"SearchAction","target":{"@type":"EntryPoint","urlTemplate":"https:\/\/usa-law.org\/es\/?s={search_term_string}"},"query-input":{"@type":"PropertyValueSpecification","valueRequired":true,"valueName":"search_term_string"}}],"inLanguage":"es"},{"@type":"Organization","@id":"https:\/\/usa-law.org\/es\/#organization","name":"Law Offices of Pius Joseph - Personal injury attorney","url":"https:\/\/usa-law.org\/es\/","logo":{"@type":"ImageObject","inLanguage":"es","@id":"https:\/\/usa-law.org\/es\/#\/schema\/logo\/image\/","url":"https:\/\/usa-law.org\/wp-content\/uploads\/2019\/07\/logo.png","contentUrl":"https:\/\/usa-law.org\/wp-content\/uploads\/2019\/07\/logo.png","width":273,"height":84,"caption":"Law Offices of Pius Joseph - Personal injury attorney"},"image":{"@id":"https:\/\/usa-law.org\/es\/#\/schema\/logo\/image\/"}}]}},"_links":{"self":[{"href":"https:\/\/usa-law.org\/es\/wp-json\/wp\/v2\/pages\/28556","targetHints":{"allow":["GET"]}}],"collection":[{"href":"https:\/\/usa-law.org\/es\/wp-json\/wp\/v2\/pages"}],"about":[{"href":"https:\/\/usa-law.org\/es\/wp-json\/wp\/v2\/types\/page"}],"author":[{"embeddable":true,"href":"https:\/\/usa-law.org\/es\/wp-json\/wp\/v2\/users\/7"}],"replies":[{"embeddable":true,"href":"https:\/\/usa-law.org\/es\/wp-json\/wp\/v2\/comments?post=28556"}],"version-history":[{"count":0,"href":"https:\/\/usa-law.org\/es\/wp-json\/wp\/v2\/pages\/28556\/revisions"}],"up":[{"embeddable":true,"href":"https:\/\/usa-law.org\/es\/wp-json\/wp\/v2\/pages\/28633"}],"wp:featuredmedia":[{"embeddable":true,"href":"https:\/\/usa-law.org\/es\/wp-json\/wp\/v2\/media\/28559"}],"wp:attachment":[{"href":"https:\/\/usa-law.org\/es\/wp-json\/wp\/v2\/media?parent=28556"}],"curies":[{"name":"wp","href":"https:\/\/api.w.org\/{rel}","templated":true}]}}