{"id":28561,"date":"2020-02-17T15:34:23","date_gmt":"2020-02-17T15:34:23","guid":{"rendered":"https:\/\/piusjoseph.wpenginepowered.com\/abogado-de-lesiones-personales-en-west-covina\/"},"modified":"2024-11-25T10:06:32","modified_gmt":"2024-11-25T10:06:32","slug":"abogado-de-lesiones-personales-en-west-covina","status":"publish","type":"page","link":"https:\/\/usa-law.org\/es\/abogado-de-lesiones-personales-en-west-covina\/","title":{"rendered":"Abogado de lesiones personales en West Covina"},"content":{"rendered":"<p><em>M\u00e1s de 25 a\u00f1os de experiencia ganando los casos m\u00e1s dif\u00edciles de California.<\/em><\/p>\n<p>En <a href=\"https:\/\/usa-law.org\/\">Law Offices of Pius Joseph &#8211; Personal Injury Attorney<\/a>, creemos que nuestro historial habla por s\u00ed solo: Hemos ganado m\u00e1s del 90 por ciento de los casos de lesiones personales que hemos llevado para nuestros clientes en California. Con sede en Pasadena, prestamos servicio en todo el estado, incluida West Covina (California), y representamos a clientes de Los \u00c1ngeles, Sacramento, San Diego, San Jos\u00e9 y Fresno. Nuestro deseo de anteponer las necesidades de nuestros clientes nos diferencia de los muchos otros bufetes de lesiones personales de la zona de Los \u00c1ngeles.<\/p>\n<h2>Representaci\u00f3n de v\u00edctimas de lesiones en West Covina<\/h2>\n<p>Los casos de lesiones personales pueden incluir lesiones mentales y emocionales, adem\u00e1s de lesiones f\u00edsicas. Trabajamos duro para conseguirte la indemnizaci\u00f3n que te mereces, tanto si has sufrido lesiones en un accidente de tr\u00e1fico, un accidente de cami\u00f3n, un accidente de moto, un accidente en la construcci\u00f3n, una lesi\u00f3n por resbal\u00f3n\/tropiezo y ca\u00edda, como si has sido v\u00edctima de un producto defectuoso. En concreto, nuestro abogado de lesiones personales de West Covina se ocupa de casos en las siguientes \u00e1reas:<\/p>\n<ul>\n<li><strong>Accidentes de autom\u00f3vil<\/strong> &#8211; Los accidentes de autom\u00f3vil ocurren todos los d\u00edas y a menudo implican lesiones graves con importantes consecuencias econ\u00f3micas y f\u00edsicas personales. Conf\u00eda en nosotros para obtener una indemnizaci\u00f3n adecuada por todos tus da\u00f1os y perjuicios, incluidas las p\u00e9rdidas patrimoniales y salariales.<\/li>\n<li><strong>Accidentes de camiones<\/strong> &#8211; Los camiones de dieciocho ruedas pesan bastante m\u00e1s que los turismos medios y pueden infligir lesiones catastr\u00f3ficas a los pasajeros de esos turismos cuando los camiones se manejan con negligencia o imprudencia. Si te has visto implicado en un <a href=\"https:\/\/usa-law.org\/underride-truck-accidents-lawyer\/\">accidente de cami\u00f3n<\/a>, perm\u00edtenos guiarte con la mayor eficacia posible a trav\u00e9s del complicado proceso de recuperaci\u00f3n. Tenemos experiencia en la gesti\u00f3n de accidentes en cadena y colisiones graves en las que est\u00e1n implicados grandes camiones.<\/li>\n<li><strong>Accidentes<\/strong> de moto &#8211; Tenemos d\u00e9cadas de experiencia en accidentes de moto y hemos llevado casos en casi todos los condados de California. Los accidentes de moto pueden causar lesiones que alteran la vida, y nuestro bufete ha llevado varios casos de este tipo a juicio ante un jurado, con importantes indemnizaciones para los clientes lesionados.<\/li>\n<li><strong>Accidentes de peatones y ciclistas<\/strong> &#8211; En <a href=\"https:\/\/usa-law.org\/bicycle-accident-attorney\/\">los accidentes de<\/a> peatones y <a href=\"https:\/\/usa-law.org\/bicycle-accident-attorney\/\">ciclistas<\/a> pueden darse muchas circunstancias, cada una con sus leyes espec\u00edficas en las distintas ciudades. Nuestro bufete est\u00e1 preparado para guiarte en el proceso, tanto si has sufrido lesiones como ciclista o peat\u00f3n.<\/li>\n<li><strong>Lesiones cerebrales traum\u00e1ticas<\/strong> &#8211; Las consecuencias de las lesiones cerebrales son graves y duraderas, y a menudo afectan a todas las facetas de tu rutina diaria. Hacemos que tu adaptaci\u00f3n sea un poco m\u00e1s f\u00e1cil consigui\u00e9ndote los recursos que necesitas para mantener la mejor calidad de vida posible. Sabemos identificar esas lesiones y ayudarte a obtener el tratamiento necesario en casos de lesiones cerebrales traum\u00e1ticas.<\/li>\n<li><strong>Lesiones de m\u00e9dula espinal y espalda<\/strong> &#8211; Una lesi\u00f3n catastr\u00f3fica de espalda o columna vertebral puede cambiar tu vida para siempre. Conf\u00eda en nuestro bufete para que te ayudemos a hacer frente a los crecientes gastos m\u00e9dicos asociados a las lesiones graves y a la ayuda m\u00e9dica de los mejores expertos.<\/li>\n<li><strong>Responsabilidad de las instalaciones<\/strong>: las lesiones pueden producirse en cualquier lugar, desde tu supermercado local hasta las aceras p\u00fablicas. Si te has lesionado en una propiedad ajena, puedes tener derecho a que el propietario negligente te indemnice por da\u00f1os y perjuicios.<\/li>\n<li>Homicidio <strong>culposo<\/strong> &#8211; Perder a un ser querido por negligencia es doloroso y altera la vida. Tenemos amplia experiencia en casos de homicidio culposo y nos comprometemos a garantizar que se haga justicia por la p\u00e9rdida de tu ser querido.<\/li>\n<li>Accidentes <strong>en la construcci\u00f3n<\/strong> &#8211; Los accidentes que se producen en obras de construcci\u00f3n suelen implicar complejas normativas que afectan a tus derechos. Te ayudaremos a recuperar lo que te corresponde por derecho.<\/li>\n<li><strong>Mordeduras de perro<\/strong> &#8211; Por desgracia, las queridas mascotas pueden infligir lesiones graves a otras personas de las que eres responsable y, como consecuencia, puede que tengas que pagar por los da\u00f1os. Nos ocupamos habitualmente de casos de mordeduras de perro, representando a v\u00edctimas de mordeduras de perro. Las lesiones por mordedura de perro pueden ser f\u00edsicas, est\u00e9ticas o emocionales. Te ayudamos a recuperarte en todos los aspectos en estos casos.<\/li>\n<li><strong>Responsabilidad por productos<\/strong> defectuosos &#8211; Los productos defectuosos pueden ser el resultado de un mal dise\u00f1o o de una negligencia en las pr\u00e1cticas de fabricaci\u00f3n por motivos de reducci\u00f3n de costes de los fabricantes. Nuestro bufete har\u00e1 que dichos fabricantes rindan cuentas por sus pr\u00e1cticas enga\u00f1osas en casos de responsabilidad por productos relacionados con airbags, neum\u00e1ticos y otros productos defectuosos.<\/li>\n<\/ul>\n<div class=\"text-center\"><iframe loading=\"lazy\" title=\"Reproductor de v\u00eddeo de YouTube\" src=\"https:\/\/www.youtube.com\/embed\/Hcb-im20XyM\" width=\"560\" height=\"315\" frameborder=\"0\" allowfullscreen=\"allowfullscreen\"><\/iframe><\/div>\n<h2>Contacta con un abogado de lesiones personales de West Covina<\/h2>\n<p>El bufete de Pius Joseph &#8211; Abogado de lesiones personales tiene un excelente historial de \u00e9xitos en casos de lesiones personales. Visita a nuestro <a href=\"https:\/\/goo.gl\/maps\/HthJxBUDJED9hF1R7\" target=\"_blank\" rel=\"noopener noreferrer\">abogado de lesiones<\/a> personales para una consulta gratuita y aprovecha nuestro flexible horario de oficina y el amplio aparcamiento. <a href=\"https:\/\/usa-law.org\/contact-us\/\">Ponte en contacto con nosotros por Internet<\/a> o por tel\u00e9fono llamando al 626-397-1050 para hablar de tu caso.<\/p>\n","protected":false},"excerpt":{"rendered":"<p>M\u00e1s de 25 a\u00f1os de experiencia ganando los casos m\u00e1s dif\u00edciles de California. En Law Offices of Pius Joseph &#8211; Personal Injury Attorney, creemos que nuestro historial habla por s\u00ed solo: Hemos ganado m\u00e1s del 90 por ciento de los casos de lesiones personales que hemos llevado para nuestros clientes&#8230;<\/p>\n","protected":false},"author":7,"featured_media":28551,"parent":0,"menu_order":0,"comment_status":"closed","ping_status":"closed","template":"","meta":{"_acf_changed":false,"footnotes":""},"class_list":["post-28561","page","type-page","status-publish","has-post-thumbnail","hentry"],"acf":[],"yoast_head":"<!-- This site is optimized with the Yoast SEO plugin v27.4 - https:\/\/yoast.com\/product\/yoast-seo-wordpress\/ -->\n<title>West Covina Abogado de Lesiones Personales - Law Offices of Pius Joseph - Abogado de Lesiones Personales<\/title>\n<meta name=\"description\" content=\"Puede que est\u00e9s pensando en presentar una demanda por lesiones personales tras haber sufrido un accidente en West Covina. Contacta con nosotros para una consulta gratuita.\" \/>\n<meta name=\"robots\" content=\"index, follow, max-snippet:-1, max-image-preview:large, max-video-preview:-1\" \/>\n<link rel=\"canonical\" href=\"https:\/\/usa-law.org\/es\/abogado-de-lesiones-personales-en-west-covina\/\" \/>\n<meta property=\"og:locale\" content=\"es_ES\" \/>\n<meta property=\"og:type\" content=\"article\" \/>\n<meta property=\"og:title\" content=\"West Covina Abogado de Lesiones Personales - Law Offices of Pius Joseph - Abogado de Lesiones Personales\" \/>\n<meta property=\"og:description\" content=\"Puede que est\u00e9s pensando en presentar una demanda por lesiones personales tras haber sufrido un accidente en West Covina. Contacta con nosotros para una consulta gratuita.\" \/>\n<meta property=\"og:url\" content=\"https:\/\/usa-law.org\/es\/abogado-de-lesiones-personales-en-west-covina\/\" \/>\n<meta property=\"og:site_name\" content=\"Law Offices of Pius Joseph\" \/>\n<meta property=\"article:modified_time\" content=\"2024-11-25T10:06:32+00:00\" \/>\n<meta property=\"og:image\" content=\"https:\/\/usa-law.org\/wp-content\/uploads\/2019\/06\/personal-injury-lawyer.jpg\" \/>\n\t<meta property=\"og:image:width\" content=\"500\" \/>\n\t<meta property=\"og:image:height\" content=\"334\" \/>\n\t<meta property=\"og:image:type\" content=\"image\/jpeg\" \/>\n<meta name=\"twitter:card\" content=\"summary_large_image\" \/>\n<meta name=\"twitter:label1\" content=\"Est. reading time\" \/>\n\t<meta name=\"twitter:data1\" content=\"5 minutos\" \/>\n<!-- \/ Yoast SEO plugin. -->","yoast_head_json":{"title":"West Covina Abogado de Lesiones Personales - Law Offices of Pius Joseph - Abogado de Lesiones Personales","description":"Puede que est\u00e9s pensando en presentar una demanda por lesiones personales tras haber sufrido un accidente en West Covina. Contacta con nosotros para una consulta gratuita.","robots":{"index":"index","follow":"follow","max-snippet":"max-snippet:-1","max-image-preview":"max-image-preview:large","max-video-preview":"max-video-preview:-1"},"canonical":"https:\/\/usa-law.org\/es\/abogado-de-lesiones-personales-en-west-covina\/","og_locale":"es_ES","og_type":"article","og_title":"West Covina Abogado de Lesiones Personales - Law Offices of Pius Joseph - Abogado de Lesiones Personales","og_description":"Puede que est\u00e9s pensando en presentar una demanda por lesiones personales tras haber sufrido un accidente en West Covina. Contacta con nosotros para una consulta gratuita.","og_url":"https:\/\/usa-law.org\/es\/abogado-de-lesiones-personales-en-west-covina\/","og_site_name":"Law Offices of Pius Joseph","article_modified_time":"2024-11-25T10:06:32+00:00","og_image":[{"width":500,"height":334,"url":"https:\/\/usa-law.org\/wp-content\/uploads\/2019\/06\/personal-injury-lawyer.jpg","type":"image\/jpeg"}],"twitter_card":"summary_large_image","twitter_misc":{"Est. reading time":"5 minutos"},"schema":{"@context":"https:\/\/schema.org","@graph":[{"@type":"WebPage","@id":"https:\/\/usa-law.org\/es\/abogado-de-lesiones-personales-en-west-covina\/","url":"https:\/\/usa-law.org\/es\/abogado-de-lesiones-personales-en-west-covina\/","name":"West Covina Abogado de Lesiones Personales - Law Offices of Pius Joseph - Abogado de Lesiones Personales","isPartOf":{"@id":"https:\/\/usa-law.org\/es\/#website"},"primaryImageOfPage":{"@id":"https:\/\/usa-law.org\/es\/abogado-de-lesiones-personales-en-west-covina\/#primaryimage"},"image":{"@id":"https:\/\/usa-law.org\/es\/abogado-de-lesiones-personales-en-west-covina\/#primaryimage"},"thumbnailUrl":"https:\/\/usa-law.org\/wp-content\/uploads\/2019\/06\/personal-injury-lawyer.jpg","datePublished":"2020-02-17T15:34:23+00:00","dateModified":"2024-11-25T10:06:32+00:00","description":"Puede que est\u00e9s pensando en presentar una demanda por lesiones personales tras haber sufrido un accidente en West Covina. Contacta con nosotros para una consulta gratuita.","breadcrumb":{"@id":"https:\/\/usa-law.org\/es\/abogado-de-lesiones-personales-en-west-covina\/#breadcrumb"},"inLanguage":"es","potentialAction":[{"@type":"ReadAction","target":["https:\/\/usa-law.org\/es\/abogado-de-lesiones-personales-en-west-covina\/"]}]},{"@type":"ImageObject","inLanguage":"es","@id":"https:\/\/usa-law.org\/es\/abogado-de-lesiones-personales-en-west-covina\/#primaryimage","url":"https:\/\/usa-law.org\/wp-content\/uploads\/2019\/06\/personal-injury-lawyer.jpg","contentUrl":"https:\/\/usa-law.org\/wp-content\/uploads\/2019\/06\/personal-injury-lawyer.jpg","width":500,"height":334,"caption":"Glendale Personal Injury Lawyers"},{"@type":"BreadcrumbList","@id":"https:\/\/usa-law.org\/es\/abogado-de-lesiones-personales-en-west-covina\/#breadcrumb","itemListElement":[{"@type":"ListItem","position":1,"name":"Home","item":"https:\/\/usa-law.org\/es\/"},{"@type":"ListItem","position":2,"name":"Abogado de lesiones personales en West Covina"}]},{"@type":"WebSite","@id":"https:\/\/usa-law.org\/es\/#website","url":"https:\/\/usa-law.org\/es\/","name":"Law Offices of Pius Joseph","description":"Pasadena, CA Personal Injury Attorneys","publisher":{"@id":"https:\/\/usa-law.org\/es\/#organization"},"potentialAction":[{"@type":"SearchAction","target":{"@type":"EntryPoint","urlTemplate":"https:\/\/usa-law.org\/es\/?s={search_term_string}"},"query-input":{"@type":"PropertyValueSpecification","valueRequired":true,"valueName":"search_term_string"}}],"inLanguage":"es"},{"@type":"Organization","@id":"https:\/\/usa-law.org\/es\/#organization","name":"Law Offices of Pius Joseph - Personal injury attorney","url":"https:\/\/usa-law.org\/es\/","logo":{"@type":"ImageObject","inLanguage":"es","@id":"https:\/\/usa-law.org\/es\/#\/schema\/logo\/image\/","url":"https:\/\/usa-law.org\/wp-content\/uploads\/2019\/07\/logo.png","contentUrl":"https:\/\/usa-law.org\/wp-content\/uploads\/2019\/07\/logo.png","width":273,"height":84,"caption":"Law Offices of Pius Joseph - Personal injury attorney"},"image":{"@id":"https:\/\/usa-law.org\/es\/#\/schema\/logo\/image\/"}}]}},"_links":{"self":[{"href":"https:\/\/usa-law.org\/es\/wp-json\/wp\/v2\/pages\/28561","targetHints":{"allow":["GET"]}}],"collection":[{"href":"https:\/\/usa-law.org\/es\/wp-json\/wp\/v2\/pages"}],"about":[{"href":"https:\/\/usa-law.org\/es\/wp-json\/wp\/v2\/types\/page"}],"author":[{"embeddable":true,"href":"https:\/\/usa-law.org\/es\/wp-json\/wp\/v2\/users\/7"}],"replies":[{"embeddable":true,"href":"https:\/\/usa-law.org\/es\/wp-json\/wp\/v2\/comments?post=28561"}],"version-history":[{"count":0,"href":"https:\/\/usa-law.org\/es\/wp-json\/wp\/v2\/pages\/28561\/revisions"}],"wp:featuredmedia":[{"embeddable":true,"href":"https:\/\/usa-law.org\/es\/wp-json\/wp\/v2\/media\/28551"}],"wp:attachment":[{"href":"https:\/\/usa-law.org\/es\/wp-json\/wp\/v2\/media?parent=28561"}],"curies":[{"name":"wp","href":"https:\/\/api.w.org\/{rel}","templated":true}]}}