{"id":28591,"date":"2019-05-21T09:48:55","date_gmt":"2019-05-21T09:48:55","guid":{"rendered":"https:\/\/piusjoseph.wpenginepowered.com\/accidentes-de-uber-y-lyft\/"},"modified":"2024-06-11T17:06:19","modified_gmt":"2024-06-11T17:06:19","slug":"accidentes-de-uber-y-lyft","status":"publish","type":"page","link":"https:\/\/usa-law.org\/es\/accidentes-de-trafico\/accidentes-de-uber-y-lyft\/","title":{"rendered":"Accidentes de Uber y Lyft"},"content":{"rendered":"<p>Las empresas de transporte compartido como Uber y Lyft siguen ganando popularidad, y es f\u00e1cil ver por qu\u00e9. Estas empresas ofrecen un transporte c\u00f3modo a un precio muy competitivo, al menos en comparaci\u00f3n con los taxis.<\/p>\n<p>Sin embargo, los veh\u00edculos de Uber y Lyft siguen teniendo accidentes, y muchas personas resultan heridas en estas colisiones. Si necesitas una indemnizaci\u00f3n por tus lesiones en un accidente de coche compartido, podemos ayudarte.<\/p>\n<div class=\"text-center\"><iframe loading=\"lazy\" title=\"Reproductor de v\u00eddeo de YouTube\" src=\"https:\/\/www.youtube.com\/embed\/dvZOQp8-HQk\" width=\"560\" height=\"315\" frameborder=\"0\" allowfullscreen=\"allowfullscreen\"><\/iframe><\/div>\n<p>&nbsp;<\/p>\n<p>Ponte ahora en <a href=\"https:\/\/usa-law.org\/contact-us\/\">contacto con<\/a> nuestro abogado de Pasadena especializado en accidentes de uber en el bufete <a href=\"https:\/\/usa-law.org\/\">de Pius Joseph &#8211; Abogado de lesiones<\/a> personales para una consulta gratuita sobre tus derechos y opciones de indemnizaci\u00f3n.<\/p>\n<h2 class=\"zigzag-blue-left\">\u00bfQui\u00e9n es responsable en un accidente con Uber?<\/h2>\n<p>California es un estado de \u00abculpa\u00bb, por lo que cada <a href=\"https:\/\/usa-law.org\/car-accident-attorney\/\">caso de accidente de<\/a> coche se analiza para determinar qui\u00e9n tiene la culpa de la colisi\u00f3n. Esta persona -o, lo que es m\u00e1s probable, su compa\u00f1\u00eda de seguros- tendr\u00e1 que indemnizar a todos los perjudicados en el accidente. Lo mismo ocurre cuando un conductor de Uber o Lyft es culpable de un accidente, aunque la situaci\u00f3n del seguro puede ser m\u00e1s compleja.<\/p>\n<p>La culpa se determina determinando qu\u00e9 conductor fue negligente y si esa negligencia contribuy\u00f3 al accidente. Algunos ejemplos son:<\/p>\n<div class=\"row\">\n<ul class=\"col-md-6\">\n<li><strong>Conducci\u00f3n distra\u00edda<\/strong><\/li>\n<li><a href=\"https:\/\/usa-law.org\/car-accident-attorney\/drunk-driving-accidents\/\"><strong>Conducci\u00f3n somnolienta<\/strong><\/a><\/li>\n<li><strong>Conducir mientras env\u00edas mensajes de texto<\/strong><\/li>\n<li><a href=\"https:\/\/usa-law.org\/truck-accident-attorney\/speeding-truck-accident-claim\/\"><strong>Exceso de velocidad<\/strong><\/a><\/li>\n<li><strong>No ceder el paso<\/strong><\/li>\n<li><strong>No utilizar el intermitente<\/strong><\/li>\n<\/ul>\n<ul class=\"col-md-6\">\n<li><strong>No controlar el \u00e1ngulo muerto al cambiar de carril<\/strong><\/li>\n<li><strong>Conducci\u00f3n agresiva o temeraria<\/strong><\/li>\n<li><strong>Pasar ilegalmente<\/strong><\/li>\n<li><strong>Seguir demasiado de cerca<\/strong><\/li>\n<\/ul>\n<\/div>\n<p>Hay muchos tipos de accidentes de Uber y Lyft. A continuaci\u00f3n, analizaremos los supuestos m\u00e1s habituales.<\/p>\n<h3>Eres pasajero de un veh\u00edculo Uber o Lyft<\/h3>\n<p><a href=\"https:\/\/www.google.com\/maps?cid=10189409246452284727\" target=\"_blank\" rel=\"noopener noreferrer\"><img loading=\"lazy\" decoding=\"async\" class=\"img-responsive alignright wp-image-17718 size-medium\" title=\"abogado de accidentes de uber en pasadena\" src=\"https:\/\/usa-law.org\/wp-content\/uploads\/2021\/01\/Uber-Lyft-Accident-Attorney-in-Pasadena-CA-300x196.jpg\" alt=\"abogado de accidentes de coche con uber en pasadena\" width=\"300\" height=\"196\" srcset=\"https:\/\/usa-law.org\/wp-content\/uploads\/2021\/01\/Uber-Lyft-Accident-Attorney-in-Pasadena-CA-300x196.jpg 300w, https:\/\/usa-law.org\/wp-content\/uploads\/2021\/01\/Uber-Lyft-Accident-Attorney-in-Pasadena-CA-768x502.jpg 768w, https:\/\/usa-law.org\/wp-content\/uploads\/2021\/01\/Uber-Lyft-Accident-Attorney-in-Pasadena-CA-1024x670.jpg 1024w, https:\/\/usa-law.org\/wp-content\/uploads\/2021\/01\/Uber-Lyft-Accident-Attorney-in-Pasadena-CA-91x58.jpg 91w\" sizes=\"auto, (max-width: 300px) 100vw, 300px\" \/><\/a>Si eras pasajero y tu coche tuvo un accidente, tendr\u00e1s que determinar qui\u00e9n tiene la culpa:<\/p>\n<ul>\n<li>El conductor de Uber o Lyft podr\u00eda ser culpable. Por ejemplo, tu conductor puede haberse saltado un sem\u00e1foro en rojo y chocar contra otro veh\u00edculo.<\/li>\n<li>Otro veh\u00edculo podr\u00eda haber chocado contra tu veh\u00edculo Uber o Lyft, lo que convertir\u00eda a ese conductor en culpable del accidente. Por ejemplo, puede que tu Uber estuviera parado en un cruce cuando otro coche lo <a href=\"https:\/\/usa-law.org\/car-accident-attorney\/rear-end-collision\/\">choc\u00f3 por detr\u00e1s<\/a>.<\/li>\n<\/ul>\n<p>No es vital que averig\u00fces en el lugar del accidente qui\u00e9n es el culpable. Un <strong>abogado de accidentes de uber en Pasadena<\/strong> puede ayudarte. Sin embargo, debes obtener informaci\u00f3n sobre el seguro de todos los conductores implicados en el accidente.<\/p>\n<h3>Eres un automovilista atropellado por un Uber o Lyft<\/h3>\n<p>A veces, un conductor de Uber o Lyft es culpable de una colisi\u00f3n y lesiona a los conductores de otro veh\u00edculo. Por ejemplo, podr\u00edas estar conduciendo por la carretera cuando un Uber se desv\u00ede hacia tu carril y provoque una colisi\u00f3n frontal. En este caso, es probable que el conductor de Uber sea el culpable de tu accidente.<\/p>\n<h3>Eres un conductor de Uber o Lyft atropellado por otro conductor<\/h3>\n<p>Los conductores de veh\u00edculos compartidos tambi\u00e9n pueden sufrir lesiones. Si otro veh\u00edculo te golpea, puedes sufrir lesiones y reclamar contra el otro conductor.<\/p>\n<h3>Eres un peat\u00f3n atropellado por un Uber o Lyft<\/h3>\n<p>El conductor de un veh\u00edculo compartido podr\u00eda ser responsable de un accidente de peat\u00f3n provocado por su negligencia.<\/p>\n<h2 class=\"zigzag-blue-left\">Lo que debes saber sobre el trato con las compa\u00f1\u00edas de seguros<\/h2>\n<p>Las compa\u00f1\u00edas de seguros son grandes empresas. Ganan dinero cobrando primas a los conductores y limitando el n\u00famero de indemnizaciones por siniestros. Las compa\u00f1\u00edas de seguros han desarrollado distintas estrategias que utilizan para minimizar las reclamaciones que pagan, como por ejemplo<\/p>\n<ul>\n<li>Suelen pedirte una declaraci\u00f3n grabada poco despu\u00e9s del accidente, cuando puede que no te encuentres bien o no pienses con claridad.<\/li>\n<li>Intentan que aceptes que tuviste parte de culpa en el accidente o que tus lesiones no son realmente graves. Cualquiera de las dos admisiones podr\u00eda reducir la cantidad de dinero que recibes.<\/li>\n<li>Te dicen que no necesitas abogado.<\/li>\n<li>Intentan presionarte para que firmes un acuerdo r\u00e1pidamente. Recuerda que una vez que firmas un acuerdo transaccional, renuncias a tu derecho a reclamar una indemnizaci\u00f3n adicional.<\/li>\n<\/ul>\n<p>Lo mejor que puedes hacer es contratar a un <strong>abogado de accidentes de Uber en Pasadena<\/strong>. Deja que nos ocupemos del perito del seguro para que t\u00fa no tengas que hacerlo.<\/p>\n<h2 class=\"zigzag-blue-left\">Indemnizaci\u00f3n por accidente de Uber en Pasadena<\/h2>\n<p>La indemnizaci\u00f3n por da\u00f1os y perjuicios en un accidente en el que est\u00e9 implicado un conductor de veh\u00edculo compartido se pagar\u00e1 en funci\u00f3n de qui\u00e9n haya tenido la culpa del accidente. La cuant\u00eda de la indemnizaci\u00f3n disponible depender\u00e1 de la cobertura del seguro que tenga el conductor.<\/p>\n<h3>Un conductor de Uber o Lyft es culpable<\/h3>\n<p>Todos los conductores de veh\u00edculos compartidos deben estar asegurados. Uber y Lyft tienen p\u00f3lizas de seguro muy generosas que proporcionan cobertura en determinadas circunstancias. El importe de la cobertura disponible depender\u00e1 de lo que estuviera haciendo el conductor en el momento del accidente.<\/p>\n<p>Veamos de cerca de cu\u00e1nto seguro podr\u00eda disponer un conductor de Uber:<\/p>\n<ul>\n<li><strong>El conductor de Uber no est\u00e1 conectado a la aplicaci\u00f3n Uber cuando se produce la colisi\u00f3n.<\/strong>  En esta situaci\u00f3n, el conductor de Uber realmente no es un \u00abconductor de Uber\u00bb. En cambio, el conductor no es diferente de cualquier otro automovilista en la carretera, por lo que estar\u00e1s limitado a la p\u00f3liza de seguro de autom\u00f3vil habitual de ese conductor.<\/li>\n<li><strong>El conductor de Uber ha iniciado sesi\u00f3n en la aplicaci\u00f3n y est\u00e1 disponible para realizar un trayecto cuando se produce el accidente.<\/strong>  El conductor tiene un seguro de responsabilidad civil por lesiones corporales de 50.000 $ por persona y 100.000 $ por colisi\u00f3n seg\u00fan la p\u00f3liza de Uber. El conductor tambi\u00e9n tiene un seguro de da\u00f1os materiales de Uber de 25.000 $ por colisi\u00f3n.<\/li>\n<li><strong>El conductor de Uber ha aceptado un viaje y est\u00e1 de camino para recogerlos.<\/strong>  En este caso, el conductor tiene una cobertura de seguro de 1 mill\u00f3n de d\u00f3lares seg\u00fan la p\u00f3liza de Uber.<\/li>\n<li><strong>El conductor de Uber lleva a un pasajero de viaje compartido en el coche cuando chocan.<\/strong>  El conductor tambi\u00e9n tiene una cobertura de seguro de 1 mill\u00f3n de d\u00f3lares seg\u00fan la p\u00f3liza de Uber.<\/li>\n<\/ul>\n<h3>Otro automovilista es culpable del accidente<\/h3>\n<p>La v\u00edctima lesionada tendr\u00e1 que reclamar al seguro del conductor. El conductor debe tener el m\u00ednimo estatal, que por desgracia puede no ser suficiente para cubrir todas tus p\u00e9rdidas. Sin embargo, Uber y Lyft tambi\u00e9n tienen <a href=\"https:\/\/usa-law.org\/car-accident-attorney\/uninsured-underinsured-motorists\/\">un seguro de motorista sin seguro o con seguro insuficiente<\/a>, de hasta 1 mill\u00f3n de d\u00f3lares en California. Por tanto, si eras pasajero, puedes disponer de una p\u00f3liza importante para pagar tus lesiones.<\/p>\n<h2 class=\"zigzag-blue-left\">Qu\u00e9 hacer si has resultado herido en un accidente de coche compartido<\/h2>\n<p>Lo primero que debes hacer es asegurarte de que t\u00fa y todos los dem\u00e1s implicados en el accidente est\u00e1is bien. Si no, puedes llamar al 911 para que venga una ambulancia a llevar al herido grave al hospital. Si puedes salir y moverte, puedes preguntar a los dem\u00e1s implicados en el accidente si necesitan una ambulancia. Si t\u00fa mismo necesitas tratamiento de urgencia, no dudes en aceptarlo.<\/p>\n<p>A continuaci\u00f3n, debes obtener informaci\u00f3n sobre el seguro de todos los automovilistas implicados. Tambi\u00e9n puedes empezar a reunir pruebas sobre el accidente. A tu <strong>abogado de accidentes con Uber de Pasadena<\/strong> le resultar\u00e1 \u00fatil. Por ejemplo, puedes<\/p>\n<ul>\n<li>Haz fotos de los veh\u00edculos implicados en el accidente utilizando un smartphone.<\/li>\n<li>Haz fotos de cualquier resto en la carretera, como un guardabarros arrancado o un retrovisor lateral.<\/li>\n<li>Consigue los nombres de los testigos que observaron el accidente. Consigue sus nombres y n\u00fameros de tel\u00e9fono.<\/li>\n<li>Llama a la polic\u00eda para que acuda al accidente. El agente que responda redactar\u00e1 un informe policial.<\/li>\n<\/ul>\n<p>Una vez que hayas terminado en el lugar del accidente, acude a un hospital o visita a tu m\u00e9dico para que te examine a fondo si no recibiste tratamiento de urgencia y transporte en ambulancia. Repasa cualquier s\u00edntoma que sientas. Algunas lesiones, como las cerebrales o las <a href=\"https:\/\/usa-law.org\/personal-injury\/spinal-cord-back-injuries\/\">de espalda<\/a>, pueden tardar uno o dos d\u00edas en manifestarse, as\u00ed que presta mucha atenci\u00f3n a c\u00f3mo te sientes.<\/p>\n<h2 class=\"zigzag-blue-left\">Acude a un abogado experto en accidentes de tr\u00e1fico con Uber en Pasadena<\/h2>\n<p>Este es otro paso importante. Un <a href=\"https:\/\/www.google.com\/maps?cid=10189409246452284727\" target=\"_blank\" rel=\"noopener noreferrer\">abogado<\/a> experto <a href=\"https:\/\/www.google.com\/maps?cid=10189409246452284727\" target=\"_blank\" rel=\"noopener noreferrer\">en accidentes de tr\u00e1fico de Uber y Lyft en Pasadena, California,<\/a> puede ayudarte a conseguir la m\u00e1xima indemnizaci\u00f3n. Ponte en contacto con el bufete de <a href=\"https:\/\/usa-law.org\/es\/attorneys\/pius-joseph\/\">Pius<\/a> Joseph hoy mismo para saber c\u00f3mo podemos ayudarte.<\/p>\n<p>Nuestro bufete ofrece una evaluaci\u00f3n gratuita del caso, que puedes programar llamando por tel\u00e9fono o <a href=\"https:\/\/usa-law.org\/contact-us\/\">poni\u00e9ndote en contacto con nosotros por Internet<\/a>.<\/p>\n","protected":false},"excerpt":{"rendered":"<p>Las empresas de transporte compartido como Uber y Lyft siguen ganando popularidad, y es f\u00e1cil ver por qu\u00e9. Estas empresas ofrecen un transporte c\u00f3modo a un precio muy competitivo, al menos en comparaci\u00f3n con los taxis. Sin embargo, los veh\u00edculos de Uber y Lyft siguen teniendo accidentes, y muchas personas&#8230;<\/p>\n","protected":false},"author":7,"featured_media":28594,"parent":28792,"menu_order":1,"comment_status":"closed","ping_status":"closed","template":"","meta":{"_acf_changed":false,"footnotes":""},"class_list":["post-28591","page","type-page","status-publish","has-post-thumbnail","hentry"],"acf":[],"yoast_head":"<!-- This site is optimized with the Yoast SEO plugin v27.5 - https:\/\/yoast.com\/product\/yoast-seo-wordpress\/ -->\n<title>Abogado Accidente Coche Uber Pasadena | Law Offices of Pius Joseph<\/title>\n<meta name=\"description\" content=\"Mereces una indemnizaci\u00f3n si te has lesionado en un accidente de coche compartido en California. Ponte en contacto con los abogados especializados en accidentes de coche con Uber de Pasadena del bufete Law Offices of Pius Joseph.\" \/>\n<meta name=\"robots\" content=\"index, follow, max-snippet:-1, max-image-preview:large, max-video-preview:-1\" \/>\n<link rel=\"canonical\" href=\"https:\/\/usa-law.org\/es\/accidentes-de-trafico\/accidentes-de-uber-y-lyft\/\" \/>\n<meta property=\"og:locale\" content=\"es_ES\" \/>\n<meta property=\"og:type\" content=\"article\" \/>\n<meta property=\"og:title\" content=\"Abogado Accidente Coche Uber Pasadena | Law Offices of Pius Joseph\" \/>\n<meta property=\"og:description\" content=\"Mereces una indemnizaci\u00f3n si te has lesionado en un accidente de coche compartido en California. Ponte en contacto con los abogados especializados en accidentes de coche con Uber de Pasadena del bufete Law Offices of Pius Joseph.\" \/>\n<meta property=\"og:url\" content=\"https:\/\/usa-law.org\/es\/accidentes-de-trafico\/accidentes-de-uber-y-lyft\/\" \/>\n<meta property=\"og:site_name\" content=\"Law Offices of Pius Joseph\" \/>\n<meta property=\"article:modified_time\" content=\"2024-06-11T17:06:19+00:00\" \/>\n<meta property=\"og:image\" content=\"https:\/\/usa-law.org\/wp-content\/uploads\/2019\/07\/uber-lyft-accidents.jpg\" \/>\n\t<meta property=\"og:image:width\" content=\"500\" \/>\n\t<meta property=\"og:image:height\" content=\"334\" \/>\n\t<meta property=\"og:image:type\" content=\"image\/jpeg\" \/>\n<meta name=\"twitter:card\" content=\"summary_large_image\" \/>\n<meta name=\"twitter:label1\" content=\"Est. reading time\" \/>\n\t<meta name=\"twitter:data1\" content=\"8 minutos\" \/>\n<!-- \/ Yoast SEO plugin. -->","yoast_head_json":{"title":"Abogado Accidente Coche Uber Pasadena | Law Offices of Pius Joseph","description":"Mereces una indemnizaci\u00f3n si te has lesionado en un accidente de coche compartido en California. Ponte en contacto con los abogados especializados en accidentes de coche con Uber de Pasadena del bufete Law Offices of Pius Joseph.","robots":{"index":"index","follow":"follow","max-snippet":"max-snippet:-1","max-image-preview":"max-image-preview:large","max-video-preview":"max-video-preview:-1"},"canonical":"https:\/\/usa-law.org\/es\/accidentes-de-trafico\/accidentes-de-uber-y-lyft\/","og_locale":"es_ES","og_type":"article","og_title":"Abogado Accidente Coche Uber Pasadena | Law Offices of Pius Joseph","og_description":"Mereces una indemnizaci\u00f3n si te has lesionado en un accidente de coche compartido en California. Ponte en contacto con los abogados especializados en accidentes de coche con Uber de Pasadena del bufete Law Offices of Pius Joseph.","og_url":"https:\/\/usa-law.org\/es\/accidentes-de-trafico\/accidentes-de-uber-y-lyft\/","og_site_name":"Law Offices of Pius Joseph","article_modified_time":"2024-06-11T17:06:19+00:00","og_image":[{"width":500,"height":334,"url":"https:\/\/usa-law.org\/wp-content\/uploads\/2019\/07\/uber-lyft-accidents.jpg","type":"image\/jpeg"}],"twitter_card":"summary_large_image","twitter_misc":{"Est. reading time":"8 minutos"},"schema":{"@context":"https:\/\/schema.org","@graph":[{"@type":"WebPage","@id":"https:\/\/usa-law.org\/es\/accidentes-de-trafico\/accidentes-de-uber-y-lyft\/","url":"https:\/\/usa-law.org\/es\/accidentes-de-trafico\/accidentes-de-uber-y-lyft\/","name":"Abogado Accidente Coche Uber Pasadena | Law Offices of Pius Joseph","isPartOf":{"@id":"https:\/\/usa-law.org\/es\/#website"},"primaryImageOfPage":{"@id":"https:\/\/usa-law.org\/es\/accidentes-de-trafico\/accidentes-de-uber-y-lyft\/#primaryimage"},"image":{"@id":"https:\/\/usa-law.org\/es\/accidentes-de-trafico\/accidentes-de-uber-y-lyft\/#primaryimage"},"thumbnailUrl":"https:\/\/usa-law.org\/wp-content\/uploads\/2019\/07\/uber-lyft-accidents.jpg","datePublished":"2019-05-21T09:48:55+00:00","dateModified":"2024-06-11T17:06:19+00:00","description":"Mereces una indemnizaci\u00f3n si te has lesionado en un accidente de coche compartido en California. Ponte en contacto con los abogados especializados en accidentes de coche con Uber de Pasadena del bufete Law Offices of Pius Joseph.","breadcrumb":{"@id":"https:\/\/usa-law.org\/es\/accidentes-de-trafico\/accidentes-de-uber-y-lyft\/#breadcrumb"},"inLanguage":"es","potentialAction":[{"@type":"ReadAction","target":["https:\/\/usa-law.org\/es\/accidentes-de-trafico\/accidentes-de-uber-y-lyft\/"]}]},{"@type":"ImageObject","inLanguage":"es","@id":"https:\/\/usa-law.org\/es\/accidentes-de-trafico\/accidentes-de-uber-y-lyft\/#primaryimage","url":"https:\/\/usa-law.org\/wp-content\/uploads\/2019\/07\/uber-lyft-accidents.jpg","contentUrl":"https:\/\/usa-law.org\/wp-content\/uploads\/2019\/07\/uber-lyft-accidents.jpg","width":500,"height":334},{"@type":"BreadcrumbList","@id":"https:\/\/usa-law.org\/es\/accidentes-de-trafico\/accidentes-de-uber-y-lyft\/#breadcrumb","itemListElement":[{"@type":"ListItem","position":1,"name":"Home","item":"https:\/\/usa-law.org\/es\/"},{"@type":"ListItem","position":2,"name":"Accidentes de tr\u00e1fico","item":"https:\/\/usa-law.org\/es\/accidentes-de-trafico\/"},{"@type":"ListItem","position":3,"name":"Accidentes de Uber y Lyft"}]},{"@type":"WebSite","@id":"https:\/\/usa-law.org\/es\/#website","url":"https:\/\/usa-law.org\/es\/","name":"Law Offices of Pius Joseph","description":"Pasadena, CA Personal Injury Attorneys","publisher":{"@id":"https:\/\/usa-law.org\/es\/#organization"},"potentialAction":[{"@type":"SearchAction","target":{"@type":"EntryPoint","urlTemplate":"https:\/\/usa-law.org\/es\/?s={search_term_string}"},"query-input":{"@type":"PropertyValueSpecification","valueRequired":true,"valueName":"search_term_string"}}],"inLanguage":"es"},{"@type":"Organization","@id":"https:\/\/usa-law.org\/es\/#organization","name":"Law Offices of Pius Joseph - Personal injury attorney","url":"https:\/\/usa-law.org\/es\/","logo":{"@type":"ImageObject","inLanguage":"es","@id":"https:\/\/usa-law.org\/es\/#\/schema\/logo\/image\/","url":"https:\/\/usa-law.org\/wp-content\/uploads\/2019\/07\/logo.png","contentUrl":"https:\/\/usa-law.org\/wp-content\/uploads\/2019\/07\/logo.png","width":273,"height":84,"caption":"Law Offices of Pius Joseph - Personal injury attorney"},"image":{"@id":"https:\/\/usa-law.org\/es\/#\/schema\/logo\/image\/"}}]}},"_links":{"self":[{"href":"https:\/\/usa-law.org\/es\/wp-json\/wp\/v2\/pages\/28591","targetHints":{"allow":["GET"]}}],"collection":[{"href":"https:\/\/usa-law.org\/es\/wp-json\/wp\/v2\/pages"}],"about":[{"href":"https:\/\/usa-law.org\/es\/wp-json\/wp\/v2\/types\/page"}],"author":[{"embeddable":true,"href":"https:\/\/usa-law.org\/es\/wp-json\/wp\/v2\/users\/7"}],"replies":[{"embeddable":true,"href":"https:\/\/usa-law.org\/es\/wp-json\/wp\/v2\/comments?post=28591"}],"version-history":[{"count":0,"href":"https:\/\/usa-law.org\/es\/wp-json\/wp\/v2\/pages\/28591\/revisions"}],"up":[{"embeddable":true,"href":"https:\/\/usa-law.org\/es\/wp-json\/wp\/v2\/pages\/28792"}],"wp:featuredmedia":[{"embeddable":true,"href":"https:\/\/usa-law.org\/es\/wp-json\/wp\/v2\/media\/28594"}],"wp:attachment":[{"href":"https:\/\/usa-law.org\/es\/wp-json\/wp\/v2\/media?parent=28591"}],"curies":[{"name":"wp","href":"https:\/\/api.w.org\/{rel}","templated":true}]}}