{"id":28633,"date":"2019-03-06T15:17:46","date_gmt":"2019-03-06T15:17:46","guid":{"rendered":"https:\/\/piusjoseph.wpenginepowered.com\/accidentes-de-camion\/"},"modified":"2019-03-06T15:17:46","modified_gmt":"2019-03-06T15:17:46","slug":"accidentes-de-camion","status":"publish","type":"page","link":"https:\/\/usa-law.org\/es\/accidentes-de-camion\/","title":{"rendered":"Accidentes de Cami\u00f3n"},"content":{"rendered":"<p>Hay pocas cosas que den m\u00e1s miedo que verse implicado en un accidente de cami\u00f3n. Los camiones son enormes en tama\u00f1o y peso. Cuando colisionan con un veh\u00edculo m\u00e1s peque\u00f1o, los ocupantes del <a href=\"https:\/\/usa-law.org\/car-accident-attorney\/#talk\">turismo<\/a> tienen muy pocas posibilidades de salir ilesos.<\/p>\n<p>Las lesiones observadas tras un <a href=\"https:\/\/usa-law.org\/truck-accident-attorney\/types-of-truck-accidents\/\"><br \/>\n  <strong>accidente de cami\u00f3n<\/strong><br \/>\n<\/a> suelen ser catastr\u00f3ficas y puede llevar meses, o incluso a\u00f1os, recuperarse de ellas. Estas lesiones dejan a las v\u00edctimas de accidentes con un dolor inmenso, y muchas personas no pueden trabajar durante bastante tiempo. Las facturas m\u00e9dicas se acumulan y las v\u00edctimas no tienen forma de pagarlas.<\/p>\n<p>Hay pasos legales que las v\u00edctimas de accidentes pueden dar para exigir una indemnizaci\u00f3n por las p\u00e9rdidas sufridas. Sin embargo, los casos de <a href=\"https:\/\/en.wikipedia.org\/wiki\/Traffic_collision\" target=\"_blank\" rel=\"noopener noreferrer\">accidentes de cami\u00f3n<\/a> son algunos de los m\u00e1s dif\u00edciles de perseguir. Con m\u00e1s de 30 a\u00f1os de experiencia, el respetado abogado litigante Pius Joseph y su equipo tienen las habilidades y los recursos para enfrentarse a empresas de transporte agresivas y a otras que puedan ser responsables de perjudicarte a ti y a tu familia.<\/p>\n<p><strong>Ponte en <a href=\"https:\/\/usa-law.org\/contact-us\/\">contacto con<\/a> el abogado de accidentes de cami\u00f3n de California <a href=\"https:\/\/usa-law.org\/es\/attorneys\/pius-joseph\/\">Pius<\/a> Joseph para obtener ayuda legal hoy mismo.<\/strong><\/p>\n<h2 id=\"complicated\" class=\"toc-heading zigzag-blue-left\">Reclamaciones por accidente de cami\u00f3n frente a reclamaciones por accidente de coche<\/h2>\n<p><a href=\"https:\/\/goo.gl\/maps\/xhgwEy8vEHLzt6Dx6\" target=\"_blank\" rel=\"noopener noreferrer\"><img loading=\"lazy\" decoding=\"async\" class=\"img-responsive alignright wp-image-17684 size-medium\" title=\"abogado de accidentes de camion en pasadena\" src=\"https:\/\/usa-law.org\/wp-content\/uploads\/2021\/01\/Pasadena-Truck-Accident-Attorney-300x204.jpg\" alt=\"Abogado de accidentes de cami\u00f3n en Pasadena\" width=\"300\" height=\"204\" srcset=\"https:\/\/usa-law.org\/wp-content\/uploads\/2021\/01\/Pasadena-Truck-Accident-Attorney-300x204.jpg 300w, https:\/\/usa-law.org\/wp-content\/uploads\/2021\/01\/Pasadena-Truck-Accident-Attorney-768x522.jpg 768w, https:\/\/usa-law.org\/wp-content\/uploads\/2021\/01\/Pasadena-Truck-Accident-Attorney-1024x696.jpg 1024w\" sizes=\"auto, (max-width: 300px) 100vw, 300px\" \/><\/a>Quiz\u00e1 pienses que el proceso de presentar una demanda tras un accidente de cami\u00f3n no es muy distinto del de reclamar una indemnizaci\u00f3n tras una colisi\u00f3n de Tr\u00e1fico. Esto no es cierto. Los casos de accidente de cami\u00f3n son mucho m\u00e1s complicados, por lo que nadie debe intentar presentar por su cuenta una reclamaci\u00f3n a un <a href=\"https:\/\/usa-law.org\/personal-injury\/\">abogado de lesiones personales de Pasadena<\/a>, especialmente si se trata de da\u00f1os que alteran la vida, como <a href=\"https:\/\/usa-law.org\/traumatic-brain-injury-attorney\/\">lesiones cerebrales o de la m\u00e9dula espinal<\/a>.<\/p>\n<p>&nbsp;<\/p>\n<p>Una de las principales razones por las que los accidentes de semirremolque son mucho m\u00e1s complicados que otros accidentes de autom\u00f3vil es que las lesiones suelen ser mucho m\u00e1s graves, si no mortales.<\/p>\n<p>Rara vez las lesiones se curan en pocas semanas. La v\u00edctima puede tardar meses, y a veces incluso a\u00f1os, en recuperarse totalmente. En muchos casos, no es posible una recuperaci\u00f3n completa. En el peor de los casos, la v\u00edctima no sobrevive al accidente, y las familias sufren una p\u00e9rdida irreparable.<\/p>\n<h2>\u00bfCu\u00e1nto vale una reclamaci\u00f3n por accidente de cami\u00f3n en Pasadena, CA?<\/h2>\n<p>Estas lesiones que alteran la vida hacen que los accidentes de cami\u00f3n sean m\u00e1s complicados, porque la v\u00edctima tendr\u00e1 que reclamar una indemnizaci\u00f3n mucho mayor.<\/p>\n<p>Esa cantidad suele ser dif\u00edcil de calcular. Las demandas pueden exigir que los responsables paguen no s\u00f3lo los gastos actuales, sino tambi\u00e9n los futuros, como futuras facturas m\u00e9dicas y p\u00e9rdida de capacidad laboral. No saber lo que nos depara el futuro hace que calcular este tipo de indemnizaci\u00f3n sea todo un reto.<\/p>\n<h2>C\u00f3mo demostrar la culpa en un accidente de cami\u00f3n en California<\/h2>\n<p>Demostrar qui\u00e9n tuvo la culpa del accidente tambi\u00e9n es m\u00e1s dif\u00edcil en las <strong>demandas por accidente de cami\u00f3n<\/strong>.<\/p>\n<p>Cuando dos veh\u00edculos peque\u00f1os tienen un accidente, uno de los conductores suele ser el culpable, y con s\u00f3lo revisar las circunstancias del accidente, puedes determinar r\u00e1pidamente qui\u00e9n se equivoc\u00f3. Los accidentes de cami\u00f3n en Pasadena no son as\u00ed.<\/p>\n<p>Aunque a veces los camioneros son culpables de un accidente, en muchos casos no son la \u00fanica parte que debe ser considerada responsable.<\/p>\n<p>Hay muchas otras personas y empresas implicadas en la puesta en circulaci\u00f3n de un cami\u00f3n, incluida la empresa de transporte y el fabricante del cami\u00f3n. Si la empresa de camiones no proporcion\u00f3 la formaci\u00f3n adecuada o anim\u00f3 a los camioneros a infringir las leyes federales y estatales para entregar la carga m\u00e1s r\u00e1pidamente, la empresa de camiones puede ser considerada responsable. Si hay piezas defectuosas en el cami\u00f3n que causaron el accidente, el fabricante del cami\u00f3n puede ser el culpable. La lista de partes potencialmente responsables es larga, y necesitas un <strong>abogado<\/strong> experto en <strong>accidentes de cami\u00f3n en Pasadena<\/strong> para investigar e identificar a todos los responsables.<\/p>\n<h3>Qu\u00e9 hacer tras un accidente de cami\u00f3n en Pasadena, California<\/h3>\n<h3><iframe loading=\"lazy\" src=\"https:\/\/www.youtube.com\/embed\/0KaWi49hqIM\" width=\"560\" height=\"315\" frameborder=\"0\" allowfullscreen=\"allowfullscreen\"><\/iframe><\/h3>\n<h3>Las p\u00f3lizas de seguros de las empresas de camiones y los accidentes de tr\u00e1fico<\/h3>\n<p>Por \u00faltimo, el seguro es uno de los aspectos m\u00e1s complejos de cualquier accidente de cami\u00f3n en California.<\/p>\n<p>Por ley, las empresas de transporte por carretera deben tener amplias p\u00f3lizas de seguro. Estas p\u00f3lizas no valen miles de d\u00f3lares, sino millones. Como cualquier otra compa\u00f1\u00eda de seguros, las que ofrecen seguros de camiones no quieren pagar estos enormes siniestros. Por ello, se esforzar\u00e1n a\u00fan m\u00e1s para que la v\u00edctima del accidente acepte la culpa o acepte indemnizaciones extremadamente bajas que ni siquiera empezar\u00e1n a cubrir totalmente el coste de las lesiones.<\/p>\n<p>Adem\u00e1s, al haber muchas partes potencialmente responsables, la v\u00edctima del accidente puede tener que tratar con varios peritos de seguros. Esto puede agravar el problema de obtener una indemnizaci\u00f3n justa, ya que las compa\u00f1\u00edas de seguros se pelean por qui\u00e9n es el culpable.<\/p>\n<h2>C\u00f3mo puede ayudar el abogado de accidentes de cami\u00f3n Pius Joseph en Pasadena<span style=\"font-size: 16px;\"> <\/span><\/h2>\n<p><a href=\"https:\/\/goo.gl\/maps\/xeCF7rQpZG4uB8SXA\" target=\"_blank\" rel=\"noopener noreferrer\"><img loading=\"lazy\" decoding=\"async\" class=\"img-responsive alignleft\" title=\"abogado de accidentes de camion en pasadena\" src=\"https:\/\/lh5.googleusercontent.com\/p\/AF1QipPgmwZH7n1NtEEmVZf_ALWg_NckQBFjeLLFLFXa=w203-h211-k-no\" alt=\"Abogado de Accidente de Cami\u00f3n en Pasadena, CA\" width=\"202\" height=\"211\"><\/a><\/p>\n<p>Un accidente de cami\u00f3n comercial en Pasadena puede provocar dolor y sufrimiento, por lo que es necesario un abogado especializado en accidentes de cami\u00f3n. Considera la posibilidad de contratar a un equipo jur\u00eddico especializado en accidentes de cami\u00f3n en Pasadena si t\u00fa o un ser querido hab\u00e9is sufrido un accidente con un semirremolque.<\/p>\n<p>Los abogados de accidentes de cami\u00f3n de Pasadena tendr\u00e1n mucha experiencia en este tipo de casos y podr\u00e1n asesorarte sobre la mejor forma de enfocar tu reclamaci\u00f3n. Cuando pensamos en lesiones por accidente, a menudo s\u00f3lo pensamos en lesiones catastr\u00f3ficas. Sin embargo, hay muchas m\u00e1s consecuencias que pueden derivarse de los accidentes de tr\u00e1fico.<\/p>\n<p>Consigue hoy mismo la ayuda legal que necesitas poni\u00e9ndote en contacto con el bufete <a href=\"https:\/\/usa-law.org\">de Pius Joseph &#8211; Abogado de lesiones personales<\/a>. Nuestro <a href=\"https:\/\/www.google.com\/maps?cid=10189409246452284727\" target=\"_blank\" rel=\"noopener noreferrer\">abogado de accidentes de cami\u00f3n semirremolque en Pasadena, CA<\/a>, <a href=\"https:\/\/usa-law.org\/truck-accident-attorney\/truck-accident-faqs\/\">responder\u00e1 a tus preguntas<\/a> y gestionar\u00e1 todos los aspectos de tu reclamaci\u00f3n legal, para que puedas centrarte en tu recuperaci\u00f3n. <a href=\"https:\/\/usa-law.org\/contact-us\/\">Programa ahora una consulta gratuita.<\/a><\/p>\n","protected":false},"excerpt":{"rendered":"<p>Hay pocas cosas que den m\u00e1s miedo que verse implicado en un accidente de cami\u00f3n. Los camiones son enormes en tama\u00f1o y peso. Cuando colisionan con un veh\u00edculo m\u00e1s peque\u00f1o, los ocupantes del turismo tienen muy pocas posibilidades de salir ilesos. Las lesiones observadas tras un accidente de cami\u00f3n suelen&#8230;<\/p>\n","protected":false},"author":7,"featured_media":28654,"parent":0,"menu_order":16,"comment_status":"closed","ping_status":"closed","template":"practice-area.php","meta":{"_acf_changed":false,"footnotes":""},"class_list":["post-28633","page","type-page","status-publish","has-post-thumbnail","hentry"],"acf":[],"yoast_head":"<!-- This site is optimized with the Yoast SEO plugin v27.5 - https:\/\/yoast.com\/product\/yoast-seo-wordpress\/ -->\n<title>Abogado de Accidente de Cami\u00f3n en Pasadena | Lucha por tus Derechos<\/title>\n<meta name=\"description\" content=\"Asegura tu futuro con el abogado Pius Joseph, un destacado abogado de accidentes de cami\u00f3n en Pasadena. Consigue apoyo legal especializado para obtener la m\u00e1xima indemnizaci\u00f3n.\" \/>\n<meta name=\"robots\" content=\"index, follow, max-snippet:-1, max-image-preview:large, max-video-preview:-1\" \/>\n<link rel=\"canonical\" href=\"https:\/\/usa-law.org\/es\/accidentes-de-camion\/\" \/>\n<meta property=\"og:locale\" content=\"es_ES\" \/>\n<meta property=\"og:type\" content=\"article\" \/>\n<meta property=\"og:title\" content=\"Abogado de Accidente de Cami\u00f3n en Pasadena | Lucha por tus Derechos\" \/>\n<meta property=\"og:description\" content=\"Asegura tu futuro con el abogado Pius Joseph, un destacado abogado de accidentes de cami\u00f3n en Pasadena. Consigue apoyo legal especializado para obtener la m\u00e1xima indemnizaci\u00f3n.\" \/>\n<meta property=\"og:url\" content=\"https:\/\/usa-law.org\/es\/accidentes-de-camion\/\" \/>\n<meta property=\"og:site_name\" content=\"Law Offices of Pius Joseph\" \/>\n<meta property=\"og:image\" content=\"https:\/\/usa-law.org\/wp-content\/uploads\/2019\/06\/Featured-Truck-accidents-1.jpg\" \/>\n\t<meta property=\"og:image:width\" content=\"450\" \/>\n\t<meta property=\"og:image:height\" content=\"345\" \/>\n\t<meta property=\"og:image:type\" content=\"image\/jpeg\" \/>\n<meta name=\"twitter:card\" content=\"summary_large_image\" \/>\n<meta name=\"twitter:label1\" content=\"Est. reading time\" \/>\n\t<meta name=\"twitter:data1\" content=\"6 minutos\" \/>\n<!-- \/ Yoast SEO plugin. -->","yoast_head_json":{"title":"Abogado de Accidente de Cami\u00f3n en Pasadena | Lucha por tus Derechos","description":"Asegura tu futuro con el abogado Pius Joseph, un destacado abogado de accidentes de cami\u00f3n en Pasadena. Consigue apoyo legal especializado para obtener la m\u00e1xima indemnizaci\u00f3n.","robots":{"index":"index","follow":"follow","max-snippet":"max-snippet:-1","max-image-preview":"max-image-preview:large","max-video-preview":"max-video-preview:-1"},"canonical":"https:\/\/usa-law.org\/es\/accidentes-de-camion\/","og_locale":"es_ES","og_type":"article","og_title":"Abogado de Accidente de Cami\u00f3n en Pasadena | Lucha por tus Derechos","og_description":"Asegura tu futuro con el abogado Pius Joseph, un destacado abogado de accidentes de cami\u00f3n en Pasadena. Consigue apoyo legal especializado para obtener la m\u00e1xima indemnizaci\u00f3n.","og_url":"https:\/\/usa-law.org\/es\/accidentes-de-camion\/","og_site_name":"Law Offices of Pius Joseph","og_image":[{"width":450,"height":345,"url":"https:\/\/usa-law.org\/wp-content\/uploads\/2019\/06\/Featured-Truck-accidents-1.jpg","type":"image\/jpeg"}],"twitter_card":"summary_large_image","twitter_misc":{"Est. reading time":"6 minutos"},"schema":{"@context":"https:\/\/schema.org","@graph":[{"@type":"WebPage","@id":"https:\/\/usa-law.org\/es\/accidentes-de-camion\/","url":"https:\/\/usa-law.org\/es\/accidentes-de-camion\/","name":"Abogado de Accidente de Cami\u00f3n en Pasadena | Lucha por tus Derechos","isPartOf":{"@id":"https:\/\/usa-law.org\/es\/#website"},"primaryImageOfPage":{"@id":"https:\/\/usa-law.org\/es\/accidentes-de-camion\/#primaryimage"},"image":{"@id":"https:\/\/usa-law.org\/es\/accidentes-de-camion\/#primaryimage"},"thumbnailUrl":"https:\/\/usa-law.org\/wp-content\/uploads\/2019\/06\/Featured-Truck-accidents-1.jpg","datePublished":"2019-03-06T15:17:46+00:00","description":"Asegura tu futuro con el abogado Pius Joseph, un destacado abogado de accidentes de cami\u00f3n en Pasadena. Consigue apoyo legal especializado para obtener la m\u00e1xima indemnizaci\u00f3n.","breadcrumb":{"@id":"https:\/\/usa-law.org\/es\/accidentes-de-camion\/#breadcrumb"},"inLanguage":"es","potentialAction":[{"@type":"ReadAction","target":["https:\/\/usa-law.org\/es\/accidentes-de-camion\/"]}]},{"@type":"ImageObject","inLanguage":"es","@id":"https:\/\/usa-law.org\/es\/accidentes-de-camion\/#primaryimage","url":"https:\/\/usa-law.org\/wp-content\/uploads\/2019\/06\/Featured-Truck-accidents-1.jpg","contentUrl":"https:\/\/usa-law.org\/wp-content\/uploads\/2019\/06\/Featured-Truck-accidents-1.jpg","width":450,"height":345},{"@type":"BreadcrumbList","@id":"https:\/\/usa-law.org\/es\/accidentes-de-camion\/#breadcrumb","itemListElement":[{"@type":"ListItem","position":1,"name":"Home","item":"https:\/\/usa-law.org\/es\/"},{"@type":"ListItem","position":2,"name":"Accidentes de Cami\u00f3n"}]},{"@type":"WebSite","@id":"https:\/\/usa-law.org\/es\/#website","url":"https:\/\/usa-law.org\/es\/","name":"Law Offices of Pius Joseph","description":"Pasadena, CA Personal Injury Attorneys","publisher":{"@id":"https:\/\/usa-law.org\/es\/#organization"},"potentialAction":[{"@type":"SearchAction","target":{"@type":"EntryPoint","urlTemplate":"https:\/\/usa-law.org\/es\/?s={search_term_string}"},"query-input":{"@type":"PropertyValueSpecification","valueRequired":true,"valueName":"search_term_string"}}],"inLanguage":"es"},{"@type":"Organization","@id":"https:\/\/usa-law.org\/es\/#organization","name":"Law Offices of Pius Joseph - Personal injury attorney","url":"https:\/\/usa-law.org\/es\/","logo":{"@type":"ImageObject","inLanguage":"es","@id":"https:\/\/usa-law.org\/es\/#\/schema\/logo\/image\/","url":"https:\/\/usa-law.org\/wp-content\/uploads\/2019\/07\/logo.png","contentUrl":"https:\/\/usa-law.org\/wp-content\/uploads\/2019\/07\/logo.png","width":273,"height":84,"caption":"Law Offices of Pius Joseph - Personal injury attorney"},"image":{"@id":"https:\/\/usa-law.org\/es\/#\/schema\/logo\/image\/"}}]}},"_links":{"self":[{"href":"https:\/\/usa-law.org\/es\/wp-json\/wp\/v2\/pages\/28633","targetHints":{"allow":["GET"]}}],"collection":[{"href":"https:\/\/usa-law.org\/es\/wp-json\/wp\/v2\/pages"}],"about":[{"href":"https:\/\/usa-law.org\/es\/wp-json\/wp\/v2\/types\/page"}],"author":[{"embeddable":true,"href":"https:\/\/usa-law.org\/es\/wp-json\/wp\/v2\/users\/7"}],"replies":[{"embeddable":true,"href":"https:\/\/usa-law.org\/es\/wp-json\/wp\/v2\/comments?post=28633"}],"version-history":[{"count":0,"href":"https:\/\/usa-law.org\/es\/wp-json\/wp\/v2\/pages\/28633\/revisions"}],"wp:featuredmedia":[{"embeddable":true,"href":"https:\/\/usa-law.org\/es\/wp-json\/wp\/v2\/media\/28654"}],"wp:attachment":[{"href":"https:\/\/usa-law.org\/es\/wp-json\/wp\/v2\/media?parent=28633"}],"curies":[{"name":"wp","href":"https:\/\/api.w.org\/{rel}","templated":true}]}}