{"id":28635,"date":"2019-03-06T15:19:13","date_gmt":"2019-03-06T15:19:13","guid":{"rendered":"https:\/\/piusjoseph.wpenginepowered.com\/accidentes-de-camion-con-carga-no-asegurada\/"},"modified":"2019-03-06T15:19:13","modified_gmt":"2019-03-06T15:19:13","slug":"accidentes-de-camion-con-carga-no-asegurada","status":"publish","type":"page","link":"https:\/\/usa-law.org\/es\/accidentes-de-camion\/accidentes-de-camion-con-carga-no-asegurada\/","title":{"rendered":"Accidentes de cami\u00f3n con carga no asegurada"},"content":{"rendered":"<p>Las cargas que transportan <a href=\"https:\/\/usa-law.org\/truck-accident-attorney\/commercial-driver-negligence\/\">los camiones<\/a> comerciales tienen que estar aseguradas seg\u00fan la normativa federal de camiones para evitar que se desplacen peligrosamente en ruta. Cuando la carga comercial no est\u00e1 bien sujeta y se producen <a href=\"https:\/\/usa-law.org\/truck-accident-attorney\/truck-accident-faqs\/\">accidentes de cami\u00f3n<\/a>, las v\u00edctimas pueden exigir responsabilidades a los camioneros y\/o a las empresas de transporte por los da\u00f1os y perjuicios que hayan causado.<\/p>\n<div class=\"text-center\"><iframe loading=\"lazy\" title=\"Reproductor de v\u00eddeo de YouTube\" src=\"https:\/\/www.youtube.com\/embed\/iEFDj4sai7Q\" width=\"560\" height=\"315\" frameborder=\"0\" allowfullscreen=\"allowfullscreen\"><\/iframe><\/div>\n<p>&nbsp;<\/p>\n<p>En el <a href=\"https:\/\/usa-law.org\">Despacho Jur\u00eddico de Pius<\/a> Joseph, nuestros <a href=\"https:\/\/usa-law.org\/truck-accident-attorney\/\">abogados de accidentes de cami\u00f3n en Pasadena<\/a> tienen amplia experiencia en la defensa de los derechos de las v\u00edctimas de accidentes de cami\u00f3n. Comprometidos a proporcionar una defensa legal eficaz y unos servicios jur\u00eddicos compasivos y personalizados, <a href=\"https:\/\/usa-law.org\/es\/attorneys\/pius-joseph\/\">nuestros abogados<\/a> cuentan con las habilidades, los recursos y la perspicacia en los que pueden confiar las v\u00edctimas de accidentes de cami\u00f3n cuando est\u00e1n dispuestas a agotar todos los recursos legales disponibles para obtener la justicia y la indemnizaci\u00f3n que merecen.<\/p>\n<h2 class=\"zigzag-blue-left\">Normativa de sujeci\u00f3n de la carga para camiones<\/h2>\n<p>Las normas de sujeci\u00f3n de la carga para camiones comerciales son amplias y detalladas. De hecho, aunque estas normas explican los tipos y el n\u00famero de dispositivos de sujeci\u00f3n que deben utilizarse, tambi\u00e9n incluyen normas espec\u00edficas para distintos tipos de carga, como troncos, autom\u00f3viles e incluso grandes cajas o contenedores.<\/p>\n<p>Sin embargo, la norma general de sujeci\u00f3n de la carga subraya la raz\u00f3n principal por la que existen estas normas: impedir el movimiento de la carga. En concreto, la norma general para la sujeci\u00f3n de la carga es la siguiente<sup>:1<\/sup><\/p>\n<p><em>La carga debe estar firmemente inmovilizada o asegurada sobre o dentro de un veh\u00edculo mediante estructuras de resistencia adecuada, materiales de estiba (materiales sueltos utilizados para sostener y proteger la carga) o bolsas de estiba (bolsas inflables destinadas a rellenar el espacio entre los art\u00edculos de carga o entre la carga y la pared del veh\u00edculo), barras de apuntalamiento, amarres o una combinaci\u00f3n de \u00e9stos.<\/em><\/p>\n<h2 class=\"zigzag-blue-left\">Peligros de las cargas de cami\u00f3n no sujetas<\/h2>\n<p>Cuando se infringen las normas de sujeci\u00f3n de la carga, suele haber una mayor probabilidad de:<\/p>\n<ul>\n<li>Accidentes de camiones por vuelco, que pueden producirse cuando el desplazamiento de la carga cambia o eleva el centro de equilibrio de los camiones.<\/li>\n<li><a href=\"https:\/\/usa-law.org\/truck-accident-attorney\/jackknife-truck-accidents\/\">Accidentes de cami\u00f3n con cuchilla<\/a>, que pueden producirse cuando los enganches no se han fijado correctamente a las cabinas o a los compartimentos de conducci\u00f3n.<\/li>\n<li>Accidentes con remolques desbocados, que suelen producirse cuando las cargas en movimiento adquieren impulso propio y adelantan a las cabinas.<\/li>\n<li>Otros tipos de colisiones.<\/li>\n<\/ul>\n<h2 class=\"zigzag-blue-left\">Contacta con el bufete de Pius Joseph &#8211; Abogado de lesiones personales<\/h2>\n<p>Si has resultado herido en un <a href=\"https:\/\/usa-law.org\/truck-accident-attorney\/types-of-truck-accidents\/\">accidente de<\/a> carga no asegurada que puede haber sido consecuencia de una carga mal asegurada, <a href=\"https:\/\/usa-law.org\/contact-us\/\">ponte en contacto con<\/a> un <a href=\"https:\/\/usa-law.org\/truck-accident-attorney\/\"><br \/>\n  <strong>abogado de carga de cami\u00f3n no asegurada de Pasadena <\/strong><br \/>\n<\/a>en el bufete de Pius Joseph &#8211; Abogado de lesiones personales para saber m\u00e1s sobre tus opciones de recuperaci\u00f3n econ\u00f3mica.<\/p>\n<p>Desde 1990, nuestros abogados se esfuerzan al m\u00e1ximo por sus clientes, trabajando sin descanso para proteger sus derechos, defender sus intereses y ayudarles a obtener el importe \u00edntegro de la indemnizaci\u00f3n a la que puedan tener derecho.<\/p>\n<p>Programa hoy mismo una consulta inicial gratuita y sin compromiso con uno de nuestros abogados llamando al <strong>(626) 397-1050 <\/strong>o <strong>envi\u00e1ndonos un correo electr\u00f3nico<\/strong> a trav\u00e9s del formulario de contacto de esta p\u00e1gina.<\/p>\n<p>Desde nuestras oficinas en Pasadena, proporcionamos una representaci\u00f3n y un servicio superiores a las personas lesionadas en todo el condado de Los \u00c1ngeles, el condado de San Bernardino, el condado de Riverside, el condado de Orange, el condado de San Diego y el estado de California.<\/p>\n<ol>\n<li><a href=\"https:\/\/www.fmcsa.dot.gov\/regulations\/cargo-securement\/cargo-securement-rules\" target=\"_blank\" rel=\"noopener noreferrer\">Normativa de sujeci\u00f3n de la carga<\/a> de la FMCSA<\/li>\n<\/ol>\n","protected":false},"excerpt":{"rendered":"<p>Las cargas que transportan los camiones comerciales tienen que estar aseguradas seg\u00fan la normativa federal de camiones para evitar que se desplacen peligrosamente en ruta. Cuando la carga comercial no est\u00e1 bien sujeta y se producen accidentes de cami\u00f3n, las v\u00edctimas pueden exigir responsabilidades a los camioneros y\/o a las&#8230;<\/p>\n","protected":false},"author":7,"featured_media":28555,"parent":28633,"menu_order":4,"comment_status":"closed","ping_status":"closed","template":"","meta":{"_acf_changed":false,"footnotes":""},"class_list":["post-28635","page","type-page","status-publish","has-post-thumbnail","hentry"],"acf":[],"yoast_head":"<!-- This site is optimized with the Yoast SEO plugin v27.4 - https:\/\/yoast.com\/product\/yoast-seo-wordpress\/ -->\n<title>Accidentes de Cami\u00f3n por Carga Insegura | Abogado Cami\u00f3n Pasadena<\/title>\n<meta name=\"description\" content=\"Los camioneros pueden ser considerados responsables si causan un accidente debido a una carga no asegurada. Inf\u00f3rmate y ponte en contacto con nosotros en el Bufete de P\u00edo Jos\u00e9 para una consulta gratuita.\" \/>\n<meta name=\"robots\" content=\"index, follow, max-snippet:-1, max-image-preview:large, max-video-preview:-1\" \/>\n<link rel=\"canonical\" href=\"https:\/\/usa-law.org\/es\/accidentes-de-camion\/accidentes-de-camion-con-carga-no-asegurada\/\" \/>\n<meta property=\"og:locale\" content=\"es_ES\" \/>\n<meta property=\"og:type\" content=\"article\" \/>\n<meta property=\"og:title\" content=\"Accidentes de Cami\u00f3n por Carga Insegura | Abogado Cami\u00f3n Pasadena\" \/>\n<meta property=\"og:description\" content=\"Los camioneros pueden ser considerados responsables si causan un accidente debido a una carga no asegurada. Inf\u00f3rmate y ponte en contacto con nosotros en el Bufete de P\u00edo Jos\u00e9 para una consulta gratuita.\" \/>\n<meta property=\"og:url\" content=\"https:\/\/usa-law.org\/es\/accidentes-de-camion\/accidentes-de-camion-con-carga-no-asegurada\/\" \/>\n<meta property=\"og:site_name\" content=\"Law Offices of Pius Joseph\" \/>\n<meta property=\"og:image\" content=\"https:\/\/usa-law.org\/wp-content\/uploads\/2019\/06\/unsecured-load.jpg\" \/>\n\t<meta property=\"og:image:width\" content=\"500\" \/>\n\t<meta property=\"og:image:height\" content=\"334\" \/>\n\t<meta property=\"og:image:type\" content=\"image\/jpeg\" \/>\n<meta name=\"twitter:card\" content=\"summary_large_image\" \/>\n<meta name=\"twitter:label1\" content=\"Est. reading time\" \/>\n\t<meta name=\"twitter:data1\" content=\"3 minutos\" \/>\n<!-- \/ Yoast SEO plugin. -->","yoast_head_json":{"title":"Accidentes de Cami\u00f3n por Carga Insegura | Abogado Cami\u00f3n Pasadena","description":"Los camioneros pueden ser considerados responsables si causan un accidente debido a una carga no asegurada. Inf\u00f3rmate y ponte en contacto con nosotros en el Bufete de P\u00edo Jos\u00e9 para una consulta gratuita.","robots":{"index":"index","follow":"follow","max-snippet":"max-snippet:-1","max-image-preview":"max-image-preview:large","max-video-preview":"max-video-preview:-1"},"canonical":"https:\/\/usa-law.org\/es\/accidentes-de-camion\/accidentes-de-camion-con-carga-no-asegurada\/","og_locale":"es_ES","og_type":"article","og_title":"Accidentes de Cami\u00f3n por Carga Insegura | Abogado Cami\u00f3n Pasadena","og_description":"Los camioneros pueden ser considerados responsables si causan un accidente debido a una carga no asegurada. Inf\u00f3rmate y ponte en contacto con nosotros en el Bufete de P\u00edo Jos\u00e9 para una consulta gratuita.","og_url":"https:\/\/usa-law.org\/es\/accidentes-de-camion\/accidentes-de-camion-con-carga-no-asegurada\/","og_site_name":"Law Offices of Pius Joseph","og_image":[{"width":500,"height":334,"url":"https:\/\/usa-law.org\/wp-content\/uploads\/2019\/06\/unsecured-load.jpg","type":"image\/jpeg"}],"twitter_card":"summary_large_image","twitter_misc":{"Est. reading time":"3 minutos"},"schema":{"@context":"https:\/\/schema.org","@graph":[{"@type":"WebPage","@id":"https:\/\/usa-law.org\/es\/accidentes-de-camion\/accidentes-de-camion-con-carga-no-asegurada\/","url":"https:\/\/usa-law.org\/es\/accidentes-de-camion\/accidentes-de-camion-con-carga-no-asegurada\/","name":"Accidentes de Cami\u00f3n por Carga Insegura | Abogado Cami\u00f3n Pasadena","isPartOf":{"@id":"https:\/\/usa-law.org\/es\/#website"},"primaryImageOfPage":{"@id":"https:\/\/usa-law.org\/es\/accidentes-de-camion\/accidentes-de-camion-con-carga-no-asegurada\/#primaryimage"},"image":{"@id":"https:\/\/usa-law.org\/es\/accidentes-de-camion\/accidentes-de-camion-con-carga-no-asegurada\/#primaryimage"},"thumbnailUrl":"https:\/\/usa-law.org\/wp-content\/uploads\/2019\/06\/unsecured-load.jpg","datePublished":"2019-03-06T15:19:13+00:00","description":"Los camioneros pueden ser considerados responsables si causan un accidente debido a una carga no asegurada. Inf\u00f3rmate y ponte en contacto con nosotros en el Bufete de P\u00edo Jos\u00e9 para una consulta gratuita.","breadcrumb":{"@id":"https:\/\/usa-law.org\/es\/accidentes-de-camion\/accidentes-de-camion-con-carga-no-asegurada\/#breadcrumb"},"inLanguage":"es","potentialAction":[{"@type":"ReadAction","target":["https:\/\/usa-law.org\/es\/accidentes-de-camion\/accidentes-de-camion-con-carga-no-asegurada\/"]}]},{"@type":"ImageObject","inLanguage":"es","@id":"https:\/\/usa-law.org\/es\/accidentes-de-camion\/accidentes-de-camion-con-carga-no-asegurada\/#primaryimage","url":"https:\/\/usa-law.org\/wp-content\/uploads\/2019\/06\/unsecured-load.jpg","contentUrl":"https:\/\/usa-law.org\/wp-content\/uploads\/2019\/06\/unsecured-load.jpg","width":500,"height":334},{"@type":"BreadcrumbList","@id":"https:\/\/usa-law.org\/es\/accidentes-de-camion\/accidentes-de-camion-con-carga-no-asegurada\/#breadcrumb","itemListElement":[{"@type":"ListItem","position":1,"name":"Home","item":"https:\/\/usa-law.org\/es\/"},{"@type":"ListItem","position":2,"name":"Accidentes de cami\u00f3n con carga no asegurada"}]},{"@type":"WebSite","@id":"https:\/\/usa-law.org\/es\/#website","url":"https:\/\/usa-law.org\/es\/","name":"Law Offices of Pius Joseph","description":"Pasadena, CA Personal Injury Attorneys","publisher":{"@id":"https:\/\/usa-law.org\/es\/#organization"},"potentialAction":[{"@type":"SearchAction","target":{"@type":"EntryPoint","urlTemplate":"https:\/\/usa-law.org\/es\/?s={search_term_string}"},"query-input":{"@type":"PropertyValueSpecification","valueRequired":true,"valueName":"search_term_string"}}],"inLanguage":"es"},{"@type":"Organization","@id":"https:\/\/usa-law.org\/es\/#organization","name":"Law Offices of Pius Joseph - Personal injury attorney","url":"https:\/\/usa-law.org\/es\/","logo":{"@type":"ImageObject","inLanguage":"es","@id":"https:\/\/usa-law.org\/es\/#\/schema\/logo\/image\/","url":"https:\/\/usa-law.org\/wp-content\/uploads\/2019\/07\/logo.png","contentUrl":"https:\/\/usa-law.org\/wp-content\/uploads\/2019\/07\/logo.png","width":273,"height":84,"caption":"Law Offices of Pius Joseph - Personal injury attorney"},"image":{"@id":"https:\/\/usa-law.org\/es\/#\/schema\/logo\/image\/"}}]}},"_links":{"self":[{"href":"https:\/\/usa-law.org\/es\/wp-json\/wp\/v2\/pages\/28635","targetHints":{"allow":["GET"]}}],"collection":[{"href":"https:\/\/usa-law.org\/es\/wp-json\/wp\/v2\/pages"}],"about":[{"href":"https:\/\/usa-law.org\/es\/wp-json\/wp\/v2\/types\/page"}],"author":[{"embeddable":true,"href":"https:\/\/usa-law.org\/es\/wp-json\/wp\/v2\/users\/7"}],"replies":[{"embeddable":true,"href":"https:\/\/usa-law.org\/es\/wp-json\/wp\/v2\/comments?post=28635"}],"version-history":[{"count":0,"href":"https:\/\/usa-law.org\/es\/wp-json\/wp\/v2\/pages\/28635\/revisions"}],"up":[{"embeddable":true,"href":"https:\/\/usa-law.org\/es\/wp-json\/wp\/v2\/pages\/28633"}],"wp:featuredmedia":[{"embeddable":true,"href":"https:\/\/usa-law.org\/es\/wp-json\/wp\/v2\/media\/28555"}],"wp:attachment":[{"href":"https:\/\/usa-law.org\/es\/wp-json\/wp\/v2\/media?parent=28635"}],"curies":[{"name":"wp","href":"https:\/\/api.w.org\/{rel}","templated":true}]}}