{"id":28729,"date":"2019-03-06T15:17:01","date_gmt":"2019-03-06T15:17:01","guid":{"rendered":"https:\/\/piusjoseph.wpenginepowered.com\/responsabilidad-de-los-locales\/"},"modified":"2024-07-24T12:02:45","modified_gmt":"2024-07-24T12:02:45","slug":"responsabilidad-de-los-locales","status":"publish","type":"page","link":"https:\/\/usa-law.org\/es\/responsabilidad-de-los-locales\/","title":{"rendered":"Responsabilidad de los locales"},"content":{"rendered":"<p>En California, las empresas y los propietarios tienen la obligaci\u00f3n legal de mantener sus locales en condiciones razonablemente seguras para las personas que viven, trabajan, frecuentan o visitan su propiedad. Los propietarios y ocupantes de inmuebles no s\u00f3lo deben tomar medidas proactivas para solucionar los peligros para la seguridad, sino que tambi\u00e9n deben realizar un mantenimiento peri\u00f3dico y advertir a los hu\u00e9spedes de cualquier posible peligro. Lamentablemente, no todas las empresas o propietarios cumplen sus responsabilidades legales. Como consecuencia, se producen muchos accidentes graves y evitables. Una persona que haya resultado lesionada por la negligencia de un empresario o propietario tiene derecho a exigirle responsabilidades legales mediante un tipo de demanda conocida como reclamaci\u00f3n por responsabilidad de las instalaciones. <a href=\"https:\/\/usa-law.org\/es\/attorneys\/pius-joseph\/\">Pius Joseph<\/a> es un <strong>abogado<\/strong> experto en responsabilidad civil de locales <strong>de Pasadena<\/strong>. Con casi tres d\u00e9cadas de experiencia en lesiones personales, el Sr. Joseph tiene las habilidades y los conocimientos jur\u00eddicos necesarios para gestionar una amplia gama de reclamaciones por responsabilidad de los locales. Si te lesionaste en un negocio del sur de California o en la propiedad de otra persona, estamos preparados para <a href=\"https:\/\/usa-law.org\/premises-liability-attorney\/your-rights\/\">proteger tus derechos legales<\/a>. Para obtener una consulta inicial gratuita y totalmente privada, no dudes en ponerte en <a href=\"https:\/\/usa-law.org\/contact-us\/\">contacto con nosotros<\/a> en nuestro bufete de Pasadena hoy mismo.  <\/p>\n<h2 id=\"what\" class=\"toc-heading zigzag-blue-left\">\u00bfQu\u00e9 es la responsabilidad civil del establecimiento en Pasadena?<\/h2>\n<p>  La responsabilidad de las instalaciones es un concepto jur\u00eddico que regula la responsabilidad por la mayor\u00eda de las lesiones que se producen en la propiedad de otra persona. A veces tambi\u00e9n denominada \u00abresponsabilidad de los ocupantes\u00bb, la responsabilidad de los locales abarca una amplia gama de circunstancias diferentes, desde <a href=\"https:\/\/usa-law.org\/premises-liability-attorney\/slip-and-fall-lawyer\/\">accidentes por resbalones y ca\u00eddas<\/a> hasta casos de seguridad inadecuada y mucho m\u00e1s. Por regla general, <a href=\"https:\/\/usa-law.org\/premises-liability-attorney\/california-premises-liability-laws\/\">las demandas por responsabilidad de locales en California<\/a> son casos de negligencia. En otras palabras, un propietario de Pasadena no ser\u00e1 considerado estrictamente responsable de un accidente que ocurra en sus instalaciones. Para responsabilizar legalmente de un accidente al propietario u ocupante de un inmueble, las v\u00edctimas lesionadas deben demostrar que el demandado hizo algo mal o no hizo algo que deber\u00eda haber hecho.  <\/p>\n<h2 id=\"claim\" class=\"toc-heading zigzag-blue-left\">\u00bfQu\u00e9 tienes que demostrar en una demanda por responsabilidad civil del establecimiento?<\/h2>\n<p>  La culpabilidad en un caso de responsabilidad de las instalaciones suele basarse en la <a href=\"https:\/\/usa-law.org\/premises-liability-attorney\/comparative-negligence\/\">negligencia<\/a>. La negligencia consiste en no actuar con el nivel de cuidado con el que habr\u00eda actuado una persona de prudencia ordinaria si se encontrara en condiciones similares. Como se explica en las Instrucciones para el Jurado Civil del Consejo Judicial de California, los demandantes en una reclamaci\u00f3n por responsabilidad de los locales deben poder satisfacer los cuatro criterios legales siguientes:  <\/p>\n<ol>\n<li>El demandado <strong>pose\u00eda o controlaba realmente la propiedad<\/strong> donde se produjo el accidente.<\/li>\n<li>El demandado fue, de alguna manera <a href=\"https:\/\/usa-law.org\/premises-liability-attorney\/examples-of-dangerous-premises\/\"><strong>negligente en el uso o mantenimiento de las instalaciones<\/strong><\/a>.<\/li>\n<li>La negligencia del demandado, al menos en parte, <strong>caus\u00f3 las lesiones del demandante<\/strong>.<\/li>\n<li>El demandante sufri\u00f3 <strong>un da\u00f1o real como consecuencia del accidente<\/strong>.<\/li>\n<\/ol>\n<p>  Por supuesto, estos cuatro elementos no est\u00e1n necesariamente en disputa en todos los casos de responsabilidad de los locales. Por ejemplo, en la mayor\u00eda de los casos, apenas hay desacuerdo real sobre si el acusado pose\u00eda o controlaba la propiedad en cuesti\u00f3n. Del mismo modo, no siempre hay mucha discrepancia sobre si la v\u00edctima sufri\u00f3 da\u00f1os reales en el accidente, aunque la cuant\u00eda de los da\u00f1os puede ser muy discutida. En la mayor\u00eda de las demandas de responsabilidad de locales de California, la cuesti\u00f3n clave en litigio es si el demandado fue negligente. La negligencia de un propietario debe evaluarse siempre caso por caso. La negligencia adopta muchas formas diferentes. Necesitas saber exactamente lo que hizo el acusado, lo que dej\u00f3 de hacer y lo que deber\u00eda haber hecho en las circunstancias en cuesti\u00f3n. Por estas razones, es crucial que las v\u00edctimas lesionadas contraten a un abogado experto en responsabilidad civil de los locales de Pasadena lo antes posible tras su accidente. Debe realizarse una investigaci\u00f3n completa y exhaustiva del caso. Un <a href=\"https:\/\/usa-law.org\/personal-injury\/\">abogado de lesiones personales de California<\/a> con experiencia en reclamaciones complejas por responsabilidad de locales podr\u00e1 ayudarte a reunir las pruebas necesarias para demostrar la negligencia y responsabilizar al demandado.<\/p>\n","protected":false},"excerpt":{"rendered":"<p>En California, las empresas y los propietarios tienen la obligaci\u00f3n legal de mantener sus locales en condiciones razonablemente seguras para las personas que viven, trabajan, frecuentan o visitan su propiedad. Los propietarios y ocupantes de inmuebles no s\u00f3lo deben tomar medidas proactivas para solucionar los peligros para la seguridad, sino&#8230;<\/p>\n","protected":false},"author":7,"featured_media":28740,"parent":0,"menu_order":15,"comment_status":"closed","ping_status":"closed","template":"practice-area.php","meta":{"_acf_changed":false,"footnotes":""},"class_list":["post-28729","page","type-page","status-publish","has-post-thumbnail","hentry"],"acf":[],"yoast_head":"<!-- This site is optimized with the Yoast SEO plugin v27.5 - https:\/\/yoast.com\/product\/yoast-seo-wordpress\/ -->\n<title>Pasadena Abogado de Responsabilidad de Premisas | Law Offices of Pius Joseph<\/title>\n<meta name=\"description\" content=\"Mereces una indemnizaci\u00f3n si te has lesionado en una propiedad ajena. Ponte en contacto con nuestros abogados de responsabilidad civil de locales de Pasadena para una consulta gratuita.\" \/>\n<meta name=\"robots\" content=\"index, follow, max-snippet:-1, max-image-preview:large, max-video-preview:-1\" \/>\n<link rel=\"canonical\" href=\"https:\/\/usa-law.org\/es\/responsabilidad-de-los-locales\/\" \/>\n<meta property=\"og:locale\" content=\"es_ES\" \/>\n<meta property=\"og:type\" content=\"article\" \/>\n<meta property=\"og:title\" content=\"Pasadena Abogado de Responsabilidad de Premisas | Law Offices of Pius Joseph\" \/>\n<meta property=\"og:description\" content=\"Mereces una indemnizaci\u00f3n si te has lesionado en una propiedad ajena. Ponte en contacto con nuestros abogados de responsabilidad civil de locales de Pasadena para una consulta gratuita.\" \/>\n<meta property=\"og:url\" content=\"https:\/\/usa-law.org\/es\/responsabilidad-de-los-locales\/\" \/>\n<meta property=\"og:site_name\" content=\"Law Offices of Pius Joseph\" \/>\n<meta property=\"article:modified_time\" content=\"2024-07-24T12:02:45+00:00\" \/>\n<meta property=\"og:image\" content=\"https:\/\/usa-law.org\/wp-content\/uploads\/2019\/06\/premises-liability-attorney.jpg\" \/>\n\t<meta property=\"og:image:width\" content=\"500\" \/>\n\t<meta property=\"og:image:height\" content=\"332\" \/>\n\t<meta property=\"og:image:type\" content=\"image\/jpeg\" \/>\n<meta name=\"twitter:card\" content=\"summary_large_image\" \/>\n<meta name=\"twitter:label1\" content=\"Est. reading time\" \/>\n\t<meta name=\"twitter:data1\" content=\"4 minutos\" \/>\n<!-- \/ Yoast SEO plugin. -->","yoast_head_json":{"title":"Pasadena Abogado de Responsabilidad de Premisas | Law Offices of Pius Joseph","description":"Mereces una indemnizaci\u00f3n si te has lesionado en una propiedad ajena. Ponte en contacto con nuestros abogados de responsabilidad civil de locales de Pasadena para una consulta gratuita.","robots":{"index":"index","follow":"follow","max-snippet":"max-snippet:-1","max-image-preview":"max-image-preview:large","max-video-preview":"max-video-preview:-1"},"canonical":"https:\/\/usa-law.org\/es\/responsabilidad-de-los-locales\/","og_locale":"es_ES","og_type":"article","og_title":"Pasadena Abogado de Responsabilidad de Premisas | Law Offices of Pius Joseph","og_description":"Mereces una indemnizaci\u00f3n si te has lesionado en una propiedad ajena. Ponte en contacto con nuestros abogados de responsabilidad civil de locales de Pasadena para una consulta gratuita.","og_url":"https:\/\/usa-law.org\/es\/responsabilidad-de-los-locales\/","og_site_name":"Law Offices of Pius Joseph","article_modified_time":"2024-07-24T12:02:45+00:00","og_image":[{"width":500,"height":332,"url":"https:\/\/usa-law.org\/wp-content\/uploads\/2019\/06\/premises-liability-attorney.jpg","type":"image\/jpeg"}],"twitter_card":"summary_large_image","twitter_misc":{"Est. reading time":"4 minutos"},"schema":{"@context":"https:\/\/schema.org","@graph":[{"@type":"WebPage","@id":"https:\/\/usa-law.org\/es\/responsabilidad-de-los-locales\/","url":"https:\/\/usa-law.org\/es\/responsabilidad-de-los-locales\/","name":"Pasadena Abogado de Responsabilidad de Premisas | Law Offices of Pius Joseph","isPartOf":{"@id":"https:\/\/usa-law.org\/es\/#website"},"primaryImageOfPage":{"@id":"https:\/\/usa-law.org\/es\/responsabilidad-de-los-locales\/#primaryimage"},"image":{"@id":"https:\/\/usa-law.org\/es\/responsabilidad-de-los-locales\/#primaryimage"},"thumbnailUrl":"https:\/\/usa-law.org\/wp-content\/uploads\/2019\/06\/premises-liability-attorney.jpg","datePublished":"2019-03-06T15:17:01+00:00","dateModified":"2024-07-24T12:02:45+00:00","description":"Mereces una indemnizaci\u00f3n si te has lesionado en una propiedad ajena. Ponte en contacto con nuestros abogados de responsabilidad civil de locales de Pasadena para una consulta gratuita.","breadcrumb":{"@id":"https:\/\/usa-law.org\/es\/responsabilidad-de-los-locales\/#breadcrumb"},"inLanguage":"es","potentialAction":[{"@type":"ReadAction","target":["https:\/\/usa-law.org\/es\/responsabilidad-de-los-locales\/"]}]},{"@type":"ImageObject","inLanguage":"es","@id":"https:\/\/usa-law.org\/es\/responsabilidad-de-los-locales\/#primaryimage","url":"https:\/\/usa-law.org\/wp-content\/uploads\/2019\/06\/premises-liability-attorney.jpg","contentUrl":"https:\/\/usa-law.org\/wp-content\/uploads\/2019\/06\/premises-liability-attorney.jpg","width":500,"height":332},{"@type":"BreadcrumbList","@id":"https:\/\/usa-law.org\/es\/responsabilidad-de-los-locales\/#breadcrumb","itemListElement":[{"@type":"ListItem","position":1,"name":"Home","item":"https:\/\/usa-law.org\/es\/"},{"@type":"ListItem","position":2,"name":"Responsabilidad de los locales"}]},{"@type":"WebSite","@id":"https:\/\/usa-law.org\/es\/#website","url":"https:\/\/usa-law.org\/es\/","name":"Law Offices of Pius Joseph","description":"Pasadena, CA Personal Injury Attorneys","publisher":{"@id":"https:\/\/usa-law.org\/es\/#organization"},"potentialAction":[{"@type":"SearchAction","target":{"@type":"EntryPoint","urlTemplate":"https:\/\/usa-law.org\/es\/?s={search_term_string}"},"query-input":{"@type":"PropertyValueSpecification","valueRequired":true,"valueName":"search_term_string"}}],"inLanguage":"es"},{"@type":"Organization","@id":"https:\/\/usa-law.org\/es\/#organization","name":"Law Offices of Pius Joseph - Personal injury attorney","url":"https:\/\/usa-law.org\/es\/","logo":{"@type":"ImageObject","inLanguage":"es","@id":"https:\/\/usa-law.org\/es\/#\/schema\/logo\/image\/","url":"https:\/\/usa-law.org\/wp-content\/uploads\/2019\/07\/logo.png","contentUrl":"https:\/\/usa-law.org\/wp-content\/uploads\/2019\/07\/logo.png","width":273,"height":84,"caption":"Law Offices of Pius Joseph - Personal injury attorney"},"image":{"@id":"https:\/\/usa-law.org\/es\/#\/schema\/logo\/image\/"}}]}},"_links":{"self":[{"href":"https:\/\/usa-law.org\/es\/wp-json\/wp\/v2\/pages\/28729","targetHints":{"allow":["GET"]}}],"collection":[{"href":"https:\/\/usa-law.org\/es\/wp-json\/wp\/v2\/pages"}],"about":[{"href":"https:\/\/usa-law.org\/es\/wp-json\/wp\/v2\/types\/page"}],"author":[{"embeddable":true,"href":"https:\/\/usa-law.org\/es\/wp-json\/wp\/v2\/users\/7"}],"replies":[{"embeddable":true,"href":"https:\/\/usa-law.org\/es\/wp-json\/wp\/v2\/comments?post=28729"}],"version-history":[{"count":0,"href":"https:\/\/usa-law.org\/es\/wp-json\/wp\/v2\/pages\/28729\/revisions"}],"wp:featuredmedia":[{"embeddable":true,"href":"https:\/\/usa-law.org\/es\/wp-json\/wp\/v2\/media\/28740"}],"wp:attachment":[{"href":"https:\/\/usa-law.org\/es\/wp-json\/wp\/v2\/media?parent=28729"}],"curies":[{"name":"wp","href":"https:\/\/api.w.org\/{rel}","templated":true}]}}