{"id":28792,"date":"2019-03-06T15:15:48","date_gmt":"2019-03-06T15:15:48","guid":{"rendered":"https:\/\/piusjoseph.wpenginepowered.com\/accidentes-de-trafico\/"},"modified":"2024-11-25T11:29:33","modified_gmt":"2024-11-25T11:29:33","slug":"accidentes-de-trafico","status":"publish","type":"page","link":"https:\/\/usa-law.org\/es\/accidentes-de-trafico\/","title":{"rendered":"Accidentes de tr\u00e1fico"},"content":{"rendered":"<p>Los accidentes de coche ocurren con regularidad en Pasadena, como en toda California. Seg\u00fan la Oficina de Seguridad del Tr\u00e1fico de California, en Pasadena se produjeron 1.244 <a href=\"https:\/\/usa-law.org\/car-accident-attorney\/rollover-accidents\/\">muertes o lesiones por accidentes de<\/a> tr\u00e1fico en un solo a\u00f1o reciente. De ellas, casi 60 estaban relacionadas con el alcohol, y unas 300 con la velocidad.<\/p>\n<p>Por desgracia, no hay motivos para suponer que estas cifras est\u00e9n disminuyendo. En cambio, el aumento de la <a href=\"https:\/\/usa-law.org\/distracted-driving-comes-in-many-forms\/\">conducci\u00f3n distra\u00edda<\/a> y otros riesgos han hecho que las carreteras de Pasadena sean menos seguras. Como resultado, m\u00e1s residentes y visitantes se ver\u00e1n implicados en accidentes que fueron culpa de otra persona.<\/p>\n<p>Si te has visto implicado en un <strong>accidente<\/strong> de tr\u00e1fico y la culpa ha sido de otra persona, necesitas ayuda jur\u00eddica profesional. <a href=\"https:\/\/usa-law.org\/contact-us\/\">Ponte en contacto con<\/a> nuestro abogado de accidentes de tr\u00e1fico de Pasadena en el bufete de Pius Joseph &#8211; <a href=\"https:\/\/usa-law.org\">Abogado de lesiones<\/a> personales para revisar tu caso. La consulta y la <a href=\"https:\/\/usa-law.org\/car-accident-attorney\/statute-of-limitations\/\">revisi\u00f3n del siniestro<\/a> son gratuitas.<\/p>\n<h2 id=\"help\" class=\"toc-heading zigzag-blue-left\">C\u00f3mo pueden ayudarte los abogados de accidentes de tr\u00e1fico en Pasadena<\/h2>\n<p><a href=\"https:\/\/goo.gl\/maps\/xeCF7rQpZG4uB8SXA\" target=\"_blank\" rel=\"noopener noreferrer\"><img loading=\"lazy\" decoding=\"async\" class=\"alignleft\" title=\"abogado de accidentes de pasadena\" src=\"https:\/\/lh5.googleusercontent.com\/p\/AF1QipPgmwZH7n1NtEEmVZf_ALWg_NckQBFjeLLFLFXa=w203-h211-k-no\" alt=\"Abogado de accidentes de tr\u00e1fico en Pasadena, CA - Law Offices of Pius Joseph - Personal Injury Attorney\" width=\"202\" height=\"211\"><\/a>Tras un accidente, probablemente est\u00e9s conmocionado e inseguro sobre qu\u00e9 hacer. Tu coche puede estar destrozado y posiblemente te falte dinero para conseguir un coche de alquiler para ir al colegio o al trabajo. Si has sufrido lesiones corporales, puede que tengas que acudir a citas m\u00e9dicas y sesiones de terapia varias veces por semana.<\/p>\n<p>La ley de California permite a las v\u00edctimas de accidentes de coche buscar una indemnizaci\u00f3n cuando la imprudencia de alguien provoc\u00f3 sus lesiones. Seg\u00fan la ley, puedes negociar un acuerdo con el seguro o interponer una demanda, si es necesario, para reivindicar tus derechos.<\/p>\n<p>En nuestro bufete, ayudamos a nuestros clientes en todos los aspectos de un caso, incluidos los siguientes:<\/p>\n<div class=\"row\">\n<ul>\n<li><strong>Documentar plenamente sus lesiones<\/strong><\/li>\n<li><strong>Analizar la culpa (qui\u00e9n tiene la culpa del accidente de coche)<\/strong><\/li>\n<li><strong>Consulta con expertos sobre cuestiones como la causa del accidente y el alcance de tus p\u00e9rdidas<\/strong><\/li>\n<li><strong>Recopilaci\u00f3n de pruebas para reforzar tu reclamaci\u00f3n de indemnizaci\u00f3n<\/strong><\/li>\n<li><strong>Calcular la totalidad de tus p\u00e9rdidas, tanto econ\u00f3micas como no econ\u00f3micas<\/strong><\/li>\n<li><strong>Comunicarse con los peritos de seguros para reclamar una indemnizaci\u00f3n<\/strong><\/li>\n<li><strong>Representarte durante las negociaciones con <a href=\"https:\/\/usa-law.org\/car-accident-attorney\/uninsured-underinsured-motorists\/\">la aseguradora del conductor<\/a> culpable<\/strong><\/li>\n<\/ul>\n<\/div>\n<p>\u00c9stas son s\u00f3lo algunas de las tareas en las que ayudamos a nuestros clientes, liber\u00e1ndoles para que se centren en mejorar f\u00edsica y emocionalmente. Deja que hagamos el trabajo pesado por ti y ponte en contacto con uno de los mejores <strong>abogados especialistas en accidentes de tr\u00e1fico de Pasadena.<\/strong><\/p>\n<div class=\"text-center\"><iframe loading=\"lazy\" title=\"Reproductor de v\u00eddeo de YouTube\" src=\"https:\/\/www.youtube.com\/embed\/dvZOQp8-HQk\" width=\"560\" height=\"315\" frameborder=\"0\" allowfullscreen=\"allowfullscreen\"><\/iframe><\/div>\n<p>&nbsp;<\/p>\n<h2 id=\"compensation\" class=\"toc-heading zigzag-blue-left\">Indemnizaci\u00f3n en una demanda por accidente de tr\u00e1fico<\/h2>\n<p>El objetivo de presentar una demanda es obtener una indemnizaci\u00f3n completa por tus p\u00e9rdidas.<\/p>\n<h3>En un acuerdo o veredicto, podr\u00edas recibir dinero por determinadas p\u00e9rdidas econ\u00f3micas, como:<\/h3>\n<ul>\n<li><strong>Atenci\u00f3n m\u00e9dica<\/strong>, incluida la rehabilitaci\u00f3n, los medicamentos recetados, la cirug\u00eda y las visitas al m\u00e9dico<\/li>\n<li><strong>Atenci\u00f3n m\u00e9dica futura<\/strong>, si est\u00e1s incapacitado permanentemente<\/li>\n<li><strong>P\u00e9rdida de ingresos<\/strong>, si no pudiste trabajar a causa del accidente de tr\u00e1fico<\/li>\n<li><strong>P\u00e9rdida de ingresos futuros<\/strong>, si tu incapacidad te impide volver a tu trabajo o a cualquier trabajo en el futuro.<\/li>\n<li><strong>Da\u00f1os materiales<\/strong>, como da\u00f1os a tu veh\u00edculo<\/li>\n<\/ul>\n<h4>Tambi\u00e9n puedes solicitar una indemnizaci\u00f3n por p\u00e9rdidas no econ\u00f3micas, como el dolor y el sufrimiento.<\/h4>\n<p>En California, es un t\u00e9rmino general que describe lo siguiente:<\/p>\n<div class=\"row\">\n<ul class=\"col-md-6\">\n<li>Dolor f\u00edsico<\/li>\n<li>Inconvenientes<\/li>\n<li>P\u00e9rdida del disfrute de la vida<\/li>\n<\/ul>\n<ul class=\"col-md-6\">\n<li>Desfiguraci\u00f3n o deterioro<\/li>\n<li>Angustia emocional<\/li>\n<li>Duelo<\/li>\n<\/ul>\n<\/div>\n<p><img loading=\"lazy\" decoding=\"async\" class=\"alignleft wp-image-24231 size-medium\" title=\"abogado de accidentes de pasadena\" src=\"https:\/\/usa-law.org\/wp-content\/uploads\/2023\/03\/Car-accident-lawyer-300x225.png\" alt=\"Abogado de accidentes de tr\u00e1fico\" width=\"300\" height=\"225\" srcset=\"https:\/\/usa-law.org\/wp-content\/uploads\/2023\/03\/Car-accident-lawyer-300x225.png 300w, https:\/\/usa-law.org\/wp-content\/uploads\/2023\/03\/Car-accident-lawyer.png 497w\" sizes=\"auto, (max-width: 300px) 100vw, 300px\" \/>Necesitas un <strong>abogado<\/strong> experto <strong>en accidentes de tr\u00e1fico en Pasadena<\/strong> que calcule cuidadosamente la cuant\u00eda de la indemnizaci\u00f3n que podr\u00edas recibir. Las p\u00e9rdidas econ\u00f3micas son las m\u00e1s f\u00e1ciles de medir, ya que basta con mirar la factura m\u00e9dica, el recibo de la n\u00f3mina o el presupuesto de la reparaci\u00f3n.<\/p>\n<p>Sin embargo, para calcular los da\u00f1os por dolor y sufrimiento, tu <strong>abogado de accidentes de Pasadena<\/strong> tendr\u00e1 que basarse en la experiencia sobre c\u00f3mo valoran los jurados esas p\u00e9rdidas. Como se trata de un \u00e1rea delicada de la ley, debes reunirte con un abogado de accidentes de tr\u00e1fico de Pasadena para una consulta gratuita.<\/p>\n<p>Si un ser querido muri\u00f3 en un accidente de tr\u00e1fico, algunos familiares tambi\u00e9n pueden presentar una <a href=\"https:\/\/usa-law.org\/wrongful-death-attorney\/\">demanda por homicidio culposo<\/a>. La indemnizaci\u00f3n en este tipo de pleito puede cubrir los ingresos que el fallecido habr\u00eda obtenido si hubiera vivido, as\u00ed como otros da\u00f1os y perjuicios.<\/p>\n<p>Nuestro abogado de accidentes de coche en Pasadena del bufete <a href=\"https:\/\/www.google.com\/maps?cid=10189409246452284727\" target=\"_blank\" rel=\"noopener\">de Pius Joseph &#8211; Abogado de lesiones<\/a> personales tambi\u00e9n ayuda a los implicados en <a href=\"https:\/\/usa-law.org\/car-accident-attorney\/uber-lyft-accidents\/\">accidentes de transporte compartido<\/a>, tanto si eres el pasajero como el conductor. Ll\u00e1manos hoy para una consulta gratuita<\/p>\n","protected":false},"excerpt":{"rendered":"<p>Los accidentes de coche ocurren con regularidad en Pasadena, como en toda California. Seg\u00fan la Oficina de Seguridad del Tr\u00e1fico de California, en Pasadena se produjeron 1.244 muertes o lesiones por accidentes de tr\u00e1fico en un solo a\u00f1o reciente. De ellas, casi 60 estaban relacionadas con el alcohol, y unas&#8230;<\/p>\n","protected":false},"author":7,"featured_media":28808,"parent":0,"menu_order":13,"comment_status":"closed","ping_status":"closed","template":"practice-area.php","meta":{"_acf_changed":false,"footnotes":""},"class_list":["post-28792","page","type-page","status-publish","has-post-thumbnail","hentry"],"acf":[],"yoast_head":"<!-- This site is optimized with the Yoast SEO plugin v27.4 - https:\/\/yoast.com\/product\/yoast-seo-wordpress\/ -->\n<title>Abogado de Accidente de Coche en Pasadena | Law Offices of Pius Joseph<\/title>\n<meta name=\"description\" content=\"Obt\u00e9n ayuda legal compasiva y experta del Bufete de P\u00edo Jos\u00e9, tu Abogado de Accidentes de Coche de Pasadena de confianza. Lucha por la justicia y una indemnizaci\u00f3n justa.\" \/>\n<meta name=\"robots\" content=\"index, follow, max-snippet:-1, max-image-preview:large, max-video-preview:-1\" \/>\n<link rel=\"canonical\" href=\"https:\/\/usa-law.org\/es\/accidentes-de-trafico\/\" \/>\n<meta property=\"og:locale\" content=\"es_ES\" \/>\n<meta property=\"og:type\" content=\"article\" \/>\n<meta property=\"og:title\" content=\"Abogado de Accidente de Coche en Pasadena | Law Offices of Pius Joseph\" \/>\n<meta property=\"og:description\" content=\"Obt\u00e9n ayuda legal compasiva y experta del Bufete de P\u00edo Jos\u00e9, tu Abogado de Accidentes de Coche de Pasadena de confianza. Lucha por la justicia y una indemnizaci\u00f3n justa.\" \/>\n<meta property=\"og:url\" content=\"https:\/\/usa-law.org\/es\/accidentes-de-trafico\/\" \/>\n<meta property=\"og:site_name\" content=\"Law Offices of Pius Joseph\" \/>\n<meta property=\"article:modified_time\" content=\"2024-11-25T11:29:33+00:00\" \/>\n<meta property=\"og:image\" content=\"https:\/\/usa-law.org\/wp-content\/uploads\/2019\/06\/car-accident-attorney.jpg\" \/>\n\t<meta property=\"og:image:width\" content=\"500\" \/>\n\t<meta property=\"og:image:height\" content=\"334\" \/>\n\t<meta property=\"og:image:type\" content=\"image\/jpeg\" \/>\n<meta name=\"twitter:card\" content=\"summary_large_image\" \/>\n<meta name=\"twitter:label1\" content=\"Est. reading time\" \/>\n\t<meta name=\"twitter:data1\" content=\"4 minutos\" \/>\n<!-- \/ Yoast SEO plugin. -->","yoast_head_json":{"title":"Abogado de Accidente de Coche en Pasadena | Law Offices of Pius Joseph","description":"Obt\u00e9n ayuda legal compasiva y experta del Bufete de P\u00edo Jos\u00e9, tu Abogado de Accidentes de Coche de Pasadena de confianza. Lucha por la justicia y una indemnizaci\u00f3n justa.","robots":{"index":"index","follow":"follow","max-snippet":"max-snippet:-1","max-image-preview":"max-image-preview:large","max-video-preview":"max-video-preview:-1"},"canonical":"https:\/\/usa-law.org\/es\/accidentes-de-trafico\/","og_locale":"es_ES","og_type":"article","og_title":"Abogado de Accidente de Coche en Pasadena | Law Offices of Pius Joseph","og_description":"Obt\u00e9n ayuda legal compasiva y experta del Bufete de P\u00edo Jos\u00e9, tu Abogado de Accidentes de Coche de Pasadena de confianza. Lucha por la justicia y una indemnizaci\u00f3n justa.","og_url":"https:\/\/usa-law.org\/es\/accidentes-de-trafico\/","og_site_name":"Law Offices of Pius Joseph","article_modified_time":"2024-11-25T11:29:33+00:00","og_image":[{"width":500,"height":334,"url":"https:\/\/usa-law.org\/wp-content\/uploads\/2019\/06\/car-accident-attorney.jpg","type":"image\/jpeg"}],"twitter_card":"summary_large_image","twitter_misc":{"Est. reading time":"4 minutos"},"schema":{"@context":"https:\/\/schema.org","@graph":[{"@type":"WebPage","@id":"https:\/\/usa-law.org\/es\/accidentes-de-trafico\/","url":"https:\/\/usa-law.org\/es\/accidentes-de-trafico\/","name":"Abogado de Accidente de Coche en Pasadena | Law Offices of Pius Joseph","isPartOf":{"@id":"https:\/\/usa-law.org\/es\/#website"},"primaryImageOfPage":{"@id":"https:\/\/usa-law.org\/es\/accidentes-de-trafico\/#primaryimage"},"image":{"@id":"https:\/\/usa-law.org\/es\/accidentes-de-trafico\/#primaryimage"},"thumbnailUrl":"https:\/\/usa-law.org\/wp-content\/uploads\/2019\/06\/car-accident-attorney.jpg","datePublished":"2019-03-06T15:15:48+00:00","dateModified":"2024-11-25T11:29:33+00:00","description":"Obt\u00e9n ayuda legal compasiva y experta del Bufete de P\u00edo Jos\u00e9, tu Abogado de Accidentes de Coche de Pasadena de confianza. Lucha por la justicia y una indemnizaci\u00f3n justa.","breadcrumb":{"@id":"https:\/\/usa-law.org\/es\/accidentes-de-trafico\/#breadcrumb"},"inLanguage":"es","potentialAction":[{"@type":"ReadAction","target":["https:\/\/usa-law.org\/es\/accidentes-de-trafico\/"]}]},{"@type":"ImageObject","inLanguage":"es","@id":"https:\/\/usa-law.org\/es\/accidentes-de-trafico\/#primaryimage","url":"https:\/\/usa-law.org\/wp-content\/uploads\/2019\/06\/car-accident-attorney.jpg","contentUrl":"https:\/\/usa-law.org\/wp-content\/uploads\/2019\/06\/car-accident-attorney.jpg","width":500,"height":334},{"@type":"BreadcrumbList","@id":"https:\/\/usa-law.org\/es\/accidentes-de-trafico\/#breadcrumb","itemListElement":[{"@type":"ListItem","position":1,"name":"Home","item":"https:\/\/usa-law.org\/es\/"},{"@type":"ListItem","position":2,"name":"Accidentes de tr\u00e1fico"}]},{"@type":"WebSite","@id":"https:\/\/usa-law.org\/es\/#website","url":"https:\/\/usa-law.org\/es\/","name":"Law Offices of Pius Joseph","description":"Pasadena, CA Personal Injury Attorneys","publisher":{"@id":"https:\/\/usa-law.org\/es\/#organization"},"potentialAction":[{"@type":"SearchAction","target":{"@type":"EntryPoint","urlTemplate":"https:\/\/usa-law.org\/es\/?s={search_term_string}"},"query-input":{"@type":"PropertyValueSpecification","valueRequired":true,"valueName":"search_term_string"}}],"inLanguage":"es"},{"@type":"Organization","@id":"https:\/\/usa-law.org\/es\/#organization","name":"Law Offices of Pius Joseph - Personal injury attorney","url":"https:\/\/usa-law.org\/es\/","logo":{"@type":"ImageObject","inLanguage":"es","@id":"https:\/\/usa-law.org\/es\/#\/schema\/logo\/image\/","url":"https:\/\/usa-law.org\/wp-content\/uploads\/2019\/07\/logo.png","contentUrl":"https:\/\/usa-law.org\/wp-content\/uploads\/2019\/07\/logo.png","width":273,"height":84,"caption":"Law Offices of Pius Joseph - Personal injury attorney"},"image":{"@id":"https:\/\/usa-law.org\/es\/#\/schema\/logo\/image\/"}}]}},"_links":{"self":[{"href":"https:\/\/usa-law.org\/es\/wp-json\/wp\/v2\/pages\/28792","targetHints":{"allow":["GET"]}}],"collection":[{"href":"https:\/\/usa-law.org\/es\/wp-json\/wp\/v2\/pages"}],"about":[{"href":"https:\/\/usa-law.org\/es\/wp-json\/wp\/v2\/types\/page"}],"author":[{"embeddable":true,"href":"https:\/\/usa-law.org\/es\/wp-json\/wp\/v2\/users\/7"}],"replies":[{"embeddable":true,"href":"https:\/\/usa-law.org\/es\/wp-json\/wp\/v2\/comments?post=28792"}],"version-history":[{"count":0,"href":"https:\/\/usa-law.org\/es\/wp-json\/wp\/v2\/pages\/28792\/revisions"}],"wp:featuredmedia":[{"embeddable":true,"href":"https:\/\/usa-law.org\/es\/wp-json\/wp\/v2\/media\/28808"}],"wp:attachment":[{"href":"https:\/\/usa-law.org\/es\/wp-json\/wp\/v2\/media?parent=28792"}],"curies":[{"name":"wp","href":"https:\/\/api.w.org\/{rel}","templated":true}]}}